

{"id":1234,"date":"2021-04-25T12:00:27","date_gmt":"2021-04-25T10:00:27","guid":{"rendered":"http:\/\/mrplwpw.cluster030.hosting.ovh.net\/?post_type=product&#038;p=1234"},"modified":"2024-08-07T10:36:18","modified_gmt":"2024-08-07T08:36:18","slug":"secretaire-australie","status":"publish","type":"product","link":"https:\/\/www.gabrielle-laroche.com\/fr\/product\/secretaire-australie\/","title":{"rendered":"SECR\u00c9TAIRE AUSTRALIE"},"content":{"rendered":"<div class=\"wpb-content-wrapper\"><p>[vc_row][vc_column width=\u00a0\u00bb1\/2&Prime;][vc_column_text]<\/p>\n<p class=\"p1\" style=\"text-align: justify;\"><span class=\"s1\">Sophie Gallardo \u00e9tudie la d\u00e9coration int\u00e9rieure, puis se forme \u00e0 la restauration de peinture sur bois. Elle acquiert des techniques anciennes aupr\u00e8s de professionnels renomm\u00e9s.<\/span><\/p>\n<p class=\"p1\" style=\"text-align: justify;\"><span class=\"s1\">Sophie Gallardo et Georges-Guillaume Cassan d\u00e9cident de valoriser ces \u00e9corces de bouleau qui pars\u00e8ment la for\u00eat. Ils inventent alors un proc\u00e9d\u00e9 atypique et d\u00e9veloppe un savoir-faire unique au monde\u00a0: la marqueterie \u00e0 base d\u2019\u00e9corce de bouleau.<\/span><\/p>\n<p class=\"p1\" style=\"text-align: justify;\"><span class=\"s1\">Chaque pi\u00e8ce est unique et peut n\u00e9cessiter jusqu\u2019\u00e0 trois mois de travail. Ils interviennent sur du mobilier de belle facture (du XVIIe si\u00e8cle aux ann\u00e9es 70), jouant souvent des imperfections de l\u2019\u00e9corce, des accidents de la mati\u00e8re pour cr\u00e9er formes graphiques et motifs. Ca et l\u00e0 des incrustations de min\u00e9raux (labradorite, cristal de roche, am\u00e9thyste\u2026), comme autant de pr\u00e9cieuses p\u00e9pites, transforment ces nouveaux meubles en cabinets de curiosit\u00e9.<\/span><\/p>\n<p>[\/vc_column_text][\/vc_column][vc_column width=\u00a0\u00bb1\/2&Prime;][\/vc_column][\/vc_row]<\/p>\n<\/div>","protected":false},"excerpt":{"rendered":"<h4>SECR\u00c9TAIRE AUSTRALIE<\/h4>\n<h4>Pi\u00e8ce unique estampill\u00e9e Sophie Gallardo &amp; Georges Cassan<\/h4>\n<p>&nbsp;<\/p>\n<p>Hauteur totale : 133 cm dont 2 cm de marbre<br \/>\nLargeur : 90 cm<br \/>\nProfondeur : 44 cm<\/p>\n<p>Plateau \u201cBureau\u201d : 82.5 cm x 70 cm<\/p>\n<p>&nbsp;<\/p>\n<p>Dimensions int\u00e9rieur \u201cbas\u201d<br \/>\nLargeur : 76 cm<br \/>\nProfondeur : 44 cm<\/p>\n<p>&nbsp;<\/p>\n<p class=\"p1\"><span class=\"s1\"><b>R\u00e9alis\u00e9 \u00e0 partir d\u2019un secr\u00e9taire italien fin de la fin des ann\u00e9es 40.<\/b><\/span><\/p>\n<p class=\"p1\"><span class=\"s1\">Marqueterie d\u2019\u00e9corce de bouleau et incrustation de min\u00e9raux: pierre, labradorite (int\u00e9rieur ext\u00e9rieur), am\u00e9thyste, cristaux.<\/span><\/p>\n<p class=\"p1\"><span class=\"s1\">L\u2019int\u00e9rieur en marqueterie de paille, avec feuille d\u2019argent patin\u00e9e.<\/span><\/p>\n<p class=\"p1\"><span class=\"s1\">Les deux portes sont marquet\u00e9es sur les deux faces avec un miroir \u00e0 l\u2019int\u00e9rieur pour faire rentrer la lumi\u00e8re et refl\u00e9ter la marqueterie au dessus, poign\u00e9es en cristal de roche, marbre \u00ab rain forest green \u00bb du Rajahstan.<\/span><\/p>\n<p>&nbsp;<\/p>\n<p>&nbsp;<\/p>\n[dt_button size=\"small\" style=\"default\" animation=\"none\" color_mode=\"default\" icon=\"\" icon_align=\"left\" color=\"\" link=\"mailto:gabrielle-laroche@wanadoo.fr?subject=253_SECR\u00c9TAIRE AUSTRALIE\" target_blank=\"true\"]DEMANDE D&rsquo;INFORMATIONS[\/dt_button]\n<p>&nbsp;<\/p>\n<p><a href=\"\/fr\/antiquites\/mobilier\/meubles\/\">Retour aux meubles<\/a><\/p>\n","protected":false},"featured_media":1236,"template":"","meta":[],"product_brand":[],"product_cat":[39],"product_tag":[],"class_list":{"0":"post-1234","1":"product","2":"type-product","3":"status-publish","4":"has-post-thumbnail","6":"product_cat-contemporain","7":"description-off","9":"first","10":"instock","11":"shipping-taxable","12":"product-type-simple"},"aioseo_notices":[],"_links":{"self":[{"href":"https:\/\/www.gabrielle-laroche.com\/fr\/wp-json\/wp\/v2\/product\/1234","targetHints":{"allow":["GET"]}}],"collection":[{"href":"https:\/\/www.gabrielle-laroche.com\/fr\/wp-json\/wp\/v2\/product"}],"about":[{"href":"https:\/\/www.gabrielle-laroche.com\/fr\/wp-json\/wp\/v2\/types\/product"}],"wp:featuredmedia":[{"embeddable":true,"href":"https:\/\/www.gabrielle-laroche.com\/fr\/wp-json\/wp\/v2\/media\/1236"}],"wp:attachment":[{"href":"https:\/\/www.gabrielle-laroche.com\/fr\/wp-json\/wp\/v2\/media?parent=1234"}],"wp:term":[{"taxonomy":"product_brand","embeddable":true,"href":"https:\/\/www.gabrielle-laroche.com\/fr\/wp-json\/wp\/v2\/product_brand?post=1234"},{"taxonomy":"product_cat","embeddable":true,"href":"https:\/\/www.gabrielle-laroche.com\/fr\/wp-json\/wp\/v2\/product_cat?post=1234"},{"taxonomy":"product_tag","embeddable":true,"href":"https:\/\/www.gabrielle-laroche.com\/fr\/wp-json\/wp\/v2\/product_tag?post=1234"}],"curies":[{"name":"wp","href":"https:\/\/api.w.org\/{rel}","templated":true}]}}