

{"id":12432,"date":"2026-01-29T12:40:30","date_gmt":"2026-01-29T11:40:30","guid":{"rendered":"https:\/\/www.gabrielle-laroche.com\/?post_type=product&#038;p=12432"},"modified":"2026-01-29T13:20:20","modified_gmt":"2026-01-29T12:20:20","slug":"cabinet-de-voyage-espagnol-dit-bargueno-reposant-sur-son-pietement-dorigine","status":"publish","type":"product","link":"https:\/\/www.gabrielle-laroche.com\/fr\/product\/cabinet-de-voyage-espagnol-dit-bargueno-reposant-sur-son-pietement-dorigine\/","title":{"rendered":"CABINET DE VOYAGE ESPAGNOL DIT \u00ab\u00a0BARGUENO\u00a0\u00bb REPOSANT SUR SON PI\u00c8TEMENT D\u2019ORIGINE"},"content":{"rendered":"<div class=\"wpb-content-wrapper\"><p>[vc_row][vc_column width=\u00a0\u00bb1\/2&Prime;][vc_column_text css=\u00a0\u00bb\u00a0\u00bb]<\/p>\n<p style=\"text-align: justify;\">Le Bargueno est un des apports originaux de l\u2019Espagne au mobilier europ\u00e9en. \u00c9l\u00e9gant Cabinet dont la structure est celle d\u2019un coffre mont\u00e9 ici sur son pi\u00e8tement d\u2019origine. Il est aussi appel\u00e9 Vargueno, du nom de la ville de Varga, pr\u00e8s de Tol\u00e8de, qui en est le principal centre de production.<\/p>\n<p style=\"text-align: justify;\">Il \u00e9tait le meuble pr\u00e9f\u00e9r\u00e9 du conquistador ou du missionnaire, quand il s\u2019agissait d\u2019emporter des effets administratifs, diplomatiques ou personnels dans des exp\u00e9ditions vers le nouveau Monde.<\/p>\n<p>&nbsp;<\/p>\n<p style=\"text-align: justify;\">Le Bargueno<\/p>\n<p style=\"text-align: justify;\">Il pr\u00e9sente en fa\u00e7ade et sur les c\u00f4t\u00e9s des belles ferrures richement ajour\u00e9es en fer forg\u00e9, sur fond de velours rouge. Ses panneaux sont mont\u00e9s \u00e0 queue d\u2019aronde et sa fa\u00e7ade \u00e0 emboitures lat\u00e9rales est ferm\u00e9e par une serrure \u00e0 double moraillon. Des poign\u00e9es en fer forg\u00e9 lat\u00e9rales ornent le bargueno et aide \u00e0 son d\u00e9placement d\u2019une demeure \u00e0 une autre.<span class=\"Apple-converted-space\">\u00a0<\/span><\/p>\n<p style=\"text-align: justify;\">L\u2019abattant ouvert, repose sur deux tirettes amorties d\u2019une belle coquille saint Jacques, et d\u00e9couvre quatorze tiroirs et deux vantaux au d\u00e9cor architectur\u00e9.<span class=\"Apple-converted-space\">\u00a0<\/span><\/p>\n<p style=\"text-align: justify;\">Le registre sup\u00e9rieur pr\u00e9sente une enfilade de quatre tiroirs. Les boutons des tiroirs sont en forme de coquille Saint Jacques, souvenir des coffres portatifs utilis\u00e9s par les p\u00e8lerins se rendant \u00e0 Compostelle.<span class=\"Apple-converted-space\">\u00a0<\/span><\/p>\n<p style=\"text-align: justify;\">Au registre m\u00e9dian, deux vantaux lat\u00e9raux encadrent deux tiroirs verticaux encadrant les deux tiroirs centraux horizontaux, superpos\u00e9s.<\/p>\n<p style=\"text-align: justify;\">Au registre inf\u00e9rieur, le tiroir central est encadr\u00e9 de part et d\u2019autre par deux tiroirs superpos\u00e9s. Ils reprennent le m\u00eame th\u00e8me d\u00e9coratif que les registres sup\u00e9rieurs.<\/p>\n<p style=\"text-align: justify;\">Les tiroirs pr\u00e9sentent des incrustations d\u2019os selon un ordre g\u00e9om\u00e9trique tandis que les vantaux lat\u00e9raux pr\u00e9sentent un d\u00e9cor architectural alliant portique \u00e0 l\u2019antique aux volutes en arc bris\u00e9 reposant sur quatre colonnettes d\u2019os torsad\u00e9es, encadrant la serrure.<\/p>\n<p style=\"text-align: justify;\">La qualit\u00e9 des motifs et la diversit\u00e9 des figures font de ce bargueno une pi\u00e8ce importante.<span class=\"Apple-converted-space\">\u00a0<\/span><\/p>\n<p>&nbsp;<\/p>\n<p style=\"text-align: justify;\">La Base<\/p>\n<p style=\"text-align: justify;\">La base en noyer pr\u00e9sente un pi\u00e8tement en H reposant aux extr\u00e9mit\u00e9s sur des patins \u00e0 volutes. Quatre colonnes en balustres fusel\u00e9s aux angles encadrent une colonne \u00e0 double torsade m\u00e9diane.\u00a0Une entretoise compos\u00e9e d\u2018une arcature \u00e0 d\u00e9cor g\u00e9om\u00e9trique et aux fleurons aux \u00e9coin\u00e7ons, relie\u00a0les deux pieds.<span class=\"Apple-converted-space\">\u00a0<\/span><\/p>\n<p>&nbsp;<\/p>\n<p style=\"text-align: justify;\">Le Bargueno, devenu aujourd\u2019hui tr\u00e8s rare, est un meuble bien caract\u00e9ristique de l\u2019Art Espagnol qui n\u2019a \u00e9t\u00e9 d\u00e9velopp\u00e9 dans aucun autre pays. Objet de convoitise, ce cabinet \u00e9tait \u00e0 la fois meuble d\u2019apparat que l\u2019on tenait ouvert dans les salles fastueuses du palais ou coffre de voyage comme l\u2019attestent les poign\u00e9es lat\u00e9rales et l\u2019imposante ferronnerie.<\/p>\n<p>[\/vc_column_text][\/vc_column][vc_column width=\u00a0\u00bb1\/2&Prime;][\/vc_column][\/vc_row]<\/p>\n<\/div>","protected":false},"excerpt":{"rendered":"<h4>CABINET DE VOYAGE ESPAGNOL DIT \u00ab\u00a0BARGUENO\u00a0\u00bb REPOSANT SUR SON PI\u00c8TEMENT D\u2019ORIGINE<\/h4>\n<p>&nbsp;<\/p>\n<p>ORIGINE\u00a0: ESPAGNE<\/p>\n<p>EPOQUE\u00a0: XVII\u00e8me SI\u00c8CLE<\/p>\n<p>&nbsp;<\/p>\n<p>Hauteur\u00a0: 149 cm<\/p>\n<p>Largeur\u00a0: 104,5 cm<\/p>\n<p>Profondeur\u00a0: 42 cm<\/p>\n<p>&nbsp;<\/p>\n<p>Bois de noyer<\/p>\n<p>Bon \u00e9tat de conservation<\/p>\n<p>Cl\u00e9 d\u2019origine<\/p>\n<p>&nbsp;<\/p>\n[dt_button size=\"small\" style=\"default\" animation=\"none\" color_mode=\"default\" icon=\"\" icon_align=\"left\" color=\"\" link=\"mailto:gabrielle-laroche@wanadoo.fr?subject=411 BARGUENO_ESPAGNOL_17E\" target_blank=\"true\"]DEMANDE D&rsquo;INFORMATIONS[\/dt_button]\n<p>&nbsp;<\/p>\n<p>&nbsp;<\/p>\n<p><a href=\"\/fr\/antiquites\/mobilier\/meubles\/\">Retour aux meubles<\/a><\/p>\n","protected":false},"featured_media":12433,"template":"","meta":[],"product_brand":[],"product_cat":[18],"product_tag":[],"class_list":{"0":"post-12432","1":"product","2":"type-product","3":"status-publish","4":"has-post-thumbnail","6":"product_cat-meubles","7":"description-off","9":"first","10":"instock","11":"shipping-taxable","12":"product-type-simple"},"aioseo_notices":[],"_links":{"self":[{"href":"https:\/\/www.gabrielle-laroche.com\/fr\/wp-json\/wp\/v2\/product\/12432","targetHints":{"allow":["GET"]}}],"collection":[{"href":"https:\/\/www.gabrielle-laroche.com\/fr\/wp-json\/wp\/v2\/product"}],"about":[{"href":"https:\/\/www.gabrielle-laroche.com\/fr\/wp-json\/wp\/v2\/types\/product"}],"wp:featuredmedia":[{"embeddable":true,"href":"https:\/\/www.gabrielle-laroche.com\/fr\/wp-json\/wp\/v2\/media\/12433"}],"wp:attachment":[{"href":"https:\/\/www.gabrielle-laroche.com\/fr\/wp-json\/wp\/v2\/media?parent=12432"}],"wp:term":[{"taxonomy":"product_brand","embeddable":true,"href":"https:\/\/www.gabrielle-laroche.com\/fr\/wp-json\/wp\/v2\/product_brand?post=12432"},{"taxonomy":"product_cat","embeddable":true,"href":"https:\/\/www.gabrielle-laroche.com\/fr\/wp-json\/wp\/v2\/product_cat?post=12432"},{"taxonomy":"product_tag","embeddable":true,"href":"https:\/\/www.gabrielle-laroche.com\/fr\/wp-json\/wp\/v2\/product_tag?post=12432"}],"curies":[{"name":"wp","href":"https:\/\/api.w.org\/{rel}","templated":true}]}}