

{"id":12514,"date":"2026-01-31T17:45:43","date_gmt":"2026-01-31T16:45:43","guid":{"rendered":"https:\/\/www.gabrielle-laroche.com\/?post_type=product&#038;p=12514"},"modified":"2026-02-03T15:43:32","modified_gmt":"2026-02-03T14:43:32","slug":"belle-paire-de-chaises-a-bras-depoque-henri-ii","status":"publish","type":"product","link":"https:\/\/www.gabrielle-laroche.com\/fr\/product\/belle-paire-de-chaises-a-bras-depoque-henri-ii\/","title":{"rendered":"BELLE PAIRE DE CHAISES \u00c0 BRAS D\u2019\u00c9POQUE HENRI II"},"content":{"rendered":"<div class=\"wpb-content-wrapper\"><p>[vc_row][vc_column width=\u00a0\u00bb1\/2&Prime;][vc_column_text css=\u00a0\u00bb\u00a0\u00bb]<\/p>\n<p style=\"text-align: justify;\">Cette belle Paire de chaises \u00e0 bras d\u2019apparat d&rsquo;\u00e9poque Henri II datant du d\u00e9but de la renaissance, est sculpt\u00e9e dans un bois de noyer \u00e0 la patine bien conserv\u00e9e.<\/p>\n<p style=\"text-align: justify;\">Le pi\u00e8tement en colonnettes bagu\u00e9es est reli\u00e9 par une entretoise carr\u00e9e.<span class=\"Apple-converted-space\">\u00a0<\/span><\/p>\n<p style=\"text-align: justify;\">Les accotoirs incurv\u00e9s et moulur\u00e9s terminant en volutes, reposent sur des supports \u00e0 billes et balustres bagu\u00e9es. Ces motifs se retrouve d\u00e9multipli\u00e9s sur les dossiers ajour\u00e9s, parfaitement architectur\u00e9s. Ils sont ainsi organis\u00e9s en deux rangs sym\u00e9triques enserr\u00e9s entre trois bandeaux droits moulur\u00e9s.<\/p>\n<p style=\"text-align: justify;\">L\u2019ordre et la mesure ajout\u00e9s au raffinement et \u00e0 l\u2019\u00e9l\u00e9gance dues \u00e0 ces ouvertures apportent autant de l\u00e9g\u00e8ret\u00e9 \u00e0 cette paire qui t\u00e9moigne du beau mobilier fran\u00e7ais d\u2019\u00e9poque Henri II.<\/p>\n<p>[\/vc_column_text][\/vc_column][vc_column width=\u00a0\u00bb1\/2&Prime;][\/vc_column][\/vc_row]<\/p>\n<\/div>","protected":false},"excerpt":{"rendered":"<h4>BELLE PAIRE DE CHAISES \u00c0 BRAS D\u2019\u00c9POQUE HENRI II<\/h4>\n<p>&nbsp;<\/p>\n<p>ORIGINE\u00a0: FRANCE<\/p>\n<p>EPOQUE : XVI\u00e8me SI\u00c8CLE<\/p>\n<p>&nbsp;<\/p>\n<p>Hauteur\u00a0: 113 cm<\/p>\n<p>Largeur : 54 cm<\/p>\n<p>Profondeur\u00a0: 52 cm<\/p>\n<p>&nbsp;<\/p>\n<p>Bois de noyer<\/p>\n<p>Tr\u00e8s bon \u00e9tat de conservation<\/p>\n<p>&nbsp;<\/p>\n<p>&nbsp;<\/p>\n[dt_button size=\"small\" style=\"default\" animation=\"none\" color_mode=\"default\" icon=\"\" icon_align=\"left\" color=\"\" link=\"mailto:gabrielle-laroche@wanadoo.fr?subject=412_BELLE_PAIRE_DE_CHAISES_\u00c0_BRAS_HENRI_II\" target_blank=\"true\"]DEMANDE D&rsquo;INFORMATIONS[\/dt_button]\n<p>&nbsp;<\/p>\n<p><a href=\"\/fr\/antiquites\/mobilier\/sieges\/\">Retour aux si\u00e8ges<\/a><\/p>\n","protected":false},"featured_media":12515,"template":"","meta":[],"product_brand":[],"product_cat":[19],"product_tag":[],"class_list":{"0":"post-12514","1":"product","2":"type-product","3":"status-publish","4":"has-post-thumbnail","6":"product_cat-sieges","7":"description-off","9":"first","10":"instock","11":"shipping-taxable","12":"product-type-simple"},"aioseo_notices":[],"_links":{"self":[{"href":"https:\/\/www.gabrielle-laroche.com\/fr\/wp-json\/wp\/v2\/product\/12514","targetHints":{"allow":["GET"]}}],"collection":[{"href":"https:\/\/www.gabrielle-laroche.com\/fr\/wp-json\/wp\/v2\/product"}],"about":[{"href":"https:\/\/www.gabrielle-laroche.com\/fr\/wp-json\/wp\/v2\/types\/product"}],"wp:featuredmedia":[{"embeddable":true,"href":"https:\/\/www.gabrielle-laroche.com\/fr\/wp-json\/wp\/v2\/media\/12515"}],"wp:attachment":[{"href":"https:\/\/www.gabrielle-laroche.com\/fr\/wp-json\/wp\/v2\/media?parent=12514"}],"wp:term":[{"taxonomy":"product_brand","embeddable":true,"href":"https:\/\/www.gabrielle-laroche.com\/fr\/wp-json\/wp\/v2\/product_brand?post=12514"},{"taxonomy":"product_cat","embeddable":true,"href":"https:\/\/www.gabrielle-laroche.com\/fr\/wp-json\/wp\/v2\/product_cat?post=12514"},{"taxonomy":"product_tag","embeddable":true,"href":"https:\/\/www.gabrielle-laroche.com\/fr\/wp-json\/wp\/v2\/product_tag?post=12514"}],"curies":[{"name":"wp","href":"https:\/\/api.w.org\/{rel}","templated":true}]}}