

{"id":12561,"date":"2026-02-16T13:32:52","date_gmt":"2026-02-16T12:32:52","guid":{"rendered":"https:\/\/www.gabrielle-laroche.com\/?post_type=product&#038;p=12561"},"modified":"2026-02-16T13:42:18","modified_gmt":"2026-02-16T12:42:18","slug":"nicolas-alquin-coeur-trouve","status":"publish","type":"product","link":"https:\/\/www.gabrielle-laroche.com\/fr\/product\/nicolas-alquin-coeur-trouve\/","title":{"rendered":"NICOLAS ALQUIN &#8211; Coeur trouv\u00e9"},"content":{"rendered":"<div class=\"wpb-content-wrapper\"><p>[vc_row][vc_column width=\u00a0\u00bb1\/2&Prime;][vc_column_text css=\u00a0\u00bb\u00a0\u00bb]NOTE SUR L\u2019ARTISTE<\/p>\n<p style=\"text-align: justify;\">N\u00e9 en 1958 \u00e0 Bruxelles dans une famille d\u2019artistes, Nicolas Alquin, apr\u00e8s avoir \u00e9tudi\u00e9 la restauration d\u2019\u0153uvres d\u2019art au mus\u00e9e des Arts et Traditions populaires, fr\u00e9quente les ateliers des sculpteurs Reinhoud d\u2019Haese et Etienne Martin.\u00a0Il d\u00e9veloppe son lexique artistique selon trois vecteurs principaux\u00a0: le\u00a0bois\u00a0(en taille directe)\u00a0; la cire d\u2019abeille taill\u00e9e et model\u00e9e dans la masse (parfois fondue en\u00a0bronze)\u00a0; et l\u2019encre s\u00e9pia ou noire\u00a0(pour des lavis au pinceau). Prenant \u00e0 rebours les pr\u00e9ceptes de la sculpture post-minimale, il d\u00e9ploie une pratique qui rejoue, non sans intensit\u00e9, l\u2019histoire de l\u2019art, convoquant aussi bien des r\u00e9f\u00e9rences \u00e0 la marge que la grande histoire de la sculpture. Dans un dialogue incessant entre l\u2019h\u00e9ritage jud\u00e9o-chr\u00e9tien et l\u2019influence des\u00a0arts premiers sur l\u2019art contemporain, Nicolas Alquin mat\u00e9rialise \u00e0 travers ses \u0153uvres une r\u00e9flexion sur les relations entre le visible et l\u2019indicible, la main et l\u2019esprit, ou encore la ma\u00eetrise et l\u2019al\u00e9atoire. Ainsi, il n\u2019h\u00e9site pas \u00e0 s\u2019approprier des techniques dites \u00ab\u00a0traditionnelles\u00a0\u00bb (la taille directe du bois en premi\u00e8re ligne, le ciselage du bronze) pour les teinter d\u2019influences diverses et les remettre en perspective.<\/p>\n<p>Extrait d&rsquo;un texte de Marc Bembekoff<\/p>\n<p>&nbsp;<\/p>\n<p>EXPOSITIONS INDIVIDUELLES<\/p>\n<p>&nbsp;<\/p>\n<p>2025\u00a0Bois r\u00e9v\u00e9l\u00e9s, Domaine de Chaumont-sur-Loire, centre d&rsquo;art et de nature<\/p>\n<p>2024\u00a0Heaven&rsquo;s Door, Kamil Gallery \/ Birch Gallery, Monaco.<\/p>\n<p>2023\u00a0Elle et le chemin,\u00a0Abbaye de Fontevraud, France.<\/p>\n<p>2021\u00a0Sculptures\u00a0Galerie Marie-Ange Boucher Bruxelles, Belgique<\/p>\n<p>2019 Histoires de sculptins : Villa consulaire fran\u00e7aise, Li\u00e8ge, Belgique<\/p>\n<p>2018\u00a0Coll\u00e9giale Saint-Pierre-la-Cour, Le Mans<\/p>\n<p>2017 Maison de la musique et de la danse, Bagneux<br \/>\n2017 Galerie Devillez, Bruxelles<\/p>\n<p>2016 \u00ab\u00a0De toutes pi\u00e8ces\u00a0\u00bb, Galerie Maeght, Paris<\/p>\n<p>2016 \u00ab\u00a0Nicolas Alquin, sculpture et xylotraces\u00a0\u00bb, Galerie Simonici, Luxembourg<\/p>\n<p>2015 Art Paris Art Fair, Galerie Koralewski<\/p>\n<p>2014\u00a0Pr\u00e9sences de vie sur Aquilon Silcan, Guy Pieters Gallery, Knokke-le-Zoute, Belgique<\/p>\n<p>2013\u00a0Bois et d\u00e9riv\u00e9s, Mus\u00e9e de l\u2019Hospice Saint Roch. Issoudun, France<\/p>\n<p>Mus\u00e9e de l\u2019Arsenal et site de l\u2019Abbaye Saint-Jean-des-Vignes. Soissons, France<\/p>\n<p>Mus\u00e9e de Campredon, Isle-sur-la-Sorgue, France<\/p>\n<p>2012\u00a0De cire et de bois, Galerie le Salon d\u2019art, Bruxelles, Belgique<\/p>\n<p>2008\u00a0Portraits d\u2019\u00e9toiles, Galerie Guigon, Paris, France<\/p>\n<p>2007\u00a0Constellations, Galleria Del Leone, Venise, Italie<\/p>\n<p>2006\u00a0Corps c\u00e9lestes, Lin\u00e9art, stand Paule de Boeck Fine Arts, Gand, Belgique<\/p>\n<p>2005\u00a0Bois flott\u00e9s, Mus\u00e9e d\u2019Ixelles, Bruxelles, Belgique<\/p>\n<p>Galerie Fred Lanzenberg, Bruxelles, Belgique<\/p>\n<p>L\u2019Atelier d\u2019Alquin, Mus\u00e9e de la Fondation Coubertin, Saint-R\u00e9my-l\u00e8s-Chevreuse, France<\/p>\n<p>2004\u00a0Aper\u00e7us, Galleria del Leone, Venise, Italie<\/p>\n<p>2003 Galerie Mich\u00e8le Broutta, Paris, France<\/p>\n<p>2002\u00a0Gros Plan sur Alquin, Fondation Prince Pierre de Monaco, Monaco<\/p>\n<p>2000 Galerie Fred Lanzenberg, Bruxelles, Belgique<\/p>\n<p>1999 Galerie Fred Lanzenberg, FIAC, Paris, France.<\/p>\n<p>Chapelle les P\u00e9nitents, Clermont-l\u2019H\u00e9rault et site de l\u2019Abbaye de Gellone, Saint-Guilhem-le-d\u00e9sert, France<\/p>\n<p>1998 Fondation Veranneman, Kruishoutem, Belgique<\/p>\n<p>1996 Galerie Fred Lanzenberg, Bruxelles, Belgique<\/p>\n<p>Galerie Fred Lanzenberg, FIAC, Paris, France<\/p>\n<p>1993 Galerie Fred Lanzenberg, Bruxelles, Belgique<\/p>\n<p>1992\u00a0Les Passantes, Galerie du Jour-Agn\u00e8s B, Paris, France<\/p>\n<p>1991 Galerie Erval, FIAC, Paris, France<\/p>\n<p>Les Stylites, Prieur\u00e9-Saint-Michel, Crouttes, France<\/p>\n<p>1990 Mus\u00e9e d\u2019Art Contemporain, Dunkerque, France<\/p>\n<p>Centre Culturel Le Botanique, Bruxelles, Belgique<\/p>\n<p>Galerie Bernard Cats, Bruxelles, Belgique<\/p>\n<p>1988 Galerie Maeght, Paris, France<\/p>\n<p>1987 Galerie Maeght, Barcelone, Espagne<\/p>\n<p>1986\u00a0Des \u00c9clipses, Galerie Maeght, Paris, France<\/p>\n<p>Galerie le Salon d\u2019Art, Bruxelles, Belgique<\/p>\n<p>Centre culturel fran\u00e7ais, Abidjan, C\u00f4te d\u2019Ivoire<\/p>\n<p>1985 Th\u00e9atre municipal de Caen, France<\/p>\n<p>1984\u00a0Maisons en t\u00eate, Galerie Erval, Paris, France<\/p>\n<p>1982\u00a0Sculptures et sculptins, Galerie Erval, FIAC, Paris, France<\/p>\n<p>1981\u00a0De l\u2019arbre \u00e0 la maison, Galerie Pierre Vanderborght, Bruxelles, Belgique<\/p>\n<p>&nbsp;<\/p>\n<p>MONUMENTS ET ACQUISITIONS PUBLIQUES<\/p>\n<p>&nbsp;<\/p>\n<p>2022 Mobilier liturgique de l&rsquo;\u00e9glise Saint-Jean-Baptiste de Sceaux<\/p>\n<p>2020 Mobilier liturgique de La Chapelle de l\u2019Institut Catholique de Lille<\/p>\n<p>2018\u00a0Que la paix soit avec toi, Cath\u00e9drale Notre-Dame-de-La-Treille, Lille, France<\/p>\n<p>2018\u00a0 Monument aux morts, Brunoy, France<\/p>\n<p>2017\u00a0Calvaire des marins de Dunkerque, rue militaire, Dunkerque, France<\/p>\n<p>2013\u00a0Haris, le gardien du Nord, Mus\u00e9e de Soissons, France<\/p>\n<p>2012\u00a0Saint Joseph, Paroisse Saint-Joseph de Montrouge, France<\/p>\n<p>2010 Autel, ambon et tabernacle de la chapelle de la Maison des Serviteurs de la Parole, \u00a0Charenton, France<\/p>\n<p>2009\u00a0Pers\u00e9e et Androm\u00e8de,\u00a0CEC de Yerres, France<\/p>\n<p>2008\u00a0Via Orange, sculpture pour le groupe Orange-France Telecom, site d\u2019Arcueil, France<\/p>\n<p>Parole d\u2019ab\u00eeme, Maison de la conf\u00e9rence des Ev\u00eaques de France, Paris, France<\/p>\n<p>2007\u00a0Solitude, monument aux esclaves r\u00e9sistants, Bagneux, France<\/p>\n<p>2004\u00a0Saint Joseph, Kliniek Sint Jozef, Pittem, Belgique<\/p>\n<p>2002\u00a0Croix d\u2019\u00c9sp\u00e9rance, \u00c9glise Notre-Dame-d\u2019\u00c9sp\u00e9rance, Paris, France<\/p>\n<p>Face au z\u00e9nith, H\u00f4tel des Douanes. Annecy, France<\/p>\n<p>Passage du feu, Mus\u00e9e de Beelden aan Zee, Scheveningen, Pays-Bas.<\/p>\n<p>Autel et croix de l\u2019\u00c9glise de Varennes-Jarcy, France<\/p>\n<p>2001\u00a0C\u0153ur d\u2019argile, Clermont-l\u2019H\u00e9rault, France<\/p>\n<p>1998\u00a0Parole port\u00e9e \u00e0 la m\u00e9moire des victimes du terrorisme, fontaine, H\u00f4tel des Invalides, Paris, France<\/p>\n<p>Judith, place Albert I, Bruxelles, Belgique<\/p>\n<p>Fontaine Saint-Beno\u00eet, Syndicat des eaux d\u2019\u00cele-de-France, Paris, France<\/p>\n<p>1996\u00a0Judith, Mus\u00e9e Beelden aan Zee, Scheveningen, Pays-Bas<\/p>\n<p>1993\u00a0Le Nouveau-n\u00e9, Fondation Veranneman, Kruishoutem, Belgique<\/p>\n<p>1991\u00a0Gaspard, Mus\u00e9e d\u2019Art Contemporain, Dunkerque, France<\/p>\n<p>1989\u00a0Jour de d\u00e9sert, Mus\u00e9e d\u2019Art Sacr\u00e9, Lille, France<\/p>\n<p>1987\u00a0Le Composteur d\u2019\u00e9toiles, \u00c9glise Saint-Jacques-du-Haut-Pas, Paris, France<\/p>\n<p>1982\u00a0Dormeur, Fonds National d\u2019Art Contemporain, France<\/p>\n<p>&nbsp;<\/p>\n<p>PRIX INTERNATIONAUX<\/p>\n<p>&nbsp;<\/p>\n<p>2014 Grand Prix L\u00e9on-Georges Baudry de la Fondation Taylor, Paris, France<\/p>\n<p>2007 Prix de la fondation Charles et Christiane Oulmont, Paris, France<\/p>\n<p>2004 Enku Award, Gifu, Japon<\/p>\n<p>2002 Prix de la Biennale Internationale de Sculpture de Poznan, Pologne<\/p>\n<p>2001 Grand Prix Prince Pierre de Monaco, Monaco<\/p>\n<p>1997 Prix de sculpture de l\u2019Acad\u00e9mie des Beaux-Arts, Fondation Simone et Cino del\u00a0Duca, Paris, France<\/p>\n<p>1988 Prix Leonard de Vinci, Abidjan, C\u00f4te-d\u2019Ivoire<\/p>\n<p>1987 Prix Villa M\u00e9dicis, Hors les murs, V\u00e9rone, Italie<\/p>\n<p>&nbsp;<\/p>\n<p>PRINCIPALES EXPOSITIONS COLLECTIVES<\/p>\n<p>&nbsp;<\/p>\n<p>2024\u00a0Art et Spiritualit\u00e9 \u00e0 Troyes, France. Evelyne Huet, Michel Madore et Nicolas Alquin.<\/p>\n<p>2021\u00a0Galerie Birch :\u00a0\u00a0CoBrA and friends (exposition continue):\u00a0 Nicolas Alquin, Reinhoud, Asger Jorn, Carl-Henning Pedersen, Jan Voss, Walasse Ting &amp; more.<\/p>\n<p>2020 Fond International d\u2019Art contemporain du Mans, Le Mans, France<br \/>\nGalerie Birch,\u00a0Art Herning, Denmark,\u00a0Peintures de Kenneth Blom et sculptures de Nicolas Alquin<\/p>\n<p>2019 Sculpt&rsquo; en Sologne, invit\u00e9 d&rsquo;honneur, France<br \/>\nGalerie Birch,\u00a0Art Elys\u00e9es, Paris, Peintures\u00a0de Jan Voss et sculptures de Nicolas Alquin<\/p>\n<p>2018\u00a0Brafa Art Fair Bruxelles, stand Maeght 39B (27 janvier-1 f\u00e9vrier 2018)<\/p>\n<p>2016\u00a0Alquin, Amorim, de Torhout,\u00a0Fondation Taylor, Paris, France<\/p>\n<p>2015\u00a0Bronzes,\u00a0Galerie Maeght, Paris, France<\/p>\n<p>2015 Art Elys\u00e9es, Galerie Koralewski, Paris, France<\/p>\n<p>2014 Flag France Rennaissance, Shanga\u00ef, Chine<\/p>\n<p>2013 Flag France Renaissance, Ch\u00e2teau de la Celle-Saint-Cloud, France<\/p>\n<p>Trois sculptures monumentales, Guy Pieters Gallery, Knokke-le-Zoute,\u00a0Knokke Zeedijk et Sint-Martens-Latem, Belgique<\/p>\n<p>2012\u00a0Dessins, Galerie Guigon, Paris, France<\/p>\n<p>2011\u00a0Corps et \u00e2mes, Galerie Koralewski, Paris, France<\/p>\n<p>Festival APART, Les-Baux-de-Provence, France<\/p>\n<p>Blickachsen exhibition, Bad Homburg, Allemagne<\/p>\n<p>2010 Biennale Traces, Fort de Cond\u00e9, Val-de-l\u2019Aisne, France<\/p>\n<p>\u0152uvres sur papier,\u00a0Galerie Guigon, Paris France<\/p>\n<p>2009 Biennale de sculpture de Yerres, France<\/p>\n<p>2007 Biennale de sculpture de Yerres, France<\/p>\n<p>Exposition Icare, Mus\u00e9e d\u2019Art Wallon, Li\u00e8ge, Belgique<\/p>\n<p>2006 International Sculpture Triennale Poznan 2006, Poznan, Pologne<\/p>\n<p>Art Paris, Galerie Mich\u00e8le Broutta, Paris, France<\/p>\n<p>2005 Enku Awards Exhibition, Mus\u00e9e de Gifu, Japon<\/p>\n<p>2004\u00a0Moi ! Autoportrait du XXe si\u00e8cle, Mus\u00e9e du Luxembourg, Paris, France<\/p>\n<p>Moi ! Autoritratti del secolo XX, Galleria degli Uffizi, Firenze, Italie<\/p>\n<p>2002\u00a0Een jonge garde, Mus\u00e9e de Beelden aan Zee, Pays-Bas<\/p>\n<p>2001 Mouvement 134, Plaza Gallery, Tokyo, Japon<\/p>\n<p>2000 Fondation Veranneman, Kruishoutem, Belgique<\/p>\n<p>Abbaye d\u2019Heverlee, Louvain, Belgique<\/p>\n<p>1998\u00a0Fondation Veranneman, TEFAF, Maastricht, Pays-Bas<\/p>\n<p>1996 Centre des Arts de Scottsdale, Phoenix, \u00c9tats-Unis<\/p>\n<p>1995\u00a0Malborough Gallery, New York, \u00c9tats-Unis<\/p>\n<p>1993\u00a0Du D\u00e9sir de spiritualit\u00e9 dans l\u2019art contemporain, Centre culturel de Boulogne- \u00a0 Billancourt, France<\/p>\n<p>1992\u00a0Galerie du Jour-Agn\u00e8s B., Espace des Arts, Chalon-sur-Sa\u00f4ne, France<\/p>\n<p>1991 Centre des Arts de Scottsdale, Phoenix, \u00c9tats-Unis<\/p>\n<p>Mus\u00e9e de Campredon, l\u2019Isle-sur-la-Sorgue, France<\/p>\n<p>1989 Exposition Internationale de Sculpture, Sommacampagna, Italie<\/p>\n<p>La Passion de Dunkerque, exposition itin\u00e9rante jusqu\u2019en 1991 : Paris, Dunkerque,\u00a0Taiwan, Varsovie<\/p>\n<p>1987\u00a0Carte blanche \u00e0 dix jeunes artistes, Centre Pompidou, Mus\u00e9e national d&rsquo;art moderne, Paris, France<\/p>\n<p>1986\u00a0\u00c0 Propos de dessin, Galerie Maeght, Paris, France<\/p>\n<p>1984 Association fran\u00e7aise d\u2019action artistique, Dakar, S\u00e9n\u00e9gal<\/p>\n<p>Association fran\u00e7aise d\u2019action artistique, Abidjan, C\u00f4te-d\u2019Ivoire<\/p>\n<p>[\/vc_column_text][\/vc_column][vc_column width=\u00a0\u00bb1\/2&Prime;][\/vc_column][\/vc_row]<\/p>\n<\/div>","protected":false},"excerpt":{"rendered":"<h4>NICOLAS ALQUIN<\/h4>\n<p>N\u00e9 en 1958<\/p>\n<p>&nbsp;<\/p>\n<h4 class=\"p1\"><em><span class=\"s1\">Coeur trouv\u00e9<\/span><\/em><\/h4>\n<p>&nbsp;<\/p>\n<p>\u00c9preuve en bronze \u00e0 patine noire sur un socle en bois sculpt\u00e9<\/p>\n<p>Sign\u00e9 \u00e0 l\u2019arri\u00e8re sur la terrasse<\/p>\n<p>N\u00b0 VIII \/ VIII<\/p>\n<p>Cachet du Fondeur<\/p>\n<p>Inscription sur le socle<\/p>\n<p><span class=\"Apple-converted-space\">\u00a0<\/span><\/p>\n<p>Hauteur: 95 cm<\/p>\n<p>Largeur:\u00a0 31 cm<\/p>\n<p>Profondeur: 31 cm<\/p>\n<p>Hauteur avec socle\u00a0: 135 cm<\/p>\n<p>&nbsp;<\/p>\n<p>Provenance\u00a0: Collection priv\u00e9e parisienne<\/p>\n<p>&nbsp;<\/p>\n[dt_button size=\"small\" style=\"default\" animation=\"none\" color_mode=\"default\" icon=\"\" icon_align=\"left\" color=\"\" link=\"mailto:gabrielle-laroche@wanadoo.fr?subject=317_NICOLAS_ALQUIN_COEUR_TROUVE\"target_blank=\"true\"]DEMANDE D&rsquo;INFORMATIONS[\/dt_button]\n<p>&nbsp;<\/p>\n<p><a href=\"\/fr\/contemporains\/\">Retour aux contemporains<\/a><\/p>\n","protected":false},"featured_media":12562,"template":"","meta":[],"product_brand":[],"product_cat":[39],"product_tag":[],"class_list":{"0":"post-12561","1":"product","2":"type-product","3":"status-publish","4":"has-post-thumbnail","6":"product_cat-contemporain","7":"description-off","9":"first","10":"instock","11":"shipping-taxable","12":"product-type-simple"},"aioseo_notices":[],"_links":{"self":[{"href":"https:\/\/www.gabrielle-laroche.com\/fr\/wp-json\/wp\/v2\/product\/12561","targetHints":{"allow":["GET"]}}],"collection":[{"href":"https:\/\/www.gabrielle-laroche.com\/fr\/wp-json\/wp\/v2\/product"}],"about":[{"href":"https:\/\/www.gabrielle-laroche.com\/fr\/wp-json\/wp\/v2\/types\/product"}],"wp:featuredmedia":[{"embeddable":true,"href":"https:\/\/www.gabrielle-laroche.com\/fr\/wp-json\/wp\/v2\/media\/12562"}],"wp:attachment":[{"href":"https:\/\/www.gabrielle-laroche.com\/fr\/wp-json\/wp\/v2\/media?parent=12561"}],"wp:term":[{"taxonomy":"product_brand","embeddable":true,"href":"https:\/\/www.gabrielle-laroche.com\/fr\/wp-json\/wp\/v2\/product_brand?post=12561"},{"taxonomy":"product_cat","embeddable":true,"href":"https:\/\/www.gabrielle-laroche.com\/fr\/wp-json\/wp\/v2\/product_cat?post=12561"},{"taxonomy":"product_tag","embeddable":true,"href":"https:\/\/www.gabrielle-laroche.com\/fr\/wp-json\/wp\/v2\/product_tag?post=12561"}],"curies":[{"name":"wp","href":"https:\/\/api.w.org\/{rel}","templated":true}]}}