

{"id":12586,"date":"2023-11-06T17:20:54","date_gmt":"2023-11-06T16:20:54","guid":{"rendered":"https:\/\/www.gabrielle-laroche.com\/?post_type=product&#038;p=12586"},"modified":"2026-02-16T14:51:23","modified_gmt":"2026-02-16T13:51:23","slug":"rene-rovelotti-le-joueur-de-mandoline","status":"publish","type":"product","link":"https:\/\/www.gabrielle-laroche.com\/fr\/product\/rene-rovelotti-le-joueur-de-mandoline\/","title":{"rendered":"REN\u00c9 ROVELOTTI &#8211; Le joueur de Mandoline"},"content":{"rendered":"<div class=\"wpb-content-wrapper\"><p>[vc_row][vc_column width=\u00a0\u00bb1\/2&Prime;][vc_column_text css=\u00a0\u00bb\u00a0\u00bb]<\/p>\n<p style=\"text-align: justify;\">Ren\u00e9 Rovelotti, fils et petit-fils d\u2019\u00e9migr\u00e9s italiens venus de Lombardie, a connu la passion de la sculpture d\u00e8s l\u2019\u00e2ge de 14 ans.<\/p>\n<p style=\"text-align: justify;\">Plus tard, il suivra\u00a0les cours des Beaux-Arts \u00e0 Aix en Provence et sera \u00e9galement l\u2019\u00e9l\u00e8ve de grands ma\u00eetres r\u00e9gionaux. Aujourd\u2019hui, Ren\u00e9 Rovellotti a toujours la nostalgie de ces ann\u00e9es d\u2019apprentissage et garde de cette p\u00e9riode un d\u00e9licieux souvenir\u00a0; cet homme discret, chaleureux et\u00a0souriant\u00a0recherche et recr\u00e9e cette ambiance au sein de son Atelier, entour\u00e9 de ses \u00e9l\u00e8ves.<\/p>\n<p style=\"text-align: justify;\">L\u2019inspiration, il la puise dans les moments forts de sa vie. Il trouve sa Libert\u00e9 dans son Atelier. Il laisse aller son imagination, sa cr\u00e9ativit\u00e9 pour que puissent prendre forme de nouveaux sujets.<\/p>\n<p style=\"text-align: justify;\">\u00a0Pour le sculpteur transposer une \u0153uvre\u00a0aux lignes \u00e9pur\u00e9es en bronze est un aboutissement, car c\u2019est une mani\u00e8re de lui donner une dimension suppl\u00e9mentaire, \u00e0 la fois lui apporter la dur\u00e9e dans le temps et la sublimer, gr\u00e2ce au m\u00e9tal noble.<\/p>\n<p style=\"text-align: justify;\">\u00a0\u00ab\u00a0Et, quand le r\u00e9sultat est beau, je vous laisse imaginer le plaisir qui m\u2019envahit\u00a0\u00bb, dit-il.<\/p>\n<p style=\"text-align: justify;\">\u00ab\u00a0Ma d\u00e9marche de cr\u00e9ateur est guid\u00e9e par le d\u00e9sir d\u2019inscrire dans la mati\u00e8re les formes qui naissent de mon imaginaire.\u00a0\u00bb<\/p>\n<p style=\"text-align: justify;\">Cette d\u00e9marche sensible donne \u00e0 mon travail une capacit\u00e9 \u00e0 se renouveler qui m\u2019entra\u00eene \u00e0 chaque fois dans une nouvelle aventure \u00ab\u00a0<\/p>\n<p style=\"text-align: justify;\">Ren\u00e9 Rovellotti, artiste complet d\u00e9voilait ses \u0153uvres dans les diff\u00e9rentes disciplines qu\u2019il exer\u00e7ait : la peinture, la sculpture, dans la merveilleuse galerie \u00e0 la rigueur cistercienne qu\u2019il a lui-m\u00eame construite, am\u00e9nag\u00e9e et d\u00e9cor\u00e9e.<\/p>\n<p>[\/vc_column_text][\/vc_column][vc_column width=\u00a0\u00bb1\/2&Prime;][\/vc_column][\/vc_row]<\/p>\n<\/div>","protected":false},"excerpt":{"rendered":"<h4><strong>REN\u00c9 ROVELLOTTI<\/strong><\/h4>\n<p>(1941- 2016)<\/p>\n<p>&nbsp;<\/p>\n<h4 class=\"p1\"><em><span class=\"s1\">Le Joueur de\u00a0<\/span><\/em><i>Mandoline\u00a0<\/i><\/h4>\n<p>&nbsp;<\/p>\n<p>Bronze \u00e0 patine brune<span class=\"Apple-converted-space\">\u00a0<\/span><\/p>\n<p>Signature de l\u2019artiste\u00a0<span class=\"Apple-converted-space\">\u00a0<\/span><\/p>\n<p>\u00c9preuve d\u2019artiste n\u00b01 (EA1)<\/p>\n<p>Fondeur\u00a0: Rovellotti<\/p>\n<p>&nbsp;<\/p>\n<p>Hauteur : 57, 5 cm<\/p>\n<p>Largeur : \u00a027 cm<\/p>\n<p>&nbsp;<\/p>\n[dt_button size=\"small\" style=\"default\" animation=\"none\" color_mode=\"default\" icon=\"\" icon_align=\"left\" color=\"\" link=\"mailto:gabrielle-laroche@wanadoo.fr?subject=309_RENE_ROVELOTTI_JOUEUR_DE_MANDOLINE\"target_blank=\"true\"]DEMANDE D&rsquo;INFORMATIONS[\/dt_button]\n<p>&nbsp;<\/p>\n<p><a href=\"\/fr\/contemporains\/\">Retour aux contemporains<\/a><\/p>\n","protected":false},"featured_media":12587,"template":"","meta":[],"product_brand":[],"product_cat":[39],"product_tag":[],"class_list":{"0":"post-12586","1":"product","2":"type-product","3":"status-publish","4":"has-post-thumbnail","6":"product_cat-contemporain","7":"description-off","9":"first","10":"instock","11":"shipping-taxable","12":"product-type-simple"},"aioseo_notices":[],"_links":{"self":[{"href":"https:\/\/www.gabrielle-laroche.com\/fr\/wp-json\/wp\/v2\/product\/12586","targetHints":{"allow":["GET"]}}],"collection":[{"href":"https:\/\/www.gabrielle-laroche.com\/fr\/wp-json\/wp\/v2\/product"}],"about":[{"href":"https:\/\/www.gabrielle-laroche.com\/fr\/wp-json\/wp\/v2\/types\/product"}],"wp:featuredmedia":[{"embeddable":true,"href":"https:\/\/www.gabrielle-laroche.com\/fr\/wp-json\/wp\/v2\/media\/12587"}],"wp:attachment":[{"href":"https:\/\/www.gabrielle-laroche.com\/fr\/wp-json\/wp\/v2\/media?parent=12586"}],"wp:term":[{"taxonomy":"product_brand","embeddable":true,"href":"https:\/\/www.gabrielle-laroche.com\/fr\/wp-json\/wp\/v2\/product_brand?post=12586"},{"taxonomy":"product_cat","embeddable":true,"href":"https:\/\/www.gabrielle-laroche.com\/fr\/wp-json\/wp\/v2\/product_cat?post=12586"},{"taxonomy":"product_tag","embeddable":true,"href":"https:\/\/www.gabrielle-laroche.com\/fr\/wp-json\/wp\/v2\/product_tag?post=12586"}],"curies":[{"name":"wp","href":"https:\/\/api.w.org\/{rel}","templated":true}]}}