

{"id":12658,"date":"2026-03-02T18:14:46","date_gmt":"2026-03-02T17:14:46","guid":{"rendered":"https:\/\/www.gabrielle-laroche.com\/?post_type=product&#038;p=12658"},"modified":"2026-04-15T16:06:31","modified_gmt":"2026-04-15T14:06:31","slug":"belle-cassapanca-de-la-renaissance-siennoise","status":"publish","type":"product","link":"https:\/\/www.gabrielle-laroche.com\/fr\/product\/belle-cassapanca-de-la-renaissance-siennoise\/","title":{"rendered":"BELLE CASSAPANCA DE LA RENAISSANCE SIENNOISE"},"content":{"rendered":"<div class=\"wpb-content-wrapper\"><p>[vc_row][vc_column width=\u00a0\u00bb1\/2&Prime;][vc_column_text css=\u00a0\u00bb\u00a0\u00bb]<\/p>\n<p style=\"text-align: justify;\">Cette pi\u00e8ce de mobilier, pr\u00e9sente partout dans les chambres et les salles des riches demeures fut tr\u00e8s pris\u00e9e en Italie pendant toute la seconde moiti\u00e9 de la Renaissance, surtout en Toscane.<span class=\"Apple-converted-space\">\u00a0<\/span><\/p>\n<p style=\"text-align: justify;\">\u00ab\u00a0Les bancs\u2026 pouvaient \u00eatre ferm\u00e9s pour constituer des coffres auquel cas on les appelait parfois cassepanche, d\u00e9signation appropri\u00e9e mais malheureusement pas toujours utilis\u00e9e.\u00a0\u00bb<\/p>\n<p style=\"text-align: justify;\">La Cassapanca, litt\u00e9ralement banquette, \u00e9tait alors un coffre \u00e0 rangement oblong, muni d\u2019un dossier et d\u2019accoudoirs et dont le couvercle, formait assise, souvent profonde comme celle-ci. Il repose sur une plinthe \u00e0 ressauts pour \u00e9pouser le plan du meuble.<span class=\"Apple-converted-space\">\u00a0<\/span><\/p>\n<p style=\"text-align: justify;\">Sobre et majestueuse dans ses lignes et sa composition, notre belle Cassapanca pr\u00e9sente un d\u00e9cor sculpt\u00e9 d\u2019entrelacs, fleurons et frises d\u2019oves.<\/p>\n<p style=\"text-align: justify;\">Le dosseret qui revient sur les c\u00f4t\u00e9s ainsi que le banc s\u2019ouvrant en deux coffres, sont orn\u00e9s de larges panneaux moulur\u00e9s. La partie inf\u00e9rieure offre une forme bomb\u00e9e et surmonte sa base moulur\u00e9e.<span class=\"Apple-converted-space\">\u00a0<\/span><\/p>\n<p style=\"text-align: justify;\">Cette \u00e9l\u00e9gante Cassapanca Renaissance date de la fin du XVI\u00e8me si\u00e8cle et t\u00e9moigne d\u2019un mobilier typiquement ultramontain qui participait au faste des Palais italiens.<\/p>\n<p style=\"text-align: justify;\">Bibliographie\u00a0:<span class=\"Apple-converted-space\">\u00a0<\/span><\/p>\n<p style=\"text-align: justify;\">Augusto Pedrini, Il mobilio, gli ambienti e le decorazioni del Rinascimiento in Italia, secoli XV e XVI.p 63, 73<\/p>\n<p style=\"text-align: justify;\">Peter Thornton, La Renaissance italienne 1400 \u2013 1600, Paris, 1991.<\/p>\n<p>[\/vc_column_text][\/vc_column][vc_column width=\u00a0\u00bb1\/2&Prime;][\/vc_column][\/vc_row][vc_row][vc_column][\/vc_column][\/vc_row]<\/p>\n<\/div>","protected":false},"excerpt":{"rendered":"<h4>BELLE CASSAPANCA DE LA RENAISSANCE SIENNOISE<\/h4>\n<p>&nbsp;<\/p>\n<p>ORIGINE\u00a0: ITALIE, R\u00c9GION DE SIENNE<\/p>\n<p>EPOQUE\u00a0: XVI\u00e8me SI\u00c8CLE<\/p>\n<p>&nbsp;<\/p>\n<p>Hauteur\u00a0: 103 cm<\/p>\n<p>Longueur\u00a0: 195 cm<\/p>\n<p>Profondeur\u00a0: 75 cm<\/p>\n<p>&nbsp;<\/p>\n<p>Bois de noyer<\/p>\n<p>Bon \u00e9tat de conservation<\/p>\n<p>&nbsp;<\/p>\n<p>&nbsp;<\/p>\n[dt_button size=\"small\" style=\"default\" animation=\"none\" color_mode=\"default\" icon=\"\" icon_align=\"left\" color=\"\" link=\"mailto:gabrielle-laroche@wanadoo.fr?subject=18_CASSAPANCA_ITALIENNE_D\u2019EPOQUE_RENAISSANCE\" target_blank=\"true\"]DEMANDE D&rsquo;INFORMATIONS[\/dt_button]\n<p>&nbsp;<\/p>\n<p><a href=\"\/fr\/antiquites\/mobilier\/coffres\/\">Retour aux coffres<\/a><\/p>\n","protected":false},"featured_media":12661,"template":"","meta":[],"product_brand":[],"product_cat":[19],"product_tag":[],"class_list":{"0":"post-12658","1":"product","2":"type-product","3":"status-publish","4":"has-post-thumbnail","6":"product_cat-sieges","7":"description-off","9":"first","10":"instock","11":"shipping-taxable","12":"product-type-simple"},"aioseo_notices":[],"_links":{"self":[{"href":"https:\/\/www.gabrielle-laroche.com\/fr\/wp-json\/wp\/v2\/product\/12658","targetHints":{"allow":["GET"]}}],"collection":[{"href":"https:\/\/www.gabrielle-laroche.com\/fr\/wp-json\/wp\/v2\/product"}],"about":[{"href":"https:\/\/www.gabrielle-laroche.com\/fr\/wp-json\/wp\/v2\/types\/product"}],"wp:featuredmedia":[{"embeddable":true,"href":"https:\/\/www.gabrielle-laroche.com\/fr\/wp-json\/wp\/v2\/media\/12661"}],"wp:attachment":[{"href":"https:\/\/www.gabrielle-laroche.com\/fr\/wp-json\/wp\/v2\/media?parent=12658"}],"wp:term":[{"taxonomy":"product_brand","embeddable":true,"href":"https:\/\/www.gabrielle-laroche.com\/fr\/wp-json\/wp\/v2\/product_brand?post=12658"},{"taxonomy":"product_cat","embeddable":true,"href":"https:\/\/www.gabrielle-laroche.com\/fr\/wp-json\/wp\/v2\/product_cat?post=12658"},{"taxonomy":"product_tag","embeddable":true,"href":"https:\/\/www.gabrielle-laroche.com\/fr\/wp-json\/wp\/v2\/product_tag?post=12658"}],"curies":[{"name":"wp","href":"https:\/\/api.w.org\/{rel}","templated":true}]}}