

{"id":12677,"date":"2021-04-20T17:45:35","date_gmt":"2021-04-20T15:45:35","guid":{"rendered":"https:\/\/www.gabrielle-laroche.com\/?post_type=product&#038;p=12677"},"modified":"2026-03-02T18:46:42","modified_gmt":"2026-03-02T17:46:42","slug":"edmond-moirignot-la-bacchante","status":"publish","type":"product","link":"https:\/\/www.gabrielle-laroche.com\/fr\/product\/edmond-moirignot-la-bacchante\/","title":{"rendered":"EDMOND MOIRIGNOT &#8211; La Bacchante"},"content":{"rendered":"<div class=\"wpb-content-wrapper\"><p>[vc_row][vc_column width=\u00a0\u00bb1\/2&Prime;][vc_column_text css=\u00a0\u00bb\u00a0\u00bb]<\/p>\n<p class=\"p1\"><span class=\"s1\"><b>Expositions\u00a0 \u00a0 \u00a0 \u00a0 \u00a0<\/b><\/span><\/p>\n<p class=\"p1\"><span class=\"s1\">Exposition Galerie Montmorency, paris, d\u00e9cembre 1965<\/span><\/p>\n<p class=\"p1\"><span class=\"s1\">Exposition Galerie Pacitti, avril \u2013 mai 1968<\/span><\/p>\n<p class=\"p1\"><span class=\"s1\">Exposition Galerie Pacitti, avril 1970<\/span><\/p>\n<p class=\"p1\"><span class=\"s1\">Exposition Maison Jansen, rue Royale, Paris, Printemps 1987<\/span><\/p>\n<p class=\"p1\"><span class=\"s1\">Exposition Mus\u00e9e d\u2019Issy-les-Moulineaux, avril 1989<\/span><\/p>\n<p class=\"p1\"><span class=\"s1\">Exposition, Hommage \u00e0 Moirignot, Salon des Ind\u00e9pendants, Paris, avril 2006<\/span><\/p>\n<p class=\"p1\"><span class=\"s1\">R\u00e9trospective, Moirignot, Orangerie du S\u00e9nat, Paris, ao\u00fbt \u2013 septembre 2006<\/span><\/p>\n<p class=\"p1\"><span class=\"s1\">Mus\u00e9e Rimbaud, Charleville-M\u00e9zi\u00e8res, octobre 2006<\/span><\/p>\n<p class=\"p1\"><span class=\"s1\"><b>\u00a0<\/b><\/span><\/p>\n<p class=\"p1\"><span class=\"s1\"><b>\u00a0<\/b><\/span><\/p>\n<p class=\"p1\"><span class=\"s1\"><b>Bibliographie<\/b><\/span><\/p>\n<p class=\"p1\"><span class=\"s1\">E. Cheneaux de Leyritz et Raymond Charmet, Edmond Moirignot,<\/span><\/p>\n<p class=\"p1\"><span class=\"s1\">Les Cahiers des Arts n\u00b0220, Editions Pierre Cailler, Gen\u00e8ve, 1965<\/span><\/p>\n<p class=\"p1\"><span class=\"s1\">Claude Jeancolas,<em> Moirignot<\/em>, Editions du Saint Gothard, 1984<\/span><\/p>\n<p class=\"p1\"><span class=\"s1\">C. Jeancolas, <em>Moirignot, aimer, cr\u00e9er, r\u00eaver<\/em>, Editions FVW, Paris, 2006<\/span><\/p>\n<p class=\"p1\"><span class=\"s1\"><b>Claude Jeancolas, <em>Moirignot Catalogue raisonn\u00e9<\/em>, 2010, n\u00b0155<\/b><\/span><\/p>\n<p>[\/vc_column_text][\/vc_column][vc_column width=\u00a0\u00bb1\/2&Prime;][\/vc_column][\/vc_row]<\/p>\n<\/div>","protected":false},"excerpt":{"rendered":"<h4><span class=\"s1\">EDMOND MOIRIGNOT<\/span><span class=\"s1\">\u00a0(<\/span><span class=\"s1\">1913<\/span><span class=\"s1\"> &#8211; 2002)<\/span><\/h4>\n<h4><em><span class=\"s1\">La <\/span>Bacchante<\/em><\/h4>\n<p>&nbsp;<\/p>\n<p>Epreuve en bronze \u00e0 patine brune<\/p>\n<p>Fonderie Valsuani<\/p>\n<p><span class=\"Apple-converted-space\">\u00a0<\/span>2\/6<\/p>\n<p>&nbsp;<\/p>\n<p>Hauteur\u00a0: 35 cm<\/p>\n<p>Hauteur avec socle\u00a0: 43.5 cm<\/p>\n<p>&nbsp;<\/p>\n<p>Expositions\u00a0:\u00a0R\u00e9trospective Moirignot, Orangerie du S\u00e9nat, Paris, ao\u00fbt \u2013 septembre 2006<\/p>\n<p>Bibliographie\u00a0:\u00a0\u00a0 Claude Jeancolas, Catalogue raisonn\u00e9, 2010, n\u00b0155.<\/p>\n<p>&nbsp;<\/p>\n<p class=\"p1\"><span class=\"s1\">\u00a0<\/span><\/p>\n[dt_button size=\"small\" style=\"default\" animation=\"none\" color_mode=\"default\" icon=\"\" icon_align=\"left\" color=\"\" link=\"mailto:gabrielle-laroche@wanadoo.fr?subject=91_EDMOND_MOIRIGNOT_La_Bacchante\" target_blank=\"true\"]DEMANDE D&rsquo;INFORMATIONS[\/dt_button]\n<p>&nbsp;<\/p>\n<p><a href=\"\/fr\/contemporains\/\">Retour aux contemporains<\/a><\/p>\n","protected":false},"featured_media":12678,"template":"","meta":[],"product_brand":[],"product_cat":[48],"product_tag":[],"class_list":{"0":"post-12677","1":"product","2":"type-product","3":"status-publish","4":"has-post-thumbnail","6":"product_cat-moirignot","7":"description-off","9":"first","10":"instock","11":"shipping-taxable","12":"product-type-simple"},"aioseo_notices":[],"_links":{"self":[{"href":"https:\/\/www.gabrielle-laroche.com\/fr\/wp-json\/wp\/v2\/product\/12677","targetHints":{"allow":["GET"]}}],"collection":[{"href":"https:\/\/www.gabrielle-laroche.com\/fr\/wp-json\/wp\/v2\/product"}],"about":[{"href":"https:\/\/www.gabrielle-laroche.com\/fr\/wp-json\/wp\/v2\/types\/product"}],"wp:featuredmedia":[{"embeddable":true,"href":"https:\/\/www.gabrielle-laroche.com\/fr\/wp-json\/wp\/v2\/media\/12678"}],"wp:attachment":[{"href":"https:\/\/www.gabrielle-laroche.com\/fr\/wp-json\/wp\/v2\/media?parent=12677"}],"wp:term":[{"taxonomy":"product_brand","embeddable":true,"href":"https:\/\/www.gabrielle-laroche.com\/fr\/wp-json\/wp\/v2\/product_brand?post=12677"},{"taxonomy":"product_cat","embeddable":true,"href":"https:\/\/www.gabrielle-laroche.com\/fr\/wp-json\/wp\/v2\/product_cat?post=12677"},{"taxonomy":"product_tag","embeddable":true,"href":"https:\/\/www.gabrielle-laroche.com\/fr\/wp-json\/wp\/v2\/product_tag?post=12677"}],"curies":[{"name":"wp","href":"https:\/\/api.w.org\/{rel}","templated":true}]}}