

{"id":12834,"date":"2026-03-26T14:35:13","date_gmt":"2026-03-26T13:35:13","guid":{"rendered":"https:\/\/www.gabrielle-laroche.com\/?post_type=product&#038;p=12834"},"modified":"2026-03-26T14:48:22","modified_gmt":"2026-03-26T13:48:22","slug":"bois-sculpte-de-lecole-catalane-representant-saint-jacques-le-majeur","status":"publish","type":"product","link":"https:\/\/www.gabrielle-laroche.com\/fr\/product\/bois-sculpte-de-lecole-catalane-representant-saint-jacques-le-majeur\/","title":{"rendered":"BOIS SCULPTE DE L\u2019ECOLE CATALANE REPR\u00c9SENTANT SAINT JACQUES LE MAJEUR"},"content":{"rendered":"<div class=\"wpb-content-wrapper\"><p>[vc_row][vc_column width=\u00a0\u00bb1\/2&Prime;][vc_column_text css=\u00a0\u00bb\u00a0\u00bb]<\/p>\n<p style=\"text-align: justify;\">Au XIII\u1d49 si\u00e8cle, Saint Jacques le Majeur, Sant JAUME, occupe une place importante dans la sculpture catalane, \u00e0 la crois\u00e9e de la tradition romane tardive et de l\u2019\u00e9mergence du gothique. Son iconographie refl\u00e8te \u00e0 la fois la ferveur jacquaire li\u00e9e aux p\u00e8lerinages et le contexte spirituel et politique de la Catalogne m\u00e9di\u00e9vale.<\/p>\n<p style=\"text-align: justify;\">Cette sculpture travaill\u00e9e en ronde bosse dans un bois de r\u00e9sineux pr\u00e9sente un Saint Jacques p\u00e8lerin. De stature, hi\u00e9ratique, il est positionn\u00e9 debout. T\u00f4t d\u2019\u00e9poque, il est sculpt\u00e9 de mani\u00e8re primitive, encore un peu rigide et frontale comme il est d\u2019usage en ce d\u00e9but du XIII\u00e8me si\u00e8cle. Il tient un livre ouvert de sa main gauche. Les traits de son visage jovial semblent bienveillants. Il invite le spectateur \u00e0 la d\u00e9votion. Il porte sa besace de p\u00e8lerin en bandouli\u00e8re et une chape couvre ses \u00e9paules.<span class=\"Apple-converted-space\">\u00a0<\/span><\/p>\n<p style=\"text-align: justify;\">Typique de l\u2019\u00e9cole catalane de la p\u00e9riode gothique, ce Saint Jacques qui a gard\u00e9 une partie de sa polychromie, est un beau t\u00e9moignage parvenu jusqu\u2019\u00e0 nous.<span class=\"Apple-converted-space\">\u00a0<\/span><\/p>\n<p>[\/vc_column_text][vc_empty_space][\/vc_column][vc_column width=\u00a0\u00bb1\/2&Prime;][vc_empty_space][\/vc_column][\/vc_row]<\/p>\n<\/div>","protected":false},"excerpt":{"rendered":"<h4>BOIS SCULPTE DE L\u2019ECOLE CATALANE REPR\u00c9SENTANT SAINT JACQUES LE MAJEUR<\/h4>\n<p>&nbsp;<\/p>\n<p>ORIGINE\u00a0: ESPAGNE, CATALOGNE<\/p>\n<p>\u00c9POQUE\u00a0: XIII\u00e8me SI\u00c8CLE<\/p>\n<p>&nbsp;<\/p>\n<p>Hauteur\u00a0: 73 cm<\/p>\n<p>Largeur : 20 cm<\/p>\n<p>Profondeur\u00a0: 19 cm<\/p>\n<p>&nbsp;<\/p>\n<p>&nbsp;<\/p>\n[dt_button size=\"small\" style=\"default\" animation=\"none\" color_mode=\"default\" icon=\"\" icon_align=\"left\" color=\"\" link=\"mailto:gabrielle-laroche@wanadoo.fr?subject=288_SAINT_JACQUES_LE_MAJEUR\" target_blank=\"true\"]DEMANDE D&rsquo;INFORMATIONS[\/dt_button]\n<p>&nbsp;<\/p>\n<p><a href=\"\/fr\/antiquites\/sculpture\/\">Retour aux sculptures<\/a><\/p>\n<p>&nbsp;<\/p>\n","protected":false},"featured_media":12835,"template":"","meta":[],"product_brand":[],"product_cat":[32],"product_tag":[],"class_list":{"0":"post-12834","1":"product","2":"type-product","3":"status-publish","4":"has-post-thumbnail","6":"product_cat-sculptures","7":"description-off","9":"first","10":"instock","11":"shipping-taxable","12":"product-type-simple"},"aioseo_notices":[],"_links":{"self":[{"href":"https:\/\/www.gabrielle-laroche.com\/fr\/wp-json\/wp\/v2\/product\/12834","targetHints":{"allow":["GET"]}}],"collection":[{"href":"https:\/\/www.gabrielle-laroche.com\/fr\/wp-json\/wp\/v2\/product"}],"about":[{"href":"https:\/\/www.gabrielle-laroche.com\/fr\/wp-json\/wp\/v2\/types\/product"}],"wp:featuredmedia":[{"embeddable":true,"href":"https:\/\/www.gabrielle-laroche.com\/fr\/wp-json\/wp\/v2\/media\/12835"}],"wp:attachment":[{"href":"https:\/\/www.gabrielle-laroche.com\/fr\/wp-json\/wp\/v2\/media?parent=12834"}],"wp:term":[{"taxonomy":"product_brand","embeddable":true,"href":"https:\/\/www.gabrielle-laroche.com\/fr\/wp-json\/wp\/v2\/product_brand?post=12834"},{"taxonomy":"product_cat","embeddable":true,"href":"https:\/\/www.gabrielle-laroche.com\/fr\/wp-json\/wp\/v2\/product_cat?post=12834"},{"taxonomy":"product_tag","embeddable":true,"href":"https:\/\/www.gabrielle-laroche.com\/fr\/wp-json\/wp\/v2\/product_tag?post=12834"}],"curies":[{"name":"wp","href":"https:\/\/api.w.org\/{rel}","templated":true}]}}