

{"id":12852,"date":"2026-04-14T16:42:08","date_gmt":"2026-04-14T14:42:08","guid":{"rendered":"https:\/\/www.gabrielle-laroche.com\/?post_type=product&#038;p=12852"},"modified":"2026-04-15T15:47:41","modified_gmt":"2026-04-15T13:47:41","slug":"sobre-et-elegante-cassone-italienne-de-la-renaissance","status":"publish","type":"product","link":"https:\/\/www.gabrielle-laroche.com\/fr\/product\/sobre-et-elegante-cassone-italienne-de-la-renaissance\/","title":{"rendered":"SOBRE ET ELEGANTE CASSONE ITALIENNE DE LA RENAISSANCE"},"content":{"rendered":"<div class=\"wpb-content-wrapper\"><p>[vc_row][vc_column width=\u00a0\u00bb1\/2&Prime;][vc_column_text css=\u00a0\u00bb\u00a0\u00bb]<\/p>\n<p style=\"text-align: justify;\">Avec la Renaissance, les coffres figurent parmi les plus belles pi\u00e8ces de mobilier, install\u00e9s \u00e0 demeure dans les chambres et salles d\u2019apparat servant \u00e0 \u00ab\u00a0serrer\u00a0\u00bb les v\u00eatements. Aux sc\u00e8nes peintes et dor\u00e9es qui habillaient les coffres italiens jusqu\u2019alors, le XVI\u00e8me si\u00e8cle pr\u00e9f\u00e8re le bois naturel, avec une pr\u00e9dilection pour le noyer.<span class=\"Apple-converted-space\">\u00a0<\/span><\/p>\n<p style=\"text-align: justify;\">Cette cassone, harmonieuse dans ses proportions est remarquable par la sobri\u00e9t\u00e9 et la rigueur de son ornementation, inspir\u00e9e de l\u2019antique.<\/p>\n<p style=\"text-align: justify;\">Elle repose sur sa base orn\u00e9e d\u2019un large bandeau moulur\u00e9 concave puis convexe amor\u00e7ant un v\u00e9ritable relief donn\u00e9 \u00e0 la fa\u00e7ade\u00a0; laquelle proposera un tout un Jeu d\u2019ombre et de lumi\u00e8re soulignant ses losanges en relief.\u00a0<span class=\"Apple-converted-space\">\u00a0<\/span><\/p>\n<p style=\"text-align: justify;\">La face avant de la Cassone est scind\u00e9e de quatre pilastres cannel\u00e9s et<span class=\"Apple-converted-space\">\u00a0<\/span>rudent\u00e9s jusqu\u2019\u00e0 mi-hauteur, puis couronn\u00e9 d\u2019un chapiteau dorique. Entre chaque pilastre, apparait un beau motif de losange mis en relief par un cadre fait de multiples moulures.<\/p>\n<p style=\"text-align: justify;\">La ceinture abrite une enfilade de consoles en ressaut.<span class=\"Apple-converted-space\">\u00a0<\/span><\/p>\n<p style=\"text-align: justify;\">Les c\u00f4t\u00e9s reprennent les m\u00eames motifs que l\u2019avant du coffre.<\/p>\n<p style=\"text-align: justify;\">Le plateau sobre et d\u00e9bordant est reli\u00e9 au coffre par deux larges pentures int\u00e9rieures, en fer forg\u00e9.<span class=\"Apple-converted-space\">\u00a0<\/span><\/p>\n<p style=\"text-align: justify;\">Simple de structure et puissantes dans ses lignes, cette belle cassone aussi \u00e9l\u00e9gante que sophistiqu\u00e9e et \u00e0 la patine remarquable est un parfait exemple du d\u00e9but de la Renaissance italienne.<span class=\"Apple-converted-space\">\u00a0<\/span><\/p>\n<p style=\"text-align: justify;\">\u00c9tude comparative\u00a0:<span class=\"Apple-converted-space\">\u00a0<\/span><\/p>\n<p style=\"text-align: justify;\">Une Cassone similaire dans son ornementation est pr\u00e9sent\u00e9 dans le Livre de Graziano MANNI, Mobili Antichi in Emilia Romagna, Artioli Editore in Modena, p. 33.\u00a0<span class=\"Apple-converted-space\">\u00a0<\/span><\/p>\n<p>[\/vc_column_text][\/vc_column][vc_column width=\u00a0\u00bb1\/2&Prime;][\/vc_column][\/vc_row][vc_row][vc_column width=\u00a0\u00bb1\/2&Prime;][vc_column_text css=\u00a0\u00bb\u00a0\u00bb]<\/p>\n<p>&nbsp;<\/p>\n<p>[\/vc_column_text][\/vc_column][vc_column width=\u00a0\u00bb1\/2&Prime;][\/vc_column][\/vc_row][vc_row][vc_column width=\u00a0\u00bb1\/2&Prime;][vc_single_image image=\u00a0\u00bb12853&Prime; alignment=\u00a0\u00bbcenter\u00a0\u00bb css=\u00a0\u00bb\u00a0\u00bb][\/vc_column][vc_column width=\u00a0\u00bb1\/2&Prime;][\/vc_column][\/vc_row]<\/p>\n<\/div>","protected":false},"excerpt":{"rendered":"<h4>SOBRE ET ELEGANTE CASSONE ITALIENNE DE LA RENAISSANCE<\/h4>\n<p>&nbsp;<\/p>\n<p>ORIGINE\u00a0: ITALIE DU NORD<\/p>\n<p>EPOQUE\u00a0: D\u00c9BUT DU XVI\u00e8me SI\u00c8CLE<\/p>\n<p>&nbsp;<\/p>\n<p>Hauteur\u00a0: 63,5 cm<\/p>\n<p>Longueur : 172 cm<\/p>\n<p>Profondeur\u00a0: 57 cm<\/p>\n<p>&nbsp;<\/p>\n<p>Bois de noyer fonc\u00e9, prima patina<\/p>\n<p>Bon \u00e9tat de conservation<\/p>\n<p>&nbsp;<\/p>\n<p>&nbsp;<\/p>\n[dt_button size=\"small\" style=\"default\" animation=\"none\" color_mode=\"default\" icon=\"\" icon_align=\"left\" color=\"\" link=\"mailto:gabrielle-laroche@wanadoo.fr?subject=39_SOBRE_ET_ELEGANTE_CASSONE_ITALIENNE_DE_LA_RENAISSANCE\" target_blank=\"true\"]DEMANDE D&rsquo;INFORMATIONS[\/dt_button]\n<p>&nbsp;<\/p>\n<p><a href=\"\/fr\/antiquites\/mobilier\/coffres\/\">Retour aux coffres<\/a><\/p>\n","protected":false},"featured_media":12855,"template":"","meta":[],"product_brand":[],"product_cat":[21],"product_tag":[],"class_list":{"0":"post-12852","1":"product","2":"type-product","3":"status-publish","4":"has-post-thumbnail","6":"product_cat-coffres","7":"description-off","9":"first","10":"instock","11":"shipping-taxable","12":"product-type-simple"},"aioseo_notices":[],"_links":{"self":[{"href":"https:\/\/www.gabrielle-laroche.com\/fr\/wp-json\/wp\/v2\/product\/12852","targetHints":{"allow":["GET"]}}],"collection":[{"href":"https:\/\/www.gabrielle-laroche.com\/fr\/wp-json\/wp\/v2\/product"}],"about":[{"href":"https:\/\/www.gabrielle-laroche.com\/fr\/wp-json\/wp\/v2\/types\/product"}],"wp:featuredmedia":[{"embeddable":true,"href":"https:\/\/www.gabrielle-laroche.com\/fr\/wp-json\/wp\/v2\/media\/12855"}],"wp:attachment":[{"href":"https:\/\/www.gabrielle-laroche.com\/fr\/wp-json\/wp\/v2\/media?parent=12852"}],"wp:term":[{"taxonomy":"product_brand","embeddable":true,"href":"https:\/\/www.gabrielle-laroche.com\/fr\/wp-json\/wp\/v2\/product_brand?post=12852"},{"taxonomy":"product_cat","embeddable":true,"href":"https:\/\/www.gabrielle-laroche.com\/fr\/wp-json\/wp\/v2\/product_cat?post=12852"},{"taxonomy":"product_tag","embeddable":true,"href":"https:\/\/www.gabrielle-laroche.com\/fr\/wp-json\/wp\/v2\/product_tag?post=12852"}],"curies":[{"name":"wp","href":"https:\/\/api.w.org\/{rel}","templated":true}]}}