

{"id":12871,"date":"2026-04-14T17:32:37","date_gmt":"2026-04-14T15:32:37","guid":{"rendered":"https:\/\/www.gabrielle-laroche.com\/?post_type=product&#038;p=12871"},"modified":"2026-04-15T15:44:08","modified_gmt":"2026-04-15T13:44:08","slug":"tres-beau-coffre-gothique-sculpte-en-bas-relief-de-six-apotres","status":"publish","type":"product","link":"https:\/\/www.gabrielle-laroche.com\/fr\/product\/tres-beau-coffre-gothique-sculpte-en-bas-relief-de-six-apotres\/","title":{"rendered":"TR\u00c8S BEAU COFFRE GOTHIQUE SCULPT\u00c9 EN BAS-RELIEF DE SIX AP\u00d4TRES"},"content":{"rendered":"<div class=\"wpb-content-wrapper\"><p>[vc_row][vc_column width=\u00a0\u00bb1\/2&Prime;][vc_column_text css=\u00a0\u00bb\u00a0\u00bb]<\/p>\n<p style=\"text-align: justify;\">Sobre et de forme oblongue, ce beau coffre tout \u00e0 fait m\u00e9di\u00e9val dans sa construction et sa composition, est b\u00e2ti dans un bois de ch\u00e2taignier. Il est mont\u00e9 \u00e0 queues d\u2019aronde aux angles. Les parties lat\u00e9rales pr\u00e9sentent une poign\u00e9e en fer forg\u00e9. L\u2019abattant form\u00e9 d\u2019un \u00e9pais ais de bois est fix\u00e9 par deux pentures.<span class=\"Apple-converted-space\">\u00a0<\/span><\/p>\n<p style=\"text-align: justify;\">Le d\u00e9cor occupe toute la face avant du coffre. Sculpt\u00e9 en bas-relief, nous retrouvons de larges fleures stylis\u00e9es, superpos\u00e9es, plac\u00e9es au centre et aux extr\u00e9mit\u00e9s, donnant un rythme ternaire \u00e0 l\u2019ensemble.<span class=\"Apple-converted-space\">\u00a0<\/span><\/p>\n<p style=\"text-align: justify;\">De part et d\u2019autre de la serrure, nich\u00e9s sous trois arcs plein cintre presque romans, trois personnages sont repr\u00e9sent\u00e9s de mani\u00e8re frontale.\u00a0 Positionn\u00e9s debout, les \u00e9paules encore tombantes, ils sont v\u00eatus d\u2019une tunique longue ceintur\u00e9e \u00e0 la taille. B\u00e9nissant d\u2019une main ils tiennent le livre saint de l\u2019autre.<span class=\"Apple-converted-space\">\u00a0<\/span><\/p>\n<p style=\"text-align: justify;\">Leur barbe et leur grands yeux ovales adoptent des traits hispaniques. Il pourrait s\u2019agir d\u2019ap\u00f4tres ou bien de saints personnages.<span class=\"Apple-converted-space\">\u00a0<\/span><\/p>\n<p style=\"text-align: justify;\">Le pliss\u00e9 des v\u00eatements, tout comme le coup de ciseau g\u00e9n\u00e9ral adopte un style tr\u00e8s graphique qui inscrit notre coffre t\u00f4t dans l\u2019\u00e9poque gothique.<span class=\"Apple-converted-space\">\u00a0<\/span><\/p>\n<p>[\/vc_column_text][\/vc_column][vc_column width=\u00a0\u00bb1\/2&Prime;][\/vc_column][\/vc_row]<\/p>\n<\/div>","protected":false},"excerpt":{"rendered":"<h4>TR\u00c8S BEAU COFFRE GOTHIQUE SCULPT\u00c9 EN BAS-RELIEF DE SIX AP\u00d4TRES<\/h4>\n<p>&nbsp;<\/p>\n<p>ORIGINE : ESPAGNE<\/p>\n<p>\u00c9POQUE : \u00a0XV\u00e8me SI\u00c8CLE<\/p>\n<p>&nbsp;<\/p>\n<p>Hauteur : 58 cm<\/p>\n<p>Largeur : 170 cm<\/p>\n<p>Profondeur : 65 cm<\/p>\n<p>&nbsp;<\/p>\n<p>Bois de ch\u00e2taigner<\/p>\n<p>Pentures d\u2019origine<\/p>\n<p>Bon \u00e9tat de conservation<\/p>\n<p>&nbsp;<\/p>\n<p>&nbsp;<\/p>\n[dt_button size=\"small\" style=\"default\" animation=\"none\" color_mode=\"default\" icon=\"\" icon_align=\"left\" color=\"\" link=\"mailto:gabrielle-laroche@wanadoo.fr?subject=71_COFFRE_GOTHIQUE_SCULPTE_DE_SIX_APOTRES\" target_blank=\"true\"]DEMANDE D&rsquo;INFORMATIONS[\/dt_button]\n<p>&nbsp;<\/p>\n<p><a href=\"\/fr\/antiquites\/mobilier\/coffres\/\">Retour aux coffres<\/a><\/p>\n","protected":false},"featured_media":12872,"template":"","meta":[],"product_brand":[],"product_cat":[21],"product_tag":[],"class_list":{"0":"post-12871","1":"product","2":"type-product","3":"status-publish","4":"has-post-thumbnail","6":"product_cat-coffres","7":"description-off","9":"first","10":"instock","11":"shipping-taxable","12":"product-type-simple"},"aioseo_notices":[],"_links":{"self":[{"href":"https:\/\/www.gabrielle-laroche.com\/fr\/wp-json\/wp\/v2\/product\/12871","targetHints":{"allow":["GET"]}}],"collection":[{"href":"https:\/\/www.gabrielle-laroche.com\/fr\/wp-json\/wp\/v2\/product"}],"about":[{"href":"https:\/\/www.gabrielle-laroche.com\/fr\/wp-json\/wp\/v2\/types\/product"}],"wp:featuredmedia":[{"embeddable":true,"href":"https:\/\/www.gabrielle-laroche.com\/fr\/wp-json\/wp\/v2\/media\/12872"}],"wp:attachment":[{"href":"https:\/\/www.gabrielle-laroche.com\/fr\/wp-json\/wp\/v2\/media?parent=12871"}],"wp:term":[{"taxonomy":"product_brand","embeddable":true,"href":"https:\/\/www.gabrielle-laroche.com\/fr\/wp-json\/wp\/v2\/product_brand?post=12871"},{"taxonomy":"product_cat","embeddable":true,"href":"https:\/\/www.gabrielle-laroche.com\/fr\/wp-json\/wp\/v2\/product_cat?post=12871"},{"taxonomy":"product_tag","embeddable":true,"href":"https:\/\/www.gabrielle-laroche.com\/fr\/wp-json\/wp\/v2\/product_tag?post=12871"}],"curies":[{"name":"wp","href":"https:\/\/api.w.org\/{rel}","templated":true}]}}