

{"id":1321,"date":"2021-04-09T12:00:02","date_gmt":"2021-04-09T10:00:02","guid":{"rendered":"http:\/\/mrplwpw.cluster030.hosting.ovh.net\/?post_type=product&#038;p=1321"},"modified":"2023-04-03T16:28:25","modified_gmt":"2023-04-03T14:28:25","slug":"exceptionnel-cabinet-burgondo-lyonnais-depoque-renaissance","status":"publish","type":"product","link":"https:\/\/www.gabrielle-laroche.com\/fr\/product\/exceptionnel-cabinet-burgondo-lyonnais-depoque-renaissance\/","title":{"rendered":"EXCEPTIONNEL CABINET BURGONDO-LYONNAIS D\u2019\u00c9POQUE RENAISSANCE"},"content":{"rendered":"<div class=\"wpb-content-wrapper\"><p>[vc_row][vc_column width=\u00a0\u00bb1\/2&Prime;][vc_column_text]<\/p>\n<p class=\"p1\" style=\"text-align: justify;\"><span class=\"s1\">Pendant la seconde renaissance l\u2019art du meuble tend de fa\u00e7ons diversement rigoureuses \u00e0 prendre mod\u00e8le sur le syst\u00e8me architectural h\u00e9rit\u00e9 de l\u2019antiquit\u00e9 par l\u2019interm\u00e9diaire de l\u2019Italie du <em>Quattrocento<\/em>.<\/span><\/p>\n<p class=\"p1\" style=\"text-align: justify;\"><span class=\"s1\">Ce syst\u00e8me est fond\u00e9 sur un principe de proportion math\u00e9matique et r\u00e8gle chaque partie de l\u2019\u00e9difice par r\u00e9f\u00e9rence \u00e0 une unit\u00e9 conventionnelle de base\u00a0: le module.<\/span><\/p>\n<p class=\"p1\" style=\"text-align: justify;\"><span class=\"s1\">En m\u00eame temps, les hommes de la Renaissance ont fait la d\u00e9couverte du pouvoir de l\u2019homme sur un monde objectif \u00e0 sa mesure. Et c\u2019est pr\u00e9cis\u00e9ment cette mesure que l\u2019architecte est charg\u00e9 d\u2019introduire en faisant appara\u00eetre les correspondances entre l\u2019homme et le monde.<\/span><\/p>\n<p class=\"p1\" style=\"text-align: justify;\"><span class=\"s1\">L\u2019originalit\u00e9 de Lyon se trouve dans le fait que l\u2019architecture classique ne s\u2019y trouve pas analys\u00e9e comme ailleurs, comme chez du Cerceau ou Jean Goujon. Les meubles lyonnais empruntent \u00e0 l\u2019architecture surtout des principes d\u2019organisation et de rigueur dans la r\u00e9partition des masses, n\u00e9gligeant fr\u00e9quemment les embl\u00e8mes architecturaux comme le fronton ou les colonnes.<\/span><\/p>\n<p class=\"p1\" style=\"text-align: justify;\"><span class=\"s1\">Sa d\u00e9coration sera plus inspir\u00e9e du travail des m\u00e9taux comme la damasquinure ou m\u00eame de la gravure, comme ici o\u00f9 le d\u00e9cor de cuirs d\u00e9coup\u00e9s des vantaux inf\u00e9rieurs et des c\u00f4t\u00e9s est inspir\u00e9 des motifs des vignettes de la jeune imprimerie lyonnaise d\u2019estampes.<\/span><\/p>\n<p class=\"p1\" style=\"text-align: justify;\"><span class=\"s1\">Sur cet exceptionnel cabinet de la r\u00e9gion lyonnaise se m\u00ealent d\u2019ailleurs des influences bourguignonnes apparues apr\u00e8s la publication \u00e0 Lyon, en 1572, par Hugues Sambin de son recueil \u00ab\u2009<em>De la Diversit\u00e9 des Termes \u2009<\/em>\u00bb et par la connaissance de son travail \u00e0 Dijon.<\/span><\/p>\n<p class=\"p1\" style=\"text-align: justify;\"><span class=\"s1\">En m\u00eame temps que les cabinets accueillent plus facilement les termes en faune comme support lat\u00e9raux, leurs panneaux voient na\u00eetre une vie fantastique dans laquelle se m\u00ealent des macarons, des masques et des cuirs d\u00e9coup\u00e9s et enroul\u00e9s ainsi que des chim\u00e8res.<\/span><\/p>\n<p class=\"p1\" style=\"text-align: justify;\"><span class=\"s1\">Ce meuble \u00e0 deux corps superpos\u00e9s et corps sup\u00e9rieur en retrait pr\u00e9sente en fa\u00e7ade et sur les c\u00f4t\u00e9s une riche ornementation d\u2019une qualit\u00e9 d\u2019ex\u00e9cution remarquable dont certains \u00e9l\u00e9ments sont particuli\u00e8rement rares.<\/span><\/p>\n<p class=\"p1\" style=\"text-align: justify;\"><span class=\"s1\">Il s\u2019agit de l\u2019entablement et de la corniche fortement d\u00e9bordante reposants sur deux colonnes en balustre dont la partie plafonnante est sculpt\u00e9e de rosaces et fleurs entour\u00e9es d\u2019un cuir de forme carr\u00e9e les reliant entre elles.<\/span><\/p>\n<p class=\"p1\" style=\"text-align: justify;\"><span class=\"s1\">\u00a0<\/span><\/p>\n<p class=\"p1\" style=\"text-align: justify;\"><span class=\"s1\"><b>Corps sup\u00e9rieur<\/b><\/span><\/p>\n<p class=\"p1\" style=\"text-align: justify;\"><span class=\"s1\">Entre les pilastres cannel\u00e9s \u00e0 chapiteau ionique orn\u00e9 d\u2019un ove plac\u00e9 sur les montants, les deux vantaux d\u2019ouverture sont de taille in\u00e9gale\u2009; celui de droite portant sur son dormant le troisi\u00e8me pilastre qui conf\u00e8re \u00e0 ce meuble son aspect d\u2019architecture \u00e0 rythme ternaire.<\/span><\/p>\n<p class=\"p1\" style=\"text-align: justify;\"><span class=\"s1\">Les deux panneaux sont sculpt\u00e9s d\u2019un d\u00e9cor identique de semi-portiques \u00e0 frontons triangulaires invers\u00e9s. Entre les colonnes figure un motif, <b>un calice<\/b> <b>d\u2019acanthe<\/b> que l\u2019on trouve aussi sur la cl\u00f4ture de la chapelle du Saint-Esprit du Palais de Justice de Dijon \u0153uvre attest\u00e9e d\u2019Hugues Sambin et aussi sur la porte de la salle Saint Louis du m\u00eame Palais qui lui est attribu\u00e9.<\/span><\/p>\n<p class=\"p1\" style=\"text-align: justify;\"><span class=\"s1\">Entre les soubassements des colonnes on aper\u00e7oit un masque\u00a0: masculin \u00e0 gauche, f\u00e9minin \u00e0 droite.<\/span><\/p>\n<p class=\"p1\" style=\"text-align: justify;\"><span class=\"s1\">En acrot\u00e8re sur les pentes des frontons on d\u00e9couvre\u00a0: \u00e0 gauche un carquois rempli de fl\u00e8ches, \u00e0 droite une guirlande de fruits.<\/span><\/p>\n<p class=\"p1\" style=\"text-align: justify;\"><span class=\"s1\">Ces \u00e9l\u00e9ments combin\u00e9s sugg\u00e8rent l\u2019hypoth\u00e8se d\u2019un meuble de mariage sur lequel figurent les \u00e9poux et les attributs correspondant \u00e0 leur fonction dans le mariage.<\/span><\/p>\n<p class=\"p1\" style=\"text-align: justify;\"><span class=\"s1\">De part et d\u2019autre, deux termes \u00e0 t\u00eate d\u2019aigle cantonnent les colonnes.<\/span><\/p>\n<p class=\"p1\" style=\"text-align: justify;\"><span class=\"s1\">L\u2019entablement d\u00e9borde sur les trois c\u00f4t\u00e9s et repose, \u00e0 l\u2019arri\u00e8re sur des pilastres cannel\u00e9s, \u00e0 l\u2019avant sur deux colonnes en balustre partiellement<\/span><\/p>\n<p class=\"p1\" style=\"text-align: justify;\"><span class=\"s1\">cannel\u00e9es. Il est sculpt\u00e9 en fa\u00e7ade d\u2019un rang de piastres et dessous, d\u2019une ligne unie ponctu\u00e9e de groupes de cinq glyphes.<\/span><\/p>\n<p class=\"p1\" style=\"text-align: justify;\"><span class=\"s1\">La corniche d\u00e9bordant de l\u2019entablement est orn\u00e9e d\u2019une ligne o\u00f9 apparaissent en alternance trois rectangles et cinq glyphes et d\u2019une autre sur laquelle un ruban ondule entre des feuilles et des roses\u2009; elle repose sur des consoles sculpt\u00e9es de courtes pennes d\u2019oiseaux, en frise.<\/span><\/p>\n<p>&nbsp;<\/p>\n<p class=\"p1\" style=\"text-align: justify;\"><span class=\"s1\"><b>Corps inf\u00e9rieur<\/b><\/span><\/p>\n<p class=\"p1\" style=\"text-align: justify;\"><span class=\"s1\">Il repose \u00e0 l\u2019avant sur des pieds sculpt\u00e9s d\u2019oves et sur une base sculpt\u00e9e.<\/span><\/p>\n<p class=\"p1\" style=\"text-align: justify;\"><span class=\"s1\">Scand\u00e9 lui aussi de trois pilastres cannel\u00e9s \u00e0 chapiteau ionique (le pilastre central sur le dormant du vantail de droite) il pr\u00e9sente deux vantaux orn\u00e9s d\u2019une sculpture de tr\u00e8s grande qualit\u00e9 m\u00ealant un cuir d\u00e9coup\u00e9 et des plantes identiques en haut et en bas qui en \u00e9mergent. Sur les c\u00f4t\u00e9s l\u2019enroulement du cuir se termine en feuille d\u2019acanthe.<\/span><\/p>\n<p class=\"p1\" style=\"text-align: justify;\"><span class=\"s1\">Le centre du cuir est occup\u00e9 par un important masque laur\u00e9 repr\u00e9sentant\u00a0: une femme \u00e0 gauche, un homme \u00e0 droite. On doit y voir la repr\u00e9sentation des \u00e9poux qui re\u00e7oivent ce meuble en cadeau.<\/span><\/p>\n<p class=\"p1\" style=\"text-align: justify;\"><span class=\"s1\">Au-dessus en ceinture, une frise de puissants godrons inclin\u00e9s vers l\u2019ext\u00e9rieur du meuble masque deux tiroirs \u00e0 prise pendante.<\/span><\/p>\n<p class=\"p1\" style=\"text-align: justify;\"><span class=\"s1\">Les tables entre lesquelles sont plac\u00e9s les tiroirs sont sculpt\u00e9es.<\/span><\/p>\n<p class=\"p1\" style=\"text-align: justify;\"><span class=\"s1\">L\u2019une, de feuilles de laurier enfil\u00e9es les unes dans les autres, l\u2019autre d\u2019une frise de courtes pennes, sauf dans la partie centrale o\u00f9 ce d\u00e9cor laisse place \u00e0 une alternance de grenades \u00e9clat\u00e9es et de demi-rosaces.<\/span><\/p>\n<p class=\"p1\" style=\"text-align: justify;\"><span class=\"s1\">\u00a0<\/span><\/p>\n<p class=\"p1\" style=\"text-align: justify;\"><span class=\"s1\"><b>Les c\u00f4t\u00e9s<\/b><\/span><\/p>\n<p class=\"p1\" style=\"text-align: justify;\"><span class=\"s1\">Ce meuble de grande qualit\u00e9 est enti\u00e8rement sculpt\u00e9 sur les c\u00f4t\u00e9s d\u2019un d\u00e9cor tr\u00e8s semblable, mais de taille diff\u00e9rente en haut et en bas, entre deux pilastres cannel\u00e9s \u00e0 chapiteau ionique.<\/span><\/p>\n<p class=\"p1\" style=\"text-align: justify;\"><span class=\"s1\">Il s\u2019agit d\u2019un cuir d\u00e9coup\u00e9 ouvert en son centre qui laisse voir ce beau d\u00e9cor de calice d\u2019acanthe sp\u00e9cifiquement bourguignon comme nous l\u2019avons montr\u00e9 plus haut.<\/span><\/p>\n<p class=\"p1\" style=\"text-align: justify;\"><span class=\"s1\">Nous pr\u00e9sentons ici un meuble de grande qualit\u00e9 dans le travail de sculpture dispens\u00e9 \u00e0 profusion sur tous les \u00e9l\u00e9ments, mais aussi de conception peu courante qui confirme l\u2019originalit\u00e9 des meubles de cette r\u00e9gion lyonnaise. En effet bien loin d\u2019avoir \u00e9t\u00e9 seulement la proie d\u2019influences diverses auxquelles la pr\u00eataient sa situation g\u00e9ographique et ses importantes relations commerciales, Lyon a su habilement combiner ses \u00e9l\u00e9ments dans une synth\u00e8se irr\u00e9ductible, au sens de la mesure sans comparaison avec celui les autres r\u00e9gions voisines, Provence ou Bourgogne.<\/span><\/p>\n<p>[\/vc_column_text][\/vc_column][vc_column width=\u00a0\u00bb1\/2&Prime;][\/vc_column][\/vc_row]<\/p>\n<\/div>","protected":false},"excerpt":{"rendered":"<h4>EXCEPTIONNEL CABINET BURGONDO-LYONNAIS D\u2019\u00c9POQUE RENAISSANCE<\/h4>\n<p>&nbsp;<\/p>\n<p>ORIGINE : FRANCE, R\u00c9GION BURGONDO-LYONNAISE<br \/>\n\u00c9POQUE : XVIe SI\u00c8CLE, VERS 1580<\/p>\n<p>&nbsp;<\/p>\n<p>Hauteur totale : 186.5 cm<\/p>\n<p>Corps sup\u00e9rieur<br \/>\nHauteur : 74 cm<br \/>\nLargeur : 159 cm<br \/>\nProfondeur : 66 cm<\/p>\n<p>Corps inf\u00e9rieur :<br \/>\nHauteur : 112.5 cm<br \/>\nLargeur : 156.5 cm<br \/>\nProfondeur : 59 cm<\/p>\n<p>&nbsp;<\/p>\n<p>Bois de noyer rouge<\/p>\n<p>&nbsp;<\/p>\n<p>Ancienne collection L\u00e9onardi avant 1927<\/p>\n<p>&nbsp;<\/p>\n<p>&nbsp;<\/p>\n[dt_button size=\"small\" style=\"default\" animation=\"none\" color_mode=\"default\" icon=\"\" icon_align=\"left\" color=\"\" link=\"mailto:gabrielle-laroche@wanadoo.fr?subject=5_EXCEPTIONNEL CABINET BURGONDO-LYONNAIS D\u2019\u00c9POQUE RENAISSANCE\" target_blank=\"true\"]DEMANDE D&rsquo;INFORMATIONS[\/dt_button]\n<p>&nbsp;<\/p>\n<p><a href=\"\/fr\/antiquites\/mobilier\/meubles\/\">Retour aux meubles<\/a><\/p>\n","protected":false},"featured_media":4554,"template":"","meta":[],"product_brand":[],"product_cat":[18],"product_tag":[],"class_list":{"0":"post-1321","1":"product","2":"type-product","3":"status-publish","4":"has-post-thumbnail","6":"product_cat-meubles","7":"description-off","9":"first","10":"instock","11":"shipping-taxable","12":"product-type-simple"},"aioseo_notices":[],"_links":{"self":[{"href":"https:\/\/www.gabrielle-laroche.com\/fr\/wp-json\/wp\/v2\/product\/1321","targetHints":{"allow":["GET"]}}],"collection":[{"href":"https:\/\/www.gabrielle-laroche.com\/fr\/wp-json\/wp\/v2\/product"}],"about":[{"href":"https:\/\/www.gabrielle-laroche.com\/fr\/wp-json\/wp\/v2\/types\/product"}],"wp:featuredmedia":[{"embeddable":true,"href":"https:\/\/www.gabrielle-laroche.com\/fr\/wp-json\/wp\/v2\/media\/4554"}],"wp:attachment":[{"href":"https:\/\/www.gabrielle-laroche.com\/fr\/wp-json\/wp\/v2\/media?parent=1321"}],"wp:term":[{"taxonomy":"product_brand","embeddable":true,"href":"https:\/\/www.gabrielle-laroche.com\/fr\/wp-json\/wp\/v2\/product_brand?post=1321"},{"taxonomy":"product_cat","embeddable":true,"href":"https:\/\/www.gabrielle-laroche.com\/fr\/wp-json\/wp\/v2\/product_cat?post=1321"},{"taxonomy":"product_tag","embeddable":true,"href":"https:\/\/www.gabrielle-laroche.com\/fr\/wp-json\/wp\/v2\/product_tag?post=1321"}],"curies":[{"name":"wp","href":"https:\/\/api.w.org\/{rel}","templated":true}]}}