

{"id":1347,"date":"2021-05-03T12:00:24","date_gmt":"2021-05-03T10:00:24","guid":{"rendered":"http:\/\/mrplwpw.cluster030.hosting.ovh.net\/?post_type=product&#038;p=1347"},"modified":"2023-04-03T16:38:17","modified_gmt":"2023-04-03T14:38:17","slug":"rare-cabinet-sud-ouest-de-la-france-vers-1580","status":"publish","type":"product","link":"https:\/\/www.gabrielle-laroche.com\/fr\/product\/rare-cabinet-sud-ouest-de-la-france-vers-1580\/","title":{"rendered":"RARE CABINET D\u2019\u00c9POQUE RENAISSANCE RICHEMENT SCULPT\u00c9"},"content":{"rendered":"<div class=\"wpb-content-wrapper\"><p>[vc_row][vc_column width=\u00a0\u00bb1\/2&Prime;][vc_column_text]<\/p>\n<p class=\"p1\" style=\"text-align: justify;\"><span class=\"s1\">Ce rare cabinet de la Renaissance est tr\u00e8s richement orn\u00e9 sur les vantaux et les tiroirs de reliefs sculpt\u00e9s repr\u00e9sentant les quatre saisons, et sur les montants et l\u2019entablement de sculptures alternant avec des bouquets de fleurs de nacre, incrust\u00e9s\u2009; il est d\u2019une belle architecture simulant un portique couronn\u00e9 par un entablement et une corniche.<\/span><\/p>\n<p class=\"p1\" style=\"text-align: justify;\"><span class=\"s1\"><b>\u00a0<\/b><\/span><\/p>\n<p class=\"p1\" style=\"text-align: justify;\"><span class=\"s1\"><b>Le corps sup\u00e9rieur<\/b><\/span><\/p>\n<p class=\"p1\" style=\"text-align: justify;\"><span class=\"s1\">Scand\u00e9 sur un rythme ternaire comme le corps inf\u00e9rieur d\u2019ailleurs, le corps sup\u00e9rieur ouvre \u00e0 deux vantaux sculpt\u00e9s, encadr\u00e9s des deux montants lat\u00e9raux et du dormant pr\u00e9sentant une alternance de cartouches garnis de figures mythologiques, et de bouquets fleuris.<\/span><\/p>\n<p class=\"p1\" style=\"text-align: justify;\"><span class=\"s1\">Sur les vantaux\u00a0:\u00a0<\/span><\/p>\n<p class=\"p1\" style=\"text-align: justify;\"><span class=\"s1\">\u00c0 droite\u00a0: le Printemps, une femme couronn\u00e9e de feuillages, tenant une corbeille d\u00e9bordante de fleurs, portant colliers et bracelets \u00e0 chaque bras, v\u00eatue d\u2019une draperie d\u00e9ploy\u00e9e dans le dos et passant devant pour la couvrir pudiquement, repose sur une t\u00eate de putti ail\u00e9.<\/span><\/p>\n<p class=\"p1\" style=\"text-align: justify;\"><span class=\"s1\">De chaque c\u00f4t\u00e9 sont repr\u00e9sent\u00e9s un arbre et un village avec un clocher.<\/span><\/p>\n<p class=\"p1\" style=\"text-align: justify;\"><span class=\"s1\">Au sommet les trois signes du Zodiaque correspondant\u00a0: le B\u00e9lier, le Taureau et les G\u00e9meaux\u00a0<\/span><\/p>\n<p class=\"p1\" style=\"text-align: justify;\"><span class=\"s1\">\u00c0 gauche\u00a0: l\u2019\u00c9t\u00e9, un homme barbu couronn\u00e9 d\u2019\u00e9pis de bl\u00e9, portant dans chaque main des brass\u00e9es d\u2019\u00e9pis et reposant sur le m\u00eame putti ail\u00e9 encadr\u00e9 d\u2019un arbre et d\u2019\u00e9pis. Les trois signes du Zodiaque suivant apparaissent\u00a0: le Cancer, le Lion, la Vierge.<\/span><\/p>\n<p class=\"p1\" style=\"text-align: justify;\"><span class=\"s1\">Sur les montants<b> <\/b>et le dormant central, des figures plus petites semblent repr\u00e9senter les vertus et les d\u00e9fauts \u00e0 cultiver ou \u00e0 \u00e9viter par les jeunes mari\u00e9s.<\/span><\/p>\n<p class=\"p1\" style=\"text-align: justify;\"><span class=\"s1\">\u00c0 gauche et \u00e0 droite <b>sur les montants<\/b> en bas un chien symbolisant la fid\u00e9lit\u00e9, en haut un lion symbolisant pouvoir, sagesse et justice.<\/span><\/p>\n<p class=\"p1\" style=\"text-align: justify;\"><span class=\"s1\">Entre les deux, \u00e0 gauche la figure de Minerve casqu\u00e9e, non combattante, portant une lance, fl\u00e8che vers le bas, et un bouclier tenu \u00e0 la main gauche,\u00a0une image de la force protectrice\u2009; \u00e0 droite la d\u00e9esse V\u00e9nus ma\u00eetrisant la fl\u00e8che de Cupidon.<\/span><\/p>\n<p class=\"p1\" style=\"text-align: justify;\"><span class=\"s1\">Le symbolisme \u00e9vident ici est celui des vertus requises pour un jeune couple, fid\u00e9lit\u00e9, force sagesse, justice, pour les deux partenaires. Pour lui, la d\u00e9esse Minerve insiste sur la force tandis que pour elle, c\u2019est V\u00e9nus qui montre comment ma\u00eetriser les fl\u00e8ches de Cupidon.\u00a0<\/span><\/p>\n<p class=\"p1\" style=\"text-align: justify;\"><span class=\"s1\">Sur <b>le dormant central<\/b> au contraire, en bas un paon faisant la roue symbolisant l\u2019orgueil, au sommet un singe pour la luxure et la malice et entre les deux une femme tenant dans les mains une cha\u00eene et une coupelle remplie de pierres pr\u00e9cieuses tandis qu\u2019au sol une cassette ouverte et \u00e0 moiti\u00e9 vide semble symboliser la prodigalit\u00e9.<\/span><\/p>\n<p class=\"p1\" style=\"text-align: justify;\"><span class=\"s1\">Au-dessus l\u2019entablement d\u00e9cor\u00e9 de deux figures masculines allong\u00e9es, appuy\u00e9es sur une urne d\u00e9versant de l\u2019eau, peut symboliser le temps qui passe. Elles sont encadr\u00e9es d\u2019une console orn\u00e9e de feuilles d\u2019acanthe et s\u00e9par\u00e9es par un bouquet de fleurs (incrustation de nacre).<\/span><\/p>\n<p class=\"p1\" style=\"text-align: justify;\"><span class=\"s1\">Enfin au sommet une corniche denticul\u00e9e couronne le meuble.<\/span><\/p>\n<p>&nbsp;<\/p>\n<p class=\"p1\" style=\"text-align: justify;\"><span class=\"s1\"><b>Le corps inf\u00e9rieur<\/b><\/span><\/p>\n<p class=\"p1\" style=\"text-align: justify;\"><span class=\"s1\">La base moulur\u00e9e repose sur quatre pieds-boule aplatis.<\/span><\/p>\n<p class=\"p1\" style=\"text-align: justify;\"><span class=\"s1\">Sur les deux <b>vantaux<\/b> sont repr\u00e9sent\u00e9s\u00a0:\u00a0<\/span><\/p>\n<p class=\"p1\" style=\"text-align: justify;\"><span class=\"s1\">\u00c0 gauche\u00a0: l\u2019Automne<b>,<\/b> un homme nu trapu couronn\u00e9 de feuilles de vigne, tenant dans sa main droite une chute de fruits et cueillant de la gauche une grappe de raisin sur une treille. Dress\u00e9 sur un tertre il est entour\u00e9 d\u2019un pied de vigne et d\u2019une colline, au pied de laquelle un homme dans une grande cuve foule le raisin apr\u00e8s les vendanges. Sur la treille figurent la Balance, le Scorpion et le Sagittaire.\u00a0<\/span><\/p>\n<p class=\"p1\" style=\"text-align: justify;\"><span class=\"s1\">\u00c0 droite\u00a0: l\u2019Hiver, un vieillard v\u00eatu d\u2019une pelisse de fourrure et d\u2019un bonnet pointu chauffe ses mains en tenant une urne enflamm\u00e9e. De chaque c\u00f4t\u00e9 un arbre d\u00e9nud\u00e9 et quelques maisons.<\/span><\/p>\n<p class=\"p1\" style=\"text-align: justify;\"><span class=\"s1\">Au-dessus de lourds nuages laissent d\u00e9passer deux t\u00eates de putti soufflant, symbolisant les vents d\u2019hiver. Et plaqu\u00e9s sur les nuages les signes du Zodiaque\u00a0: le Capricorne, Le Verseau et les Poissons.<\/span><\/p>\n<p class=\"p1\" style=\"text-align: justify;\"><span class=\"s1\">Tout comme sur le corps sup\u00e9rieur les montants gauche et droit portent en bas une oie symbole de la fid\u00e9lit\u00e9 conjugale et de vigilance et en haut un aigle qui couronne le symbolisme g\u00e9n\u00e9ral des oiseaux c\u2019est-\u00e0-dire les \u00e9tats spirituels sup\u00e9rieurs et est en m\u00eame temps le symbole primitif de toutes les figures de la paternit\u00e9.<\/span><\/p>\n<p class=\"p1\" style=\"text-align: justify;\"><span class=\"s1\">Entre les deux, la figure varie. \u00c0 gauche une figure de Mars combattant brandissant sa lance et \u00e0 droite celle de Mercure aux pieds ail\u00e9s, dieu de la prosp\u00e9rit\u00e9, tenant \u00e0 la main le caduc\u00e9e au symbolisme tr\u00e8s riche qui peut se r\u00e9sumer ainsi\u00a0: un symbole d\u2019\u00e9quilibre par l\u2019int\u00e9gration de forces contraires. Voici pour les vertus.<\/span><\/p>\n<p class=\"p1\" style=\"text-align: justify;\"><span class=\"s1\">Sur le dormant central en bas une hydre \u00e0 trois t\u00eates, l\u2019image de tous les vices, un homme nu tenant sa fourche lev\u00e9e au ciel qui pourrait \u00eatre Neptune, le plus volage des dieux, un dieu qui trahirait toute tentative de spiritualisation, un dieu de la mer soulev\u00e9e et des s\u00e9ismes enfin en haut un ours traditionnellement l\u2019embl\u00e8me de la cruaut\u00e9, de la sauvagerie et de la brutalit\u00e9.<\/span><\/p>\n<p class=\"p1\" style=\"text-align: justify;\"><span class=\"s1\">\u00c0 la lumi\u00e8re de tous ces symboles repr\u00e9sent\u00e9s sur les montants et le dormant du cabinet, on peut imaginer que ce meuble a \u00e9t\u00e9 un pr\u00e9sent de mariage pour un couple inconnu.<\/span><\/p>\n<p class=\"p1\" style=\"text-align: justify;\"><span class=\"s1\">La richesse de la symbolique, de la sculpture, ferme et vigoureuse, la pr\u00e9sence d\u2019incrustation de nacre pour la confection des vases et des fleurs font de ce meuble, une pi\u00e8ce rare, en bon \u00e9tat de conservation.<\/span><\/p>\n<p>[\/vc_column_text][\/vc_column][vc_column width=\u00a0\u00bb1\/2&Prime;][\/vc_column][\/vc_row]<\/p>\n<\/div>","protected":false},"excerpt":{"rendered":"<h4>RARE CABINET D\u2019\u00c9POQUE RENAISSANCE RICHEMENT SCULPT\u00c9<\/h4>\n<p>&nbsp;<\/p>\n<p>ORIGINE : SUD OUEST DE LA FRANCE<br \/>\n\u00c9POQUE : XVIe SI\u00c8CLE, VERS 1580<\/p>\n<p>&nbsp;<\/p>\n<p>Hauteur totale : 184 cm<\/p>\n<p><strong>Corps sup\u00e9rieur<\/strong><br \/>\nHauteur : 85 cm<br \/>\nLongueur : 112 cm<br \/>\nProfondeur : 42.5 cm<\/p>\n<p><strong>Corps inf\u00e9rieur<\/strong><br \/>\nHauteur : 99 cm<br \/>\nLongueur : 128.5 cm<br \/>\nProfondeur : 52 cm<\/p>\n<p>&nbsp;<\/p>\n<p>&nbsp;<\/p>\n[dt_button size=\"small\" style=\"default\" animation=\"none\" color_mode=\"default\" icon=\"\" icon_align=\"left\" color=\"\" link=\"mailto:gabrielle-laroche@wanadoo.fr?subject=1_RARE CABINET D\u2019\u00c9POQUE RENAISSANCE RICHEMENT SCULPT\u00c9\" target_blank=\"true\"]DEMANDE D&rsquo;INFORMATIONS[\/dt_button]\n<p>&nbsp;<\/p>\n<p><a href=\"\/fr\/antiquites\/mobilier\/meubles\/\">Retour aux meubles<\/a><\/p>\n","protected":false},"featured_media":1349,"template":"","meta":[],"product_brand":[],"product_cat":[18],"product_tag":[],"class_list":{"0":"post-1347","1":"product","2":"type-product","3":"status-publish","4":"has-post-thumbnail","6":"product_cat-meubles","7":"description-off","9":"first","10":"instock","11":"shipping-taxable","12":"product-type-simple"},"aioseo_notices":[],"_links":{"self":[{"href":"https:\/\/www.gabrielle-laroche.com\/fr\/wp-json\/wp\/v2\/product\/1347","targetHints":{"allow":["GET"]}}],"collection":[{"href":"https:\/\/www.gabrielle-laroche.com\/fr\/wp-json\/wp\/v2\/product"}],"about":[{"href":"https:\/\/www.gabrielle-laroche.com\/fr\/wp-json\/wp\/v2\/types\/product"}],"wp:featuredmedia":[{"embeddable":true,"href":"https:\/\/www.gabrielle-laroche.com\/fr\/wp-json\/wp\/v2\/media\/1349"}],"wp:attachment":[{"href":"https:\/\/www.gabrielle-laroche.com\/fr\/wp-json\/wp\/v2\/media?parent=1347"}],"wp:term":[{"taxonomy":"product_brand","embeddable":true,"href":"https:\/\/www.gabrielle-laroche.com\/fr\/wp-json\/wp\/v2\/product_brand?post=1347"},{"taxonomy":"product_cat","embeddable":true,"href":"https:\/\/www.gabrielle-laroche.com\/fr\/wp-json\/wp\/v2\/product_cat?post=1347"},{"taxonomy":"product_tag","embeddable":true,"href":"https:\/\/www.gabrielle-laroche.com\/fr\/wp-json\/wp\/v2\/product_tag?post=1347"}],"curies":[{"name":"wp","href":"https:\/\/api.w.org\/{rel}","templated":true}]}}