

{"id":1363,"date":"2021-05-07T12:00:09","date_gmt":"2021-05-07T10:00:09","guid":{"rendered":"http:\/\/mrplwpw.cluster030.hosting.ovh.net\/?post_type=product&#038;p=1363"},"modified":"2025-02-11T13:52:53","modified_gmt":"2025-02-11T12:52:53","slug":"cassettone-genoise-a-bambocci-de-la-renaissance-italienne","status":"publish","type":"product","link":"https:\/\/www.gabrielle-laroche.com\/fr\/product\/cassettone-genoise-a-bambocci-de-la-renaissance-italienne\/","title":{"rendered":"CASSETTONE G\u00c9NOISE \u00c0 BAMBOCCI DE LA RENAISSANCE ITALIENNE"},"content":{"rendered":"<div class=\"wpb-content-wrapper\"><p>[vc_row][vc_column width=\u00a0\u00bb1\/2&Prime;][vc_column_text]<\/p>\n<p class=\"p1\" style=\"text-align: justify;\"><span class=\"s1\">Cette <em>cassettone<\/em> en noyer et ronce de noyer, est un remarquable exemple de l\u2019art mani\u00e9riste appliqu\u00e9 aux arts d\u00e9coratifs \u00e0 la fin du XVIe si\u00e8cle.<\/span><\/p>\n<p class=\"p1\" style=\"text-align: justify;\"><span class=\"s1\">En effet, si le mouvement mani\u00e9riste est n\u00e9 et a m\u00fbri \u00e0 Florence, avant d\u2019acqu\u00e9rir son caract\u00e8re international, il s\u2019est particuli\u00e8rement \u00e9panoui en Italie du Nord \u00e0 la fin du XVIe si\u00e8cle et au d\u00e9but du XVIIe si\u00e8cle.<\/span><\/p>\n<p class=\"p1\" style=\"text-align: justify;\"><span class=\"s1\">Contrairement au reste de l\u2019Italie qui adopte tr\u00e8s t\u00f4t des motifs d\u2019inspiration classique, les principaux \u00e9l\u00e9ments d\u00e9coratifs, sp\u00e9cifiques de la Renaissance perdurent encore tr\u00e8s tard et m\u00eame tout au long du XVIIe si\u00e8cle, dans toutes les r\u00e9gions du nord. La sculpture, n\u00e9gligeant d\u00e9sormais le cadre aust\u00e8re des \u00e9glises et des \u00e9difices publics, p\u00e9n\u00e8tre dans les demeures priv\u00e9es, \u00ad\u00ad\u00ad\u00adorne les salles de r\u00e9ception et les cabinets de travail.<\/span><\/p>\n<p class=\"p1\" style=\"text-align: justify;\"><span class=\"s1\">Mais c\u2019est en Ligurie que cette tendance est la plus nette sur le mobilier, et principalement \u00e0 G\u00eanes o\u00f9 appara\u00eet toute une cat\u00e9gorie de meubles au d\u00e9cor sculpt\u00e9 d\u2019un monde spectaculaire de personnages que l\u2019on appelle \u00ab<em>bambocci\u2009<\/em>\u00bb. Ces meubles sp\u00e9cifiquement g\u00e9nois, de part leur centre de production, sont tout de m\u00eame d\u2019extraction toscane et plongent leur source dans le mani\u00e9risme.<\/span><\/p>\n<p class=\"p1\" style=\"text-align: justify;\"><span class=\"s1\">Cette commode g\u00e9noise est encadr\u00e9e de part et d\u2019autre de petites figurines travaill\u00e9es avec virtuosit\u00e9 dans un seul bloc de noyer plaqu\u00e9 ensuite sur chaque montant. Inspir\u00e9es des <em>bambocci<\/em>, elles composent un hymne \u00e0 la vie et aux divinit\u00e9s de la nature, cr\u00e9atures des eaux et des bois porteuses d\u2019offrandes, et putti au r\u00f4le d\u2019atlante.<\/span><\/p>\n<p class=\"p1\" style=\"text-align: justify;\"><span class=\"s1\">Le tiroir sup\u00e9rieur compos\u00e9 en son centre d\u2019un masque l\u00e9onin \u00e0 fort caract\u00e8re donne l\u2019illusion de deux tiroirs lat\u00e9raux.<\/span><\/p>\n<p class=\"p1\" style=\"text-align: justify;\"><span class=\"s1\">Les quatre longs tiroirs sont encadr\u00e9s de frises de perles et pirouettes portant chacun deux prises \u00e0 t\u00eate d\u2019homme d\u2019une belle \u00e9l\u00e9gance, et une entr\u00e9e de serrure centrale.<\/span><\/p>\n<p class=\"p1\" style=\"text-align: justify;\"><span class=\"s1\">Outre son d\u00e9cor, ce meuble poss\u00e8de une harmonie de proportions qui correspond \u00e0 la parfaite ma\u00eetrise du volume et de l\u2019espace. Malgr\u00e9 quelques restaurations d\u2019entretien, il est aujourd\u2019hui dans un \u00e9tat de conservation remarquable.<\/span><\/p>\n<p>&nbsp;<\/p>\n<p>&nbsp;<\/p>\n<p class=\"p1\" style=\"text-align: justify;\"><span class=\"s1\"><b>Bibliographie<\/b><\/span><\/p>\n<p class=\"p1\" style=\"text-align: justify;\"><span class=\"s1\"><em>L\u2019arte del mobile in Italia<\/em> par Silvanno Colombo<\/span><\/p>\n<p class=\"p1\" style=\"text-align: justify;\"><span class=\"s1\">I<em>l Mobilio gli ambiant e le Decorzioni des Rinascimento in Italia <\/em>par Augusto Padrini<\/span><\/p>\n<p class=\"p1\" style=\"text-align: justify;\"><span class=\"s1\"><em>Il mobilio in Ialia<\/em> par Augusto Pedrini, 1948.<\/span><\/p>\n<p>[\/vc_column_text][\/vc_column][vc_column width=\u00a0\u00bb1\/2&Prime;][\/vc_column][\/vc_row]<\/p>\n<\/div>","protected":false},"excerpt":{"rendered":"<h4><em>CASSETTONE<\/em> G\u00c9NOISE \u00c0 \u00ab <em>BAMBOCCI<\/em> \u00bb DE LA RENAISSANCE ITALIENNE<\/h4>\n<p>&nbsp;<\/p>\n<p>ORIGINE : ITALIE, G\u00caNES<br \/>\n\u00c9POQUE : FIN DU XVIe SI\u00c8CLE<\/p>\n<p>&nbsp;<\/p>\n<p>Hauteur : 103.5 cm<br \/>\nLargeur : 149 cm<br \/>\nProfondeur : 73 cm<\/p>\n<p>&nbsp;<\/p>\n<p>Bois de noyer et ronce de noyer<br \/>\nBon \u00e9tat de conservation<\/p>\n<p>Ancienne collection Gismondi, avant 1973.<\/p>\n<p>&nbsp;<\/p>\n<p>&nbsp;<\/p>\n[dt_button size=\"small\" style=\"default\" animation=\"none\" color_mode=\"default\" icon=\"\" icon_align=\"left\" color=\"\" link=\"mailto:gabrielle-laroche@wanadoo.fr?subject=242_CASSETTONE G\u00c9NOISE \u00c0 BAMBOCCI DE LA RENAISSANCE ITALIENNE\" target_blank=\"true\"]DEMANDE D&rsquo;INFORMATIONS[\/dt_button]\n<p>&nbsp;<\/p>\n<p><a href=\"\/fr\/antiquites\/mobilier\/meubles\/\">Retour aux meubles<\/a><\/p>\n","protected":false},"featured_media":1365,"template":"","meta":[],"product_brand":[],"product_cat":[17],"product_tag":[],"class_list":{"0":"post-1363","1":"product","2":"type-product","3":"status-publish","4":"has-post-thumbnail","6":"product_cat-uncategorized","7":"description-off","9":"first","10":"instock","11":"shipping-taxable","12":"product-type-simple"},"aioseo_notices":[],"_links":{"self":[{"href":"https:\/\/www.gabrielle-laroche.com\/fr\/wp-json\/wp\/v2\/product\/1363","targetHints":{"allow":["GET"]}}],"collection":[{"href":"https:\/\/www.gabrielle-laroche.com\/fr\/wp-json\/wp\/v2\/product"}],"about":[{"href":"https:\/\/www.gabrielle-laroche.com\/fr\/wp-json\/wp\/v2\/types\/product"}],"wp:featuredmedia":[{"embeddable":true,"href":"https:\/\/www.gabrielle-laroche.com\/fr\/wp-json\/wp\/v2\/media\/1365"}],"wp:attachment":[{"href":"https:\/\/www.gabrielle-laroche.com\/fr\/wp-json\/wp\/v2\/media?parent=1363"}],"wp:term":[{"taxonomy":"product_brand","embeddable":true,"href":"https:\/\/www.gabrielle-laroche.com\/fr\/wp-json\/wp\/v2\/product_brand?post=1363"},{"taxonomy":"product_cat","embeddable":true,"href":"https:\/\/www.gabrielle-laroche.com\/fr\/wp-json\/wp\/v2\/product_cat?post=1363"},{"taxonomy":"product_tag","embeddable":true,"href":"https:\/\/www.gabrielle-laroche.com\/fr\/wp-json\/wp\/v2\/product_tag?post=1363"}],"curies":[{"name":"wp","href":"https:\/\/api.w.org\/{rel}","templated":true}]}}