

{"id":1371,"date":"2021-05-01T12:00:41","date_gmt":"2021-05-01T10:00:41","guid":{"rendered":"http:\/\/mrplwpw.cluster030.hosting.ovh.net\/?post_type=product&#038;p=1371"},"modified":"2023-04-03T16:37:38","modified_gmt":"2023-04-03T14:37:38","slug":"rare-cabinet-richement-sculpte-de-la-seconde-renaissance","status":"publish","type":"product","link":"https:\/\/www.gabrielle-laroche.com\/fr\/product\/rare-cabinet-richement-sculpte-de-la-seconde-renaissance\/","title":{"rendered":"RARE CABINET RICHEMENT SCULPT\u00c9 DE LA SECONDE RENAISSANCE"},"content":{"rendered":"<div class=\"wpb-content-wrapper\"><p>[vc_row][vc_column width=\u00a0\u00bb1\/2&Prime;][vc_column_text]<\/p>\n<p class=\"p1\" style=\"text-align: justify;\"><span class=\"s1\">Harmonieux dans sa conception, aux lignes sobres et \u00e9l\u00e9gantes et \u00e0 l\u2019ornementation vari\u00e9e, ce cabinet illustre la production de la seconde Renaissance fran\u00e7aise. Son d\u00e9cor conf\u00e8re en outre \u00e0 ce meuble sa richesse et son mouvement.<\/span><\/p>\n<p class=\"p1\" style=\"text-align: justify;\"><span class=\"s1\"><b>\u00a0<\/b><\/span><\/p>\n<p class=\"p1\" style=\"text-align: justify;\"><span class=\"s1\"><b>Corps inf\u00e9rieur\u00a0<\/b><\/span><\/p>\n<p class=\"p1\" style=\"text-align: justify;\"><span class=\"s1\">Sur une base moulur\u00e9e \u00e0 d\u00e9cor de feuilles d\u2019eau s\u2019\u00e9l\u00e8ve le corps inf\u00e9rieur. Il s\u2019ouvre par deux vantaux dont les panneaux, inscrits dans des cadres sculpt\u00e9s de frises \u00e0 motifs vari\u00e9s, sont d\u00e9cor\u00e9s de cuirs d\u00e9coup\u00e9s sur lesquels s\u2019\u00e9panouissent des motifs v\u00e9g\u00e9taux stylis\u00e9s, sculpt\u00e9s en faible relief, composant des arabesques organis\u00e9es autour d\u2019un mufle de lion. De part et d\u2019autre, les montants sont orn\u00e9s de feuilles de laurier et le faux dormant, d\u2019une longue tige feuillag\u00e9e.<\/span><\/p>\n<p class=\"p1\" style=\"text-align: justify;\"><span class=\"s1\">En ceinture, s\u00e9par\u00e9s par trois consoles garnies de feuilles, les deux tiroirs sont d\u00e9cor\u00e9s de palmettes.<\/span><\/p>\n<p>&nbsp;<\/p>\n<p class=\"p1\" style=\"text-align: justify;\"><span class=\"s1\"><b>Corps sup\u00e9rieur<\/b><\/span><\/p>\n<p class=\"p1\" style=\"text-align: justify;\"><span class=\"s1\">Le corps sup\u00e9rieur est plac\u00e9 en retrait. Plus \u00e9troit que le pr\u00e9c\u00e9dent, il pr\u00e9sente en fa\u00e7ade un large vantail, dont le cadre moulur\u00e9 est travaill\u00e9 de motifs de palmettes et de frises.<\/span><\/p>\n<p class=\"p1\" style=\"text-align: justify;\"><span class=\"s1\">Le panneau re\u00e7oit un d\u00e9cor plus original. Deux chim\u00e8res adoss\u00e9es, au corps feuillu, soutiennent un fronton invers\u00e9. Au centre, se trouve un mascaron tandis qu\u2019un aigle d\u00e9ploie ses ailes en partie sup\u00e9rieure.<\/span><\/p>\n<p class=\"p1\" style=\"text-align: justify;\"><span class=\"s1\">Ce vantail est cern\u00e9 par deux termes richement sculpt\u00e9 au relief plus accus\u00e9, dont les gaines sont garnies d\u2019une tige de feuilles. L\u2019un repr\u00e9sente un buste d\u2019homme barbu et l\u2019autre, un buste de femme. Tous deux sont couronn\u00e9s des grappes de fruits et de fleurs. Leurs tailles sont agr\u00e9ment\u00e9es d\u2019une guirlande de fruits.<\/span><\/p>\n<p class=\"p1\" style=\"text-align: justify;\"><span class=\"s1\">La corniche moulur\u00e9e est sculpt\u00e9e d\u2019une frise d\u2019oves.<\/span><\/p>\n<p class=\"p1\" style=\"text-align: justify;\"><span class=\"s1\"><b>\u00a0<\/b><\/span><\/p>\n<p class=\"p1\" style=\"text-align: justify;\"><span class=\"s1\">Sur les c\u00f4t\u00e9s, les panneaux sont orn\u00e9s de rosaces.<\/span><\/p>\n<p class=\"p1\" style=\"text-align: justify;\"><span class=\"s1\">Le d\u00e9cor de ce meuble s\u2019\u00e9tage en registres totalement ind\u00e9pendants les uns des autres, nettement d\u00e9limit\u00e9s par des moulures tr\u00e8s saillantes\u00a0: ainsi les \u00a0tiroirs se d\u00e9gage visuellement du corps du bas.<\/span><\/p>\n<p class=\"p1\" style=\"text-align: justify;\"><span class=\"s1\">Illustrant l\u2019importance de la culture ultramontaine dans les motifs ornementaux de la seconde moiti\u00e9 du XVIe si\u00e8cle, ce cabinet fait la part belle au vocabulaire antiquisant\u00a0\u2013 palmettes, acanthes, oves, termes, faune fabuleuse\u2026 Cette large diffusion du r\u00e9pertoire antique fut permise notamment gr\u00e2ce \u00e0 l\u2019usage de la gravure, o\u00f9 les huchiers et ymagiers puisaient leur inspiration.<\/span><\/p>\n<p class=\"p1\" style=\"text-align: justify;\"><span class=\"s1\">La r\u00e9union de tous ces \u00e9l\u00e9ments, l\u2019abondance et la qualit\u00e9 de la sculpture concourent \u00e0 rendre ce cabinet de la Seconde Renaissance fran\u00e7aise tout \u00e0 fait remarquable. Le tr\u00e8s beau noyer utilis\u00e9 pour la r\u00e9alisation de ce meuble, sa patine admirable lui conf\u00e8re un charme ind\u00e9niable.<\/span><\/p>\n<p>&nbsp;<\/p>\n<p>&nbsp;<\/p>\n<p class=\"p1\" style=\"text-align: justify;\"><span class=\"s1\"><b>Bibliographie<\/b><\/span><\/p>\n<p class=\"p1\" style=\"text-align: justify;\"><span class=\"s1\">Jaques THIRION, <em>Le mobilier du Moyen-Age et de la Renaissance en France<\/em>, Edition Faton, 1998<\/span><\/p>\n<p class=\"p1\" style=\"text-align: justify;\"><span class=\"s1\">J.BOCCADOR,<em> Le Mobilier fran\u00e7ais \u00e0 la Renaissance<\/em>, \u00c9dition d\u2019Art Monelle Hayot, 1988<\/span><\/p>\n<p>[\/vc_column_text][\/vc_column][vc_column width=\u00a0\u00bb1\/2&Prime;][\/vc_column][\/vc_row]<\/p>\n<\/div>","protected":false},"excerpt":{"rendered":"<h4>RARE CABINET RICHEMENT SCULPT\u00c9 DE LA SECONDE RENAISSANCE<\/h4>\n<p>&nbsp;<\/p>\n<p>ORIGINE : FRANCE, BOURGOGNE OU LANGUEDOC<br \/>\n\u00c9POQUE : SECONDE MOITI\u00c9 DU XVIe SI\u00c8CLE, VERS 1570-1580<\/p>\n<p>&nbsp;<\/p>\n<p>Hauteur : 195 cm<br \/>\nLargeur : 116 cm<br \/>\nProfondeur : 48.8 cm<\/p>\n<p>&nbsp;<\/p>\n<p>Bois de noyer<br \/>\nBon \u00e9tat de conversation<\/p>\n<p>&nbsp;<\/p>\n<p>&nbsp;<\/p>\n[dt_button size=\"small\" style=\"default\" animation=\"none\" color_mode=\"default\" icon=\"\" icon_align=\"left\" color=\"\" link=\"mailto:gabrielle-laroche@wanadoo.fr?subject=49_RARE CABINET RICHEMENT SCULPT\u00c9 DE LA SECONDE RENAISSANCE\" target_blank=\"true\"]DEMANDE D&rsquo;INFORMATIONS[\/dt_button]\n<p>&nbsp;<\/p>\n<p><a href=\"\/fr\/antiquites\/mobilier\/meubles\/\">Retour aux meubles<\/a><\/p>\n","protected":false},"featured_media":1373,"template":"","meta":[],"product_brand":[],"product_cat":[18],"product_tag":[],"class_list":{"0":"post-1371","1":"product","2":"type-product","3":"status-publish","4":"has-post-thumbnail","6":"product_cat-meubles","7":"description-off","9":"first","10":"instock","11":"shipping-taxable","12":"product-type-simple"},"aioseo_notices":[],"_links":{"self":[{"href":"https:\/\/www.gabrielle-laroche.com\/fr\/wp-json\/wp\/v2\/product\/1371","targetHints":{"allow":["GET"]}}],"collection":[{"href":"https:\/\/www.gabrielle-laroche.com\/fr\/wp-json\/wp\/v2\/product"}],"about":[{"href":"https:\/\/www.gabrielle-laroche.com\/fr\/wp-json\/wp\/v2\/types\/product"}],"wp:featuredmedia":[{"embeddable":true,"href":"https:\/\/www.gabrielle-laroche.com\/fr\/wp-json\/wp\/v2\/media\/1373"}],"wp:attachment":[{"href":"https:\/\/www.gabrielle-laroche.com\/fr\/wp-json\/wp\/v2\/media?parent=1371"}],"wp:term":[{"taxonomy":"product_brand","embeddable":true,"href":"https:\/\/www.gabrielle-laroche.com\/fr\/wp-json\/wp\/v2\/product_brand?post=1371"},{"taxonomy":"product_cat","embeddable":true,"href":"https:\/\/www.gabrielle-laroche.com\/fr\/wp-json\/wp\/v2\/product_cat?post=1371"},{"taxonomy":"product_tag","embeddable":true,"href":"https:\/\/www.gabrielle-laroche.com\/fr\/wp-json\/wp\/v2\/product_tag?post=1371"}],"curies":[{"name":"wp","href":"https:\/\/api.w.org\/{rel}","templated":true}]}}