

{"id":1406,"date":"2021-05-11T12:00:59","date_gmt":"2021-05-11T10:00:59","guid":{"rendered":"http:\/\/mrplwpw.cluster030.hosting.ovh.net\/?post_type=product&#038;p=1406"},"modified":"2024-12-06T18:05:17","modified_gmt":"2024-12-06T17:05:17","slug":"important-cabinet-de-la-renaissance-de-lecole-de-hugues-sambin","status":"publish","type":"product","link":"https:\/\/www.gabrielle-laroche.com\/fr\/product\/important-cabinet-de-la-renaissance-de-lecole-de-hugues-sambin\/","title":{"rendered":"IMPORTANT CABINET DE LA RENAISSANCE DE L\u2019\u00c9COLE DE HUGUES SAMBIN"},"content":{"rendered":"<div class=\"wpb-content-wrapper\"><p>[vc_row][vc_column width=\u00a0\u00bb1\/2&Prime;][vc_column_text]<\/p>\n<p class=\"p1\" style=\"text-align: justify;\"><span class=\"s1\"><b>Contexte historique<\/b><\/span><\/p>\n<p class=\"p1\" style=\"text-align: justify;\"><span class=\"s1\">Le XVIe si\u00e8cle appara\u00eet \u00e0 Lyon comme un exceptionnel moment de renouveau. Les foires qui se tiennent r\u00e9guli\u00e8rement lui assurent un dynamisme \u00e9conomique et lui conf\u00e8rent une position de carrefour europ\u00e9en, o\u00f9 se rencontrent les influences. La ville de Lyon est \u00e9galement l\u2019un des s\u00e9jours de la Cour et des artistes au fait des innovations les plus r\u00e9centes. Ainsi, se retrouvent dans cette ville les acteurs qui favorisent la cr\u00e9ation artistique. La florissante imprimerie lyonnaise permet quant \u00e0 elle une large diffusion des mod\u00e8les des artistes les plus influents et les plus innovants de cette \u00e9poque. Ces mod\u00e8les furent assimil\u00e9s, r\u00e9interpr\u00e9t\u00e9s, transform\u00e9s par les ateliers lyonnais.<\/span><\/p>\n<p class=\"p1\" style=\"text-align: justify;\"><span class=\"s1\">En outre, durant la Renaissance, l\u2019art du meuble tend \u00e0 prendre mod\u00e8le sur le syst\u00e8me architectural h\u00e9rit\u00e9 de l\u2019antiquit\u00e9 par l\u2019interm\u00e9diaire de l\u2019Italie du Quattrocento. A Lyon, ce recours au vocable architectural a sans doute \u00e9t\u00e9 favoris\u00e9 par la pr\u00e9sence dans la capitale des Gaules de Sebastiano Serlio\u00a0 mais aussi de l\u2019architecte lyonnais Philibert de l\u2019Orme, qui ne manqua pas de voyager \u00e0 Rome afin de se familiariser avec l\u2019architecture antique. Si ce mouvement de retour \u00e0 l\u2019antique se retrouve \u00e0 travers toute l\u2019Europe, le travail lyonnais \u00e0 ceci de singulier qu\u2019il emprunte \u00e0 l\u2019architecture ses principes d\u2019organisation et de rigueur dans la r\u00e9partition des masses mais n\u00e9glige ou rejette fr\u00e9quemment les embl\u00e8mes architecturaux (colonne et fronton par exemple).<\/span><\/p>\n<p class=\"p1\" style=\"text-align: justify;\"><span class=\"s1\">La red\u00e9couverte de l\u2019antiquit\u00e9 donne \u00e9galement un nouveau souffle, une nouvelle grammaire ornementale, o\u00f9 s\u2019allient entrelacs, lauriers, choux-bourguignons, palmettes, raie de c\u0153ur, putti ou bien encore grotesques.<\/span><\/p>\n<p class=\"p1\" style=\"text-align: justify;\"><span class=\"s1\">Ce sont ces motifs que les huchiers et sculpteurs choisissent pour orner les plus beaux meubles lyonnais. Ils emploient des proc\u00e9d\u00e9s techniques et ornementaux originaux inspir\u00e9 du travail des m\u00e9taux tel que la damasquinerie ou apparent\u00e9s \u00e0 ceux des graveurs d\u2019estampes, qui lui conf\u00e8rent une v\u00e9ritable identit\u00e9.<\/span><\/p>\n<p class=\"p1\" style=\"text-align: justify;\"><span class=\"s1\">\u00a0<\/span><\/p>\n<p class=\"p1\" style=\"text-align: justify;\"><span class=\"s1\"><b>Description<\/b><\/span><\/p>\n<p class=\"p1\" style=\"text-align: justify;\"><span class=\"s1\">Ce meuble domin\u00e9 par l\u2019\u00e9l\u00e9gante simplicit\u00e9 de ses lignes alli\u00e9 au raffinement d\u00e9licat de son d\u00e9cor est compos\u00e9 de deux corps de dimensions identiques. Il ouvre par quatre vantaux en fa\u00e7ade et deux tiroirs en ceinture.<\/span><\/p>\n<p class=\"p1\" style=\"text-align: justify;\"><span class=\"s1\">Le corps inf\u00e9rieur repose \u00e0 l\u2019avant sur deux pieds creus\u00e9s d\u2019une gorge sur lesquels s\u2019\u00e9l\u00e8ve une fine base d\u00e9cor\u00e9e d\u2019une frise de torsade. Les deux montants lat\u00e9raux sont orn\u00e9s d\u2019une gaine \u00e0 l\u2019extr\u00e9mit\u00e9 enroul\u00e9 et garnis de deux vigoureuses feuilles d\u2019acanthes, tandis que le faux-dormant re\u00e7oit une gaine dont la base consiste en deux feuilles supportant un f\u00fbt dont le centre est occup\u00e9 par une frise de lauriers \u2013 sous laquelle se trouve l\u2019entr\u00e9e de serrure \u2013 encadr\u00e9 de cannelures et couronn\u00e9 d\u2019un chapiteau, orn\u00e9 de feuilles et d\u2019enroulements.<\/span><\/p>\n<p class=\"p1\" style=\"text-align: justify;\"><span class=\"s1\">Ces trois gaines encadrent les deux vantaux enserr\u00e9s dans un cadre moulur\u00e9 assembl\u00e9 \u00e0 coupe d\u2019onglet, dont le cadre externe est sculpt\u00e9 de palmettes. Chaque panneau re\u00e7oit quant \u00e0 lui un d\u00e9cor d\u2019entrelacs sculpt\u00e9s en m\u00e9plat, se d\u00e9veloppant autour de deux choux bourguignons dans une composition sym\u00e9trique d\u2019une grande qualit\u00e9.<\/span><\/p>\n<p class=\"p1\" style=\"text-align: justify;\"><span class=\"s1\">La ceinture comprend deux tiroirs au profil anim\u00e9 par des ressauts orn\u00e9s de frises de palmettes.<\/span><\/p>\n<p class=\"p1\" style=\"text-align: justify;\"><span class=\"s1\">Le corps sup\u00e9rieur reprend le rythme ternaire du corps inf\u00e9rieur. Les deux vantaux ouvrant en partie haute copient l\u2019ornementation des panneaux pr\u00e9c\u00e9dents. Ils sont accost\u00e9s de deux termes laur\u00e9s \u2013 \u00e0 gauche, un terme aux traits virils et \u00e0 l\u2019imposante moustache, \u00e0 droite, un terme f\u00e9minin \u2013 dont les gaines sont d\u00e9cor\u00e9es de guirlande de fruits. Au centre, le faux-dormant est sculpt\u00e9 de feuilles, d\u2019un choux bourguignon (qui dissimule la serrure), d\u2019une fleurette et de cartouche.<\/span><\/p>\n<p class=\"p1\" style=\"text-align: justify;\"><span class=\"s1\">Une corniche sculpt\u00e9e de palmettes couronne le meuble.<\/span><\/p>\n<p class=\"p1\" style=\"text-align: justify;\"><span class=\"s1\">Les c\u00f4t\u00e9s, dont les panneaux ont \u00e9t\u00e9 laiss\u00e9s vierges d\u2019ornementation, sont anim\u00e9s par les nombreuses moulures conf\u00e9rant \u00e0 ce cabinet un rythme que l\u2019on retrouve \u00e9galement en fa\u00e7ade.<\/span><\/p>\n<p class=\"p1\" style=\"text-align: justify;\"><span class=\"s1\">Le d\u00e9cor riche et soign\u00e9 de ce cabinet s\u2019illustre par la qualit\u00e9 de sa r\u00e9alisation. La d\u00e9licatesse et le raffinement du travail de sculpture laisse penser qu\u2019il fut l\u2019\u0153uvre d\u2019un artisan des plus habile.<\/span><\/p>\n<p class=\"p1\" style=\"text-align: justify;\"><span class=\"s1\">Ainsi, sur ce cabinet aux proportions harmonieuses, s\u2019allie \u00e0 une structure bien architectur\u00e9e, un d\u00e9cor sym\u00e9trique de grande qualit\u00e9, r\u00e9alis\u00e9 en m\u00e9plat, emprunt\u00e9 \u00e0 l\u2019art du graveur. Ce tr\u00e8s l\u00e9ger relief anime la surface des panneaux gr\u00e2ce \u00e0 d\u2019int\u00e9ressants jeux de lumi\u00e8re, lui conf\u00e9rant une grande somptuosit\u00e9. Ces \u00e9l\u00e9ments sont particuli\u00e8rement caract\u00e9ristiques de l\u2019\u00c9cole lyonnaise des ann\u00e9es 1540-1570.<\/span><\/p>\n<p class=\"p1\" style=\"text-align: justify;\"><span class=\"s1\">Les influences conjointes des \u00e9coles bourguignonne et lyonnaise se retrouvent dans ce meuble \u00e0 deux corps. En effet, ce cabinet porte la marque de l\u2019\u00e9cole bourguignonne et notamment celle du <b>ma\u00eetre graylois, Hugues Sambin<\/b>. N\u00e9 vers 1518-1520, ce fils de menuisier pu profiter d\u2019un s\u00e9jour sur le chantier de Fontainebleau pour se familiariser avec les ouvrages des artistes italiens, S\u00e9bastiano Serlio, Francesco Primaticcio, dit le Primatice, Francesco Scibec de Carpi et Benvenuto Cellini. Artiste aux multiples talents, ma\u00eetre d\u2019un atelier prosp\u00e8re, Hugues Sambin transmit \u00e0 ses contemporains un recueil de mod\u00e8le intitul\u00e9 \u00ab De la Diversit\u00e9 des termes dont on use en architecture, r\u00e9duit en ordre \u00bb, publi\u00e9 \u00e0 Lyon en 1572. Tr\u00e8s inspir\u00e9 par les r\u00e9alisations du mani\u00e9risme bellifontain mais \u00e9galement par les mod\u00e8les de l\u2019architecte Jacques Androuet du Cerceau, ce recueil accompagna les huchiers dans leurs r\u00e9alisations. Les termes employ\u00e9s pour orner le meuble pr\u00e9senter ici illustrent l\u2019influence de ses gravures.\u00a0<\/span><\/p>\n<p class=\"p1\" style=\"text-align: justify;\"><span class=\"s1\">Ses proportions, sa puret\u00e9 et la rigueur de sa structure, l\u2019\u00e9l\u00e9gance de son d\u00e9cor contribue \u00e0 faire de ce meuble une \u0153uvre de tr\u00e8s grande qualit\u00e9, t\u00e9moin de l\u2019excellence de l\u2019\u00e9cole lyonnaise.<\/span><\/p>\n<p class=\"p1\" style=\"text-align: justify;\"><span class=\"s1\">\u00a0<\/span><\/p>\n<p class=\"p1\" style=\"text-align: justify;\"><span class=\"s1\"><b>Bibliographie<\/b><\/span><\/p>\n<p class=\"p1\" style=\"text-align: justify;\"><span class=\"s1\">BOCCADOR Jacqueline, <em>Le Mobilier fran\u00e7ais du Moyen Age \u00e0 la Renaissance<\/em>, \u00c9ditions d\u2019art Monelle Hayot, 1988<\/span><\/p>\n<p class=\"p1\" style=\"text-align: justify;\"><span class=\"s1\">JACQUEMART Jean-Pierre, <em>Hugues Sambin, architecteur<\/em>, \u00e9ditions de La Passerelle, D\u00f4le, 2019<\/span><\/p>\n<p class=\"p1\" style=\"text-align: justify;\"><span class=\"s1\">JACQUEMART Jean-Pierre, <em>Armoires et cabinets \u00e0 la fin du la Renaissance en Bourgogne et Franche-Comt\u00e9<\/em><\/span><\/p>\n<p class=\"p1\" style=\"text-align: justify;\"><span class=\"s1\">THIRION Jacques, <em>Le Mobilier du Moyen Age et de la Renaissance en France<\/em>, Edition Faton, 1998<\/span><\/p>\n<p class=\"p1\" style=\"text-align: justify;\"><span class=\"s1\">VIRASSAMYNA\u00cfKEN Ludmila (dir.), <em>Arts et Humanisme, Lyon Renaissance<\/em>, Somogy \u00e9ditions d\u2019arts, Paris, 2015<\/span><\/p>\n<p>[\/vc_column_text][\/vc_column][vc_column width=\u00a0\u00bb1\/2&Prime;][\/vc_column][\/vc_row]<\/p>\n<\/div>","protected":false},"excerpt":{"rendered":"<h4>IMPORTANT CABINET DE LA RENAISSANCE DE L\u2019\u00c9COLE DE HUGUES SAMBIN<\/h4>\n<p>&nbsp;<\/p>\n<p>ORIGINE : FRANCE, ATELIERS BURGONDO-LYONNAIS<br \/>\n\u00c9POQUE : SECONDE MOITI\u00c9 DU XVIe SI\u00c8CLE<\/p>\n<p>&nbsp;<\/p>\n<p>Hauteur : 176 cm<br \/>\nLargeur : 149 cm<br \/>\nProfondeur : 59 cm<\/p>\n<p>&nbsp;<\/p>\n<p>Bois de noyer clair, couleur miel<br \/>\nBon \u00e9tat de conservation<\/p>\n<p>&nbsp;<\/p>\n<p>&nbsp;<\/p>\n[dt_button size=\"small\" style=\"default\" animation=\"none\" color_mode=\"default\" icon=\"\" icon_align=\"left\" color=\"\" link=\"mailto:gabrielle-laroche@wanadoo.fr?subject=23_IMPORTANT CABINET DE LA RENAISSANCE DE L\u2019\u00c9COLE DE HUGUES SAMBIN\" target_blank=\"true\"]DEMANDE D&rsquo;INFORMATIONS[\/dt_button]\n<p>&nbsp;<\/p>\n<p><a href=\"\/fr\/antiquites\/mobilier\/meubles\/\">Retour aux meubles<\/a><\/p>\n","protected":false},"featured_media":1408,"template":"","meta":[],"product_brand":[],"product_cat":[18],"product_tag":[],"class_list":{"0":"post-1406","1":"product","2":"type-product","3":"status-publish","4":"has-post-thumbnail","6":"product_cat-meubles","7":"description-off","9":"first","10":"instock","11":"shipping-taxable","12":"product-type-simple"},"aioseo_notices":[],"_links":{"self":[{"href":"https:\/\/www.gabrielle-laroche.com\/fr\/wp-json\/wp\/v2\/product\/1406","targetHints":{"allow":["GET"]}}],"collection":[{"href":"https:\/\/www.gabrielle-laroche.com\/fr\/wp-json\/wp\/v2\/product"}],"about":[{"href":"https:\/\/www.gabrielle-laroche.com\/fr\/wp-json\/wp\/v2\/types\/product"}],"wp:featuredmedia":[{"embeddable":true,"href":"https:\/\/www.gabrielle-laroche.com\/fr\/wp-json\/wp\/v2\/media\/1408"}],"wp:attachment":[{"href":"https:\/\/www.gabrielle-laroche.com\/fr\/wp-json\/wp\/v2\/media?parent=1406"}],"wp:term":[{"taxonomy":"product_brand","embeddable":true,"href":"https:\/\/www.gabrielle-laroche.com\/fr\/wp-json\/wp\/v2\/product_brand?post=1406"},{"taxonomy":"product_cat","embeddable":true,"href":"https:\/\/www.gabrielle-laroche.com\/fr\/wp-json\/wp\/v2\/product_cat?post=1406"},{"taxonomy":"product_tag","embeddable":true,"href":"https:\/\/www.gabrielle-laroche.com\/fr\/wp-json\/wp\/v2\/product_tag?post=1406"}],"curies":[{"name":"wp","href":"https:\/\/api.w.org\/{rel}","templated":true}]}}