

{"id":1450,"date":"2021-03-31T09:00:55","date_gmt":"2021-03-31T07:00:55","guid":{"rendered":"http:\/\/mrplwpw.cluster030.hosting.ovh.net\/?post_type=product&#038;p=1450"},"modified":"2021-04-19T16:58:17","modified_gmt":"2021-04-19T14:58:17","slug":"christ-de-deposition-de-croix","status":"publish","type":"product","link":"https:\/\/www.gabrielle-laroche.com\/fr\/product\/christ-de-deposition-de-croix\/","title":{"rendered":"CHRIST DE D\u00c9POSITION DE CROIX"},"content":{"rendered":"<div class=\"wpb-content-wrapper\"><p>[vc_row][vc_column width=\u00a0\u00bb1\/2&Prime;][vc_column_text]<\/p>\n<p class=\"p1\" style=\"text-align: justify;\"><span class=\"s1\">Nota<\/span><span class=\"s2\"> : Un Christ similaire se trouve au\u00a0Mus\u00e9e Fr\u00e9d\u00e9ric Mares de Barcelone.<\/span><\/p>\n<p class=\"p1\" style=\"text-align: justify;\"><span class=\"s2\">\u00a0<\/span><\/p>\n<p class=\"p1\" style=\"text-align: justify;\"><span class=\"s2\">Examen au Carbone 14 calibr\u00e9.<\/span><\/p>\n<p class=\"p1\" style=\"text-align: justify;\"><span class=\"s2\">Certificat d&rsquo;analyse du Laboratoire CIRAM<\/span><\/p>\n<p class=\"p1\" style=\"text-align: justify;\"><span class=\"s2\">16, avenue Pey-Berland 33607 Pessac cedex<\/span><\/p>\n<p class=\"p1\" style=\"text-align: justify;\"><span class=\"s2\">Examen de la polychromie par Juliette L\u00e9vy, Conservatrice des Sculptures du Louvre<\/span><\/p>\n<p class=\"p1\" style=\"text-align: justify;\"><span class=\"s2\">\u00a0<\/span><\/p>\n<p class=\"p1\" style=\"text-align: justify;\"><span class=\"s2\">Cet important Christ d\u00e9crivant une belle ligne incurv\u00e9e, est probablement un Christ qui faisait partie d&rsquo;un groupe de d\u00e9position de croix.<\/span><\/p>\n<p class=\"p1\" style=\"text-align: justify;\"><span class=\"s2\">En effet la ligne de son corps s&rsquo;accommode mal avec la contrainte verticale d&rsquo;un Christ en croix.<\/span><\/p>\n<p class=\"p1\" style=\"text-align: justify;\"><span class=\"s2\">En Catalogne aussi bon nombre de ces groupes, en bois sculpt\u00e9 polychrom\u00e9, d\u2019\u00e9poque romane, sont encore en place ou dans des mus\u00e9es. Ce th\u00e8me regroupe en g\u00e9n\u00e9ral les principaux personnages de la sc\u00e8ne religieuse, le Christ mort, Joseph d&rsquo;Arimathie, Nicod\u00e8me, la Vierge Marie et Saint Jean l&rsquo;Evang\u00e9liste. La tradition a du se maintenir jusqu&rsquo;au milieu du XIVe si\u00e8cle.<\/span><\/p>\n<p class=\"p1\" style=\"text-align: justify;\"><span class=\"s2\">Le ch\u00e2taignier, bois traditionnellement employ\u00e9 dans la r\u00e9gion nord de l&rsquo;Espagne, est bien celui qui a \u00e9t\u00e9 utilis\u00e9 pour la r\u00e9alisation de ce Christ .<\/span><\/p>\n<p class=\"p1\" style=\"text-align: justify;\"><span class=\"s2\">La t\u00eate inclin\u00e9e sur l&rsquo;\u00e9paule droite est empreinte d&rsquo;une tr\u00e8s grande douceur et le visage aux yeux clos est serein,\u00a0plein d&rsquo;humilit\u00e9.<\/span><\/p>\n<p class=\"p1\" style=\"text-align: justify;\"><span class=\"s2\">On observera un grand nombre de d\u00e9tails\u00a0: les yeux sculpt\u00e9s, l\u2019ar\u00eate du nez droite, l\u2019arrondie de la bouche, la fine moustache se m\u00ealant \u00e0 la barbe courte et boucl\u00e9e.<\/span><\/p>\n<p class=\"p1\" style=\"text-align: justify;\"><span class=\"s2\">La chevelure abondante d\u00e9crit de profonds sillons r\u00e9guliers couvrant d&rsquo;une seule masse homog\u00e8ne la distance du sommet de la t\u00eate \u00e0 l&rsquo;\u00e9paule gauche.<\/span><\/p>\n<p class=\"p1\" style=\"text-align: justify;\"><span class=\"s2\">Le haut du buste plat, laisse place au-dessous, \u00e0 un double r\u00e9seau de c\u00f4tes concentriques tr\u00e8s soulign\u00e9es et saillantes, encadrant un triangle, pour la cage thoracique dont le traitement \u00a0rappelle la chevelure.<\/span><\/p>\n<p class=\"p1\" style=\"text-align: justify;\"><span class=\"s2\">Cette fa\u00e7on de d\u00e9crire le corps humain r\u00e9pond \u00e0 un canon h\u00e9rit\u00e9 de l&rsquo;art byzantin qui se se maintient parfois jusqu&rsquo;au d\u00e9but du XIVe si\u00e8cle.<\/span><\/p>\n<p class=\"p1\" style=\"text-align: justify;\"><span class=\"s2\">La direction des tenons, sur lesquels \u00e9taient fix\u00e9s les bras, ne donne aucune indication sur l&rsquo;orientation de ces derniers. Cependant ils pouvaient \u00eatre horizontaux, ce qui est le cas dans certaines\u00a0\u00bb Descentes de Croix\u00a0\u00bb catalanes<\/span><\/p>\n<p class=\"p1\" style=\"text-align: justify;\"><span class=\"s2\">Amor\u00e7ant une grande courbe le<em> p\u00e9rizonium<\/em> long, au pliss\u00e9 stylis\u00e9, plac\u00e9 sous la ceinture, est fix\u00e9 par un dernier pan s&rsquo;enroulant autour et retombant devant ; il s\u2019arr\u00eate au-dessous des genoux. Son \u00e9toffe bleue<b>,<\/b> parsem\u00e9e d\u2019ornements dor\u00e9s carr\u00e9s transparait sous un l\u00e9ger repeint brun.<\/span><\/p>\n<p class=\"p1\" style=\"text-align: justify;\"><span class=\"s2\">Les jambes fines et r\u00e9alistes ach\u00e8vent la courbe vers sa gauche et les pieds sont superpos\u00e9s ce qui permet d&rsquo;avancer une datation apr\u00e8s la fin du XIIIe si\u00e8cle<\/span><\/p>\n<p class=\"p1\" style=\"text-align: justify;\"><span class=\"s2\">Pour \u00e9viter des fissures du bois, l\u2019arri\u00e8re est \u00e9vid\u00e9 et masqu\u00e9 par un panneau polychrom\u00e9, d\u00e9cor\u00e9 de motifs feuillag\u00e9s \u00e9voquant une polychromie m\u00e9di\u00e9vale.<\/span><\/p>\n<p class=\"p1\" style=\"text-align: justify;\"><span class=\"s2\">Une force v\u00e9ritable et incontournable se d\u00e9gage de cette repr\u00e9sentation du Christ\u00a0descendu de la croix.<\/span><\/p>\n<p class=\"p1\" style=\"text-align: justify;\"><span class=\"s2\">D&rsquo;apr\u00e8s le catalogue des sculptures du mus\u00e9e Mares de Barcelone, le Christ pr\u00e9sent\u00e9 page 226, assez semblable au n\u00f4tre, serait originaire de Castille; en effet dans cette\u00a0 r\u00e9gion des parall\u00e8les peuvent \u00eatre \u00e9tablis entre les repr\u00e9sentations du Christ et celles issues de Catalogne dont les visages typiques sont assez diff\u00e9rents de celui du Christ pr\u00e9sent\u00e9 ici.<\/span><\/p>\n<p class=\"p1\" style=\"text-align: justify;\"><span class=\"s2\">\u00a0<\/span><\/p>\n<p class=\"p1\" style=\"text-align: justify;\"><span class=\"s2\">\u00a0<\/span><\/p>\n<p class=\"p1\" style=\"text-align: justify;\"><strong><span class=\"s2\">Bibliographie<\/span><\/strong><\/p>\n<p class=\"p1\" style=\"text-align: justify;\"><span class=\"s2\">Fons del Museu Frederic Mares, \u00a0Cat\u00e0leg d&rsquo;Escultura i pintura medievals,\u00a0Ajuntament de Barcelone, p. 226 N\u00b0 170<\/span><\/p>\n<p class=\"p1\" style=\"text-align: justify;\"><span class=\"s2\">Rafael Bastardes, \u00a0\u00bb Els Davallaments romanics a Catalunya\u00a0\u00bbArte studie\u00a0\u00bbArts Romania\u00a0\u00bb 13<\/span><\/p>\n<p>[\/vc_column_text][\/vc_column][vc_column width=\u00a0\u00bb1\/2&Prime;][\/vc_column][\/vc_row]<\/p>\n<\/div>","protected":false},"excerpt":{"rendered":"<h4>CHRIST DE D\u00c9POSITION DE CROIX<\/h4>\n<p>&nbsp;<\/p>\n<p class=\"p1\"><span class=\"s1\">ORIGINE : ESPAGNE \u2013 CASTILLE, \u00a0PALENCIA OU BURGOS<\/span><\/p>\n<p class=\"p1\"><span class=\"s1\">EPOQUE :\u00a0D\u00c9BUT DU XIVE\u00a0SIECLE<\/span><\/p>\n<p class=\"p1\"><span class=\"s1\"><b>\u00a0<\/b><\/span><\/p>\n<p class=\"p1\"><span class=\"s1\">Hauteur : 164 cm<\/span><\/p>\n<p class=\"p1\"><span class=\"s1\">\u00a0<\/span><\/p>\n<p class=\"p1\"><span class=\"s1\">Bois de ch\u00e2taignier<\/span><\/p>\n<p class=\"p1\"><span class=\"s1\">Parfait \u00e9tat de conservation<\/span><\/p>\n<p>&nbsp;<\/p>\n<p>&nbsp;<\/p>\n[dt_button size=\"small\" style=\"default\" animation=\"none\" color_mode=\"default\" icon=\"\" icon_align=\"left\" color=\"\" link=\"mailto:gabrielle-laroche@wanadoo.fr?subject=106_CHRIST DE D\u00c9POSITION DE CROIX\" target_blank=\"true\"]DEMANDE D&rsquo;INFORMATIONS[\/dt_button]\n<p>&nbsp;<\/p>\n<p><a href=\"\/fr\/antiquites\/sculpture\/\">Retour aux sculptures<\/a><\/p>\n","protected":false},"featured_media":1452,"template":"","meta":[],"product_brand":[],"product_cat":[32],"product_tag":[],"class_list":{"0":"post-1450","1":"product","2":"type-product","3":"status-publish","4":"has-post-thumbnail","6":"product_cat-sculptures","7":"description-off","9":"first","10":"instock","11":"shipping-taxable","12":"product-type-simple"},"aioseo_notices":[],"_links":{"self":[{"href":"https:\/\/www.gabrielle-laroche.com\/fr\/wp-json\/wp\/v2\/product\/1450","targetHints":{"allow":["GET"]}}],"collection":[{"href":"https:\/\/www.gabrielle-laroche.com\/fr\/wp-json\/wp\/v2\/product"}],"about":[{"href":"https:\/\/www.gabrielle-laroche.com\/fr\/wp-json\/wp\/v2\/types\/product"}],"wp:featuredmedia":[{"embeddable":true,"href":"https:\/\/www.gabrielle-laroche.com\/fr\/wp-json\/wp\/v2\/media\/1452"}],"wp:attachment":[{"href":"https:\/\/www.gabrielle-laroche.com\/fr\/wp-json\/wp\/v2\/media?parent=1450"}],"wp:term":[{"taxonomy":"product_brand","embeddable":true,"href":"https:\/\/www.gabrielle-laroche.com\/fr\/wp-json\/wp\/v2\/product_brand?post=1450"},{"taxonomy":"product_cat","embeddable":true,"href":"https:\/\/www.gabrielle-laroche.com\/fr\/wp-json\/wp\/v2\/product_cat?post=1450"},{"taxonomy":"product_tag","embeddable":true,"href":"https:\/\/www.gabrielle-laroche.com\/fr\/wp-json\/wp\/v2\/product_tag?post=1450"}],"curies":[{"name":"wp","href":"https:\/\/api.w.org\/{rel}","templated":true}]}}