

{"id":1479,"date":"2021-03-31T03:30:17","date_gmt":"2021-03-31T01:30:17","guid":{"rendered":"http:\/\/mrplwpw.cluster030.hosting.ovh.net\/?post_type=product&#038;p=1479"},"modified":"2023-11-17T14:52:52","modified_gmt":"2023-11-17T13:52:52","slug":"bois-sculpte-dapplique-representant-une-sirene-ailee","status":"publish","type":"product","link":"https:\/\/www.gabrielle-laroche.com\/fr\/product\/bois-sculpte-dapplique-representant-une-sirene-ailee\/","title":{"rendered":"BOIS SCULPT\u00c9 D\u2019APPLIQUE REPR\u00c9SENTANT UNE SIR\u00c8NE AIL\u00c9E"},"content":{"rendered":"<div class=\"wpb-content-wrapper\"><p>[vc_row][vc_column width=\u00a0\u00bb1\/2&Prime;][vc_column_text]<\/p>\n<p style=\"text-align: justify;\">Dans l\u2019Europe m\u00e9di\u00e9vale et plus encore au d\u00e9but du 16e si\u00e8cle, les animaux fantastiques se rencontrent dans les Bestiaires, genre litt\u00e9raire s\u2019apparentant \u00e0 la po\u00e9sie.<br \/>\nDans un but d\u2019enseignements moral ou religieux, le Bestiaire utilise les caract\u00e8res particuliers d\u2019animaux, vivants ou cr\u00e9\u00e9s de toutes pi\u00e8ces et interpr\u00e9t\u00e9s de mani\u00e8re symbolique.<\/p>\n<p style=\"text-align: justify;\">Durant les si\u00e8cles suivants, malgr\u00e9 les progr\u00e8s d\u2019une science qui am\u00e8ne \u00e0 la connaisssance approfondie d\u2019un monde zoologique d\u2019une extr\u00eame compl\u00e9xit\u00e9, les animaux imaginaires ont continu\u00e9 d\u2019avoir dans notre culture occidentale une place pr\u00e9pond\u00e9rante, en r\u00e9action peut-\u00eatre \u00e0 une logique et \u00e0 un fonctionnement de plus en plus cart\u00e9sien.<\/p>\n<p style=\"text-align: justify;\">L\u2019animal fantastique ail\u00e9 est le plus souvent hybride, c\u2019est \u00e0 dire compos\u00e9 d\u2019\u00e9l\u00e9ments sp\u00e9cifiques d\u2019esp\u00e8ces diff\u00e9rentes.<\/p>\n<p style=\"text-align: justify;\">C\u2019est le cas des sir\u00e8nes. Dans la mythologie elles ne sont pas figur\u00e9es telles que nous les connaissons aujourd\u2019hui sous la forme d\u2019\u00eatre aquatiques, mi-femme, mi-poisson, dont le corps se termine par une queue. Ce sont les auteurs chr\u00e9tiens qui en font \u00ab des jeunes filles de la mer qui trompent les navigateurs gr\u00e2ce \u00e0 leur grande beaut\u00e9 et la douceur de leur chant. De la t\u00eate au nombril, elles sont semblables au corps d\u2019une jeune vierge et au genre humain, mais elles poss\u00e8dent une queue de poisson \u00bb (cf. le Liber Monstronum). Originellement, la sir\u00e8ne est repr\u00e9sent\u00e9e comme une femme-oiseau ou un oiseau \u00e0 t\u00eate de femme et porte le nom de harpie.<\/p>\n<p style=\"text-align: justify;\">La sir\u00e8ne que nous pr\u00e9sentons, reprend la description type de la sir\u00e8ne \u00e9voqu\u00e9e plus haut \u00e0 l\u2019exception des bras symbolis\u00e9s par des feuilles d\u2019acanthe.<br \/>\nDerri\u00e8re son visage rond bien dessin\u00e9 se cachent des cheveux boucl\u00e9s ondoyant le long de petites ailes se terminant juste sous les \u00e9paules.<br \/>\nSon buste sobrement \u00e9voqu\u00e9 se termine par un drap\u00e9 pos\u00e9 sur ses hanches pr\u00e9sentant en son centre une grappe de raisins avec feuilles et fruits.<\/p>\n<p style=\"text-align: justify;\">La particularit\u00e9 de cette sir\u00e8ne r\u00e9side dans la pr\u00e9sence de deux queues de poisson aux \u00e9cailles finement sculpt\u00e9es, simulant deux jambes.<br \/>\nElles se terminent par deux nageoires caudales finement travaill\u00e9es elles-aussi.<\/p>\n<p style=\"text-align: justify;\">L\u2019harmonie et la beaut\u00e9 de cette sculpture r\u00e9side dans l\u2019\u00e9quilibre entre le travail sobre du buste mettant en avant la profondeur du tilleul et, la finesse du travail de sculpture des deux queues de poissons.<br \/>\nIl s\u2019agit d\u2019une parfait exemple de l\u2019\u0153uvre des sculpteurs de l\u2019Allemagne du Sud au d\u00e9but du XVIe si\u00e8cle.<\/p>\n<p>[\/vc_column_text][\/vc_column][vc_column width=\u00a0\u00bb1\/2&Prime;][\/vc_column][\/vc_row]<\/p>\n<\/div>","protected":false},"excerpt":{"rendered":"<h4>BOIS SCULPT\u00c9 D\u2019APPLIQUE REPR\u00c9SENTANT UNE SIR\u00c8NE AIL\u00c9E<\/h4>\n<p>&nbsp;<\/p>\n<p>ORIGINE : ALLEMAGNE DU SUD<br \/>\n\u00c9POQUE : XVIe SI\u00c8CLE<\/p>\n<p>&nbsp;<\/p>\n<p>Hauteur : 131 cm<\/p>\n<p>&nbsp;<\/p>\n<p>Bois de tilleul<br \/>\nBon restes de polychromie<\/p>\n<p>&nbsp;<\/p>\n<p>&nbsp;<\/p>\n[dt_button size=\"small\" style=\"default\" animation=\"none\" color_mode=\"default\" icon=\"\" icon_align=\"left\" color=\"\" link=\"mailto:gabrielle-laroche@wanadoo.fr?subject=113_BOIS SCULPT\u00c9 D\u2019APPLIQUE REPR\u00c9SENTANT UNE SIR\u00c8NE AIL\u00c9E\" target_blank=\"true\"]DEMANDE D&rsquo;INFORMATIONS[\/dt_button]\n<p>&nbsp;<\/p>\n<p><a href=\"\/fr\/antiquites\/sculpture\/\">Retour aux sculptures<\/a><\/p>\n","protected":false},"featured_media":10067,"template":"","meta":[],"product_brand":[],"product_cat":[32],"product_tag":[],"class_list":{"0":"post-1479","1":"product","2":"type-product","3":"status-publish","4":"has-post-thumbnail","6":"product_cat-sculptures","7":"description-off","9":"first","10":"instock","11":"shipping-taxable","12":"product-type-simple"},"aioseo_notices":[],"_links":{"self":[{"href":"https:\/\/www.gabrielle-laroche.com\/fr\/wp-json\/wp\/v2\/product\/1479","targetHints":{"allow":["GET"]}}],"collection":[{"href":"https:\/\/www.gabrielle-laroche.com\/fr\/wp-json\/wp\/v2\/product"}],"about":[{"href":"https:\/\/www.gabrielle-laroche.com\/fr\/wp-json\/wp\/v2\/types\/product"}],"wp:featuredmedia":[{"embeddable":true,"href":"https:\/\/www.gabrielle-laroche.com\/fr\/wp-json\/wp\/v2\/media\/10067"}],"wp:attachment":[{"href":"https:\/\/www.gabrielle-laroche.com\/fr\/wp-json\/wp\/v2\/media?parent=1479"}],"wp:term":[{"taxonomy":"product_brand","embeddable":true,"href":"https:\/\/www.gabrielle-laroche.com\/fr\/wp-json\/wp\/v2\/product_brand?post=1479"},{"taxonomy":"product_cat","embeddable":true,"href":"https:\/\/www.gabrielle-laroche.com\/fr\/wp-json\/wp\/v2\/product_cat?post=1479"},{"taxonomy":"product_tag","embeddable":true,"href":"https:\/\/www.gabrielle-laroche.com\/fr\/wp-json\/wp\/v2\/product_tag?post=1479"}],"curies":[{"name":"wp","href":"https:\/\/api.w.org\/{rel}","templated":true}]}}