

{"id":1483,"date":"2021-03-31T04:00:14","date_gmt":"2021-03-31T02:00:14","guid":{"rendered":"http:\/\/mrplwpw.cluster030.hosting.ovh.net\/?post_type=product&#038;p=1483"},"modified":"2023-03-17T16:45:20","modified_gmt":"2023-03-17T15:45:20","slug":"bois-sculpte-representant-une-tete-dange","status":"publish","type":"product","link":"https:\/\/www.gabrielle-laroche.com\/fr\/product\/bois-sculpte-representant-une-tete-dange\/","title":{"rendered":"BOIS SCULPT\u00c9 REPR\u00c9SENTANT UNE T\u00caTE D\u2019ANGE"},"content":{"rendered":"<div class=\"wpb-content-wrapper\"><p>[vc_row][vc_column width=\u00a0\u00bb1\/2&Prime;][vc_column_text]<\/p>\n<p style=\"text-align: justify;\">Ce visage aux yeux pro\u00e9minents, la bouche entrouverte et encadr\u00e9 de cheveux aux belles ondulations sym\u00e9triques, est peut \u00eatre celui de l\u2019Archange Gabriel.<\/p>\n<p>[\/vc_column_text][\/vc_column][vc_column width=\u00a0\u00bb1\/2&Prime;][\/vc_column][\/vc_row]<\/p>\n<\/div>","protected":false},"excerpt":{"rendered":"<h4>BOIS SCULPT\u00c9 REPR\u00c9SENTANT UNE T\u00caTE D\u2019ANGE<\/h4>\n<p>&nbsp;<\/p>\n<p>ORIGINE : EST DE LA FRANCE ou RHENANIE<br \/>\n\u00c9POQUE : XIVE SI\u00c8CLE, VERS 1350<\/p>\n<p>&nbsp;<\/p>\n<p>Hauteur : 47 cm<br \/>\nLargeur : 28 cm<br \/>\nProfondeur : 25 cm<\/p>\n<p>&nbsp;<\/p>\n<p>Bois de tilleul<\/p>\n<p>&nbsp;<\/p>\n<p>&nbsp;<\/p>\n[dt_button size=\"small\" style=\"default\" animation=\"none\" color_mode=\"default\" icon=\"\" icon_align=\"left\" color=\"\" link=\"mailto:gabrielle-laroche@wanadoo.fr?subject=125_BOIS SCULPT\u00c9 REPR\u00c9SENTANT UNE T\u00caTE D\u2019ANGE\" target_blank=\"true\"]DEMANDE D&rsquo;INFORMATIONS[\/dt_button]\n<p>&nbsp;<\/p>\n<p><a href=\"\/fr\/antiquites\/sculpture\/\">Retour aux sculptures<\/a><\/p>\n","protected":false},"featured_media":9022,"template":"","meta":[],"product_brand":[],"product_cat":[32],"product_tag":[],"class_list":{"0":"post-1483","1":"product","2":"type-product","3":"status-publish","4":"has-post-thumbnail","6":"product_cat-sculptures","7":"description-off","9":"first","10":"instock","11":"shipping-taxable","12":"product-type-simple"},"aioseo_notices":[],"_links":{"self":[{"href":"https:\/\/www.gabrielle-laroche.com\/fr\/wp-json\/wp\/v2\/product\/1483","targetHints":{"allow":["GET"]}}],"collection":[{"href":"https:\/\/www.gabrielle-laroche.com\/fr\/wp-json\/wp\/v2\/product"}],"about":[{"href":"https:\/\/www.gabrielle-laroche.com\/fr\/wp-json\/wp\/v2\/types\/product"}],"wp:featuredmedia":[{"embeddable":true,"href":"https:\/\/www.gabrielle-laroche.com\/fr\/wp-json\/wp\/v2\/media\/9022"}],"wp:attachment":[{"href":"https:\/\/www.gabrielle-laroche.com\/fr\/wp-json\/wp\/v2\/media?parent=1483"}],"wp:term":[{"taxonomy":"product_brand","embeddable":true,"href":"https:\/\/www.gabrielle-laroche.com\/fr\/wp-json\/wp\/v2\/product_brand?post=1483"},{"taxonomy":"product_cat","embeddable":true,"href":"https:\/\/www.gabrielle-laroche.com\/fr\/wp-json\/wp\/v2\/product_cat?post=1483"},{"taxonomy":"product_tag","embeddable":true,"href":"https:\/\/www.gabrielle-laroche.com\/fr\/wp-json\/wp\/v2\/product_tag?post=1483"}],"curies":[{"name":"wp","href":"https:\/\/api.w.org\/{rel}","templated":true}]}}