

{"id":1500,"date":"2021-03-31T04:45:55","date_gmt":"2021-03-31T02:45:55","guid":{"rendered":"http:\/\/mrplwpw.cluster030.hosting.ovh.net\/?post_type=product&#038;p=1500"},"modified":"2023-11-21T12:37:38","modified_gmt":"2023-11-21T11:37:38","slug":"moine-buste-reliquaire-polychrome","status":"publish","type":"product","link":"https:\/\/www.gabrielle-laroche.com\/fr\/product\/moine-buste-reliquaire-polychrome\/","title":{"rendered":"MOINE BUSTE RELIQUAIRE POLYCHROM\u00c9"},"content":{"rendered":"<div class=\"wpb-content-wrapper\"><p>[vc_row][vc_column width=\u00a0\u00bb1\/2&Prime;][vc_column_text]<\/p>\n<p class=\"p1\" style=\"text-align: justify;\"><span class=\"s1\">Le moine est repr\u00e9sent\u00e9 en buste, la t\u00eate droite, pos\u00e9e sur un large cou. Son visage ovale est marqu\u00e9 par des pommettes hautes et l\u00e9g\u00e8rement saillantes, des joues quelque peu creus\u00e9es et une m\u00e2choire puissante dont le menton pr\u00e9sente une fossette. Ses deux yeux en amande s\u2019ouvrent sous des arcades sourcili\u00e8res pro\u00e9minentes \u00e0 la courbe bien dessin\u00e9e. Son nez, qui sans doute, autrefois, fut droit, \u00e0 aujourd\u2019hui perdu son arr\u00eate. Sa bouche \u00e9troite, aux l\u00e8vres menues l\u00e9g\u00e8rement entre-ouvertes semble laisser \u00e9chapper un soupir.<\/span><\/p>\n<p class=\"p1\" style=\"text-align: justify;\"><span class=\"s1\">\u00a0<\/span><\/p>\n<p class=\"p1\" style=\"text-align: justify;\"><span class=\"s1\">Au-dessus de ses oreilles, sa t\u00eate para\u00eet ceinte d\u2019une couronne de cheveux aux m\u00e8ches ondul\u00e9es et autrefois rehauss\u00e9es d\u2019or, tels que le laissent deviner les quelques vestiges qui persistent encore. Le haut de son crane porte la tonsure traditionnelle des moines. Sa t\u00eate \u00e9merge au milieu de nombreux plis de son habit monastique. A sa robe vient se superposer un capuchon court \u00e0 col arrondis.\u00a0 Il semblerait d\u2019apr\u00e8s ce v\u00eatement que le moine appartienne \u00e0 l\u2019ordre des Franciscains, ordre mendiant fond\u00e9 par Saint-Fran\u00e7ois d\u2019Assise en 1210.\u00a0<\/span><\/p>\n<p class=\"p1\" style=\"text-align: justify;\"><span class=\"s1\">Sur sa poitrine, un petit \u00e9dicule compos\u00e9 de deux colonnes surmont\u00e9es d\u2019un fronton triangulaire servait de r\u00e9ceptacle aux reliques destin\u00e9es \u00e0 la pi\u00e9t\u00e9 des fid\u00e8les.<\/span><\/p>\n<p class=\"p1\" style=\"text-align: justify;\"><span class=\"s1\">Le dos plat et non travaill\u00e9 laisse penser que ce buste-reliquaire n\u2019\u00e9tait destin\u00e9 \u00e0 \u00eatre vu que de face. Sans doute \u00e9tait-il appliqu\u00e9 contre un mur, sur un autel ou une tribune d\u2019ostension. L\u2019int\u00e9rieur de la statue est \u00e9vid\u00e9.<\/span><\/p>\n<p class=\"p1\" style=\"text-align: justify;\"><span class=\"s1\">\u00a0<\/span><\/p>\n<p class=\"p1\" style=\"text-align: justify;\"><span class=\"s1\">C\u2019est l\u00e0 le visage d\u2019un homme d\u2019\u00e2ge m\u00fbr, ses joues tendres adoucissent l\u2019expression l\u00e9g\u00e8rement tragique que semblent lui conf\u00e9rer sa bouche ouverte et son regard lointain. Le model\u00e9 parfaitement rendu, la finesse et la d\u00e9licatesse de l\u2019expression, pleine de r\u00e9serve sugg\u00e8rent qu\u2019il s\u2019agit de l\u2019\u0153uvre d\u2019un ma\u00eetre Italien. Plein de naturel et de simplicit\u00e9, la psychologie int\u00e9rioris\u00e9e du moine place la r\u00e9alisation de ce reliquaire \u00e0 la fin du XVe si\u00e8cle ou au d\u00e9but du si\u00e8cle suivant, ce que semble confirmer la mollesse des plis de son capuchon.<\/span><\/p>\n<p>[\/vc_column_text][\/vc_column][vc_column width=\u00a0\u00bb1\/2&Prime;][\/vc_column][\/vc_row]<\/p>\n<\/div>","protected":false},"excerpt":{"rendered":"<h4>MOINE BUSTE RELIQUAIRE POLYCHROM\u00c9<\/h4>\n<p>&nbsp;<\/p>\n<p><strong>ORIGINE :<\/strong> ITALIE<br \/>\n<strong>\u00c9POQUE :<\/strong> FIN XVE &#8211; D\u00c9BUT XVIe SI\u00c8CLE, VERS 1500<\/p>\n<p>&nbsp;<\/p>\n<p>Hauteur : 50 cm<br \/>\nLargeur : 42 cm<br \/>\nProfondeur : 15 cm<\/p>\n<p>&nbsp;<\/p>\n<p>Bon \u00e9tat de conservation<br \/>\nTrace de polychromie et d\u2019or<\/p>\n<p>&nbsp;<\/p>\n<p>&nbsp;<\/p>\n[dt_button size=\"small\" style=\"default\" animation=\"none\" color_mode=\"default\" icon=\"\" icon_align=\"left\" color=\"\" link=\"mailto:gabrielle-laroche@wanadoo.fr?subject=174_MOINE BUSTE RELIQUAIRE POLYCHROM\u00c9\" target_blank=\"true\"]DEMANDE D&rsquo;INFORMATIONS[\/dt_button]\n<p>&nbsp;<\/p>\n<p><a href=\"\/fr\/antiquites\/sculpture\/\">Retour aux sculptures<\/a><\/p>\n","protected":false},"featured_media":10082,"template":"","meta":[],"product_brand":[],"product_cat":[32],"product_tag":[],"class_list":{"0":"post-1500","1":"product","2":"type-product","3":"status-publish","4":"has-post-thumbnail","6":"product_cat-sculptures","7":"description-off","9":"first","10":"instock","11":"shipping-taxable","12":"product-type-simple"},"aioseo_notices":[],"_links":{"self":[{"href":"https:\/\/www.gabrielle-laroche.com\/fr\/wp-json\/wp\/v2\/product\/1500","targetHints":{"allow":["GET"]}}],"collection":[{"href":"https:\/\/www.gabrielle-laroche.com\/fr\/wp-json\/wp\/v2\/product"}],"about":[{"href":"https:\/\/www.gabrielle-laroche.com\/fr\/wp-json\/wp\/v2\/types\/product"}],"wp:featuredmedia":[{"embeddable":true,"href":"https:\/\/www.gabrielle-laroche.com\/fr\/wp-json\/wp\/v2\/media\/10082"}],"wp:attachment":[{"href":"https:\/\/www.gabrielle-laroche.com\/fr\/wp-json\/wp\/v2\/media?parent=1500"}],"wp:term":[{"taxonomy":"product_brand","embeddable":true,"href":"https:\/\/www.gabrielle-laroche.com\/fr\/wp-json\/wp\/v2\/product_brand?post=1500"},{"taxonomy":"product_cat","embeddable":true,"href":"https:\/\/www.gabrielle-laroche.com\/fr\/wp-json\/wp\/v2\/product_cat?post=1500"},{"taxonomy":"product_tag","embeddable":true,"href":"https:\/\/www.gabrielle-laroche.com\/fr\/wp-json\/wp\/v2\/product_tag?post=1500"}],"curies":[{"name":"wp","href":"https:\/\/api.w.org\/{rel}","templated":true}]}}