

{"id":1525,"date":"2021-03-31T07:00:28","date_gmt":"2021-03-31T05:00:28","guid":{"rendered":"http:\/\/mrplwpw.cluster030.hosting.ovh.net\/?post_type=product&#038;p=1525"},"modified":"2024-01-03T17:00:03","modified_gmt":"2024-01-03T16:00:03","slug":"bois-sculpte-representant-saint-jacques-le-majeur-en-habit","status":"publish","type":"product","link":"https:\/\/www.gabrielle-laroche.com\/fr\/product\/bois-sculpte-representant-saint-jacques-le-majeur-en-habit\/","title":{"rendered":"BOIS SCULPT\u00c9 REPR\u00c9SENTANT SAINT-JACQUES LE MAJEUR EN HABIT"},"content":{"rendered":"<div class=\"wpb-content-wrapper\"><p>[vc_row][vc_column width=\u00a0\u00bb1\/2&Prime;][vc_column_text]<\/p>\n<p class=\"p1\" style=\"text-align: justify;\"><span class=\"s1\">Le saint repr\u00e9sent\u00e9 ici est Saint Jacques le Majeur, fr\u00e8re de saint Jean l&rsquo;Evang\u00e9liste avec lequel il fut appel\u00e9 par le Christ pour devenir apr\u00e8s Pierre et Andr\u00e9, un des ap\u00f4tres. On ne sait rien de son activit\u00e9 apr\u00e8s l&rsquo;Ascension. Il aurait \u00e9t\u00e9 d\u00e9capit\u00e9 en 44 ap J.C. sur l&rsquo;ordre de H\u00e9rode Agrippa.<\/span><\/p>\n<p class=\"p1\" style=\"text-align: justify;\"><span class=\"s1\">\u00a0<\/span><\/p>\n<p class=\"p1\" style=\"text-align: justify;\"><span class=\"s1\">Jacques serait venu pr\u00eacher l&rsquo;Evangile en Espagne o\u00f9 il aurait d\u00e9barqu\u00e9 \u00e0 Carthag\u00e8ne et o\u00f9 la Vierge lui serait apparue \u00e0 Saragosse au sommet d&rsquo;une colonne de jaspe entour\u00e9e d&rsquo;anges.<\/span><\/p>\n<p class=\"p1\" style=\"text-align: justify;\"><span class=\"s1\">Plus tard ce serait dans la province de Galice que le corps de l&rsquo;ap\u00f4tre aurait \u00e9t\u00e9 amen\u00e9 apr\u00e8s son martyr dans une barque conduite par un ange.<\/span><\/p>\n<p class=\"p1\" style=\"text-align: justify;\"><span class=\"s1\">En r\u00e9alit\u00e9 saint Jacques n&rsquo;est jamais venu en Espagne et ses reliques n&rsquo;ont jamais \u00e9t\u00e9 transport\u00e9es en Galice. Cette l\u00e9gende est n\u00e9e de la croisade contre les Maures et du p\u00e9lerinage de Compostelle. Le p\u00e8lerinage, organis\u00e9 par les moines de Cluny pour secourir les chr\u00e9tiens d&rsquo;Espagne, date du Xe si\u00e8cle.<\/span><\/p>\n<p class=\"p1\" style=\"text-align: justify;\"><span class=\"s1\">\u00a0<\/span><\/p>\n<p class=\"p1\" style=\"text-align: justify;\"><span class=\"s1\">Ici le saint est habill\u00e9 en p\u00e8lerin, une des trois iconographies sous lequel il est repr\u00e9sent\u00e9, avec celle de l&rsquo;ap\u00f4tre et celle du chevalier combattant les Maures.<\/span><\/p>\n<p class=\"p1\" style=\"text-align: justify;\"><span class=\"s1\">Il est v\u00eatu d&rsquo;une tunique courte, d&rsquo;un manteau sur l&rsquo;\u00e9paule gauche et de chaussures contrairement aux repr\u00e9sentations habituelles des ap\u00f4tres. Il est coiff\u00e9 d&rsquo;un chapeau \u00e0 larges bords garni de deux coquilles qui laisse appara\u00eetre de courtes boucles devant et de plus longues m\u00e8ches \u00e0 l&rsquo;arri\u00e8re. Il porte le bagage habituel du p\u00e8lerin, la panneti\u00e8re.<\/span><\/p>\n<p class=\"p1\" style=\"text-align: justify;\"><span class=\"s1\">Son visage \u00e9maci\u00e9, tr\u00e8s vivant, garni d&rsquo;une moustache et d&rsquo;une longue barbe aux belles ondulations t\u00e9moigne de l&rsquo;excellente maitrise du sculpteur qui a r\u00e9alis\u00e9 cette \u0153uvre.<\/span><\/p>\n<p class=\"p1\" style=\"text-align: justify;\"><span class=\"s1\">Cette sculpture devait faire partie d&rsquo;un groupe sculpt\u00e9 plus important.<\/span><\/p>\n<p>[\/vc_column_text][\/vc_column][vc_column width=\u00a0\u00bb1\/2&Prime;][\/vc_column][\/vc_row]<\/p>\n<\/div>","protected":false},"excerpt":{"rendered":"<h4>BOIS SCULPT\u00c9 REPR\u00c9SENTANT SAINT-JACQUES LE MAJEUR EN HABIT<\/h4>\n<p>&nbsp;<\/p>\n<p>ORIGINE : FRANCE<br \/>\n\u00c9POQUE : XVe SI\u00c8CLE<\/p>\n<p>&nbsp;<\/p>\n<p>Hauteur : 116 cm<br \/>\nLargeur : 32 cm<br \/>\nProfondeur : 20 cm<\/p>\n<p>&nbsp;<\/p>\n<p>Bois de ch\u00eane<\/p>\n<p>Restes de polychromie<\/p>\n<p>&nbsp;<\/p>\n<p>&nbsp;<\/p>\n[dt_button size=\"small\" style=\"default\" animation=\"none\" color_mode=\"default\" icon=\"\" icon_align=\"left\" color=\"\" link=\"mailto:gabrielle-laroche@wanadoo.fr?subject=150_BOIS SCULPT\u00c9 REPR\u00c9SENTANT SAINT-JACQUES LE MAJEUR EN HABIT\" target_blank=\"true\"]DEMANDE D&rsquo;INFORMATIONS[\/dt_button]\n<p>&nbsp;<\/p>\n<p><a href=\"\/fr\/antiquites\/sculpture\/\">Retour aux sculptures<\/a><\/p>\n","protected":false},"featured_media":4289,"template":"","meta":[],"product_brand":[],"product_cat":[32],"product_tag":[],"class_list":{"0":"post-1525","1":"product","2":"type-product","3":"status-publish","4":"has-post-thumbnail","6":"product_cat-sculptures","7":"description-off","9":"first","10":"instock","11":"shipping-taxable","12":"product-type-simple"},"aioseo_notices":[],"_links":{"self":[{"href":"https:\/\/www.gabrielle-laroche.com\/fr\/wp-json\/wp\/v2\/product\/1525","targetHints":{"allow":["GET"]}}],"collection":[{"href":"https:\/\/www.gabrielle-laroche.com\/fr\/wp-json\/wp\/v2\/product"}],"about":[{"href":"https:\/\/www.gabrielle-laroche.com\/fr\/wp-json\/wp\/v2\/types\/product"}],"wp:featuredmedia":[{"embeddable":true,"href":"https:\/\/www.gabrielle-laroche.com\/fr\/wp-json\/wp\/v2\/media\/4289"}],"wp:attachment":[{"href":"https:\/\/www.gabrielle-laroche.com\/fr\/wp-json\/wp\/v2\/media?parent=1525"}],"wp:term":[{"taxonomy":"product_brand","embeddable":true,"href":"https:\/\/www.gabrielle-laroche.com\/fr\/wp-json\/wp\/v2\/product_brand?post=1525"},{"taxonomy":"product_cat","embeddable":true,"href":"https:\/\/www.gabrielle-laroche.com\/fr\/wp-json\/wp\/v2\/product_cat?post=1525"},{"taxonomy":"product_tag","embeddable":true,"href":"https:\/\/www.gabrielle-laroche.com\/fr\/wp-json\/wp\/v2\/product_tag?post=1525"}],"curies":[{"name":"wp","href":"https:\/\/api.w.org\/{rel}","templated":true}]}}