

{"id":1529,"date":"2021-03-31T02:30:14","date_gmt":"2021-03-31T00:30:14","guid":{"rendered":"http:\/\/mrplwpw.cluster030.hosting.ovh.net\/?post_type=product&#038;p=1529"},"modified":"2021-04-19T17:33:00","modified_gmt":"2021-04-19T15:33:00","slug":"element-de-retable-anversois-representant-un-guerrier","status":"publish","type":"product","link":"https:\/\/www.gabrielle-laroche.com\/fr\/product\/element-de-retable-anversois-representant-un-guerrier\/","title":{"rendered":"\u00c9L\u00c9MENT DE RETABLE ANVERSOIS REPR\u00c9SENTANT UN GUERRIER"},"content":{"rendered":"<div class=\"wpb-content-wrapper\"><p>[vc_row][vc_column width=\u00a0\u00bb1\/2&Prime;][vc_column_text]<\/p>\n<p style=\"text-align: justify;\">Ce personnage au caract\u00e8re bien marqu\u00e9, sculpt\u00e9 dans un bois de ch\u00eane, provient certainement d&rsquo;un ensemble plus important illustrant une sc\u00e8ne de la vie du Christ par exemple.<\/p>\n<p style=\"text-align: justify;\">Il est repr\u00e9sent\u00e9 le bras droit lev\u00e9 vers l&rsquo;arri\u00e8re pr\u00eat \u00e0 frapper avec l&rsquo;objet qu&rsquo;il tenait dans la main.<\/p>\n<p style=\"text-align: justify;\">Il est v\u00eatu comme un guerrier, d&rsquo;une armure couvrant le buste, par-dessus une tunique longue.<\/p>\n<p style=\"text-align: justify;\">Repr\u00e9sent\u00e9 de mani\u00e8re tr\u00e8s r\u00e9aliste\u00a0: la bouche ouverte laissant appara\u00eetre trois dents et les rides de l&rsquo;\u00e2ge marqu\u00e9es sur le c\u00f4t\u00e9 du menton et sur le cou.<\/p>\n<p style=\"text-align: justify;\">Il rappelle les nombreux visages des personnages repr\u00e9sent\u00e9s dans les retables flamands.<\/p>\n<p>[\/vc_column_text][\/vc_column][vc_column width=\u00a0\u00bb1\/2&Prime;][\/vc_column][\/vc_row]<\/p>\n<\/div>","protected":false},"excerpt":{"rendered":"<h4>\u00c9L\u00c9MENT DE RETABLE ANVERSOIS REPR\u00c9SENTANT UN GUERRIER<\/h4>\n<p>&nbsp;<\/p>\n<p>ORIGINE : FLANDRES, ANVERS<br \/>\n\u00c9POQUE : XVe SI\u00c8CLE<\/p>\n<p>&nbsp;<\/p>\n<p>Hauteur : 50 cm avec le socle<br \/>\nHauteur : 38.5 cm sans le socle<br \/>\nLargeur : 21.5 cm<\/p>\n<p>&nbsp;<\/p>\n<p>Bois de ch\u00eane<\/p>\n<p>Polychromie conserv\u00e9e sur le visage<\/p>\n<p>&nbsp;<\/p>\n<p>&nbsp;<\/p>\n[dt_button size=\"small\" style=\"default\" animation=\"none\" color_mode=\"default\" icon=\"\" icon_align=\"left\" color=\"\" link=\"mailto:gabrielle-laroche@wanadoo.fr?subject=124_\u00c9L\u00c9MENT DE RETABLE ANVERSOIS REPR\u00c9SENTANT UN GUERRIER\" target_blank=\"true\"]DEMANDE D&rsquo;INFORMATIONS[\/dt_button]\n<p>&nbsp;<\/p>\n<p><a href=\"\/fr\/antiquites\/sculpture\/\">Retour aux sculptures<\/a><\/p>\n","protected":false},"featured_media":1531,"template":"","meta":[],"product_brand":[],"product_cat":[32],"product_tag":[],"class_list":{"0":"post-1529","1":"product","2":"type-product","3":"status-publish","4":"has-post-thumbnail","6":"product_cat-sculptures","7":"description-off","9":"first","10":"instock","11":"shipping-taxable","12":"product-type-simple"},"aioseo_notices":[],"_links":{"self":[{"href":"https:\/\/www.gabrielle-laroche.com\/fr\/wp-json\/wp\/v2\/product\/1529","targetHints":{"allow":["GET"]}}],"collection":[{"href":"https:\/\/www.gabrielle-laroche.com\/fr\/wp-json\/wp\/v2\/product"}],"about":[{"href":"https:\/\/www.gabrielle-laroche.com\/fr\/wp-json\/wp\/v2\/types\/product"}],"wp:featuredmedia":[{"embeddable":true,"href":"https:\/\/www.gabrielle-laroche.com\/fr\/wp-json\/wp\/v2\/media\/1531"}],"wp:attachment":[{"href":"https:\/\/www.gabrielle-laroche.com\/fr\/wp-json\/wp\/v2\/media?parent=1529"}],"wp:term":[{"taxonomy":"product_brand","embeddable":true,"href":"https:\/\/www.gabrielle-laroche.com\/fr\/wp-json\/wp\/v2\/product_brand?post=1529"},{"taxonomy":"product_cat","embeddable":true,"href":"https:\/\/www.gabrielle-laroche.com\/fr\/wp-json\/wp\/v2\/product_cat?post=1529"},{"taxonomy":"product_tag","embeddable":true,"href":"https:\/\/www.gabrielle-laroche.com\/fr\/wp-json\/wp\/v2\/product_tag?post=1529"}],"curies":[{"name":"wp","href":"https:\/\/api.w.org\/{rel}","templated":true}]}}