

{"id":1545,"date":"2021-03-31T06:00:19","date_gmt":"2021-03-31T04:00:19","guid":{"rendered":"http:\/\/mrplwpw.cluster030.hosting.ovh.net\/?post_type=product&#038;p=1545"},"modified":"2021-07-27T12:32:02","modified_gmt":"2021-07-27T10:32:02","slug":"sculpture-en-ronde-bosse-representant-saint-roch","status":"publish","type":"product","link":"https:\/\/www.gabrielle-laroche.com\/fr\/product\/sculpture-en-ronde-bosse-representant-saint-roch\/","title":{"rendered":"SCULPTURE EN RONDE BOSSE REPR\u00c9SENTANT SAINT ROCH"},"content":{"rendered":"<div class=\"wpb-content-wrapper\"><p>[vc_row][vc_column width=\u00a0\u00bb1\/2&Prime;][vc_column_text]<\/p>\n<p class=\"p1\" style=\"text-align: justify;\"><span class=\"s1\">Saint pestif\u00e9r\u00e9 et antipesteux du XIVe si\u00e8cle, dont les biographies, fran\u00e7aises ou italiennes, de caract\u00e8re l\u00e9gendaire, ne datent que de la fin du XVe si\u00e8cle. On a pu dire qu\u2019il \u201c<em>\u00e9tait plus connu par la d\u00e9votion du peuple que par l\u2019histoire de sa vie<\/em>\u201d.<\/span><\/p>\n<p class=\"p1\" style=\"text-align: justify;\"><span class=\"s1\">Dans la croyance populaire de la fin du Moyen-\u00e2ge, saint Roch est un des saints intercesseurs invoqu\u00e9s contre les \u00e9pid\u00e9mies, notamment la peste, et pour cette raison souvent associ\u00e9 \u00e0 Saint S\u00e9bastien, autre grand protecteur des malades. Son culte ne se r\u00e9pand gu\u00e8re avant le XVe si\u00e8cle. N\u00e9 \u00e0 Montpellier au XIVe si\u00e8cle, Roch est le fils d\u2019un riche marchand de la ville. Ayant d\u00e9cid\u00e9 de devenir ermite, il passe la plus grande partie de sa vie en p\u00e8lerinage. Il reste ainsi trois ann\u00e9es \u00e0 Rome de 1368 \u00e0 1371. C\u2019est sur le chemin de retour qu\u2019il est atteint de la peste, end\u00e9mique en Europe apr\u00e8s la dramatique \u00e9pid\u00e9mie de 1348. Afin de ne pas propager davantage le fl\u00e9au le long de sa route, le saint se retire dans les bois. Miraculeusement, le chien d\u2019un seigneur voisin lui apporte chaque jour un pain et un ange descend du ciel pour le soigner. Ainsi gu\u00e9ri, il retourne \u00e0 Montpellier, ou bien en Lombardie pour soigner les pestif\u00e9r\u00e9s selon une autre l\u00e9gende.<\/span><\/p>\n<p class=\"p1\" style=\"text-align: justify;\"><span class=\"s1\">Saint Roch est un des saints les plus facilement reconnaissables de l\u2019iconographie chr\u00e9tienne. Sa p\u00e8lerine appel\u00e9e Sarrochino avec ses accessoires\u00a0traditionnels\u00a0: bourdon,\u00a0gourde et paneti\u00e8re, pourraient le faire confondre avec saint Jacques ou saint S\u00e9bald; mais il est le seul p\u00e8lerin qui d\u00e9couvre sur sa cuisse un bubon pestilentiel, qui soit pans\u00e9 par un ange et nourri par un chien lui apportant un pain dans sa gueule. Le bubon, l\u2019ange et le chien nourricier, tels sont les attributs\u00a0distinctifs\u00a0du saint patron de Montpellier et de Venise\u00a0<\/span><\/p>\n<p class=\"p1\" style=\"text-align: justify;\"><span class=\"s1\">L\u2019ange que Dieu aurait envoy\u00e9\u00a0\u00a0\u00e0 saint Roch dans la for\u00eat de Plaisance pour le soigner\u00a0\u00a0et le r\u00e9conforter apparait pour la premi\u00e8re fois en 1550 sur une gravure ornant le frontispice de sa biographie.\u00a0<\/span><\/p>\n<p class=\"p1\" style=\"text-align: justify;\"><span class=\"s1\">Le chien de saint Roch, aussi populaire que le cochon de saint Antoine, sous le nom de roquet, bien que ce mot n\u2019est aucune parent\u00e9 \u00e9tymologique avec le nom du saint, ne devient son compagnon ins\u00e9parable que dans l&rsquo;imagerie et les drapelets de p\u00e8lerinage du XVIe si\u00e8cle. Le plus souvent il est accroupi \u00e0 ses c\u00f4t\u00e9s et tient dans ses crocs le pain quotidien d\u00e9rob\u00e9 \u00e0 son ma\u00eetre.<\/span><\/p>\n<p class=\"p1\" style=\"text-align: justify;\"><span class=\"s1\">Saint Roch a souvent \u00e9t\u00e9 repr\u00e9sent\u00e9 isol\u00e9ment. Ici, v\u00eatu d\u2019une cape recouvrant sa tunique et du chapeau traditionnel de\u00a0p\u00e8lerin, il est accompagn\u00e9 de l\u2019ange en pied,\u00a0agenouill\u00e9 \u00e0 ses c\u00f4t\u00e9s. Ce dernier lui pr\u00e9sente une coupe.<\/span><\/p>\n<p class=\"p1\" style=\"text-align: justify;\"><span class=\"s1\">Ce personnage aux traits juv\u00e9niles, et \u00e0 la belle chevelure ondul\u00e9e, d\u00e9note par la finesse de ses traits, et la qualit\u00e9 du grain du bois de\u00a0tilleul, couleur miel.<\/span><\/p>\n<p class=\"p1\" style=\"text-align: justify;\"><span class=\"s1\">\u00a0<\/span><\/p>\n<p class=\"p1\" style=\"text-align: justify;\"><span class=\"s1\">\u00a0<\/span><\/p>\n<p class=\"p1\" style=\"text-align: justify;\"><span class=\"s1\"><b>Bibliographie<\/b><\/span><\/p>\n<p class=\"p1\" style=\"text-align: justify;\"><span class=\"s1\">Louis R\u00e9au, <em>Iconographie de l\u2019Art Chr\u00e9tien<\/em>, III\/3,\u00a0 PUF, Paris, 1959, pp. 1155-1161<\/span><\/p>\n<p class=\"p1\" style=\"text-align: justify;\"><span class=\"s1\">Jacques de Voragine, <em>La L\u00e9gende dor\u00e9e<\/em>, Flammarion, Paris, 1967<\/span><\/p>\n<p class=\"p1\" style=\"text-align: justify;\"><span class=\"s1\">Tardy, <em>Dictionnaire des th\u00e8mes et d\u00e9cors<\/em>, E. Tardy, Paris, 1957<\/span><\/p>\n<p>[\/vc_column_text][\/vc_column][vc_column width=\u00a0\u00bb1\/2&Prime;][\/vc_column][\/vc_row]<\/p>\n<\/div>","protected":false},"excerpt":{"rendered":"<h4>SCULPTURE EN RONDE BOSSE REPR\u00c9SENTANT SAINT ROCH<\/h4>\n<p>&nbsp;<\/p>\n<p>ORIGINE : TRAVAIL DES ATELIERS DE L\u2019ALLEMAGNE DU SUD<br \/>\n\u00c9POQUE : D\u00c9BUT XVIe SI\u00c8CLE<\/p>\n<p>&nbsp;<\/p>\n<p>Hauteur : 142 cm<br \/>\nLargeur : 41 cm<br \/>\nProfondeur : 26 cm<\/p>\n<p>&nbsp;<\/p>\n<p>Sculpture en ronde bosse<\/p>\n<p>Bois de tilleul avec traces de polychromie<\/p>\n<p>&nbsp;<\/p>\n<p>&nbsp;<\/p>\n[dt_button size=\"small\" style=\"default\" animation=\"none\" color_mode=\"default\" icon=\"\" icon_align=\"left\" color=\"\" link=\"mailto:gabrielle-laroche@wanadoo.fr?subject=117_SCULPTURE EN RONDE BOSSE REPR\u00c9SENTANT SAINT ROCH\" target_blank=\"true\"]DEMANDE D&rsquo;INFORMATIONS[\/dt_button]\n<p>&nbsp;<\/p>\n<p><a href=\"\/fr\/antiquites\/sculpture\/\">Retour aux sculptures<\/a><\/p>\n","protected":false},"featured_media":4247,"template":"","meta":[],"product_brand":[],"product_cat":[32],"product_tag":[],"class_list":{"0":"post-1545","1":"product","2":"type-product","3":"status-publish","4":"has-post-thumbnail","6":"product_cat-sculptures","7":"description-off","9":"first","10":"instock","11":"shipping-taxable","12":"product-type-simple"},"aioseo_notices":[],"_links":{"self":[{"href":"https:\/\/www.gabrielle-laroche.com\/fr\/wp-json\/wp\/v2\/product\/1545","targetHints":{"allow":["GET"]}}],"collection":[{"href":"https:\/\/www.gabrielle-laroche.com\/fr\/wp-json\/wp\/v2\/product"}],"about":[{"href":"https:\/\/www.gabrielle-laroche.com\/fr\/wp-json\/wp\/v2\/types\/product"}],"wp:featuredmedia":[{"embeddable":true,"href":"https:\/\/www.gabrielle-laroche.com\/fr\/wp-json\/wp\/v2\/media\/4247"}],"wp:attachment":[{"href":"https:\/\/www.gabrielle-laroche.com\/fr\/wp-json\/wp\/v2\/media?parent=1545"}],"wp:term":[{"taxonomy":"product_brand","embeddable":true,"href":"https:\/\/www.gabrielle-laroche.com\/fr\/wp-json\/wp\/v2\/product_brand?post=1545"},{"taxonomy":"product_cat","embeddable":true,"href":"https:\/\/www.gabrielle-laroche.com\/fr\/wp-json\/wp\/v2\/product_cat?post=1545"},{"taxonomy":"product_tag","embeddable":true,"href":"https:\/\/www.gabrielle-laroche.com\/fr\/wp-json\/wp\/v2\/product_tag?post=1545"}],"curies":[{"name":"wp","href":"https:\/\/api.w.org\/{rel}","templated":true}]}}