

{"id":1635,"date":"2021-03-31T11:30:03","date_gmt":"2021-03-31T09:30:03","guid":{"rendered":"http:\/\/mrplwpw.cluster030.hosting.ovh.net\/?post_type=product&#038;p=1635"},"modified":"2021-04-19T17:08:27","modified_gmt":"2021-04-19T15:08:27","slug":"vierge-a-lenfant-en-majeste-dite-sedes-sapientiae","status":"publish","type":"product","link":"https:\/\/www.gabrielle-laroche.com\/fr\/product\/vierge-a-lenfant-en-majeste-dite-sedes-sapientiae\/","title":{"rendered":"VIERGE \u00c0 L&rsquo;ENFANT EN MAJEST\u00c9 DITE \u00ab\u00a0SEDES SAPIENTIAE\u00a0\u00bb"},"content":{"rendered":"<div class=\"wpb-content-wrapper\"><p>[vc_row][vc_column width=\u00a0\u00bb1\/2&Prime;][vc_column_text]<\/p>\n<p class=\"p1\" style=\"text-align: justify;\"><span class=\"s1\">Au milieu du XIIe si\u00e8cle la Vierge prend place dans les \u00e9glises, si\u00e9geant en Majest\u00e9, servant de tr\u00f4ne \u00e0 son fils J\u00e9sus. Elle est alors dite <em>Sedes Sapientiae<\/em> soit <b>tr\u00f4ne de Sagesse<\/b>.<\/span><\/p>\n<p class=\"p1\" style=\"text-align: justify;\"><span class=\"s1\">Elle n\u2019est alors pas repr\u00e9sent\u00e9e pour elle-m\u00eame, et n\u2019a d\u2019existence que parce qu\u2019elle a \u00e9t\u00e9 d\u00e9sign\u00e9e comme\u00a0<em>Theotokos<\/em>, m\u00e8re de Dieu, au concile d\u2019Eph\u00e8se en 431 o\u00f9 a \u00e9t\u00e9 proclam\u00e9e la nature divine du Christ d\u00e8s sa naissance.<\/span><\/p>\n<p class=\"p1\" style=\"text-align: justify;\"><span class=\"s1\">Assise sur un banc-tr\u00f4ne, la Vierge porte l\u2019Enfant assis sur son genou gauche. Cette Vierge ceinte d\u2019une haute couronne, a le visage ovale avec de grands yeux pro\u00e9minents, un long nez droit et une bouche aux l\u00e8vres fines. La chevelure marqu\u00e9e par une raie m\u00e9diane est trait\u00e9e en grosse m\u00e8ches horizontales et parall\u00e8les. Elle est v\u00eatue d\u2019une robe ceintur\u00e9e, \u00e0 la simple encolure arrondie et blousante \u00e0 la taille ainsi que d\u2019un manteau dont un pan revient sur le genou droit en tombant en plis verticaux.<\/span><\/p>\n<p class=\"p1\" style=\"text-align: justify;\"><span class=\"s1\">L\u2019Enfant, la t\u00eate couronn\u00e9e, l\u00e8ve sa main droite dans un geste de b\u00e9n\u00e9diction.<\/span><\/p>\n<p class=\"p1\" style=\"text-align: justify;\"><span class=\"s1\">La position de l&rsquo;Enfant n&rsquo;est plus aussi hi\u00e9ratique, ni frontale qu&rsquo;au d\u00e9but du XIIe si\u00e8cle mais son visage reste dirig\u00e9 vers les fid\u00e8les.<\/span><\/p>\n<p>[\/vc_column_text][\/vc_column][vc_column width=\u00a0\u00bb1\/2&Prime;][\/vc_column][\/vc_row]<\/p>\n<\/div>","protected":false},"excerpt":{"rendered":"<h4>VIERGE \u00c0 L&rsquo;ENFANT EN MAJEST\u00c9 DITE \u00ab\u00a0<em>SEDES SAPIENTIAE\u00a0\u00bb<\/em><\/h4>\n<p>&nbsp;<\/p>\n<p>ORIGINE : CATALOGNE<br \/>\n\u00c9POQUE : D\u00c9BUT DU XIIIe SI\u00c8CLE<\/p>\n<p>&nbsp;<\/p>\n<p>Hauteur : 92 cm<br \/>\nLargeur : 45 cm<br \/>\nProfondeur : 20 cm<\/p>\n<p>&nbsp;<\/p>\n<p>Bois de ch\u00eane<\/p>\n<p>Erosion, manque visible, rebouchage<\/p>\n<p>&nbsp;<\/p>\n<p>&nbsp;<\/p>\n[dt_button size=\"small\" style=\"default\" animation=\"none\" color_mode=\"default\" icon=\"\" icon_align=\"left\" color=\"\" link=\"mailto:gabrielle-laroche@wanadoo.fr?subject=144_VIERGE \u00c0 L'ENFANT EN MAJEST\u00c9\" target_blank=\"true\"]DEMANDE D&rsquo;INFORMATIONS[\/dt_button]\n<p>&nbsp;<\/p>\n<p><a href=\"\/fr\/antiquites\/sculpture\/\">Retour aux sculptures<\/a><\/p>\n","protected":false},"featured_media":4208,"template":"","meta":[],"product_brand":[],"product_cat":[32],"product_tag":[],"class_list":{"0":"post-1635","1":"product","2":"type-product","3":"status-publish","4":"has-post-thumbnail","6":"product_cat-sculptures","7":"description-off","9":"first","10":"instock","11":"shipping-taxable","12":"product-type-simple"},"aioseo_notices":[],"_links":{"self":[{"href":"https:\/\/www.gabrielle-laroche.com\/fr\/wp-json\/wp\/v2\/product\/1635","targetHints":{"allow":["GET"]}}],"collection":[{"href":"https:\/\/www.gabrielle-laroche.com\/fr\/wp-json\/wp\/v2\/product"}],"about":[{"href":"https:\/\/www.gabrielle-laroche.com\/fr\/wp-json\/wp\/v2\/types\/product"}],"wp:featuredmedia":[{"embeddable":true,"href":"https:\/\/www.gabrielle-laroche.com\/fr\/wp-json\/wp\/v2\/media\/4208"}],"wp:attachment":[{"href":"https:\/\/www.gabrielle-laroche.com\/fr\/wp-json\/wp\/v2\/media?parent=1635"}],"wp:term":[{"taxonomy":"product_brand","embeddable":true,"href":"https:\/\/www.gabrielle-laroche.com\/fr\/wp-json\/wp\/v2\/product_brand?post=1635"},{"taxonomy":"product_cat","embeddable":true,"href":"https:\/\/www.gabrielle-laroche.com\/fr\/wp-json\/wp\/v2\/product_cat?post=1635"},{"taxonomy":"product_tag","embeddable":true,"href":"https:\/\/www.gabrielle-laroche.com\/fr\/wp-json\/wp\/v2\/product_tag?post=1635"}],"curies":[{"name":"wp","href":"https:\/\/api.w.org\/{rel}","templated":true}]}}