

{"id":1654,"date":"2021-03-31T13:00:17","date_gmt":"2021-03-31T11:00:17","guid":{"rendered":"http:\/\/mrplwpw.cluster030.hosting.ovh.net\/?post_type=product&#038;p=1654"},"modified":"2021-04-19T17:07:00","modified_gmt":"2021-04-19T15:07:00","slug":"vierge-a-lenfant-en-majeste-sedes-sapientiae-dite-trone-de-sagesse","status":"publish","type":"product","link":"https:\/\/www.gabrielle-laroche.com\/fr\/product\/vierge-a-lenfant-en-majeste-sedes-sapientiae-dite-trone-de-sagesse\/","title":{"rendered":"VIERGE \u00c0 L&rsquo;ENFANT EN MAJEST\u00c9 \u00ab\u00a0SEDES SAPIENTIAE\u00a0\u00bb DITE TR\u00d4NE DE SAGESSE"},"content":{"rendered":"<div class=\"wpb-content-wrapper\"><p>[vc_row][vc_column width=\u00a0\u00bb1\/2&Prime;][vc_column_text]<\/p>\n<p class=\"p1\" style=\"text-align: justify;\"><span class=\"s1\">Au milieu du XIIe si\u00e8cle, la Vierge prend place dans les \u00e9glises, si\u00e9geant en Majest\u00e9, servant de tr\u00f4ne \u00e0 son fils J\u00e9sus. Elle est alors dite Sedes Sapientiae soit tr\u00f4ne de Sagesse.<\/span><\/p>\n<p class=\"p1\" style=\"text-align: justify;\"><span class=\"s1\">Elle n\u2019est alors pas repr\u00e9sent\u00e9e pour elle-m\u00eame, et n\u2019a d\u2019existence que parce qu\u2019elle a \u00e9t\u00e9 d\u00e9sign\u00e9e comme\u00a0Theotokos, m\u00e8re de Dieu, au concile d\u2019Eph\u00e8se en 431 o\u00f9 a \u00e9t\u00e9 proclam\u00e9e la nature divine du Christ d\u00e8s sa naissance.<\/span><\/p>\n<p class=\"p1\" style=\"text-align: justify;\"><span class=\"s1\"><b>Les Vierges \u00e0 l\u2019Enfant en Majest\u00e9 furent un th\u00e8me iconographique particuli\u00e8rement important durant l\u2019\u00e9poque m\u00e9di\u00e9vale.<\/b> Les p\u00e8lerinages encourag\u00e8rent leur d\u00e9veloppement tout en diffusant les mod\u00e8les. On en retrouve tant en France, qu\u2019en Allemagne, en Belgique, en Scandinavie, en Angleterre, en Italie, en Espagne\u2026<\/span><\/p>\n<p class=\"p1\" style=\"text-align: justify;\"><span class=\"s1\">Cette Vierge \u00e0 l&rsquo;Enfant assise sur un tr\u00f4ne dont on aper\u00e7oit les deux montants, pr\u00e9sente l&rsquo;Enfant J\u00e9sus qu&rsquo;elle tient de sa main gauche, assis sur son genou gauche, en position frontale.<\/span><\/p>\n<p class=\"p1\" style=\"text-align: justify;\"><span class=\"s1\">La Vierge porte des v\u00eatements souples au trac\u00e9 longiligne. Elle est v\u00eatue d\u2019une robe ceintur\u00e9e \u00e0 la simple encolure arrondie et d\u2019un manteau dont un pan revient sur le genou droit en tombant en plis verticaux.<\/span><\/p>\n<p class=\"p1\" style=\"text-align: justify;\"><span class=\"s1\">La Vierge couronn\u00e9e au visage fin, au nez droit, \u00e0 la bouche menue, porte un voile court plac\u00e9 tr\u00e8s haut sur le front et rejet\u00e9 \u00e0 l&rsquo;arri\u00e8re des \u00e9paules.<\/span><\/p>\n<p class=\"p1\" style=\"text-align: justify;\"><span class=\"s1\">L&rsquo;Enfant J\u00e9sus porte un manteau rouge sur une longue tunique laissant d\u00e9passer ses petits pieds.<\/span><\/p>\n<p class=\"p1\" style=\"text-align: justify;\"><span class=\"s1\">La position de l&rsquo;Enfant n&rsquo;est plus aussi hi\u00e9ratique, ni frontale qu&rsquo;au d\u00e9but du XIIe si\u00e8cle mais son visage reste dirig\u00e9 vers les fid\u00e8les. De plus, \u00e0 partir du XIIIe si\u00e8cle, l\u2019Enfant va se positionner sur le c\u00f4t\u00e9.<\/span><\/p>\n<p class=\"p1\" style=\"text-align: justify;\"><span class=\"s1\"><b>L&rsquo;identit\u00e9 des visages de l&rsquo;Enfant J\u00e9sus et de sa m\u00e8re indique, par la ressemblance, la notion de descendance et par l&rsquo;\u00e2ge avanc\u00e9 de l&rsquo;Enfant, sa pr\u00e9existence par rapport \u00e0 celle de sa m\u00e8re. On peut constater la similitude des deux profils et celle des regards.<\/b><\/span><\/p>\n<p class=\"p1\" style=\"text-align: justify;\"><span class=\"s1\">Toutes ces caract\u00e9ristiques permettent de situer cette Vierge \u00e0 l\u2019Enfant comme \u00e9tant du Nord de l\u2019Espagne.<\/span><\/p>\n<p class=\"p1\" style=\"text-align: justify;\"><span class=\"s1\">Elle est en outre r\u00e9v\u00e9latrice des diverses influences subies et assimil\u00e9es par l\u2019art espagnol du d\u00e9but du XIIIe si\u00e8cle. En effet, le culte marial espagnol se d\u00e9veloppa au VIIIe si\u00e8cle, au contact des p\u00e8lerins et des imagiers qui faisaient route vers Saint-Jacques de Compostelle, apportant avec eux des influences languedociennes et auvergnates notamment mais \u00e9galement d\u2019Ile-de-France, d\u00e8s le d\u00e9but du XIIIe si\u00e8cle.<\/span><\/p>\n<p class=\"p1\" style=\"text-align: justify;\"><span class=\"s1\"><b>Cette Vierge \u00e0 l\u2019Enfant appara\u00eet ainsi comme une tr\u00e8s belle r\u00e9alisation de l\u2019art du XIIIe si\u00e8cle espagnol.<\/b><\/span><\/p>\n<p class=\"p1\" style=\"text-align: justify;\"><span class=\"s1\">\u00a0<\/span><\/p>\n<p class=\"p1\" style=\"text-align: justify;\"><span class=\"s1\">\u00a0<\/span><\/p>\n<p class=\"p1\" style=\"text-align: justify;\"><span class=\"s1\"><b>Bibliographie<\/b><\/span><\/p>\n<p class=\"p1\" style=\"text-align: justify;\"><span class=\"s1\">Jacqueline Boccador, Edouard Bresset,<em> Statuaire m\u00e9di\u00e9vale de collection,<\/em> tome I, Les clefs du temps, 1972<\/span><\/p>\n<p class=\"p1\" style=\"text-align: justify;\"><span class=\"s1\">Ilene H. Forsyth, <em>The Throne of Wisdom\u00a0: Wood sculptures of the Madonna in Romanesque France<\/em>, Princeton University Press, 1972<\/span><\/p>\n<p class=\"p1\" style=\"text-align: justify;\"><span class=\"s1\">Galienne Francastel, <em>Le droit au tr\u00f4ne, un probl\u00e8me de pr\u00e9\u00e9minence dans l\u2019art chr\u00e9tien d\u2019Occident du IVe au XIIe s<\/em>, Paris, Klincksieck, 1973<\/span><\/p>\n<p>[\/vc_column_text][\/vc_column][vc_column width=\u00a0\u00bb1\/2&Prime;][\/vc_column][\/vc_row]<\/p>\n<\/div>","protected":false},"excerpt":{"rendered":"<h4>VIERGE \u00c0 L&rsquo;ENFANT EN MAJEST\u00c9 \u00ab\u00a0<em>SEDES SAPIENTIAE<\/em>\u00a0\u00bb DITE TR\u00d4NE DE SAGESSE<\/h4>\n<p>&nbsp;<\/p>\n<p>ORIGINE : NORD DE L\u2019ESPAGNE : CASTILLE, NAVARRE OU GALICE<br \/>\n\u00c9POQUE : D\u00c9BUT XIIIe SI\u00c8CLE<\/p>\n<p>&nbsp;<\/p>\n<p>Hauteur : 85 cm<br \/>\nLargeur : 23.5 cm<br \/>\nProfondeur : 19 cm<\/p>\n<p>&nbsp;<\/p>\n<p>Bois de tilleul ou peuplier<br \/>\nBons restes de polychromie<\/p>\n<p>&nbsp;<\/p>\n<p>&nbsp;<\/p>\n[dt_button size=\"small\" style=\"default\" animation=\"none\" color_mode=\"default\" icon=\"\" icon_align=\"left\" color=\"\" link=\"mailto:gabrielle-laroche@wanadoo.fr?subject=140_VIERGE \u00c0 L'ENFANT EN MAJEST\u00c9 DITE TR\u00d4NE DE SAGESSE\" target_blank=\"true\"]DEMANDE D&rsquo;INFORMATIONS[\/dt_button]\n<p>&nbsp;<\/p>\n<p><a href=\"\/fr\/antiquites\/sculpture\/\">Retour aux sculptures<\/a><\/p>\n","protected":false},"featured_media":1656,"template":"","meta":[],"product_brand":[],"product_cat":[32],"product_tag":[],"class_list":{"0":"post-1654","1":"product","2":"type-product","3":"status-publish","4":"has-post-thumbnail","6":"product_cat-sculptures","7":"description-off","9":"first","10":"instock","11":"shipping-taxable","12":"product-type-simple"},"aioseo_notices":[],"_links":{"self":[{"href":"https:\/\/www.gabrielle-laroche.com\/fr\/wp-json\/wp\/v2\/product\/1654","targetHints":{"allow":["GET"]}}],"collection":[{"href":"https:\/\/www.gabrielle-laroche.com\/fr\/wp-json\/wp\/v2\/product"}],"about":[{"href":"https:\/\/www.gabrielle-laroche.com\/fr\/wp-json\/wp\/v2\/types\/product"}],"wp:featuredmedia":[{"embeddable":true,"href":"https:\/\/www.gabrielle-laroche.com\/fr\/wp-json\/wp\/v2\/media\/1656"}],"wp:attachment":[{"href":"https:\/\/www.gabrielle-laroche.com\/fr\/wp-json\/wp\/v2\/media?parent=1654"}],"wp:term":[{"taxonomy":"product_brand","embeddable":true,"href":"https:\/\/www.gabrielle-laroche.com\/fr\/wp-json\/wp\/v2\/product_brand?post=1654"},{"taxonomy":"product_cat","embeddable":true,"href":"https:\/\/www.gabrielle-laroche.com\/fr\/wp-json\/wp\/v2\/product_cat?post=1654"},{"taxonomy":"product_tag","embeddable":true,"href":"https:\/\/www.gabrielle-laroche.com\/fr\/wp-json\/wp\/v2\/product_tag?post=1654"}],"curies":[{"name":"wp","href":"https:\/\/api.w.org\/{rel}","templated":true}]}}