

{"id":1664,"date":"2021-03-31T01:30:57","date_gmt":"2021-03-30T23:30:57","guid":{"rendered":"http:\/\/mrplwpw.cluster030.hosting.ovh.net\/?post_type=product&#038;p=1664"},"modified":"2024-12-06T18:06:52","modified_gmt":"2024-12-06T17:06:52","slug":"importante-vierge-a-lenfant-en-bois-polychrome-dans-le-gout-des-vierges-de-salzbourg","status":"publish","type":"product","link":"https:\/\/www.gabrielle-laroche.com\/fr\/product\/importante-vierge-a-lenfant-en-bois-polychrome-dans-le-gout-des-vierges-de-salzbourg\/","title":{"rendered":"IMPORTANTE VIERGE \u00c0 L\u2019ENFANT DANS LE GO\u00dbT DES VIERGES DE SALZBOURG"},"content":{"rendered":"<div class=\"wpb-content-wrapper\"><p>[vc_row][vc_column width=\u00a0\u00bb1\/2&Prime;][vc_column_text]<\/p>\n<p class=\"p1\" style=\"text-align: justify;\"><span class=\"s1\">Cette Vierge \u00e0 l\u2019Enfant, mise en valeur par une riche polychromie, pr\u00e9sente une attitude d\u2019une gr\u00e2ce aimable et l\u00e9g\u00e8rement mani\u00e9riste.\u00a0<\/span><\/p>\n<p class=\"p1\" style=\"text-align: justify;\"><span class=\"s1\">La Vierge est envelopp\u00e9e dans un \u00e9pais manteau maintenu par une agrafe et qui, ouvert sur sa poitrine laisse apercevoir le haut de sa robe rouge. Sa posture est marqu\u00e9e par un hanchement prononc\u00e9 sur son c\u00f4t\u00e9 gauche. Ce contrapposto imprime aux lourdes draperies qui couvrent la M\u00e8re de Dieu un mouvement d\u00e9licat. Les amples plis ainsi form\u00e9s descendent en cascades de l\u2019\u00e9paule droite de la Vierge, jusqu\u2019\u00e0 son pied gauche, d\u00e9gageant son genou droit autour duquel se forme un long pli \u00e0 bec. Sur son bras droit, elle a rabattu un pan de son manteau retombant en long plis tubulaires.<\/span><\/p>\n<p class=\"p1\" style=\"text-align: justify;\"><span class=\"s1\">La t\u00eate de la Vierge est recouverte d\u2019un voile court qui descend sur ses \u00e9paules et sur son dos et que retient une couronne. Ce voile laisse apparaitre quelques m\u00e8ches de cheveux ondoyant de part et d\u2019autre de son visage.<\/span><\/p>\n<p class=\"p1\" style=\"text-align: justify;\"><span class=\"s1\">Sur son c\u00f4t\u00e9 gauche, elle porte l\u2019Enfant J\u00e9sus, nu. Tandis que sa main droite se pose d\u00e9licatement sous la hanche de l\u2019Enfant J\u00e9sus, les doigts de sa main gauche s\u2019enfoncent dans la chair tendre de son jeune gar\u00e7on. De ses mains potel\u00e9es, ce dernier retient le bout de manteau de sa m\u00e8re renfor\u00e7ant l\u2019impression de vie que d\u00e9gage cette oeuvre. Son attitude joueuse et son visage rieur, les boucles joliment dessin\u00e9es de ses cheveux, lui conf\u00e8rent en outre une douceur confort\u00e9e par le regard bienveillant de Marie.<\/span><\/p>\n<p class=\"p1\" style=\"text-align: justify;\"><span class=\"s1\">C\u2019est \u00e0 un tendre moment d\u2019intimit\u00e9 entre une m\u00e8re et son fils que le sculpteur nous convie.<\/span><\/p>\n<p class=\"p1\" style=\"text-align: justify;\"><span class=\"s1\">Cette Vierge \u00e0 l\u2019Enfant se r\u00e9f\u00e8re \u00e0 un groupe de Madones qui virent le jour en Boh\u00eame et dont la plus illustre repr\u00e9sentation reste sans doute la <b>Madone de Krumlov<\/b> (Kunsthistorische Museum, Vienne), dont l\u2019auteur demeure anonyme. Ces Madones sont caract\u00e9ristiques d\u2019un art qualifi\u00e9 de \u00ab Belles Madones \u00bb qui met en accord parfait r\u00e9alisme et douceur. Il \u00e9merge \u00e0 la fin du XIVe si\u00e8cle, \u00e0 Prague et Salzbourg avant de se r\u00e9pendre dans toute l\u2019Europe Centrale. Ces Madones, non d\u00e9nu\u00e9es d\u2019un certain lyrisme, sont toutes pr\u00e9sent\u00e9es dans la m\u00eame attitude. La Vierge porte l\u2019Enfant sur sa jambe gauche. Sa silhouette sinueuse est couverte par de larges vagues d\u2019\u00e9toffes. L\u2019Enfant, repr\u00e9sent\u00e9 nu ou \u00e0 demi nu semble \u00e9merger au milieu du tourbillon des draperies et focalise le regard du spectateur. Enfin, dans chacune de ces Madones, le sculpteur s\u2019est appliqu\u00e9 \u00e0 rendre le lien entre la Vierge Marie et l\u2019Enfant J\u00e9sus.<\/span><\/p>\n<p class=\"p1\" style=\"text-align: justify;\"><span class=\"s1\">De nombreux exemples illustrent l\u2019importance que p\u00fbt avoir ce type de Vierge \u00e0 l\u2019Enfant entre la fin du XIVe et le d\u00e9but du XVe si\u00e8cle\u00a0:<\/span><\/p>\n<p class=\"p1\" style=\"text-align: justify;\"><span class=\"s1\">Variante de la Vierge de Krumlov, d\u00e9but XVe, Prague, Galerie Nationale<\/span><\/p>\n<p class=\"p1\" style=\"text-align: justify;\"><span class=\"s1\">Vierge \u00e0 l\u2019Enfant de Wroclaw (Breslau), ca. 1400, Warsow, Muzeum Narodowe<\/span><\/p>\n<p class=\"p1\" style=\"text-align: justify;\"><span class=\"s1\">Vierge \u00e0 l\u2019Enfant, Plzen, Eglise de Saint Barth\u00e9lemy<\/span><\/p>\n<p class=\"p1\" style=\"text-align: justify;\"><span class=\"s1\"><b>Notre Vierge est une parfaite repr\u00e9sentation de ces Vierges de la fin du XIVe et du d\u00e9but du XVe si\u00e8cle et fut probablement l\u2019objet d\u2019une commande au XIXe si\u00e8cle.<\/b><\/span><\/p>\n<p>[\/vc_column_text][\/vc_column][vc_column width=\u00a0\u00bb1\/2&Prime;][\/vc_column][\/vc_row]<\/p>\n<\/div>","protected":false},"excerpt":{"rendered":"<h4>IMPORTANTE VIERGE \u00c0 L\u2019ENFANT EN BOIS POLYCHROM\u00c9 DANS LE GO\u00dbT DES VIERGES DE SALZBOURG<\/h4>\n<p>&nbsp;<\/p>\n<p>ORIGINE : EUROPE CENTRALE<br \/>\n\u00c9POQUE : XIXe SI\u00c8CLE<\/p>\n<p>&nbsp;<\/p>\n<p>Hauteur : 123 cm<br \/>\nLargeur : 50 cm<br \/>\nProfondeur : 35 cm<\/p>\n<p>&nbsp;<\/p>\n<p>Bon \u00e9tat de conservation<br \/>\nBois polychrom\u00e9<\/p>\n<p>&nbsp;<\/p>\n<p>&nbsp;<\/p>\n[dt_button size=\"small\" style=\"default\" animation=\"none\" color_mode=\"default\" icon=\"\" icon_align=\"left\" color=\"\" link=\"mailto:gabrielle-laroche@wanadoo.fr?subject=139_IMPORTANTE VIERGE \u00c0 L\u2019ENFANT DANS LE GO\u00dbT DES VIERGES DE SALZBOURG\" target_blank=\"true\"]DEMANDE D&rsquo;INFORMATIONS[\/dt_button]\n<p>&nbsp;<\/p>\n<p><a href=\"\/fr\/antiquites\/sculpture\/\">Retour aux sculptures<\/a><\/p>\n","protected":false},"featured_media":1668,"template":"","meta":[],"product_brand":[],"product_cat":[32],"product_tag":[],"class_list":{"0":"post-1664","1":"product","2":"type-product","3":"status-publish","4":"has-post-thumbnail","6":"product_cat-sculptures","7":"description-off","9":"first","10":"instock","11":"shipping-taxable","12":"product-type-simple"},"aioseo_notices":[],"_links":{"self":[{"href":"https:\/\/www.gabrielle-laroche.com\/fr\/wp-json\/wp\/v2\/product\/1664","targetHints":{"allow":["GET"]}}],"collection":[{"href":"https:\/\/www.gabrielle-laroche.com\/fr\/wp-json\/wp\/v2\/product"}],"about":[{"href":"https:\/\/www.gabrielle-laroche.com\/fr\/wp-json\/wp\/v2\/types\/product"}],"wp:featuredmedia":[{"embeddable":true,"href":"https:\/\/www.gabrielle-laroche.com\/fr\/wp-json\/wp\/v2\/media\/1668"}],"wp:attachment":[{"href":"https:\/\/www.gabrielle-laroche.com\/fr\/wp-json\/wp\/v2\/media?parent=1664"}],"wp:term":[{"taxonomy":"product_brand","embeddable":true,"href":"https:\/\/www.gabrielle-laroche.com\/fr\/wp-json\/wp\/v2\/product_brand?post=1664"},{"taxonomy":"product_cat","embeddable":true,"href":"https:\/\/www.gabrielle-laroche.com\/fr\/wp-json\/wp\/v2\/product_cat?post=1664"},{"taxonomy":"product_tag","embeddable":true,"href":"https:\/\/www.gabrielle-laroche.com\/fr\/wp-json\/wp\/v2\/product_tag?post=1664"}],"curies":[{"name":"wp","href":"https:\/\/api.w.org\/{rel}","templated":true}]}}