

{"id":1761,"date":"2021-04-20T16:30:33","date_gmt":"2021-04-20T14:30:33","guid":{"rendered":"http:\/\/mrplwpw.cluster030.hosting.ovh.net\/?post_type=product&#038;p=1761"},"modified":"2021-04-21T14:23:04","modified_gmt":"2021-04-21T12:23:04","slug":"edmond-moirignot-mere-courage","status":"publish","type":"product","link":"https:\/\/www.gabrielle-laroche.com\/fr\/product\/edmond-moirignot-mere-courage\/","title":{"rendered":"EDMOND MOIRIGNOT &#8211; M\u00e8re Courage"},"content":{"rendered":"<div class=\"wpb-content-wrapper\"><p>[vc_row][vc_column width=\u00a0\u00bb1\/2&Prime;][vc_column_text]<\/p>\n<p class=\"p1\"><span class=\"s1\"><b>Expositions \u00a0 \u00a0 \u00a0<\/b><\/span><\/p>\n<p class=\"p1\"><span class=\"s1\">Exposition, Galerie Claudine Legrand, Paris, octobre 1991<\/span><\/p>\n<p class=\"p1\"><span class=\"s1\">R\u00e9trospective <em>Moirignot<\/em>, Orangerie du S\u00e9nat, Paris, ao\u00fbt \u2013 septembre 2006<\/span><\/p>\n<p>&nbsp;<\/p>\n<p>&nbsp;<\/p>\n<p class=\"p1\"><span class=\"s1\"><b>Bibliographie<\/b><\/span><\/p>\n<p class=\"p1\"><span class=\"s1\"><em>Edmond Moirignot<\/em>, Pr\u00e9face de E. Cheneau de Leyritz, pr\u00e9sentation de Raymond Charnal, Editions Pierre Cailler, Gen\u00e8ve, 1965<\/span><\/p>\n<p class=\"p1\"><span class=\"s1\"><em>Moirignot aimer, cr\u00e9er, r\u00eaver,<\/em> Claude Jeancolas, Editions FVW, Paris, 2006<\/span><\/p>\n<p>[\/vc_column_text][\/vc_column][vc_column width=\u00a0\u00bb1\/2&Prime;][\/vc_column][\/vc_row]<\/p>\n<\/div>","protected":false},"excerpt":{"rendered":"<h4><span class=\"s1\">EDMOND MOIRIGNOT<\/span><span class=\"s1\">\u00a0(<\/span><span class=\"s1\">1913<\/span><span class=\"s1\"> &#8211; 2002)<\/span><\/h4>\n<h4><em><span class=\"s1\">M\u00e8re Courage<\/span><\/em><\/h4>\n<p>&nbsp;<\/p>\n<p>Vers 1989<\/p>\n<p><span class=\"s1\">Bronze \u00e0 patine noire bleut\u00e9e<\/span><\/p>\n<p><span class=\"s1\">2\/6<\/span><\/p>\n<p><span class=\"s1\">Cachet du fondeur Ducros<\/span><\/p>\n<p>Cire perdue<\/p>\n<p>&nbsp;<\/p>\n<p><span class=\"s1\">Hauteur : 43 cm<\/span><\/p>\n<p>&nbsp;<\/p>\n<p><span class=\"s1\"><b>Reproduit dans le catalogue raisonn\u00e9\u00a0<em>Moirignot<\/em>, Claude Jeancolas, 2010, n\u00b0150<\/b><\/span><\/p>\n<p class=\"p1\"><span class=\"s1\">\u00a0<\/span><\/p>\n<p>&nbsp;<\/p>\n[dt_button size=\"small\" style=\"default\" animation=\"none\" color_mode=\"default\" icon=\"\" icon_align=\"left\" color=\"\" link=\"mailto:gabrielle-laroche@wanadoo.fr?subject=6_EDMOND MOIRIGNOT - M\u00e8re Courage\" target_blank=\"true\"]DEMANDE D&rsquo;INFORMATIONS[\/dt_button]\n<p>&nbsp;<\/p>\n<p><a href=\"\/fr\/contemporains\/\">Retour aux contemporains<\/a><\/p>\n","protected":false},"featured_media":3911,"template":"","meta":[],"product_brand":[],"product_cat":[48],"product_tag":[],"class_list":{"0":"post-1761","1":"product","2":"type-product","3":"status-publish","4":"has-post-thumbnail","6":"product_cat-moirignot","7":"description-off","9":"first","10":"instock","11":"shipping-taxable","12":"product-type-simple"},"aioseo_notices":[],"_links":{"self":[{"href":"https:\/\/www.gabrielle-laroche.com\/fr\/wp-json\/wp\/v2\/product\/1761","targetHints":{"allow":["GET"]}}],"collection":[{"href":"https:\/\/www.gabrielle-laroche.com\/fr\/wp-json\/wp\/v2\/product"}],"about":[{"href":"https:\/\/www.gabrielle-laroche.com\/fr\/wp-json\/wp\/v2\/types\/product"}],"wp:featuredmedia":[{"embeddable":true,"href":"https:\/\/www.gabrielle-laroche.com\/fr\/wp-json\/wp\/v2\/media\/3911"}],"wp:attachment":[{"href":"https:\/\/www.gabrielle-laroche.com\/fr\/wp-json\/wp\/v2\/media?parent=1761"}],"wp:term":[{"taxonomy":"product_brand","embeddable":true,"href":"https:\/\/www.gabrielle-laroche.com\/fr\/wp-json\/wp\/v2\/product_brand?post=1761"},{"taxonomy":"product_cat","embeddable":true,"href":"https:\/\/www.gabrielle-laroche.com\/fr\/wp-json\/wp\/v2\/product_cat?post=1761"},{"taxonomy":"product_tag","embeddable":true,"href":"https:\/\/www.gabrielle-laroche.com\/fr\/wp-json\/wp\/v2\/product_tag?post=1761"}],"curies":[{"name":"wp","href":"https:\/\/api.w.org\/{rel}","templated":true}]}}