

{"id":1774,"date":"2021-04-23T15:30:00","date_gmt":"2021-04-23T13:30:00","guid":{"rendered":"http:\/\/mrplwpw.cluster030.hosting.ovh.net\/?post_type=product&#038;p=1774"},"modified":"2024-08-07T10:35:13","modified_gmt":"2024-08-07T08:35:13","slug":"michel-kiriliuk-miroir-soleil-couchant","status":"publish","type":"product","link":"https:\/\/www.gabrielle-laroche.com\/fr\/product\/michel-kiriliuk-miroir-soleil-couchant\/","title":{"rendered":"MICHEL KIRILIUK &#8211; Miroir Soleil Couchant"},"content":{"rendered":"<div class=\"wpb-content-wrapper\"><p>[vc_row][vc_column][vc_video link=\u00a0\u00bbhttps:\/\/www.youtube.com\/watch?v=r3zd_3kLXH8&Prime; el_width=\u00a0\u00bb70&Prime; align=\u00a0\u00bbcenter\u00a0\u00bb][vc_empty_space][\/vc_column][\/vc_row][vc_row][vc_column width=\u00a0\u00bb1\/2&Prime;][vc_column_text]<\/p>\n<p class=\"p1\" style=\"text-align: justify;\"><span class=\"s1\">Cette sculpture unique et originale est l\u2019\u0153uvre du fran\u00e7ais Michel Kiriliuk. Autodidacte, sculpteur, architecte d\u2019int\u00e9rieur, peintre et designer, il se pr\u00e9sente lui-m\u00eame comme designer ultrabaroque constructiviste et futuriste.<\/span><\/p>\n<p class=\"p1\" style=\"text-align: justify;\"><span class=\"s1\">Il utilise le laiton, le fer et le verre, obtenant des effets de mati\u00e8re par apport de m\u00e9tal (brasure de laiton et brasure d\u2019argent) et de la dalle de verre coul\u00e9e sur lit de sable, dans de fortes \u00e9paisseurs (de 22mm \u00e0 70mm) grav\u00e9e, \u00e9clat\u00e9e et polie. Galuchat, \u00e9cailles, cristal de roche sont aussi utilis\u00e9s.<\/span><\/p>\n<p class=\"p1\" style=\"text-align: justify;\"><span class=\"s1\">Michel Kiriliuk est un artiste rare, un v\u00e9ritable alchimiste qui n\u2019a pas d\u2019autres ma\u00eetres que l\u2019exp\u00e9rimentation et l\u2019innovation. Autodidacte, il ob\u00e9it \u00e0 ses mains et aux fulgurances de son esprit, motiv\u00e9 par un amour de la mati\u00e8re et des formes que trahissent parfaitement ses pi\u00e8ces uniques. Tels ceux qui cherchaient \u00e0 accomplir le grand \u0153uvre Kiriliuk lui aussi transforme, transmute la mati\u00e8re. Il nie la pesanteur, les lois de la physique. Les fragments de dalle de verre qu\u2019il incorpore \u00e0 ses cr\u00e9ations sont a\u00e9riens. Son laiton est de soie, fluide et souple.<\/span><\/p>\n<p class=\"p1\" style=\"text-align: justify;\"><span class=\"s1\">Quand la sculpture est d\u2019ordinaire le jeu des lumi\u00e8res et des ombres, ce que Kiriliuk propose ce sont des \u00e9clats, des \u00e9tincelles qui brillent l\u00e0 o\u00f9 l\u2019obscurit\u00e9 devrait se loger. Les m\u00e9taux et les verres sont conjugu\u00e9s pour attraper la lumi\u00e8re. Ils sont magnifi\u00e9s par l\u2019accident\u00e9 des surfaces et cette absence de plan\u00e9it\u00e9 conf\u00e8re \u00e0 ses \u0153uvres une dimension naturelle, comme des reliefs g\u00e9ologiques.<\/span><\/p>\n<p class=\"p1\" style=\"text-align: justify;\"><span class=\"s1\">Car il y a quelque chose d\u2019hautement min\u00e9ral chez Kiriliuk. Ses \u0153uvres s\u2019ancrent, elles p\u00e8sent autant qu\u2019elles s\u2019envolent. Par la ma\u00eetrise de ses compositions, par l\u2019\u00e9quilibre des silhouettes, ce que livre Kiriliuk ce sont des jets dynamiques, anim\u00e9s. Ses luminaires tripodes \u00e9voquant des stalagmites d\u2019un autre temps, son \u00ab\u00a0Soleil Couchant\u00a0\u00bb \u00e9tonnamment paisible malgr\u00e9 la violence de ses d\u00e9tails ou encore son \u00ab\u00a0Kiriliuk vs Kasparov\u00a0\u00bb aux d\u00e9tails mobiles, vivants.<\/span><\/p>\n<p class=\"p1\" style=\"text-align: justify;\"><span class=\"s1\">Son r\u00e9pertoire est celui de l\u2019\u00e9ternel. Miroir, console, luminaires et jeu d\u2019\u00e9chec sont autant de constantes dans l\u2019univers de l\u2019int\u00e9rieur, des \u00e9l\u00e9ments de tout \u00e2ges. Ainsi il renouvelle ces permanences, il en fait de nouvelles propositions, r\u00e9solument novatrice. C\u2019est un mobilier cr\u00e9\u00e9 dans un autre univers. Autant immuable que futuriste, hors du temps et hors des styles. Ces meubles et d\u00e9cors qui accompagnent l\u2019Homme depuis des si\u00e8cles et des si\u00e8cles parviennent \u00e0 r\u00e9v\u00e9ler une nouvelle part d\u2019eux-m\u00eames, signe s\u2019il en faut de la grande maestria de leur auteur.<\/span><\/p>\n<p>&nbsp;<\/p>\n<p class=\"p1\" style=\"text-align: justify;\"><span class=\"s1\"><b>Une Sculpture Directe<\/b><\/span><\/p>\n<p class=\"p1\" style=\"text-align: justify;\"><span class=\"s1\">Toutes ses pi\u00e8ces, trait\u00e9es en technique directe par l\u2019artiste lui-m\u00eame, sont uniques et originales.<\/span><\/p>\n<p class=\"p1\" style=\"text-align: justify;\"><span class=\"s1\">Il en est le seul intervenant, malgr\u00e9 la vari\u00e9t\u00e9 des techniques employ\u00e9es : soudure \u00e0 l\u2019arc, brasure \u00e0 l\u2019argent et brasure au laiton, patine \u00e0 l\u2019acide, gravure et polissage de dalles de verre de fortes \u00e9paisseurs.<\/span><\/p>\n<p class=\"p1\" style=\"text-align: justify;\"><span class=\"s1\">\u00a0<\/span><\/p>\n<p class=\"p2\" style=\"text-align: justify;\"><span class=\"s1\">\u00ab<em>Ne conserver que l\u2019essence de ses r\u00eaves pour cr\u00e9er le souvenir<\/em>\u00bb<\/span><\/p>\n<p class=\"p2\" style=\"text-align: justify;\"><span class=\"s1\">M. Kiriliuk<\/span><\/p>\n<p class=\"p2\" style=\"text-align: justify;\"><span class=\"s1\">Michel Kiriliuk est n\u00e9 \u00e0 Casablanca en 1952 d\u2019un p\u00e8re russe et d\u2019une m\u00e8re italienne. Il quitte l\u2019\u00e9cole \u00e0 16 ans pour se consacrer au travail manuel, et entre dans un atelier qu\u2019il quitte \u00e0 22 ans.<\/span><\/p>\n<p class=\"p2\" style=\"text-align: justify;\"><span class=\"s1\">Il se lance dans la restauration de mobilier et finit par cr\u00e9er son premier meuble en aluminium, un bar qu\u2019il vend \u00e0 des collectionneurs aux Etats-Unis.<\/span><\/p>\n<p class=\"p2\" style=\"text-align: justify;\"><span class=\"s1\">Depuis, Michel Kiriliuk est devenu sculpteur, architecte d\u2019int\u00e9rieur et designer.<\/span><\/p>\n<p class=\"p2\" style=\"text-align: justify;\"><span class=\"s1\">Il cr\u00e9\u00e9 \u00e0 l\u2019\u00e9cart des courants artistiques une oeuvre profond\u00e9ment originale et prot\u00e9iforme.<\/span><\/p>\n<p class=\"p2\" style=\"text-align: justify;\"><span class=\"s1\">Chaque meuble, chaque objet, chaque sculpture est une pi\u00e8ce unique.<\/span><\/p>\n<p class=\"p2\" style=\"text-align: justify;\"><span class=\"s1\">L\u2019artiste oscille entre la cr\u00e9ation de mobilier et la sculpture pure.<\/span><\/p>\n<p class=\"p2\" style=\"text-align: justify;\"><span class=\"s1\">\u00a0<\/span><\/p>\n<p class=\"p2\" style=\"text-align: justify;\"><span class=\"s1\">L\u2019artiste travaille chez lui, \u00e0 l\u2019air libre, hiver comme \u00e9t\u00e9, sur un \u00e9tabli sur lequel il forge \u00e0 froid le m\u00e9tal qu\u2019il fa\u00e7onne ensuite au marteau et \u00e0 l\u2019enclume. Pour les torsions elles se font au chalumeau. Il concasse aussi des morceaux de verre au marteau comme un silex. Chaque \u00e9l\u00e9ment est pens\u00e9 puis d\u00e9coup\u00e9 mais il ne fait jamais de croquis ou de plans. La base est en m\u00e9tal et laiton puis il agr\u00e9mente l\u2019ensemble au fil de son inspiration. Au d\u00e9but il travaille assez vite ma\u00eetrisant totalement sa technique puis quand la base est r\u00e9alis\u00e9e il laisse libre cours \u00e0 son imagination.<\/span><\/p>\n<p class=\"p2\" style=\"text-align: justify;\"><span class=\"s1\"><b>C\u2019est \u00e0 ce moment l\u00e0 que commence le travail d\u2019orf\u00e8vre<\/b> o\u00f9 il recherche les multiples combinaisons de mati\u00e8res et de patines afin d\u2019arriver \u00e0 sa perfection. Aujourd\u2019hui l\u2019artiste nous confie qu\u2019il n\u2019a plus aucun probl\u00e8me de technique cependant, il cherche \u00e0 \u00eatre s\u00fbr du r\u00e9sultat car \u00ab <em>c\u2019est un cadeau pour les autres<\/em> \u00bb.<\/span><\/p>\n<p class=\"p2\" style=\"text-align: justify;\"><span class=\"s1\">\u00ab<em> La technique c\u2019est une chose qui aide \u00e0 passer \u00e0 la r\u00e9alit\u00e9 de ses intentions. Mais seule la charge qui \u00e9mane des oeuvres en fait leur valeur \u00e9motionnelle<\/em> \u00bb<\/span><\/p>\n<p class=\"p2\" style=\"text-align: justify;\"><span class=\"s1\">M. Kiriliuk<\/span><\/p>\n<p>&nbsp;<\/p>\n<p class=\"p2\" style=\"text-align: justify;\"><span class=\"s1\">Il a particip\u00e9 \u00e0 de nombreuses expositions :<\/span><\/p>\n<p class=\"p2\" style=\"text-align: justify;\"><span class=\"s1\">1990. SAD au Grand Palais, Paris<\/span><\/p>\n<p class=\"p2\" style=\"text-align: justify;\"><span class=\"s1\">1995. Beach Plazza Monaco<\/span><\/p>\n<p class=\"p2\" style=\"text-align: justify;\"><span class=\"s1\">1996. Mairie du XXe, Paris<\/span><\/p>\n<p class=\"p2\" style=\"text-align: justify;\"><span class=\"s1\">1997. SAD Porte de Versaille, Paris<\/span><\/p>\n<p class=\"p2\" style=\"text-align: justify;\"><span class=\"s1\">1997. Mairie de Fontainebleau, Les 10 jours de l\u2019art contemporain<\/span><\/p>\n<p class=\"p2\" style=\"text-align: justify;\"><span class=\"s1\">1998. Salon d\u2019Automne, Espace Eiffel Branly, Paris<\/span><\/p>\n<p class=\"p2\" style=\"text-align: justify;\"><span class=\"s1\">1999. Atelier Z pour le Who\u2019s Who, Suisse<\/span><\/p>\n<p class=\"p2\" style=\"text-align: justify;\"><span class=\"s1\">2000.\u00a0 Salon d\u2019Automne, Espace Eiffel Branly, Paris<\/span><\/p>\n<p class=\"p2\" style=\"text-align: justify;\"><span class=\"s1\">2001. Salon d\u2019Automne, Espace Eiffel Branly, Paris<\/span><\/p>\n<p class=\"p2\" style=\"text-align: justify;\"><span class=\"s1\">2002. Salon d\u2019Automne, Espace Eiffel Branly, Paris<\/span><\/p>\n<p class=\"p2\" style=\"text-align: justify;\"><span class=\"s1\">2002. SAD Carrousel du Louvre, Paris<\/span><\/p>\n<p class=\"p2\" style=\"text-align: justify;\"><span class=\"s1\">2003. Salon d\u2019Automne, Centenaire du salon, Espace Auteuil, Paris<\/span><\/p>\n<p class=\"p2\" style=\"text-align: justify;\"><span class=\"s1\">2004. Art en mouvement, Courcouronnes<\/span><\/p>\n<p class=\"p2\" style=\"text-align: justify;\"><span class=\"s1\">2004. L\u2019homme au c\u0153ur de l\u2019art contemporain, Niort<\/span><\/p>\n<p class=\"p2\" style=\"text-align: justify;\"><span class=\"s1\">2004. Salon d\u2019Automne, Espace Charenton, Paris<\/span><\/p>\n<p class=\"p2\" style=\"text-align: justify;\"><span class=\"s1\">2005. Salon Espace Eiffel Branly<\/span><\/p>\n<p class=\"p2\" style=\"text-align: justify;\"><span class=\"s1\">2006. Salon d\u2019Automne, Palais des Congr\u00e8s Montreuil<\/span><\/p>\n<p class=\"p2\" style=\"text-align: justify;\"><span class=\"s1\">&#8230;<\/span><\/p>\n<p>[\/vc_column_text][\/vc_column][vc_column width=\u00a0\u00bb1\/2&Prime;][\/vc_column][\/vc_row][vc_row][vc_column][vc_column_text]<\/p>\n<p style=\"text-align: center;\"><div class=\"_3d-flip-book  fb3d-fullscreen-mode full-size\" data-id=\"1780\" data-mode=\"fullscreen\" data-title=\"false\" data-template=\"short-white-book-view\" data-lightbox=\"dark-shadow\" data-urlparam=\"fb3d-page\" data-page-n=\"0\" data-pdf=\"\" data-tax=\"null\" data-thumbnail=\"\" data-cols=\"3\" data-book-template=\"default\" data-trigger=\"\"><\/div><script type=\"text\/javascript\">window.FB3D_CLIENT_DATA = window.FB3D_CLIENT_DATA || [];FB3D_CLIENT_DATA.push('eyJwb3N0cyI6eyIxNzgwIjp7IklEIjoxNzgwLCJ0aXRsZSI6Ik1JQ0hFTCBLSVJJTElVSyAtIGFydGljbGUgYW50aWthIiwidHlwZSI6InBkZiIsInJlYWR5X2Z1bmN0aW9uIjoiIiwiYm9va19zdHlsZSI6ImZsYXQiLCJib29rX3RlbXBsYXRlIjoibm9uZSIsIm91dGxpbmUiOltdLCJkYXRhIjp7InBvc3RfSUQiOiIxNzg3IiwiZ3VpZCI6Imh0dHBzOlwvXC93d3cuZ2FicmllbGxlLWxhcm9jaGUuY29tXC93cC1jb250ZW50XC91cGxvYWRzXC8yMDIxXC8wM1wvYXJ0aWNsZS1hbnRpa2EucGRmIiwicGRmX3BhZ2VzIjoiMiIsInBhZ2VzX2N1c3RvbWl6YXRpb24iOiJub25lIn0sInRodW1ibmFpbCI6eyJkYXRhIjp7InBvc3RfSUQiOiIwIn0sInR5cGUiOiJhdXRvIn0sInByb3BzIjp7ImNhY2hlZFBhZ2VzIjoiYXV0byIsInJlbmRlckluYWN0aXZlUGFnZXMiOiJhdXRvIiwicmVuZGVySW5hY3RpdmVQYWdlc09uTW9iaWxlIjoiYXV0byIsInJlbmRlcldoaWxlRmxpcHBpbmciOiJhdXRvIiwicHJlbG9hZFBhZ2VzIjoiYXV0byIsInJ0bCI6ImF1dG8iLCJzaGVldCI6eyJzdGFydFZlbG9jaXR5IjoiYXV0byIsIndhdmUiOiJhdXRvIiwid2lkdGhUZXhlbHMiOiJhdXRvIiwiY29sb3IiOiJhdXRvIiwic2lkZSI6ImF1dG8iLCJjb3JuZXJEZXZpYXRpb24iOiJhdXRvIiwiZmxleGliaWxpdHkiOiJhdXRvIiwiZmxleGlibGVDb3JuZXIiOiJhdXRvIiwiYmVuZGluZyI6ImF1dG8iLCJoZWlnaHRUZXhlbHMiOiJhdXRvIn0sImNvdmVyIjp7IndhdmUiOiJhdXRvIiwiY29sb3IiOiJhdXRvIiwiYmluZGVyVGV4dHVyZSI6ImF1dG8iLCJkZXB0aCI6ImF1dG8iLCJwYWRkaW5nIjoiYXV0byIsInN0YXJ0VmVsb2NpdHkiOiJhdXRvIiwiZmxleGliaWxpdHkiOiJhdXRvIiwiZmxleGlibGVDb3JuZXIiOiJhdXRvIiwiYmVuZGluZyI6ImF1dG8iLCJ3aWR0aFRleGVscyI6ImF1dG8iLCJoZWlnaHRUZXhlbHMiOiJhdXRvIiwibWFzcyI6ImF1dG8iLCJzaWRlIjoiYXV0byJ9LCJwYWdlIjp7IndhdmUiOiJhdXRvIiwiY29sb3IiOiJhdXRvIiwiZGVwdGgiOiJhdXRvIiwic3RhcnRWZWxvY2l0eSI6ImF1dG8iLCJmbGV4aWJpbGl0eSI6ImF1dG8iLCJmbGV4aWJsZUNvcm5lciI6ImF1dG8iLCJiZW5kaW5nIjoiYXV0byIsIndpZHRoVGV4ZWxzIjoiYXV0byIsImhlaWdodFRleGVscyI6ImF1dG8iLCJtYXNzIjoiYXV0byIsInNpZGUiOiJhdXRvIn0sImhlaWdodCI6ImF1dG8iLCJ3aWR0aCI6ImF1dG8iLCJncmF2aXR5IjoiYXV0byIsInBhZ2VzRm9yUHJlZGljdGluZyI6ImF1dG8ifSwiY29udHJvbFByb3BzIjp7ImFjdGlvbnMiOnsiY21kU2F2ZSI6eyJlbmFibGVkIjoiYXV0byIsImVuYWJsZWRJbk5hcnJvdyI6ImF1dG8ifSwiY21kUHJpbnQiOnsiZW5hYmxlZCI6ImF1dG8iLCJlbmFibGVkSW5OYXJyb3ciOiJhdXRvIn0sImNtZFNpbmdsZVBhZ2UiOnsiZW5hYmxlZCI6ImF1dG8iLCJlbmFibGVkSW5OYXJyb3ciOiJhdXRvIiwiYWN0aXZlIjoiYXV0byJ9fX0sImF1dG9UaHVtYm5haWwiOiJodHRwczpcL1wvd3d3LmdhYnJpZWxsZS1sYXJvY2hlLmNvbVwvd3AtY29udGVudFwvdXBsb2Fkc1wvM2QtZmxpcC1ib29rXC9hdXRvLXRodW1ibmFpbHNcLzE3ODAucG5nIiwicG9zdF9uYW1lIjoibWljaGVsLWtpcmlsaXVrLWFydGljbGUtYW50aWthIiwicG9zdF90eXBlIjoiM2QtZmxpcC1ib29rIn19LCJwYWdlcyI6W10sImZpcnN0UGFnZXMiOltdfQ==');window.FB3D_CLIENT_LOCALE && FB3D_CLIENT_LOCALE.render && FB3D_CLIENT_LOCALE.render();<\/script><\/p>\n<p>[\/vc_column_text][\/vc_column][\/vc_row]<\/p>\n<\/div>","protected":false},"excerpt":{"rendered":"<h4><span class=\"s1\">MICHEL KIRILIUK<\/span><\/h4>\n<h4><em><span class=\"s1\">Miroir Soleil Couchant<\/span><\/em><\/h4>\n<p>&nbsp;<\/p>\n<p class=\"p1\"><span class=\"s1\">Date de cr\u00e9ation\u00a0: 2003<\/span><\/p>\n<p class=\"p1\"><span class=\"s1\"><b>Pi\u00e8ce unique<\/b><\/span><\/p>\n<p class=\"p1\"><span class=\"s1\">Acier, laiton direct et dalle de verre \u00e9clat\u00e9<\/span><\/p>\n<p>&nbsp;<\/p>\n<p class=\"p1\"><span class=\"s1\">Hauteur\u00a0: 150 cm<\/span><\/p>\n<p class=\"p1\"><span class=\"s1\">Longueur\u00a0: 250 cm<\/span><\/p>\n<p class=\"p1\"><span class=\"s1\">\u00a0<\/span><\/p>\n<p>&nbsp;<\/p>\n[dt_button size=\"small\" style=\"default\" animation=\"none\" color_mode=\"default\" icon=\"\" icon_align=\"left\" color=\"\" link=\"mailto:gabrielle-laroche@wanadoo.fr?subject=16_MICHEL KIRILIUK - Miroir Soleil Couchant\" target_blank=\"true\"]DEMANDE D&rsquo;INFORMATIONS[\/dt_button]\n<p>&nbsp;<\/p>\n<p><a href=\"\/fr\/contemporains\/\">Retour aux contemporains<\/a><\/p>\n","protected":false},"featured_media":3923,"template":"","meta":[],"product_brand":[],"product_cat":[39],"product_tag":[],"class_list":{"0":"post-1774","1":"product","2":"type-product","3":"status-publish","4":"has-post-thumbnail","6":"product_cat-contemporain","7":"description-off","9":"first","10":"instock","11":"shipping-taxable","12":"product-type-simple"},"aioseo_notices":[],"_links":{"self":[{"href":"https:\/\/www.gabrielle-laroche.com\/fr\/wp-json\/wp\/v2\/product\/1774","targetHints":{"allow":["GET"]}}],"collection":[{"href":"https:\/\/www.gabrielle-laroche.com\/fr\/wp-json\/wp\/v2\/product"}],"about":[{"href":"https:\/\/www.gabrielle-laroche.com\/fr\/wp-json\/wp\/v2\/types\/product"}],"wp:featuredmedia":[{"embeddable":true,"href":"https:\/\/www.gabrielle-laroche.com\/fr\/wp-json\/wp\/v2\/media\/3923"}],"wp:attachment":[{"href":"https:\/\/www.gabrielle-laroche.com\/fr\/wp-json\/wp\/v2\/media?parent=1774"}],"wp:term":[{"taxonomy":"product_brand","embeddable":true,"href":"https:\/\/www.gabrielle-laroche.com\/fr\/wp-json\/wp\/v2\/product_brand?post=1774"},{"taxonomy":"product_cat","embeddable":true,"href":"https:\/\/www.gabrielle-laroche.com\/fr\/wp-json\/wp\/v2\/product_cat?post=1774"},{"taxonomy":"product_tag","embeddable":true,"href":"https:\/\/www.gabrielle-laroche.com\/fr\/wp-json\/wp\/v2\/product_tag?post=1774"}],"curies":[{"name":"wp","href":"https:\/\/api.w.org\/{rel}","templated":true}]}}