

{"id":1833,"date":"2021-06-08T12:00:48","date_gmt":"2021-06-08T10:00:48","guid":{"rendered":"http:\/\/mrplwpw.cluster030.hosting.ovh.net\/?post_type=product&#038;p=1833"},"modified":"2025-02-11T13:54:54","modified_gmt":"2025-02-11T12:54:54","slug":"important-coffret-a-bijoux-de-la-renaissance","status":"publish","type":"product","link":"https:\/\/www.gabrielle-laroche.com\/fr\/product\/important-coffret-a-bijoux-de-la-renaissance\/","title":{"rendered":"IMPORTANT COFFRET \u00c0 BIJOUX DE LA RENAISSANCE"},"content":{"rendered":"<div class=\"wpb-content-wrapper\"><p>[vc_row][vc_column width=\u00a0\u00bb1\/2&Prime;][vc_column_text]<\/p>\n<p class=\"p1\" style=\"text-align: justify;\"><span class=\"s1\">Ce coffre \u00e0 secrets en noyer sculpt\u00e9 se pare d\u2019un d\u00e9cor \u00e0 l\u2019imitation de la vannerie et rehauss\u00e9 de filets de dorure. La partie sup\u00e9rieure est surmont\u00e9e d\u2019une pyramide rectangulaire entour\u00e9e de frises de perles et de canaux rudent\u00e9s.<\/span><\/p>\n<p class=\"p1\" style=\"text-align: justify;\"><span class=\"s1\">A l\u2019int\u00e9rieur, au revers, on d\u00e9couvre un petit panneau coulissant \u00ab\u00e0 secret\u00bb ainsi que des compartiments et des petits tiroirs lat\u00e9raux.<\/span><\/p>\n<p class=\"p1\" style=\"text-align: justify;\"><span class=\"s1\">Le pourtour est orn\u00e9 d\u2019une frise de pointes de diamants entour\u00e9es de frises de perles.<\/span><\/p>\n<p class=\"p1\" style=\"text-align: justify;\"><span class=\"s1\">L\u2019ensemble repose sur quatre pieds \u00e0 griffes de lion.<\/span><\/p>\n<p class=\"p1\" style=\"text-align: justify;\"><span class=\"s1\">Le compartiment secret est une r\u00e9alisation fr\u00e9quente sur ce type d\u2019objets : en effet ces derniers servaient de coffres-forts et \u00e9taient r\u00e9serv\u00e9s aux yeux des serviteurs et des h\u00f4tes. A l\u2019int\u00e9rieur, on conservait la cl\u00e9 de la serrure ou bien de petits objets pr\u00e9cieux et des pi\u00e8ces de monnaie. L\u2019usage de pieds zoomorphes sugg\u00e8re un usage s\u00e9dentaire de ce coffret, qui appartenait probablement aux meubles stables des demeures et non \u00e0 ceux utilis\u00e9s lors des voyages et des d\u00e9placements.<\/span><\/p>\n<p class=\"p1\" style=\"text-align: justify;\"><span class=\"s1\">On retrouve de telles r\u00e9alisations toscanes d\u00e8s le XVIe si\u00e8cle, avec des coffrets \u00e0 l\u2019architecture proche du notre, et de mani\u00e8re quasi exclusive en bois de noyer sculpt\u00e9.<\/span><\/p>\n<p>[\/vc_column_text][\/vc_column][vc_column width=\u00a0\u00bb1\/2&Prime;][\/vc_column][\/vc_row]<\/p>\n<\/div>","protected":false},"excerpt":{"rendered":"<h4>IMPORTANT COFFRET \u00c0 BIJOUX DE LA RENAISSANCE<\/h4>\n<p>&nbsp;<\/p>\n<p>ORIGINE : ITALIE, FLORENCE ou SIENNE<\/p>\n<p>\u00c9POQUE : FIN DU XVIe SI\u00c8CLE<\/p>\n<p>&nbsp;<\/p>\n<p>Hauteur : 41 cm<br \/>\nLargeur : 68 cm<br \/>\nProfondeur : 50 cm<\/p>\n<p>&nbsp;<\/p>\n<p>Bois de noyer<\/p>\n<p>&nbsp;<\/p>\n<p>Ancienne collection Jean Gismondi, avant 1973.<\/p>\n<p>&nbsp;<\/p>\n<p>&nbsp;<\/p>\n[dt_button size=\"small\" style=\"default\" animation=\"none\" color_mode=\"default\" icon=\"\" icon_align=\"left\" color=\"\" link=\"mailto:gabrielle-laroche@wanadoo.fr?subject=213_IMPORTANT COFFRET \u00c0 BIJOUX DE LA RENAISSANCE\" target_blank=\"true\"]DEMANDE D&rsquo;INFORMATIONS[\/dt_button]\n<p>&nbsp;<\/p>\n<p><a href=\"\/fr\/antiquites\/mobilier\/coffres\/\">Retour aux coffres<\/a><\/p>\n","protected":false},"featured_media":1835,"template":"","meta":[],"product_brand":[],"product_cat":[17],"product_tag":[],"class_list":{"0":"post-1833","1":"product","2":"type-product","3":"status-publish","4":"has-post-thumbnail","6":"product_cat-uncategorized","7":"description-off","9":"first","10":"instock","11":"shipping-taxable","12":"product-type-simple"},"aioseo_notices":[],"_links":{"self":[{"href":"https:\/\/www.gabrielle-laroche.com\/fr\/wp-json\/wp\/v2\/product\/1833","targetHints":{"allow":["GET"]}}],"collection":[{"href":"https:\/\/www.gabrielle-laroche.com\/fr\/wp-json\/wp\/v2\/product"}],"about":[{"href":"https:\/\/www.gabrielle-laroche.com\/fr\/wp-json\/wp\/v2\/types\/product"}],"wp:featuredmedia":[{"embeddable":true,"href":"https:\/\/www.gabrielle-laroche.com\/fr\/wp-json\/wp\/v2\/media\/1835"}],"wp:attachment":[{"href":"https:\/\/www.gabrielle-laroche.com\/fr\/wp-json\/wp\/v2\/media?parent=1833"}],"wp:term":[{"taxonomy":"product_brand","embeddable":true,"href":"https:\/\/www.gabrielle-laroche.com\/fr\/wp-json\/wp\/v2\/product_brand?post=1833"},{"taxonomy":"product_cat","embeddable":true,"href":"https:\/\/www.gabrielle-laroche.com\/fr\/wp-json\/wp\/v2\/product_cat?post=1833"},{"taxonomy":"product_tag","embeddable":true,"href":"https:\/\/www.gabrielle-laroche.com\/fr\/wp-json\/wp\/v2\/product_tag?post=1833"}],"curies":[{"name":"wp","href":"https:\/\/api.w.org\/{rel}","templated":true}]}}