

{"id":2054,"date":"2021-03-23T03:00:50","date_gmt":"2021-03-23T02:00:50","guid":{"rendered":"http:\/\/mrplwpw.cluster030.hosting.ovh.net\/?post_type=product&#038;p=2054"},"modified":"2024-08-07T10:27:09","modified_gmt":"2024-08-07T08:27:09","slug":"alain-cantarel-connaissance","status":"publish","type":"product","link":"https:\/\/www.gabrielle-laroche.com\/fr\/product\/alain-cantarel-connaissance\/","title":{"rendered":"ALAIN CANTAREL &#8211; Connaissance"},"content":{"rendered":"<div class=\"wpb-content-wrapper\"><p>[vc_row][vc_column width=\u00a0\u00bb1\/2&Prime;][vc_column_text]<\/p>\n<p style=\"text-align: justify;\">Biographie :<\/p>\n<p style=\"text-align: justify;\">Alain Cantarel est n\u00e9 le 1er mars 1949 \u00e0 Bordeaux. Il commence tr\u00e8s jeune \u00e0 travailler divers m\u00e9diums, et r\u00e9alise ses premi\u00e8res pi\u00e8ces en bois et en pierre. Plus tard, apr\u00e8s des \u00e9tudes de philosophie et d&rsquo;art dramatique, il s&rsquo;oriente vers la sculpture utilisant le bois, la pierre, le granit et le marbre.<\/p>\n<p style=\"text-align: justify;\">Son amiti\u00e9 avec le sculpteur et bronzier Claude Tourneur l&rsquo;am\u00e8ne \u00e0 passer trois ans dans son atelier \u00e0 peaufiner les techniques de travail de l&rsquo;acier et du bronze.<\/p>\n<p style=\"text-align: justify;\">Les th\u00e8mes r\u00e9guliers de la conscience, de l&rsquo;expression \u00e9motionnelle et des gestes impr\u00e8gnent ses cr\u00e9ations. Ils expriment la douceur et l&rsquo;optimisme. Ses sculptures cin\u00e9tiques refl\u00e8tent sa curiosit\u00e9 pour l&rsquo;ontologie et laissent place \u00e0 la poursuite du r\u00eave, de la connaissance et de la cr\u00e9ativit\u00e9. La qualit\u00e9 d&rsquo;ex\u00e9cution pl\u00e9biscit\u00e9e de ses pi\u00e8ces l&rsquo;a amen\u00e9 \u00e0 participer \u00e0 de nombreux festivals de cin\u00e9ma, de th\u00e9\u00e2tre, de litt\u00e9rature et de danse et a re\u00e7u de nombreux prix en France et dans le monde.<\/p>\n<p style=\"font-weight: 400;\">Alain Cantarel nous a aimablement indiqu\u00e9 \u00ab\u00a0que cette \u0153uvre a \u00e9t\u00e9 con\u00e7ue de la m\u00eame fa\u00e7on que pour confidence et que pour Connaissance c&rsquo;est la multiplicit\u00e9 des visages qui repr\u00e9sentent les diff\u00e9rentes perceptivit\u00e9s de l&rsquo;approche de la connaissance par le monde sensible et par-del\u00e0 vers le monde intelligible&#8230;\u00a0\u00bb<\/p>\n<p>[\/vc_column_text][\/vc_column][vc_column width=\u00a0\u00bb1\/2&Prime;][\/vc_column][\/vc_row]<\/p>\n<\/div>","protected":false},"excerpt":{"rendered":"<h4 class=\"p1\"><span class=\"s1\">ALAIN CANTAREL<\/span><\/h4>\n<h4><em>Connaissance<\/em><\/h4>\n<p>&nbsp;<\/p>\n<p class=\"p1\">Pi\u00e8ce unique en bronze patin\u00e9 et dor\u00e9, sign\u00e9e<\/p>\n<p>&nbsp;<\/p>\n<p class=\"p1\"><span class=\"s1\">Hauteur : 43.5 cm<\/span><\/p>\n<p class=\"p1\"><span class=\"s1\">\u00a0<\/span><\/p>\n[dt_button size=\"small\" style=\"default\" animation=\"none\" color_mode=\"default\" icon=\"\" icon_align=\"left\" color=\"\" link=\"mailto:gabrielle-laroche@wanadoo.fr?subject=59_ALAIN CANTAREL - Connaissance\" target_blank=\"true\"]DEMANDE D&rsquo;INFORMATIONS[\/dt_button]\n<p>&nbsp;<\/p>\n<p><a href=\"\/fr\/contemporains\/\">Retour aux contemporains<\/a><\/p>\n","protected":false},"featured_media":8376,"template":"","meta":[],"product_brand":[],"product_cat":[39],"product_tag":[],"class_list":{"0":"post-2054","1":"product","2":"type-product","3":"status-publish","4":"has-post-thumbnail","6":"product_cat-contemporain","7":"description-off","9":"first","10":"instock","11":"shipping-taxable","12":"product-type-simple"},"aioseo_notices":[],"_links":{"self":[{"href":"https:\/\/www.gabrielle-laroche.com\/fr\/wp-json\/wp\/v2\/product\/2054","targetHints":{"allow":["GET"]}}],"collection":[{"href":"https:\/\/www.gabrielle-laroche.com\/fr\/wp-json\/wp\/v2\/product"}],"about":[{"href":"https:\/\/www.gabrielle-laroche.com\/fr\/wp-json\/wp\/v2\/types\/product"}],"wp:featuredmedia":[{"embeddable":true,"href":"https:\/\/www.gabrielle-laroche.com\/fr\/wp-json\/wp\/v2\/media\/8376"}],"wp:attachment":[{"href":"https:\/\/www.gabrielle-laroche.com\/fr\/wp-json\/wp\/v2\/media?parent=2054"}],"wp:term":[{"taxonomy":"product_brand","embeddable":true,"href":"https:\/\/www.gabrielle-laroche.com\/fr\/wp-json\/wp\/v2\/product_brand?post=2054"},{"taxonomy":"product_cat","embeddable":true,"href":"https:\/\/www.gabrielle-laroche.com\/fr\/wp-json\/wp\/v2\/product_cat?post=2054"},{"taxonomy":"product_tag","embeddable":true,"href":"https:\/\/www.gabrielle-laroche.com\/fr\/wp-json\/wp\/v2\/product_tag?post=2054"}],"curies":[{"name":"wp","href":"https:\/\/api.w.org\/{rel}","templated":true}]}}