

{"id":2080,"date":"2021-01-02T09:00:45","date_gmt":"2021-01-02T08:00:45","guid":{"rendered":"http:\/\/mrplwpw.cluster030.hosting.ovh.net\/?post_type=product&#038;p=2080"},"modified":"2021-04-23T16:00:19","modified_gmt":"2021-04-23T14:00:19","slug":"la-danse","status":"publish","type":"product","link":"https:\/\/www.gabrielle-laroche.com\/fr\/product\/la-danse\/","title":{"rendered":"KAREL HLADIK &#8211; Tauromachie"},"content":{"rendered":"<div class=\"wpb-content-wrapper\"><p>[vc_row][vc_column width=\u00a0\u00bb1\/2&Prime;][vc_column_text]<\/p>\n<p class=\"p1\" style=\"text-align: justify;\"><span class=\"s1\">Karel Hladik (27 Juin, 1912 &#8211; le 27 Avril, 1967) est un sculpteur tch\u00e8que et professeur d&rsquo;universit\u00e9 &#8211; Professeur \u00e0 l&rsquo;Acad\u00e9mie des Beaux-Arts de Prague.<\/span><\/p>\n<p class=\"p1\" style=\"text-align: justify;\"><span class=\"s1\">\u00a0<\/span><\/p>\n<p class=\"p1\" style=\"text-align: justify;\"><span class=\"s1\">Il a commenc\u00e9 comme tailleur de pierres, puis a \u00e9tudier la sculpture \u00e0 Hradec Kralove, puis \u00e0 l&rsquo;Ecole des Arts Appliqu\u00e9s de Prague Jan Lauda. D\u00e8s 1945, il \u00e9tudie \u00e0 l&rsquo;Acad\u00e9mie des Beaux-Arts de Prague, Karel Pokorny, dans lequel, apr\u00e8s l&rsquo;obtention du dipl\u00f4me, il devient professeur.<\/span><\/p>\n<p class=\"p1\" style=\"text-align: justify;\"><span class=\"s1\">\u00a0<\/span><\/p>\n<p class=\"p1\" style=\"text-align: justify;\"><span class=\"s1\">Son travail est pr\u00e9sent dans les collections de la Galerie nationale de Prague. Il est connu pour sa plaque comm\u00e9morative de Franz Kafka. Il est c\u00e9l\u00e8bre pour une s\u00e9rie de personnages d\u2019apr\u00e8s les travaux d&rsquo;Alois Jirasek. Il \u00e9tait aussi un excellent portraitiste, il a cr\u00e9\u00e9 une s\u00e9rie de portraits d&rsquo;artistes tels que l&rsquo;acteur Jaroslav Pr\u016fchy, le chef d&rsquo;orchestre Vaclav Talich, le peintre Karel Soucek, l\u2019acteur Zdenek Stepanek ou le peintre Miloslav Sainte.<\/span><\/p>\n<p class=\"p1\" style=\"text-align: justify;\"><span class=\"s1\">\u00a0<\/span><\/p>\n<p class=\"p1\" style=\"text-align: justify;\"><span class=\"s1\">Dans la derni\u00e8re p\u00e9riode de sa carri\u00e8re, il se consacre \u00e0 la sculpture libre.<\/span><\/p>\n<p class=\"p1\" style=\"text-align: justify;\"><span class=\"s1\">\u00a0<\/span><\/p>\n<p class=\"p1\" style=\"text-align: justify;\"><span class=\"s1\"><b>Bibliographie<\/b><\/span><\/p>\n<p class=\"p1\" style=\"text-align: justify;\"><span class=\"s1\">Vera Hlad\u00edkov\u00e1, <em>Mon mari sculpteur Karel Hladik<\/em>, Kosmas 2003<\/span><\/p>\n<p>[\/vc_column_text][\/vc_column][vc_column width=\u00a0\u00bb1\/2&Prime;][\/vc_column][\/vc_row]<\/p>\n<\/div>","protected":false},"excerpt":{"rendered":"<h4>KAREL HLADIK<\/h4>\n<h4><em>Tauromachie<\/em><\/h4>\n<p>&nbsp;<\/p>\n<p class=\"p1\"><span class=\"s1\">Plaque d\u00e9corative repr\u00e9sentant une sc\u00e8ne de tauromachie<\/span><\/p>\n<p class=\"p1\"><span class=\"s1\">Bronze<\/span><\/p>\n<p class=\"p1\"><span class=\"s1\">Sign\u00e9e et titr\u00e9e<\/span><\/p>\n<p class=\"p1\"><span class=\"s1\">\u00a0<\/span><\/p>\n<p class=\"p1\"><span class=\"s1\">Hauteur\u00a0: 40 cm<\/span><\/p>\n<p class=\"p1\"><span class=\"s1\">Largeur\u00a0: 33 cm<\/span><\/p>\n<p class=\"p1\"><span class=\"s1\">\u00a0<\/span><\/p>\n<p>&nbsp;<\/p>\n[dt_button size=\"small\" style=\"default\" animation=\"none\" color_mode=\"default\" icon=\"\" icon_align=\"left\" color=\"\" link=\"mailto:gabrielle-laroche@wanadoo.fr?subject=64_KAREL HLADIK - Tauromachie\" target_blank=\"true\"]DEMANDE D&rsquo;INFORMATIONS[\/dt_button]\n<p>&nbsp;<\/p>\n<p><a href=\"\/fr\/contemporains\/\">Retour aux contemporains<\/a><\/p>\n","protected":false},"featured_media":2129,"template":"","meta":[],"product_brand":[],"product_cat":[39],"product_tag":[],"class_list":{"0":"post-2080","1":"product","2":"type-product","3":"status-publish","4":"has-post-thumbnail","6":"product_cat-contemporain","7":"description-off","9":"first","10":"instock","11":"shipping-taxable","12":"product-type-simple"},"aioseo_notices":[],"_links":{"self":[{"href":"https:\/\/www.gabrielle-laroche.com\/fr\/wp-json\/wp\/v2\/product\/2080","targetHints":{"allow":["GET"]}}],"collection":[{"href":"https:\/\/www.gabrielle-laroche.com\/fr\/wp-json\/wp\/v2\/product"}],"about":[{"href":"https:\/\/www.gabrielle-laroche.com\/fr\/wp-json\/wp\/v2\/types\/product"}],"wp:featuredmedia":[{"embeddable":true,"href":"https:\/\/www.gabrielle-laroche.com\/fr\/wp-json\/wp\/v2\/media\/2129"}],"wp:attachment":[{"href":"https:\/\/www.gabrielle-laroche.com\/fr\/wp-json\/wp\/v2\/media?parent=2080"}],"wp:term":[{"taxonomy":"product_brand","embeddable":true,"href":"https:\/\/www.gabrielle-laroche.com\/fr\/wp-json\/wp\/v2\/product_brand?post=2080"},{"taxonomy":"product_cat","embeddable":true,"href":"https:\/\/www.gabrielle-laroche.com\/fr\/wp-json\/wp\/v2\/product_cat?post=2080"},{"taxonomy":"product_tag","embeddable":true,"href":"https:\/\/www.gabrielle-laroche.com\/fr\/wp-json\/wp\/v2\/product_tag?post=2080"}],"curies":[{"name":"wp","href":"https:\/\/api.w.org\/{rel}","templated":true}]}}