

{"id":2111,"date":"2021-04-26T09:00:39","date_gmt":"2021-04-26T07:00:39","guid":{"rendered":"http:\/\/mrplwpw.cluster030.hosting.ovh.net\/?post_type=product&#038;p=2111"},"modified":"2025-06-19T17:50:43","modified_gmt":"2025-06-19T15:50:43","slug":"magdalena-reinharez-la-grande-corrida","status":"publish","type":"product","link":"https:\/\/www.gabrielle-laroche.com\/fr\/product\/magdalena-reinharez-la-grande-corrida\/","title":{"rendered":"MAGDALENA REINHAREZ &#8211; La Grande Corrida"},"content":{"rendered":"<div class=\"wpb-content-wrapper\"><p>[vc_row][vc_column width=\u00a0\u00bb1\/2&Prime;][vc_column_text]<\/p>\n<p class=\"p1\" style=\"text-align: justify;\"><span class=\"s1\">Originaire d&rsquo;Europe Centrale, Magdalena Reinharez arrive tr\u00e8s jeune en France. Peintre, elle suit l&rsquo;enseignement de grands ma\u00eetres, comme Fernand L\u00e9ger et Andr\u00e9 Lothe. Cette exp\u00e9rience va lui permettre de former son regard \u00e0 la composition, au volume et aux formes, qu&rsquo;elle d\u00e9veloppera dans ses travaux de peinture, de dessin puis de sculpture.<\/span><\/p>\n<p class=\"p1\" style=\"text-align: justify;\"><span class=\"s1\">Magdalena Reinharez \u00e9tait une artiste fascin\u00e9e par le mouvement. Son s\u00e9jour \u00e0 Grenade lui a r\u00e9v\u00e9l\u00e9 la tauromachie, qu\u2019elle a d\u00e9clin\u00e9e \u00e0 sa mani\u00e8re. Elle a su restituer la puissance contenue de l\u2019animal et l&rsquo;\u00e9l\u00e9gance du torero dans un ballet dramatique. Tout est dans l\u2019interpr\u00e9tation de ce qu\u2019elle ressent. Plus que l\u2019animal lui m\u00eame, elle travaille sur son image qui, selon elle, se d\u00e9gage et s\u2019impose par suggestions. Son modelage est tr\u00e8s personnalis\u00e9.<\/span><\/p>\n<p class=\"p1\" style=\"text-align: justify;\"><span class=\"s1\">Durant les derni\u00e8res ann\u00e9es de sa vie, elle s\u2019est consacr\u00e9e essentiellement \u00e0 la sculpture. D\u00e9c\u00e9d\u00e9e en 2012, \u00e0 l\u2019\u00e2ge de 87 ans, elle a toujours expos\u00e9 son travail dans de nombreuses galeries, depuis 1955.<\/span><\/p>\n<p>&nbsp;<\/p>\n<p class=\"p1\" style=\"text-align: justify;\"><span class=\"s1\"><b>EXPOSITIONS<\/b><\/span><\/p>\n<p class=\"p1\" style=\"text-align: justify;\"><span class=\"s1\"><b>2007<\/b><\/span><\/p>\n<p class=\"p1\" style=\"text-align: justify;\"><span class=\"s1\">Salon \u00ab\u00a0Figuration critique\u00a0\u00bb, Lyon<\/span><\/p>\n<p class=\"p1\" style=\"text-align: justify;\"><span class=\"s1\">Salon national des artistes animaliers, Bry sur Marne<\/span><\/p>\n<p class=\"p1\" style=\"text-align: justify;\"><span class=\"s1\">Galerie le 15 Miromesnil, No\u00eb Willer, Paris VIIIe<\/span><\/p>\n<p class=\"p1\" style=\"text-align: justify;\"><span class=\"s1\">\u00a0<\/span><\/p>\n<p class=\"p1\" style=\"text-align: justify;\"><span class=\"s1\"><b>2006<\/b><\/span><\/p>\n<p class=\"p1\" style=\"text-align: justify;\"><span class=\"s1\">Salon d&rsquo;Art, Mairie du XVe, Paris<\/span><\/p>\n<p class=\"p1\" style=\"text-align: justify;\"><span class=\"s1\">Salon national des artistes animaliers, Bry sur Marne<\/span><\/p>\n<p class=\"p1\" style=\"text-align: justify;\"><span class=\"s1\">Th\u00e9\u00e2tre \u00e9questre Zingaro<\/span><\/p>\n<p class=\"p1\" style=\"text-align: justify;\"><span class=\"s1\">Salon \u00ab\u00a0Sculpture bronzes\u00a0\u00bb, La Chapelle en Serval<\/span><\/p>\n<p class=\"p1\" style=\"text-align: justify;\"><span class=\"s1\"><b>\u00a0<\/b><\/span><\/p>\n<p class=\"p1\" style=\"text-align: justify;\"><span class=\"s1\"><b>2005<\/b><\/span><\/p>\n<p class=\"p1\" style=\"text-align: justify;\"><span class=\"s1\">Salon \u00ab\u00a0Figuration critique\u00a0\u00bb, St. Malo<\/span><\/p>\n<p class=\"p1\" style=\"text-align: justify;\"><span class=\"s1\">Salon national des artistes animaliers, Bry sur Marne<\/span><\/p>\n<p class=\"p1\" style=\"text-align: justify;\"><span class=\"s1\">Salon Espace St. Martin \u00ab\u00a0Figuration critique\u00a0\u00bb<\/span><\/p>\n<p class=\"p1\" style=\"text-align: justify;\"><span class=\"s1\">Salon \u00ab\u00a0Bronze 2005\u00a0\u00bb, La Chapelle en Serval<\/span><\/p>\n<p class=\"p1\" style=\"text-align: justify;\"><span class=\"s1\">\u00a0<\/span><\/p>\n<p class=\"p1\" style=\"text-align: justify;\"><span class=\"s1\"><b>2004<\/b><\/span><\/p>\n<p class=\"p1\" style=\"text-align: justify;\"><span class=\"s1\">Salon \u00ab\u00a0Itin\u00e9raire\u00a0\u00bb, Paris IXe<\/span><\/p>\n<p class=\"p1\" style=\"text-align: justify;\"><span class=\"s1\">Salon national des artistes animaliers, Bry sur Marne<\/span><\/p>\n<p class=\"p1\" style=\"text-align: justify;\"><span class=\"s1\">Salon \u00ab\u00a0Delta\u00a0\u00bb, Paris XVIIIe<\/span><\/p>\n<p class=\"p1\" style=\"text-align: justify;\"><span class=\"s1\">Galerie Claudine Legrand, Paris VIe<\/span><\/p>\n<p class=\"p1\" style=\"text-align: justify;\"><span class=\"s1\">\u00a0<\/span><\/p>\n<p class=\"p1\" style=\"text-align: justify;\"><span class=\"s1\"><b>2002-2003<\/b><\/span><\/p>\n<p class=\"p1\" style=\"text-align: justify;\"><span class=\"s1\">Salon national des artistes animaliers, Bry sur Marne<\/span><\/p>\n<p class=\"p1\" style=\"text-align: justify;\"><span class=\"s1\">Festival International d&rsquo;Art animalier, Sully s\/ Loire<\/span><\/p>\n<p class=\"p1\" style=\"text-align: justify;\"><span class=\"s1\">Galerie animali\u00e8re \u00ab\u00a0Laurent Boyrier\u00a0\u00bb, Paris XVIe<\/span><\/p>\n<p class=\"p1\" style=\"text-align: justify;\"><span class=\"s1\">Galerie Claudine Legrand, Paris VIe<\/span><\/p>\n<p class=\"p1\" style=\"text-align: justify;\"><span class=\"s1\">Salon des antiquaires et de l&rsquo;art contemporain, jardin des Tuileries<\/span><\/p>\n<p class=\"p1\" style=\"text-align: justify;\"><span class=\"s1\">\u00a0<\/span><\/p>\n<p class=\"p1\" style=\"text-align: justify;\"><span class=\"s1\"><b>COLLECTIONS P<\/b><strong>RIV<\/strong><\/span><strong><span class=\"s1\">\u00c9ES<\/span><\/strong><\/p>\n<p class=\"p1\" style=\"text-align: justify;\"><span class=\"s1\">France, Espagne, Etats-Unis<\/span><\/p>\n<p>&nbsp;<\/p>\n<p class=\"p1\" style=\"text-align: justify;\"><span class=\"s1\"><b>S<strong>\u00c9LECTIONS<\/strong><\/b><\/span><\/p>\n<p class=\"p1\" style=\"text-align: justify;\"><span class=\"s1\">1er prix Festival International Animalier du Loiret, 2002<\/span><\/p>\n<p class=\"p1\" style=\"text-align: justify;\"><span class=\"s1\">Vente : Conseil\u00a0 R\u00e9gional du Loiret, 2002<\/span><\/p>\n<p class=\"p1\" style=\"text-align: justify;\"><span class=\"s1\">S\u00e9lectionn\u00e9e : monument \u00e0 Levallois-Perret,1992<\/span><\/p>\n<p class=\"p1\" style=\"text-align: justify;\"><span class=\"s1\">S\u00e9lectionn\u00e9e : Grand Prix de France, Paris 1987<\/span><\/p>\n<p class=\"p1\" style=\"text-align: justify;\"><span class=\"s1\">S\u00e9lectionn\u00e9e : monument de la ville de Pennes d&rsquo;Agenais, 1988<\/span><\/p>\n<p class=\"p1\" style=\"text-align: justify;\"><span class=\"s1\">S\u00e9lectionn\u00e9e : Salon des Beaux-Arts de Paris (jur\u00e9 Etienne Martin), 1986<\/span><\/p>\n<p class=\"p1\" style=\"text-align: justify;\"><span class=\"s1\">1er prix de sculpture, Ville de Paris, 1980<\/span><\/p>\n<p class=\"p1\" style=\"text-align: justify;\"><span class=\"s1\">1er prix de D\u00f4me, Paris 1955<\/span><\/p>\n<p class=\"p1\" style=\"text-align: justify;\"><span class=\"s1\">\u00a0<\/span><\/p>\n<p class=\"p1\" style=\"text-align: justify;\"><span class=\"s1\">\u00a0<\/span><\/p>\n<p class=\"p1\" style=\"text-align: justify;\"><span class=\"s1\"><b>Bibliographie<\/b><\/span><\/p>\n<p class=\"p1\" style=\"text-align: justify;\"><span class=\"s1\"><em>Dictionnaire illustr\u00e9 des sculpteurs animaliers et fondeurs de l&rsquo;antiquit\u00e9 \u00e0 nos jours<\/em>, Jean-Charles Hachet, Ed. Argus Valentines<\/span><\/p>\n<p class=\"p1\" style=\"text-align: justify;\"><span class=\"s1\">Biblioth\u00e8que Nationale de France<\/span><\/p>\n<p class=\"p1\" style=\"text-align: justify;\"><span class=\"s1\">Pastels et lithographies de la Collection Novotel<\/span><\/p>\n<p>[\/vc_column_text][\/vc_column][vc_column width=\u00a0\u00bb1\/2&Prime;][\/vc_column][\/vc_row]<\/p>\n<\/div>","protected":false},"excerpt":{"rendered":"<h4><span class=\"s1\">MAGDALENA REINHAREZ<\/span><span class=\"s1\">\u00a0(<\/span><span class=\"s1\">1925<\/span><span class=\"s1\"> &#8211; 2012)<\/span><\/h4>\n<h4><em><span class=\"s1\">La Grande Corrida<\/span><\/em><\/h4>\n<p>&nbsp;<\/p>\n<p class=\"p1\"><span class=\"s1\">Tirage 1 \/ 8<\/span><\/p>\n<p class=\"p1\"><span class=\"s1\">Sculpture en bronze<\/span><\/p>\n<p class=\"p1\"><span class=\"s1\">Ciselure par l\u2019artiste<\/span><\/p>\n<p class=\"p1\"><span class=\"s1\">Signature \u00e0 la base\u00a0: M. Reinharez<\/span><\/p>\n<p class=\"p1\"><span class=\"s1\">Marque de fondeur\u00a0: Chapon<\/span><\/p>\n<p class=\"p1\"><span class=\"s1\"><b>\u00a0<\/b><\/span><\/p>\n<p class=\"p1\"><span class=\"s1\">Hauteur\u00a0: 49 cm<\/span><\/p>\n<p class=\"p1\"><span class=\"s1\">Largeur\u00a0: 70 cm<\/span><\/p>\n<p class=\"p1\"><span class=\"s1\">Profondeur\u00a0: 40 cm<\/span><\/p>\n<p class=\"p1\"><span class=\"s1\">\u00a0<\/span><\/p>\n<p>&nbsp;<\/p>\n[dt_button size=\"small\" style=\"default\" animation=\"none\" color_mode=\"default\" icon=\"\" icon_align=\"left\" color=\"\" link=\"mailto:gabrielle-laroche@wanadoo.fr?subject=54_REINHAREZ - La Grande Corrida\" target_blank=\"true\"]DEMANDE D&rsquo;INFORMATIONS[\/dt_button]\n<p>&nbsp;<\/p>\n<p><a href=\"\/fr\/contemporains\/\">Retour aux contemporains<\/a><\/p>\n","protected":false},"featured_media":11563,"template":"","meta":[],"product_brand":[],"product_cat":[50],"product_tag":[],"class_list":{"0":"post-2111","1":"product","2":"type-product","3":"status-publish","4":"has-post-thumbnail","6":"product_cat-reinharez","7":"description-off","9":"first","10":"instock","11":"shipping-taxable","12":"product-type-simple"},"aioseo_notices":[],"_links":{"self":[{"href":"https:\/\/www.gabrielle-laroche.com\/fr\/wp-json\/wp\/v2\/product\/2111","targetHints":{"allow":["GET"]}}],"collection":[{"href":"https:\/\/www.gabrielle-laroche.com\/fr\/wp-json\/wp\/v2\/product"}],"about":[{"href":"https:\/\/www.gabrielle-laroche.com\/fr\/wp-json\/wp\/v2\/types\/product"}],"wp:featuredmedia":[{"embeddable":true,"href":"https:\/\/www.gabrielle-laroche.com\/fr\/wp-json\/wp\/v2\/media\/11563"}],"wp:attachment":[{"href":"https:\/\/www.gabrielle-laroche.com\/fr\/wp-json\/wp\/v2\/media?parent=2111"}],"wp:term":[{"taxonomy":"product_brand","embeddable":true,"href":"https:\/\/www.gabrielle-laroche.com\/fr\/wp-json\/wp\/v2\/product_brand?post=2111"},{"taxonomy":"product_cat","embeddable":true,"href":"https:\/\/www.gabrielle-laroche.com\/fr\/wp-json\/wp\/v2\/product_cat?post=2111"},{"taxonomy":"product_tag","embeddable":true,"href":"https:\/\/www.gabrielle-laroche.com\/fr\/wp-json\/wp\/v2\/product_tag?post=2111"}],"curies":[{"name":"wp","href":"https:\/\/api.w.org\/{rel}","templated":true}]}}