

{"id":2132,"date":"2021-01-07T09:00:49","date_gmt":"2021-01-07T08:00:49","guid":{"rendered":"http:\/\/mrplwpw.cluster030.hosting.ovh.net\/?post_type=product&#038;p=2132"},"modified":"2023-02-09T16:54:08","modified_gmt":"2023-02-09T15:54:08","slug":"anita-tullio-sphere","status":"publish","type":"product","link":"https:\/\/www.gabrielle-laroche.com\/fr\/product\/anita-tullio-sphere\/","title":{"rendered":"ANITA TULLIO &#8211; Sph\u00e8re"},"content":{"rendered":"<div class=\"wpb-content-wrapper\"><p>[vc_row][vc_column width=\u00a0\u00bb1\/2&Prime;][vc_column_text]Anita Tullio (1935-2014) est n\u00e9e \u00e0 Paris dans une famille italienne, elle avait pass\u00e9 ses jeunes ann\u00e9es pr\u00e8s de Meaulne, \u00ab\u00a0vivant comme une sauvageonne. elle \u00e9tait une \u00ab\u00a0berg\u00e8re\u00a0\u00bb, aimais la sensation du soleil dans son dos, vivre dans la nature\u00a0\u00bb. Elle rencontre Robert Heldman, son pygmalion, qui l&rsquo;initie \u00e0 la c\u00e9ramique. C&rsquo;est le d\u00e9but d&rsquo;une incroyable carri\u00e8re. Anita Tullio travaille la terre, exploite les accidents de cuisson, converse avec le feu. Elle donne ainsi naissance \u00e0 ses sph\u00e8res qui la rendent c\u00e9l\u00e8bres.<span class=\"Apple-converted-space\">\u00a0<\/span>[\/vc_column_text][\/vc_column][vc_column width=\u00a0\u00bb1\/2&Prime;][\/vc_column][\/vc_row]<\/p>\n<\/div>","protected":false},"excerpt":{"rendered":"<h4>ANITA TULLIO (1935 &#8211; 2014)<\/h4>\n<h4><em>Sph\u00e8re<\/em><\/h4>\n<p>&nbsp;<\/p>\n<p class=\"p1\"><span class=\"s1\">Terre cuite \u00e9maill\u00e9e<\/span><\/p>\n<p class=\"p1\"><span class=\"s1\">Signature \u00e0 la base<\/span><\/p>\n<p class=\"p1\"><span class=\"s1\">\u00a0<\/span><\/p>\n<p class=\"p1\"><span class=\"s1\">Hauteur : 36 cm<\/span><\/p>\n<p class=\"p1\"><span class=\"s1\">Diam\u00e8tre : 45 cm<\/span><\/p>\n<p class=\"p1\"><span class=\"s1\">\u00a0<\/span><\/p>\n<p>&nbsp;<\/p>\n[dt_button size=\"small\" style=\"default\" animation=\"none\" color_mode=\"default\" icon=\"\" icon_align=\"left\" color=\"\" link=\"mailto:gabrielle-laroche@wanadoo.fr?subject=65_ANITA TULLIO - Sph\u00e8re\" target_blank=\"true\"]DEMANDE D&rsquo;INFORMATIONS[\/dt_button]\n<p>&nbsp;<\/p>\n<p><a href=\"\/fr\/contemporains\/\">Retour aux contemporains<\/a><\/p>\n","protected":false},"featured_media":2134,"template":"","meta":[],"product_brand":[],"product_cat":[39],"product_tag":[],"class_list":{"0":"post-2132","1":"product","2":"type-product","3":"status-publish","4":"has-post-thumbnail","6":"product_cat-contemporain","7":"description-off","9":"first","10":"instock","11":"shipping-taxable","12":"product-type-simple"},"aioseo_notices":[],"_links":{"self":[{"href":"https:\/\/www.gabrielle-laroche.com\/fr\/wp-json\/wp\/v2\/product\/2132","targetHints":{"allow":["GET"]}}],"collection":[{"href":"https:\/\/www.gabrielle-laroche.com\/fr\/wp-json\/wp\/v2\/product"}],"about":[{"href":"https:\/\/www.gabrielle-laroche.com\/fr\/wp-json\/wp\/v2\/types\/product"}],"wp:featuredmedia":[{"embeddable":true,"href":"https:\/\/www.gabrielle-laroche.com\/fr\/wp-json\/wp\/v2\/media\/2134"}],"wp:attachment":[{"href":"https:\/\/www.gabrielle-laroche.com\/fr\/wp-json\/wp\/v2\/media?parent=2132"}],"wp:term":[{"taxonomy":"product_brand","embeddable":true,"href":"https:\/\/www.gabrielle-laroche.com\/fr\/wp-json\/wp\/v2\/product_brand?post=2132"},{"taxonomy":"product_cat","embeddable":true,"href":"https:\/\/www.gabrielle-laroche.com\/fr\/wp-json\/wp\/v2\/product_cat?post=2132"},{"taxonomy":"product_tag","embeddable":true,"href":"https:\/\/www.gabrielle-laroche.com\/fr\/wp-json\/wp\/v2\/product_tag?post=2132"}],"curies":[{"name":"wp","href":"https:\/\/api.w.org\/{rel}","templated":true}]}}