

{"id":2226,"date":"2021-03-22T20:00:07","date_gmt":"2021-03-22T19:00:07","guid":{"rendered":"http:\/\/mrplwpw.cluster030.hosting.ovh.net\/?post_type=product&#038;p=2226"},"modified":"2024-08-07T10:48:32","modified_gmt":"2024-08-07T08:48:32","slug":"dr-o-christev-les-baigneuses","status":"publish","type":"product","link":"https:\/\/www.gabrielle-laroche.com\/fr\/product\/dr-o-christev-les-baigneuses\/","title":{"rendered":"Dr. O. CHRISTEV &#8211; Les Baigneuses"},"content":{"rendered":"<div class=\"wpb-content-wrapper\"><p>[vc_row][vc_column width=\u00a0\u00bb1\/2&Prime;][vc_column_text]<\/p>\n<p class=\"p1\" style=\"text-align: justify;\"><span class=\"s1\">Sur cette plaque est figur\u00e9 \u00e0 gauche un bateau \u00e0 voile et des personnages nus qui semblent figurer par leur traitement des sir\u00e8nes bien que ces femmes n\u2019aient pas une queue de poisson. Des trois femmes figur\u00e9es l\u2019une nage la deuxi\u00e8me semble plonger du ciel, la troisi\u00e8me se laisse enlacer par un homme.<\/span><\/p>\n<p class=\"p1\" style=\"text-align: justify;\"><span class=\"s1\"><b>\u00a0<\/b><\/span><\/p>\n<p class=\"p1\"><span class=\"s1\">\u00a0<\/span><\/p>\n<p>[\/vc_column_text][\/vc_column][vc_column width=\u00a0\u00bb1\/2&Prime;][\/vc_column][\/vc_row]<\/p>\n<\/div>","protected":false},"excerpt":{"rendered":"<h4>Dr. O. CHRISTEV<\/h4>\n<h4><em>Les Baigneuses<\/em><\/h4>\n<p>&nbsp;<\/p>\n<p class=\"p1\"><span class=\"s1\">1970<\/span><\/p>\n<p class=\"p1\"><span class=\"s1\">Bas relief en bronze patine brun clair<\/span><\/p>\n<p class=\"p1\"><span class=\"s1\">Sign\u00e9 et dat\u00e9 en bas \u00e0 droite<\/span><\/p>\n<p class=\"p1\"><span class=\"s1\">Cachet du fondeur d\u2019Italie F. AMICI<\/span><\/p>\n<p class=\"p1\"><span class=\"s1\">\u00a0<\/span><\/p>\n<p class=\"p1\"><span class=\"s1\">Hauteur\u00a0: 49 cm<\/span><\/p>\n<p class=\"p1\"><span class=\"s1\">Largeur\u00a0: 87 cm<\/span><\/p>\n<p>&nbsp;<\/p>\n<p>&nbsp;<\/p>\n[dt_button size=\"small\" style=\"default\" animation=\"none\" color_mode=\"default\" icon=\"\" icon_align=\"left\" color=\"\" link=\"mailto:gabrielle-laroche@wanadoo.fr?subject=80_Dr. O. CHRISTEV - Les Baigneuses\" target_blank=\"true\"]DEMANDE D&rsquo;INFORMATIONS[\/dt_button]\n<p>&nbsp;<\/p>\n<p><a href=\"\/fr\/contemporains\/\">Retour aux contemporains<\/a><\/p>\n","protected":false},"featured_media":2228,"template":"","meta":[],"product_brand":[],"product_cat":[39],"product_tag":[],"class_list":{"0":"post-2226","1":"product","2":"type-product","3":"status-publish","4":"has-post-thumbnail","6":"product_cat-contemporain","7":"description-off","9":"first","10":"instock","11":"shipping-taxable","12":"product-type-simple"},"aioseo_notices":[],"_links":{"self":[{"href":"https:\/\/www.gabrielle-laroche.com\/fr\/wp-json\/wp\/v2\/product\/2226","targetHints":{"allow":["GET"]}}],"collection":[{"href":"https:\/\/www.gabrielle-laroche.com\/fr\/wp-json\/wp\/v2\/product"}],"about":[{"href":"https:\/\/www.gabrielle-laroche.com\/fr\/wp-json\/wp\/v2\/types\/product"}],"wp:featuredmedia":[{"embeddable":true,"href":"https:\/\/www.gabrielle-laroche.com\/fr\/wp-json\/wp\/v2\/media\/2228"}],"wp:attachment":[{"href":"https:\/\/www.gabrielle-laroche.com\/fr\/wp-json\/wp\/v2\/media?parent=2226"}],"wp:term":[{"taxonomy":"product_brand","embeddable":true,"href":"https:\/\/www.gabrielle-laroche.com\/fr\/wp-json\/wp\/v2\/product_brand?post=2226"},{"taxonomy":"product_cat","embeddable":true,"href":"https:\/\/www.gabrielle-laroche.com\/fr\/wp-json\/wp\/v2\/product_cat?post=2226"},{"taxonomy":"product_tag","embeddable":true,"href":"https:\/\/www.gabrielle-laroche.com\/fr\/wp-json\/wp\/v2\/product_tag?post=2226"}],"curies":[{"name":"wp","href":"https:\/\/api.w.org\/{rel}","templated":true}]}}