

{"id":2411,"date":"2021-04-20T17:00:51","date_gmt":"2021-04-20T15:00:51","guid":{"rendered":"http:\/\/mrplwpw.cluster030.hosting.ovh.net\/?post_type=product&#038;p=2411"},"modified":"2021-04-21T14:02:32","modified_gmt":"2021-04-21T12:02:32","slug":"alex-berdal-phoenix","status":"publish","type":"product","link":"https:\/\/www.gabrielle-laroche.com\/fr\/product\/alex-berdal-phoenix\/","title":{"rendered":"ALEX BERDAL &#8211; Phoenix"},"content":{"rendered":"<div class=\"wpb-content-wrapper\"><p>[vc_row][vc_column width=\u00a0\u00bb1\/2&Prime;][vc_column_text]<\/p>\n<p class=\"p1\" style=\"text-align: justify;\"><span class=\"s1\">Alex Berdal est n\u00e9 \u00e0 Perpignan le 9 juin 1945.<\/span><\/p>\n<p class=\"p1\" style=\"text-align: justify;\"><span class=\"s1\">Il a fait ses \u00e9tudes \u00e0 l\u2019Ecole des Beaux Arts de Paris.<\/span><\/p>\n<p class=\"p1\" style=\"text-align: justify;\"><span class=\"s1\"><b>Prix de Rome 1968<\/b><\/span><\/p>\n<p class=\"p1\" style=\"text-align: justify;\"><span class=\"s1\">1969 Grand Prix International du Prince Rainier III de Monaco<\/span><\/p>\n<p class=\"p1\" style=\"text-align: justify;\"><span class=\"s1\">1971 Pensionnaire de la Casa Velasquez<\/span><\/p>\n<p class=\"p1\" style=\"text-align: justify;\"><span class=\"s1\">1971Grand Prix de Jeune du Salon d\u2019Automne<\/span><\/p>\n<p class=\"p1\" style=\"text-align: justify;\"><span class=\"s1\">1974 Exposition \u00e0 l\u2019Orangerie du S\u00e9nat<\/span><\/p>\n<p class=\"p1\" style=\"text-align: justify;\"><span class=\"s1\">1975 Exposition \u00e0 Saint Petersbourg et \u00e0 Moscou avec le Salon des Artistes Fran\u00e7ais<\/span><\/p>\n<p class=\"p1\" style=\"text-align: justify;\"><span class=\"s1\">1978 M\u00e9daille d\u2019Or\u00a0 Salon des Artistes Fran\u00e7ais<\/span><\/p>\n<p class=\"p1\" style=\"text-align: justify;\"><span class=\"s1\">1979 Prix Taylor Salon d\u2019Automne<\/span><\/p>\n<p class=\"p1\" style=\"text-align: justify;\"><span class=\"s1\">1980 Prix Antral, Prix du Club des Amis de l\u2019Europe et des Arts<\/span><\/p>\n<p class=\"p1\" style=\"text-align: justify;\"><span class=\"s1\">1982 Second Prix des Yvelines<\/span><\/p>\n<p class=\"p1\" style=\"text-align: justify;\"><span class=\"s1\">1983 Orchid\u00e9e d\u2019or<\/span><\/p>\n<p class=\"p1\" style=\"text-align: justify;\"><span class=\"s1\">1984 Grand Prix Ren\u00e9 B\u00e9j\u00e0 de la Fondation Taylor<\/span><\/p>\n<p class=\"p1\" style=\"text-align: justify;\"><span class=\"s1\">\u00a0<\/span><\/p>\n<p class=\"p1\" style=\"text-align: justify;\"><span class=\"s1\">Soci\u00e9taire des Salons d\u2019Automne, Salon des Artistes Fran\u00e7ais, peintre T\u00e9moins de leur Temps.<\/span><\/p>\n<p class=\"p1\" style=\"text-align: justify;\"><span class=\"s1\">\u00a0<\/span><\/p>\n<p class=\"p1\" style=\"text-align: justify;\"><span class=\"s1\">\u0152uvres dans les collections\u00a0:<\/span><\/p>\n<p class=\"p1\" style=\"text-align: justify;\"><span class=\"s1\">du Mus\u00e9e de la Ville de Paris<\/span><\/p>\n<p class=\"p1\" style=\"text-align: justify;\"><span class=\"s1\">du Prince Rainier III de Monaco<\/span><\/p>\n<p class=\"p1\" style=\"text-align: justify;\"><span class=\"s1\">du Mus\u00e9e d\u2019Art Moderne de T\u00e9h\u00e9ran<\/span><\/p>\n<p class=\"p1\" style=\"text-align: justify;\"><span class=\"s1\">du Mus\u00e9e de Fontainebleau.<\/span><\/p>\n<p class=\"p1\" style=\"text-align: justify;\"><span class=\"s1\">Alex Berdal est un artiste divers, surprenant par la vari\u00e9t\u00e9 de ses recherches. Il aime les formes pleines, les volumes adoucis par les courbes.<\/span><\/p>\n<p class=\"p1\" style=\"text-align: justify;\"><span class=\"s1\">Sa sculpture appelle la caresse et la possession\u00a0: femmes lov\u00e9es sur elles-m\u00eames, genou contre menton, nostalgiques de la pl\u00e9nitude f\u0153tale; une sculpture, toute de sensualit\u00e9, de confiance, tourn\u00e9e vers un bonheur extatique.<\/span><\/p>\n<p class=\"p1\" style=\"text-align: justify;\"><span class=\"s1\">Mais il y a un autre sculpteur chez Berdal. Celui qui, h\u00e9ritier du cubisme, travaille sur des plans, ouvre sa sculpture \u00e0 l\u2019espace,\u00a0 fait \u00e9clater l\u2019\u0153uvre \u00e0 partir d\u2019un centre. La sensualit\u00e9 d\u00e9bouche alors sur une recherche plastique plus \u00e9labor\u00e9e.<\/span><\/p>\n<p class=\"p1\" style=\"text-align: justify;\"><span class=\"s1\">Une th\u00e9i\u00e8re, avec son m\u00e9lange de formes f\u00e9minines et de formes masculines, s\u2019\u00e9vide, trou\u00e9e dans sa pl\u00e9nitude joufflue. L\u2019artiste, se joue tout \u00e0 coup du vide et du plein, du creux et du bomb\u00e9, du manque\u2026<\/span><\/p>\n<p class=\"p1\" style=\"text-align: justify;\"><span class=\"s1\">Bibliographie\u00a0:\u00a0<em>Berdal, sculptures<\/em>, Editions Le Chardon, Saint-Di\u00e9, 1988<\/span><\/p>\n<p>[\/vc_column_text][\/vc_column][vc_column width=\u00a0\u00bb1\/2&Prime;][\/vc_column][\/vc_row]<\/p>\n<\/div>","protected":false},"excerpt":{"rendered":"<h4>ALEX BERDAL<\/h4>\n<h4><em>Phoenix<\/em><\/h4>\n<p class=\"p1\"><span class=\"s1\">\u00a0<\/span><\/p>\n<p class=\"p1\"><span class=\"s1\">1980<\/span><\/p>\n<p class=\"p1\"><span class=\"s1\">Bronze \u00e0 patine brune<\/span><\/p>\n<p class=\"p1\"><span class=\"s1\">Sign\u00e9 et num\u00e9rot\u00e9 4\/8<\/span><\/p>\n<p class=\"p1\"><span class=\"s1\">Cachet de la Fonderie de la Plaine<\/span><\/p>\n<p class=\"p1\"><span class=\"s1\">\u00a0<\/span><\/p>\n<p class=\"p1\"><span class=\"s1\">Hauteur\u00a0: 30 cm<\/span><\/p>\n<p class=\"p1\"><span class=\"s1\">Largeur\u00a0: 51 cm<\/span><\/p>\n<p>&nbsp;<\/p>\n<p class=\"p1\"><span class=\"s1\">\u00a0<\/span><\/p>\n[dt_button size=\"small\" style=\"default\" animation=\"none\" color_mode=\"default\" icon=\"\" icon_align=\"left\" color=\"\" link=\"mailto:gabrielle-laroche@wanadoo.fr?subject=103_ALEX BERDAL - Phoenix\" target_blank=\"true\"]DEMANDE D&rsquo;INFORMATIONS[\/dt_button]\n<p>&nbsp;<\/p>\n<p><a href=\"\/fr\/contemporains\/\">Retour aux contemporains<\/a><\/p>\n","protected":false},"featured_media":2413,"template":"","meta":[],"product_brand":[],"product_cat":[53],"product_tag":[],"class_list":{"0":"post-2411","1":"product","2":"type-product","3":"status-publish","4":"has-post-thumbnail","6":"product_cat-berdal","7":"description-off","9":"first","10":"instock","11":"shipping-taxable","12":"product-type-simple"},"aioseo_notices":[],"_links":{"self":[{"href":"https:\/\/www.gabrielle-laroche.com\/fr\/wp-json\/wp\/v2\/product\/2411","targetHints":{"allow":["GET"]}}],"collection":[{"href":"https:\/\/www.gabrielle-laroche.com\/fr\/wp-json\/wp\/v2\/product"}],"about":[{"href":"https:\/\/www.gabrielle-laroche.com\/fr\/wp-json\/wp\/v2\/types\/product"}],"wp:featuredmedia":[{"embeddable":true,"href":"https:\/\/www.gabrielle-laroche.com\/fr\/wp-json\/wp\/v2\/media\/2413"}],"wp:attachment":[{"href":"https:\/\/www.gabrielle-laroche.com\/fr\/wp-json\/wp\/v2\/media?parent=2411"}],"wp:term":[{"taxonomy":"product_brand","embeddable":true,"href":"https:\/\/www.gabrielle-laroche.com\/fr\/wp-json\/wp\/v2\/product_brand?post=2411"},{"taxonomy":"product_cat","embeddable":true,"href":"https:\/\/www.gabrielle-laroche.com\/fr\/wp-json\/wp\/v2\/product_cat?post=2411"},{"taxonomy":"product_tag","embeddable":true,"href":"https:\/\/www.gabrielle-laroche.com\/fr\/wp-json\/wp\/v2\/product_tag?post=2411"}],"curies":[{"name":"wp","href":"https:\/\/api.w.org\/{rel}","templated":true}]}}