

{"id":2438,"date":"2021-04-20T16:30:54","date_gmt":"2021-04-20T14:30:54","guid":{"rendered":"http:\/\/mrplwpw.cluster030.hosting.ovh.net\/?post_type=product&#038;p=2438"},"modified":"2021-04-21T14:14:14","modified_gmt":"2021-04-21T12:14:14","slug":"monica-machado-la-corde-a-linge","status":"publish","type":"product","link":"https:\/\/www.gabrielle-laroche.com\/fr\/product\/monica-machado-la-corde-a-linge\/","title":{"rendered":"MONICA MACHADO &#8211; La corde \u00e0 linge"},"content":{"rendered":"<div class=\"wpb-content-wrapper\"><p>[vc_row][vc_column width=\u00a0\u00bb1\/2&Prime;][vc_column_text]<\/p>\n<p class=\"p1\"><span class=\"s1\"><b>Expositions<\/b><\/span><\/p>\n<p class=\"p1\"><span class=\"s1\">1993 \u00e0 199 : Galerie Callu-M\u00e9rite, Paris<\/span><\/p>\n<p class=\"p1\"><span class=\"s1\">1994<b>\u00a0: <\/b>Exposition personnelle, Galerie Callu-M\u00e9rite, Paris<\/span><\/p>\n<p class=\"p1\"><span class=\"s1\">1999\u00a0: Galerie L\u00e9onardo, Paris<\/span><\/p>\n<p class=\"p1\"><span class=\"s1\">2000\u00a0: Art Paris-Carrousel du Louvre, Galerie Callu-M\u00e9rite, Paris<\/span><\/p>\n<p>&nbsp;<\/p>\n<p class=\"p1\"><span class=\"s1\"><b>Bibliographie<\/b>\u00a0 \u00a0 \u00a0 \u00a0 \u00a0 \u00a0 \u00a0\u00a0<\/span><\/p>\n<p class=\"p1\"><span class=\"s1\">Un article dans Tabacaria Verao 1999<\/span><\/p>\n<p class=\"p1\"><span class=\"s1\">Un article dans C\u00f4t\u00e9 Sud avril mai 1993<\/span><\/p>\n<p class=\"p1\"><span class=\"s1\">Un article dans Expresso avril-mai 1997<\/span><\/p>\n<p class=\"p1\"><span class=\"s1\"><b>\u00a0<\/b><\/span><\/p>\n<p class=\"p1\"><span class=\"s1\"><b>Biographie<\/b><\/span><\/p>\n<p class=\"p1\"><span class=\"s1\">N\u00e9e \u00e0 Lisbonne (Portugal) en 1966<b>.\u00a0<\/b>Vit \u00e0 Paris depuis 1981.<\/span><\/p>\n<p class=\"p1\"><span class=\"s1\">Dipl\u00f4m\u00e9e de l\u2019Ecole Nationale des Beaux Arts de Paris<\/span><\/p>\n<p class=\"p1\"><span class=\"s1\">1993\u00a0: Prix de sculpture, Salon des F\u00e9licit\u00e9s des Beaux Arts<\/span><\/p>\n<p class=\"p1\"><span class=\"s1\">3\u00e8me prix du Salon de Montrouge<\/span><\/p>\n<p class=\"p1\"><span class=\"s1\">1994\u00a0: Aide \u00e0 la premi\u00e8re Exposition (minist\u00e8re de la culture)<\/span><\/p>\n<p class=\"p1\"><span class=\"s1\">1995\u00a0: Aide \u00e0 la cr\u00e9ation (d\u00e9partement des Arts Plastiques)<\/span><\/p>\n<p class=\"p1\"><span class=\"s1\">Acquisition de \u00ab\u00a0Amor\u00a0\u00bb (F.R.A.C.)<\/span><\/p>\n<p class=\"p1\"><span class=\"s1\">1997\u00a0: Prix \u00ab\u00a0Bordalo Pinheiro\u00a0\u00bb, Portugal<\/span><\/p>\n<p>[\/vc_column_text][\/vc_column][vc_column width=\u00a0\u00bb1\/2&Prime;][\/vc_column][\/vc_row]<\/p>\n<\/div>","protected":false},"excerpt":{"rendered":"<h4>MONICA MACHADO<\/h4>\n<h4><em>La corde \u00e0 linge<\/em><\/h4>\n<p class=\"p1\"><span class=\"s1\">\u00a0<\/span><\/p>\n<p class=\"p1\"><span class=\"s1\">2000-2006<\/span><\/p>\n<p class=\"p1\"><span class=\"s1\">Sculpture mosa\u00efque. <\/span><\/p>\n<p class=\"p1\"><span class=\"s1\">Installation, corde, linge, silicone, verre, vaisselle, syst\u00e8me d\u2019\u00e9clairage.<\/span><\/p>\n<p>&nbsp;<\/p>\n<p class=\"p1\"><span class=\"s1\">Longueur : 2.60 m<b>\u00a0 \u00a0 \u00a0<\/b><\/span><\/p>\n<p>&nbsp;<\/p>\n<p class=\"p1\"><span class=\"s1\">\u00a0<\/span><\/p>\n[dt_button size=\"small\" style=\"default\" animation=\"none\" color_mode=\"default\" icon=\"\" icon_align=\"left\" color=\"\" link=\"mailto:gabrielle-laroche@wanadoo.fr?subject=111_MONICA MACHADO - La corde \u00e0 linge\" target_blank=\"true\"]DEMANDE D&rsquo;INFORMATIONS[\/dt_button]\n<p>&nbsp;<\/p>\n<p><a href=\"\/fr\/contemporains\/\">Retour aux contemporains<\/a><\/p>\n","protected":false},"featured_media":2440,"template":"","meta":[],"product_brand":[],"product_cat":[57],"product_tag":[],"class_list":{"0":"post-2438","1":"product","2":"type-product","3":"status-publish","4":"has-post-thumbnail","6":"product_cat-machado","7":"description-off","9":"first","10":"instock","11":"shipping-taxable","12":"product-type-simple"},"aioseo_notices":[],"_links":{"self":[{"href":"https:\/\/www.gabrielle-laroche.com\/fr\/wp-json\/wp\/v2\/product\/2438","targetHints":{"allow":["GET"]}}],"collection":[{"href":"https:\/\/www.gabrielle-laroche.com\/fr\/wp-json\/wp\/v2\/product"}],"about":[{"href":"https:\/\/www.gabrielle-laroche.com\/fr\/wp-json\/wp\/v2\/types\/product"}],"wp:featuredmedia":[{"embeddable":true,"href":"https:\/\/www.gabrielle-laroche.com\/fr\/wp-json\/wp\/v2\/media\/2440"}],"wp:attachment":[{"href":"https:\/\/www.gabrielle-laroche.com\/fr\/wp-json\/wp\/v2\/media?parent=2438"}],"wp:term":[{"taxonomy":"product_brand","embeddable":true,"href":"https:\/\/www.gabrielle-laroche.com\/fr\/wp-json\/wp\/v2\/product_brand?post=2438"},{"taxonomy":"product_cat","embeddable":true,"href":"https:\/\/www.gabrielle-laroche.com\/fr\/wp-json\/wp\/v2\/product_cat?post=2438"},{"taxonomy":"product_tag","embeddable":true,"href":"https:\/\/www.gabrielle-laroche.com\/fr\/wp-json\/wp\/v2\/product_tag?post=2438"}],"curies":[{"name":"wp","href":"https:\/\/api.w.org\/{rel}","templated":true}]}}