

{"id":2580,"date":"2021-03-23T11:00:24","date_gmt":"2021-03-23T10:00:24","guid":{"rendered":"http:\/\/mrplwpw.cluster030.hosting.ovh.net\/?post_type=product&#038;p=2580"},"modified":"2023-02-03T13:43:16","modified_gmt":"2023-02-03T12:43:16","slug":"kurtfritz-handel-barriere-de-corail","status":"publish","type":"product","link":"https:\/\/www.gabrielle-laroche.com\/fr\/product\/kurtfritz-handel-barriere-de-corail\/","title":{"rendered":"KURTFRITZ HANDEL &#8211; Barri\u00e8re de corail"},"content":{"rendered":"<div class=\"wpb-content-wrapper\"><p>[vc_row][vc_column][vc_column_text]<\/p>\n<p style=\"text-align: justify;\"><strong>Kurtfritz Handel (1941-2016)<\/strong><\/p>\n<p style=\"text-align: justify;\">1941<\/p>\n<p style=\"text-align: justify;\">N\u00e9 \u00e0 R\u00e2mnicu V\u00e2lcea, Roumanie<\/p>\n<p style=\"text-align: justify;\">1961-1967<\/p>\n<p style=\"text-align: justify;\">A \u00e9tudi\u00e9 la sculpture et l&rsquo;histoire de l&rsquo;art \u00e0 la Cluj State Art Academy (master class)<\/p>\n<p style=\"text-align: justify;\">1967-1985<\/p>\n<p style=\"text-align: justify;\">Professeur d&rsquo;art et sculpteur ind\u00e9pendant \u00e0 Sibiu, Transylvanie<\/p>\n<p style=\"text-align: justify;\">Expositions individuelles, participation aux expositions de l&rsquo;association professionnelle des beaux-arts, nombreuses commandes pour le domaine municipal et sacr\u00e9.<\/p>\n<p style=\"text-align: justify;\">1985-2003<\/p>\n<p style=\"text-align: justify;\">Apr\u00e8s son \u00e9migration vers la R\u00e9publique f\u00e9d\u00e9rale d&rsquo;Allemagne, il a travaill\u00e9 comme ind\u00e9pendant \u00e0 N\u00fcrtingen, comme directeur et conf\u00e9rencier \u00e0 l&rsquo;\u00e9cole d&rsquo;art de N\u00fcrtingen pour les jeunes et comme sculpteur dans l&rsquo;atelier d&rsquo;artiste d&rsquo;Ernst Strassacker K.G., la fonderie d&rsquo;art \u00e0 S\u00fc\u00dfen.<\/p>\n<p style=\"text-align: justify;\">Nombreuses expositions personnelles et participations \u00e0 des expositions en Allemagne et \u00e0 l&rsquo;\u00e9tranger, \u0153uvres dans l&rsquo;espace public et dans des collections priv\u00e9es.<\/p>\n<p style=\"text-align: justify;\">Le travail artistique de Haendel comprend des sculptures de paysages et d&rsquo;animaux, des portraits, des sculptures figuratives et des dessins. Impressionnant dans son travail est sa compr\u00e9hension des formes, qui est marqu\u00e9e m\u00eame dans une large abstraction avec un profond sens de l&rsquo;humour.<\/p>\n<p>&nbsp;<\/p>\n<p style=\"text-align: justify;\"><strong>Expositions notables :<\/strong><\/p>\n<p style=\"text-align: justify;\">2015<\/p>\n<p style=\"text-align: justify;\">Bad Wimpfen, galerie de l&rsquo;ancien h\u00f4pital<\/p>\n<p style=\"text-align: justify;\">2012<\/p>\n<p style=\"text-align: justify;\">Stuttgart, H\u00f4tel Le M\u00e9ridien<\/p>\n<p style=\"text-align: justify;\">Zerbst\/Anhalt, Mus\u00e9e de la ville de Zerbst\/Anhalt<\/p>\n<p style=\"text-align: justify;\">2011<\/p>\n<p style=\"text-align: justify;\">Stuttgart, Galerie InterArt<\/p>\n<p style=\"text-align: justify;\">Kornwestheim, Mus\u00e9e du Kleihuesbau<\/p>\n<p style=\"text-align: justify;\">Doux, Mairie<\/p>\n<p style=\"text-align: justify;\">Nuremberg, Krafft&rsquo;scher Hof<\/p>\n<p style=\"text-align: justify;\">2010 Mus\u00e9e de Transylvanie Gundelsheim, Ch\u00e2teau de Horneck<\/p>\n<p style=\"text-align: justify;\">N\u00fcrtingen, Forum Turc<\/p>\n<p style=\"text-align: justify;\">Frickenhausen, Volksbank Hohenneuffen, Frickenhausen et Linsehofen<\/p>\n<p style=\"text-align: justify;\">2009 Dinkelsb\u00fchl, Salle paroissiale \u00e9vang\u00e9lique St. Paul<\/p>\n<p style=\"text-align: justify;\">2008 Bruxelles, Belgique, Repr\u00e9sentation du Land de Bade-Wurtemberg aupr\u00e8s de l&rsquo;UE<\/p>\n<p style=\"text-align: justify;\">2007 Hermannstadt (Sibiu), Roumanie, \u00c9glise paroissiale \u00e9vang\u00e9lique de Frickenhausen, Greiner Bio-one<\/p>\n<p style=\"text-align: justify;\">2006 Holzgerlingen, ch\u00e2teau de Kalteneck<\/p>\n<p style=\"text-align: justify;\">Munich, \u00dcblacker-H\u00e4usl, mus\u00e9e de l&rsquo;auberge du mus\u00e9e de la ville de Munich<\/p>\n<p style=\"text-align: justify;\">2005 N\u00fcrtingen, Metabowerke<\/p>\n<p style=\"text-align: justify;\">Stuttgart, Inter-Art-GalerieDitzingen, City Gallery in LaienAidlingen, City Hall, avec Renate Mildner-M\u00fcller, aquarelle, calligraphie<\/p>\n<p style=\"text-align: justify;\">2004 Frickenhausen, mairie<\/p>\n<p style=\"text-align: justify;\">2003 G\u00f6ppingen, S\u00fcdwestmetall<\/p>\n<p style=\"text-align: justify;\">2002 Heilbronn, Mairie de Munich, Maison de l&rsquo;Est allemand<\/p>\n<p style=\"text-align: justify;\">2001 Dinkelsb\u00fchl, salle paroissiale \u00e9vang\u00e9lique de St. PaulN\u00fcrtingen, mairie<\/p>\n<p style=\"text-align: justify;\">1998 Stuttgart, galerie INTER ART Filderstadt, galerie municipale, avec Martin Knispel, peinture N\u00fcrtingen, atelier galerie dans la maison de l&rsquo;artiste<\/p>\n<p style=\"text-align: justify;\">1997 Holtz, Luxembourg, Maison des Jeunes Colpach, Luxembourg, Jardin du Ch\u00e2teau<\/p>\n<p style=\"text-align: justify;\">1996 Ehningen, maison de repos<\/p>\n<p style=\"text-align: justify;\">1995 Kufstein, Autriche, Stadtsaal<\/p>\n<p style=\"text-align: justify;\">1994 Schriesheim, mairie<\/p>\n<p style=\"text-align: justify;\">1990 Munich, minist\u00e8re bavarois du travail et des affaires sociales, avec Renate Mildner-M\u00fcller, peinture Korntal-M\u00fcnchingen, Widdumhof<\/p>\n<p style=\"text-align: justify;\">1989 Stuttgart, Galerie INTER ART<\/p>\n<p style=\"text-align: justify;\">1988 Heilbronn, harmonie, avec Helfried Weiss, bonbons graphiques, grange d\u00eemi\u00e8re<\/p>\n<p style=\"text-align: justify;\">1986 Esslingen am Neckar, Galerie de la Guilde des artistes N\u00fcrtingen, Martin-Luther-Hof<\/p>\n<p style=\"text-align: justify;\">1981 Sibiu (Hermannstadt), Sirius Gallery Bucarest, Eforie Gallery, avec Lidia Cire\u015fica Crainic, structure spatiale textile<\/p>\n<p style=\"text-align: justify;\">1987 Sibiu (Hermannstadt), Galerie Sirius<\/p>\n<p style=\"text-align: justify;\">1971 Bucarest, Kulturhaus \u00ab\u00a0Friedrich Schiller\u00a0\u00bb, avec Horst Zay, graphismes<\/p>\n<p>[\/vc_column_text][\/vc_column][\/vc_row]<\/p>\n<\/div>","protected":false},"excerpt":{"rendered":"<h4><span class=\"s1\">KURTFRITZ HANDEL (1941-2016)<\/span><\/h4>\n<h4 class=\"p1\"><em><span class=\"s1\">Barri\u00e8re de corail<\/span><\/em><\/h4>\n<p>&nbsp;<\/p>\n<p class=\"p1\"><span class=\"s1\">Sculpture en bronze dor\u00e9 et patin\u00e9<\/span><\/p>\n<p class=\"p1\"><span class=\"s1\">Cachet au monogramme de l\u2019artiste<\/span><\/p>\n<p class=\"p1\"><span class=\"s1\">\u00a0<\/span><\/p>\n<p class=\"p1\"><span class=\"s1\">Hauteur\u00a0: 33 cm<\/span><\/p>\n<p class=\"p1\"><span class=\"s1\">\u00a0<\/span><\/p>\n<p class=\"p1\"><span class=\"s1\">\u00a0<\/span><\/p>\n[dt_button size=\"small\" style=\"default\" animation=\"none\" color_mode=\"default\" icon=\"\" icon_align=\"left\" color=\"\" link=\"mailto:gabrielle-laroche@wanadoo.fr?subject=117E_KURTFRITZ HANDEL - Barri\u00e8re de corail\" target_blank=\"true\"]DEMANDE D&rsquo;INFORMATIONS[\/dt_button]\n<p>&nbsp;<\/p>\n<p><a href=\"\/fr\/contemporains\/\">Retour aux contemporains<\/a><\/p>\n","protected":false},"featured_media":6855,"template":"","meta":[],"product_brand":[],"product_cat":[59],"product_tag":[],"class_list":{"0":"post-2580","1":"product","2":"type-product","3":"status-publish","4":"has-post-thumbnail","6":"product_cat-handel","7":"description-off","9":"first","10":"instock","11":"shipping-taxable","12":"product-type-simple"},"aioseo_notices":[],"_links":{"self":[{"href":"https:\/\/www.gabrielle-laroche.com\/fr\/wp-json\/wp\/v2\/product\/2580","targetHints":{"allow":["GET"]}}],"collection":[{"href":"https:\/\/www.gabrielle-laroche.com\/fr\/wp-json\/wp\/v2\/product"}],"about":[{"href":"https:\/\/www.gabrielle-laroche.com\/fr\/wp-json\/wp\/v2\/types\/product"}],"wp:featuredmedia":[{"embeddable":true,"href":"https:\/\/www.gabrielle-laroche.com\/fr\/wp-json\/wp\/v2\/media\/6855"}],"wp:attachment":[{"href":"https:\/\/www.gabrielle-laroche.com\/fr\/wp-json\/wp\/v2\/media?parent=2580"}],"wp:term":[{"taxonomy":"product_brand","embeddable":true,"href":"https:\/\/www.gabrielle-laroche.com\/fr\/wp-json\/wp\/v2\/product_brand?post=2580"},{"taxonomy":"product_cat","embeddable":true,"href":"https:\/\/www.gabrielle-laroche.com\/fr\/wp-json\/wp\/v2\/product_cat?post=2580"},{"taxonomy":"product_tag","embeddable":true,"href":"https:\/\/www.gabrielle-laroche.com\/fr\/wp-json\/wp\/v2\/product_tag?post=2580"}],"curies":[{"name":"wp","href":"https:\/\/api.w.org\/{rel}","templated":true}]}}