

{"id":2778,"date":"2021-03-23T06:00:16","date_gmt":"2021-03-23T05:00:16","guid":{"rendered":"http:\/\/mrplwpw.cluster030.hosting.ovh.net\/?post_type=product&#038;p=2778"},"modified":"2023-02-04T17:03:47","modified_gmt":"2023-02-04T16:03:47","slug":"lidicky-karel-douleur","status":"publish","type":"product","link":"https:\/\/www.gabrielle-laroche.com\/fr\/product\/lidicky-karel-douleur\/","title":{"rendered":"LIDICKY KAREL &#8211; Douleur"},"content":{"rendered":"<div class=\"wpb-content-wrapper\"><p>[vc_row][vc_column width=\u00a0\u00bb1\/2&Prime;][vc_column_text]<\/p>\n<p style=\"text-align: justify;\">Biographie :<\/p>\n<p style=\"text-align: justify;\">Karel Lidick\u00fd (17 juin 1900 &#8211; 21 mai 1976) \u00e9tait un sculpteur tch\u00e8que. Son travail faisait partie de l&rsquo;\u00e9preuve de sculpture du concours d&rsquo;art des Jeux olympiques d&rsquo;\u00e9t\u00e9 de 1932. Il a \u00e9tudi\u00e9 dans l&rsquo;atelier d&rsquo;Otakar \u0160paniel \u00e0 l&rsquo;Acad\u00e9mie des Beaux-Arts de Prague. Karel Lidick\u00fd est l&rsquo;un des auteurs les plus importants du portrait classique tch\u00e8que, et sa grande contribution a \u00e9galement \u00e9t\u00e9 dans ses activit\u00e9s d&rsquo;enseignement au D\u00e9partement d&rsquo;\u00e9ducation artistique de la Facult\u00e9 p\u00e9dagogique de l&rsquo;Universit\u00e9 Charles, \u00e0 l&rsquo;Universit\u00e9 technique tch\u00e8que et \u00e0 l&rsquo;Acad\u00e9mie des beaux-arts de Prague. On peut rencontrer ses sculptures au cimeti\u00e8re de Vy\u0161ehrad, par exemple sur la tombe du peintre Miloslav Hol\u00fd, o\u00f9 il a cr\u00e9\u00e9 une sculpture de deux femmes allong\u00e9es comme une all\u00e9gorie du chagrin, sur la tombe d&rsquo;Otakar Ostr\u010dil, o\u00f9 se trouve un buste de ce compositeur et chef d&rsquo;orchestre , sur la tombe du po\u00e8te et traducteur Hanu\u0161 Jel\u00ednek , pour qui il cr\u00e9a un buste du po\u00e8te, ainsi qu&rsquo;un buste du compositeur pour la tombe de Ladislav Vycp\u00e1lek. Il est \u00e9galement l&rsquo;auteur de la sculpture du Chagrin sur la tombe de son ami le peintre Cyprian Majern\u00edk (n\u00b0 9-103).<\/p>\n<p>.[\/vc_column_text][\/vc_column][vc_column width=\u00a0\u00bb1\/2&Prime;][\/vc_column][\/vc_row]<\/p>\n<\/div>","protected":false},"excerpt":{"rendered":"<h4 class=\"p1\">LIDICKY KAREL (<span class=\"s1\"><b>1900 &#8211; 1976)<\/b><\/span><\/h4>\n<h4 class=\"p1\"><em>Douleur<\/em><\/h4>\n<p>&nbsp;<\/p>\n<p class=\"p1\"><span class=\"s1\">Epreuve en bronze \u00e0 patine brune<\/span><\/p>\n<p class=\"p1\"><span class=\"s1\">Sign\u00e9e sur la terrasse<\/span><\/p>\n<p class=\"p1\"><span class=\"s1\">\u00a0<\/span><\/p>\n<p class=\"p1\"><span class=\"s1\">Hauteur\u00a0: 48.5 cm<\/span><\/p>\n<p>&nbsp;<\/p>\n<p>&nbsp;<\/p>\n[dt_button size=\"small\" style=\"default\" animation=\"none\" color_mode=\"default\" icon=\"\" icon_align=\"left\" color=\"\" link=\"mailto:gabrielle-laroche@wanadoo.fr?subject=161_LIDICKY KAREL - Douleur\" target_blank=\"true\"]DEMANDE D&rsquo;INFORMATIONS[\/dt_button]\n<p>&nbsp;<\/p>\n<p><a href=\"\/fr\/contemporains\/\">Retour aux contemporains<\/a><\/p>\n","protected":false},"featured_media":8254,"template":"","meta":[],"product_brand":[],"product_cat":[39],"product_tag":[],"class_list":{"0":"post-2778","1":"product","2":"type-product","3":"status-publish","4":"has-post-thumbnail","6":"product_cat-contemporain","7":"description-off","9":"first","10":"instock","11":"shipping-taxable","12":"product-type-simple"},"aioseo_notices":[],"_links":{"self":[{"href":"https:\/\/www.gabrielle-laroche.com\/fr\/wp-json\/wp\/v2\/product\/2778","targetHints":{"allow":["GET"]}}],"collection":[{"href":"https:\/\/www.gabrielle-laroche.com\/fr\/wp-json\/wp\/v2\/product"}],"about":[{"href":"https:\/\/www.gabrielle-laroche.com\/fr\/wp-json\/wp\/v2\/types\/product"}],"wp:featuredmedia":[{"embeddable":true,"href":"https:\/\/www.gabrielle-laroche.com\/fr\/wp-json\/wp\/v2\/media\/8254"}],"wp:attachment":[{"href":"https:\/\/www.gabrielle-laroche.com\/fr\/wp-json\/wp\/v2\/media?parent=2778"}],"wp:term":[{"taxonomy":"product_brand","embeddable":true,"href":"https:\/\/www.gabrielle-laroche.com\/fr\/wp-json\/wp\/v2\/product_brand?post=2778"},{"taxonomy":"product_cat","embeddable":true,"href":"https:\/\/www.gabrielle-laroche.com\/fr\/wp-json\/wp\/v2\/product_cat?post=2778"},{"taxonomy":"product_tag","embeddable":true,"href":"https:\/\/www.gabrielle-laroche.com\/fr\/wp-json\/wp\/v2\/product_tag?post=2778"}],"curies":[{"name":"wp","href":"https:\/\/api.w.org\/{rel}","templated":true}]}}