

{"id":2800,"date":"2021-03-23T06:30:24","date_gmt":"2021-03-23T05:30:24","guid":{"rendered":"http:\/\/mrplwpw.cluster030.hosting.ovh.net\/?post_type=product&#038;p=2800"},"modified":"2023-01-31T12:24:37","modified_gmt":"2023-01-31T11:24:37","slug":"noel-van-cauwenberghe-jean-paul-sartre-lenfer-cest-les-autres","status":"publish","type":"product","link":"https:\/\/www.gabrielle-laroche.com\/fr\/product\/noel-van-cauwenberghe-jean-paul-sartre-lenfer-cest-les-autres\/","title":{"rendered":"ANONYME &#8211; INSECTE TOTEM"},"content":{"rendered":"<div class=\"wpb-content-wrapper\"><p>[vc_row][vc_column width=\u00a0\u00bb1\/2&Prime;][vc_column_text]<\/p>\n<p class=\"p1\"><span class=\"s1\">\u00a0\u00a0\u00a0\u00a0\u00a0<\/span><\/p>\n<p class=\"p1\"><span class=\"s1\">\u00a0<\/span><\/p>\n<p>[\/vc_column_text][\/vc_column][vc_column width=\u00a0\u00bb1\/2&Prime;][\/vc_column][\/vc_row]<\/p>\n<\/div>","protected":false},"excerpt":{"rendered":"<p style=\"font-weight: 400;\"><strong>ANONYME<\/strong><\/p>\n<p style=\"font-weight: 400;\"><em><strong>Insect Totem<\/strong><\/em><\/p>\n<p>&nbsp;<\/p>\n<p style=\"font-weight: 400;\"><strong>Date<\/strong>\u00a0: \u00a0 XX\u00e8me si\u00e8cle<\/p>\n<p>&nbsp;<\/p>\n<p style=\"font-weight: 400;\"><strong>Technique :<\/strong><\/p>\n<p style=\"font-weight: 400;\">Sculpture en bronze<\/p>\n<p style=\"font-weight: 400;\">Socle en pierre<\/p>\n<p>&nbsp;<\/p>\n<p style=\"font-weight: 400;\"><strong>Dimensions\u00a0:<\/strong><\/p>\n<p style=\"font-weight: 400;\"><u>Bronze\u00a0:<\/u><\/p>\n<p style=\"font-weight: 400;\">Hauteur\u00a0: 43 cm \/ Longueur\u00a0: 13 cm \/ Profondeur\u00a0: 13 cm<\/p>\n<p style=\"font-weight: 400;\"><u>Socle<\/u>\u00a0:<\/p>\n<p style=\"font-weight: 400;\">Hauteur\u00a0: 15 cm \/ Longueur\u00a0: 15\u00a0 cm \/ Profondeur\u00a0: 15 cm<\/p>\n<p>&nbsp;<\/p>\n<p>OEuvre sign\u00e9e au dos mais \u00e0 d\u00e9finir<\/p>\n<p>&nbsp;<\/p>\n[dt_button size=\"small\" style=\"default\" animation=\"none\" color_mode=\"default\" icon=\"\" icon_align=\"left\" color=\"\" link=\"mailto:gabrielle-laroche@wanadoo.fr?subject=147_ ANONYME- INSECTE-TOTEM\" target_blank=\"true\"]DEMANDE D&rsquo;INFORMATIONS[\/dt_button]\n<p>&nbsp;<\/p>\n<p><a href=\"\/fr\/contemporains\/\">Retour aux contemporains<\/a><\/p>\n","protected":false},"featured_media":8541,"template":"","meta":[],"product_brand":[],"product_cat":[39],"product_tag":[],"class_list":{"0":"post-2800","1":"product","2":"type-product","3":"status-publish","4":"has-post-thumbnail","6":"product_cat-contemporain","7":"description-off","9":"first","10":"instock","11":"shipping-taxable","12":"product-type-simple"},"aioseo_notices":[],"_links":{"self":[{"href":"https:\/\/www.gabrielle-laroche.com\/fr\/wp-json\/wp\/v2\/product\/2800","targetHints":{"allow":["GET"]}}],"collection":[{"href":"https:\/\/www.gabrielle-laroche.com\/fr\/wp-json\/wp\/v2\/product"}],"about":[{"href":"https:\/\/www.gabrielle-laroche.com\/fr\/wp-json\/wp\/v2\/types\/product"}],"wp:featuredmedia":[{"embeddable":true,"href":"https:\/\/www.gabrielle-laroche.com\/fr\/wp-json\/wp\/v2\/media\/8541"}],"wp:attachment":[{"href":"https:\/\/www.gabrielle-laroche.com\/fr\/wp-json\/wp\/v2\/media?parent=2800"}],"wp:term":[{"taxonomy":"product_brand","embeddable":true,"href":"https:\/\/www.gabrielle-laroche.com\/fr\/wp-json\/wp\/v2\/product_brand?post=2800"},{"taxonomy":"product_cat","embeddable":true,"href":"https:\/\/www.gabrielle-laroche.com\/fr\/wp-json\/wp\/v2\/product_cat?post=2800"},{"taxonomy":"product_tag","embeddable":true,"href":"https:\/\/www.gabrielle-laroche.com\/fr\/wp-json\/wp\/v2\/product_tag?post=2800"}],"curies":[{"name":"wp","href":"https:\/\/api.w.org\/{rel}","templated":true}]}}