

{"id":2824,"date":"2021-03-23T07:00:16","date_gmt":"2021-03-23T06:00:16","guid":{"rendered":"http:\/\/mrplwpw.cluster030.hosting.ovh.net\/?post_type=product&#038;p=2824"},"modified":"2023-02-04T17:41:32","modified_gmt":"2023-02-04T16:41:32","slug":"clemente-ochoa-torse","status":"publish","type":"product","link":"https:\/\/www.gabrielle-laroche.com\/fr\/product\/clemente-ochoa-torse\/","title":{"rendered":"CLEMENTE OCHOA &#8211; Torse"},"content":{"rendered":"<div class=\"wpb-content-wrapper\"><p>[vc_row][vc_column width=\u00a0\u00bb1\/2&Prime;][vc_column_text]<\/p>\n<p style=\"text-align: justify;\">N\u00e9 \u00e0 Cascante, Navarre, Espagne. Apr\u00e8s ses \u00e9tudes \u00e0 Pampelune et Saragosse, il s&rsquo;installe \u00e0 Barcelone afin de poursuivre ses \u00e9tudes en Peinture et Sculpture \u00e0 la Facult\u00e9 des Beaux-Arts de Saint George. Il a \u00e9t\u00e9 professeur d&rsquo;expression plastique \u00e0 l&rsquo;Universit\u00e9 centrale de Barcelone.<\/p>\n<p style=\"text-align: justify;\">On pourrait dire que lorsque Clemente Ochoa est au sommet de sa phase productive de sa carri\u00e8re, il se retrouve dans son \u00ab troisi\u00e8me jour de la cr\u00e9ation \u00bb, de son Univers et de son \u0153uvre.<\/p>\n<p style=\"text-align: justify;\">En effet, jusqu&rsquo;\u00e0 pr\u00e9sent, on peut distinguer trois \u00e9tapes dans le projet d\u00e9j\u00e0 important de son \u0153uvre:<\/p>\n<p style=\"text-align: justify;\">Il y a l&rsquo;\u00e9poque du r\u00e9alisme acad\u00e9mique, durant laquelle, vou\u00e9 aux formes directes, il cultive, avant tout, les d\u00e9cors picturaux et les portraits.<\/p>\n<p style=\"text-align: justify;\">La deuxi\u00e8me \u00e9tape nous emm\u00e8ne dans une sculpture \u00ab\u00a0pyramidale\u00a0\u00bb o\u00f9 l&rsquo;\u00e9mergence de l&rsquo;immense s&rsquo;impose, de la conqu\u00eate du sol. Les immenses torses, en particulier ceux des formes f\u00e9minines, sont compl\u00e9t\u00e9s par de petites t\u00eates d\u00e9licates et lyriques et les tr\u00e8s grandes bases sont d\u00e9cor\u00e9es d&rsquo;entrelacs spirituels d\u00e9licats.<\/p>\n<p style=\"text-align: justify;\">Une troisi\u00e8me \u00e9tape est celle o\u00f9 la g\u00e9om\u00e9trie et l&rsquo;abstrait s&rsquo;imposent. D\u00e9sormais, il traite les figures avec un style \u00e9l\u00e9gant et des formes dynamiques pleines de geste et de vie.<\/p>\n<p style=\"text-align: justify;\">Le travail de Clemente Ochoa a \u00e9t\u00e9 influenc\u00e9 par des artistes tels que Henry Moore, Jorge Oteiza, Chillida, Pablo Serrano et la sculpture m\u00e9diterran\u00e9enne classique, mais il a fa\u00e7onn\u00e9 cela dans un style absolument personnel. Il cr\u00e9e des figures g\u00e9om\u00e9triques et abstraites en acier inoxydable aux formes \u00e9l\u00e9gantes et dynamiques pleines de geste et de vie. Ses sculptures sont pleines de splendeur et repr\u00e9sentent la maturit\u00e9 de son travail.<\/p>\n<p style=\"text-align: justify;\">Il a particip\u00e9 \u00e0 un grand nombre d&rsquo;expositions \u00e0 travers l&rsquo;Espagne.<\/p>\n<p style=\"text-align: justify;\">A l&rsquo;\u00e9tranger il a expos\u00e9 \u00e0 Anvers, Andorre, Antibes, Asti, B\u00e9ziers, Bruxelles, Copenhague, Gen\u00e8ve, Grenoble, Den Haag, Jersey, Jutland, La Franqui, Limone Piamonte, Londres, Lormont, Luxembourg, Monaco, Mont de Marsan, Moncalieri, Montpellier, Munich, Narbonne, New York, N\u00eemes, Osaka, Perpignan, Paris, Port-Bacar\u00e8s, S\u00eate, Sulmone, Tokio, Toronto, Toulouse, Turin, Utrech, Yokohama.<\/p>\n<p style=\"text-align: justify;\">Clemente Ochoa a re\u00e7u de nombreuses distinctions et r\u00e9compenses. Plusieurs de ses sculptures sont install\u00e9es dans des espaces publics en Espagne, en Am\u00e9rique et en Europe.<\/p>\n<p>&nbsp;<\/p>\n<p><strong>Sculptures urbaines<\/strong><\/p>\n<p>Surmonter. Bronze. Gav\u00e0, Barcelone, Espagne<\/p>\n<p>Cr\u00e9ation. Bronze. Montpellier, France<\/p>\n<p>All\u00e9gorie. B\u00e9ton avec fibre de verre. Saragosse, Espagne<\/p>\n<p>M\u00e9morial Bassiano. Bronze. Murchante, Navarre, Espagne<\/p>\n<p>Libert\u00e9. Bronze Saragosse, Espagne<\/p>\n<p>G\u00e9n\u00e9ration. Bronze. Castelldefels, Barcelone, Espagne<\/p>\n<p>Malon d&rsquo;\u00c9chaide. Bronze. Cascante, Navarre, Espagne<\/p>\n<p>\u00c9metteur. Acier oxyd\u00e9. Barcelone, Espagne<\/p>\n<p>Hommage \u00e0 Pau Casals. Bronze. Castelldefels, Barcelone, Espagne<\/p>\n<p>S&rsquo;\u00e9chapper. Bronze. B\u00e9ziers, France<\/p>\n<p>Triomphe. Acier oxyd\u00e9. Canillo, Andorre<\/p>\n<p>Confluences. Acier oxyd\u00e9. Encamp, Andorre<\/p>\n<p>Olympique. Acier inoxydable. Castelldefels, Barcelone<\/p>\n<p>Amiti\u00e9. Acier inoxydable. Pas de la Case, Andorre<\/p>\n<p>Impulsion. Acier oxyd\u00e9. Madrid, Espagne<\/p>\n<p>Quelqu&rsquo;un. Bronze. Pampelune, Espagne<\/p>\n<p>Vol. Acier oxyd\u00e9. Madrid, Espagne<\/p>\n<p>A atterri. Acier inoxydable. Se\u00f1or\u00edo de B\u00e9rtiz, Navarre, Espagne<\/p>\n<p>Action. Acier oxyd\u00e9. Lormont, Bordeaux, France<\/p>\n<p>\u00c9mancip\u00e9. Acier inoxydable. Sant Rythme II. Acier oxyd\u00e9. Barcelone, Espagne<\/p>\n<p>Haleine. Acier inoxydable. Castelldefels, Espagne<\/p>\n<p>Triomphe. Bronze. Canet, France<\/p>\n<p>Livraison. Acier oxyd\u00e9. Cascante, Navarre<\/p>\n<p>Migrations. Parc-Art Cass\u00e0, G\u00e9rone, Espagne<\/p>\n<p>Vigueur. Acier inoxydable. Paret, Barcelone, Espagne<\/p>\n<p>R\u00e9conciliation. Acier inoxydable. Tudela, Navarre, Espagne<\/p>\n<p>Des oiseaux. Acier inoxydable. Canet, France<\/p>\n<p>C\u00e9l\u00e9brit\u00e9. Bronze. Pampelune, Espagne<\/p>\n<p>Oiseau. Acier inoxydable. Castelldefels, Barcelone, Espagne<\/p>\n<p>\u00c9quilibre. Bronze. Lausanne, Suisse<\/p>\n<p>Tirer. Bronze. Madrid, Espagne<\/p>\n<p>Vol. Acier oxyd\u00e9. Canet, France<\/p>\n<p>Privil\u00e8ge. Acier inoxydable. Estella, Navarre, Espagne<\/p>\n<p>Des cultures. Acier inoxydable. Tudela, Navarre, Espagne<\/p>\n<p>R\u00e9union. Bronze. Pampelune, Espagne<\/p>\n<p>Accord. Acier oxyd\u00e9. Los Cristianos, T\u00e9n\u00e9rife, Espagne<\/p>\n<p>Dialogue. Acier oxyd\u00e9. Los Cristianos, T\u00e9n\u00e9rife, Espagne<\/p>\n<p>Vols. Acier. Barcelone, Espagne<\/p>\n<p>Germination. Acier inoxydable. Duba\u00ef, EAU<\/p>\n<p>Vol de l&rsquo;industrie. Acier inoxydable. Al-Qaiwain, EAU<\/p>\n<p>&nbsp;<\/p>\n<p><strong>Travail dans les mus\u00e9es et dans les collections publiques<\/strong><\/p>\n<p>Mus\u00e9e d&rsquo;art moderne. Lanzarote, Espagne<\/p>\n<p>Collection municipale de Vence. Vence, France<\/p>\n<p>Institut d&rsquo;\u00e9tudes hispaniques. T\u00e9n\u00e9rife, Espagne<\/p>\n<p>Mus\u00e9e d&rsquo;art contemporain. Villafam\u00e9s, Espagne<\/p>\n<p>Mus\u00e9e municipal. Limone Piamonte, Italie<\/p>\n<p>Mus\u00e9e d&rsquo;art moderne. Tarragone, Espagne<\/p>\n<p>Mus\u00e9e Goya. Fuendetodos, Saragosse, Espagne<\/p>\n<p>Institut d&rsquo;\u00e9tudes de Lleida. L\u00e9rida, Espagne<\/p>\n<p>Mus\u00e9e Zabaleta. Quesada, Ja\u00e9n, Espagne<\/p>\n<p>Mus\u00e9e provincial. Navarre, Espagne<\/p>\n<p>Collection CAMP. Pampelune, Espagne<\/p>\n<p>Mus\u00e9e d&rsquo;art moderne. Sumon, Italie<\/p>\n<p>Mus\u00e9e Rocsen. Nono, Argentine<\/p>\n<p>Mus\u00e9e des Beaux-Arts. Saragosse, Espagne<\/p>\n<p>Mus\u00e9e de la Calahorra. Calahorra, Espagne<\/p>\n<p>Parlement de Navarre, Espagne<\/p>\n<p>Palais provincial. Jaen, Espagne<\/p>\n<p>Mus\u00e9e de La Rioja. Logro\u00f1o, Espagne<\/p>\n<p>Mus\u00e9e des Beaux-Arts. Santa Cruz de T\u00e9n\u00e9rife, Espagne<\/p>\n<p>A. Centre Arduino. Moncalieri, Turin, Italie<\/p>\n<p>Comit\u00e9 international olympique. Lausanne, Suisse<\/p>\n<p>&nbsp;<\/p>\n<p><strong>Prix et distinctions<\/strong><\/p>\n<p>Membre de Saint Marc International Academy, Italie<\/p>\n<p>ACCA Miami, \u00c9tats-Unis<\/p>\n<p>Prix Villahermosa. Mus\u00e9e des beaux-arts, Saragosse, Espagne<\/p>\n<p>Prix Artesport. Bilbao, Espagne<\/p>\n<p>Mention Napolitaine d&rsquo;Octobre, Italie<\/p>\n<p>Prix Ville de Vence, France<\/p>\n<p>Prix Arte e Cultura, Italie<\/p>\n<p>Atenea de Oro. Turin, Italie<\/p>\n<p>Targa Europea. Rome, Italie<\/p>\n<p>M\u00e9daille de Montpellier, France<\/p>\n<p>ler Prix de la Xe Biennale des Sports dans les Beaux-Arts. Barcelone 92, Espagne<\/p>\n<p>Zahor\u00ed de Plata 1998. Navarre, Espagne[\/vc_column_text][\/vc_column][vc_column width=\u00a0\u00bb1\/2&Prime;][\/vc_column][\/vc_row]<\/p>\n<\/div>","protected":false},"excerpt":{"rendered":"<h4 class=\"p1\">CLEMENTE OCHOA<\/h4>\n<h4 class=\"p1\"><em>Torse<\/em><\/h4>\n<p>&nbsp;<\/p>\n<p class=\"p1\"><span class=\"s1\">Bronze \u00e0 patine brune<\/span><\/p>\n<p class=\"p1\"><span class=\"s1\">Cire perdue\u00a0\u00a0\u00a0\u00a0<\/span><\/p>\n<p class=\"p1\"><span class=\"s1\">Sign\u00e9 sur la cuisse gauche<\/span><\/p>\n<p>&nbsp;<\/p>\n<p class=\"p1\"><span class=\"s1\">Hauteur\u00a0: 41 cm<\/span><\/p>\n<p>&nbsp;<\/p>\n<p>&nbsp;<\/p>\n[dt_button size=\"small\" style=\"default\" animation=\"none\" color_mode=\"default\" icon=\"\" icon_align=\"left\" color=\"\" link=\"mailto:gabrielle-laroche@wanadoo.fr?subject=163_CLEMENTE OCHOA - Torse \" target_blank=\"true\"]DEMANDE D&rsquo;INFORMATIONS[\/dt_button]\n<p>&nbsp;<\/p>\n<p><a href=\"\/fr\/contemporains\/\">Retour aux contemporains<\/a><\/p>\n","protected":false},"featured_media":8178,"template":"","meta":[],"product_brand":[],"product_cat":[39],"product_tag":[],"class_list":{"0":"post-2824","1":"product","2":"type-product","3":"status-publish","4":"has-post-thumbnail","6":"product_cat-contemporain","7":"description-off","9":"first","10":"instock","11":"shipping-taxable","12":"product-type-simple"},"aioseo_notices":[],"_links":{"self":[{"href":"https:\/\/www.gabrielle-laroche.com\/fr\/wp-json\/wp\/v2\/product\/2824","targetHints":{"allow":["GET"]}}],"collection":[{"href":"https:\/\/www.gabrielle-laroche.com\/fr\/wp-json\/wp\/v2\/product"}],"about":[{"href":"https:\/\/www.gabrielle-laroche.com\/fr\/wp-json\/wp\/v2\/types\/product"}],"wp:featuredmedia":[{"embeddable":true,"href":"https:\/\/www.gabrielle-laroche.com\/fr\/wp-json\/wp\/v2\/media\/8178"}],"wp:attachment":[{"href":"https:\/\/www.gabrielle-laroche.com\/fr\/wp-json\/wp\/v2\/media?parent=2824"}],"wp:term":[{"taxonomy":"product_brand","embeddable":true,"href":"https:\/\/www.gabrielle-laroche.com\/fr\/wp-json\/wp\/v2\/product_brand?post=2824"},{"taxonomy":"product_cat","embeddable":true,"href":"https:\/\/www.gabrielle-laroche.com\/fr\/wp-json\/wp\/v2\/product_cat?post=2824"},{"taxonomy":"product_tag","embeddable":true,"href":"https:\/\/www.gabrielle-laroche.com\/fr\/wp-json\/wp\/v2\/product_tag?post=2824"}],"curies":[{"name":"wp","href":"https:\/\/api.w.org\/{rel}","templated":true}]}}