

{"id":2846,"date":"2021-04-20T14:30:49","date_gmt":"2021-04-20T12:30:49","guid":{"rendered":"http:\/\/mrplwpw.cluster030.hosting.ovh.net\/?post_type=product&#038;p=2846"},"modified":"2023-01-22T19:09:00","modified_gmt":"2023-01-22T18:09:00","slug":"edmond-moirignot-neptune","status":"publish","type":"product","link":"https:\/\/www.gabrielle-laroche.com\/fr\/product\/edmond-moirignot-neptune\/","title":{"rendered":"EDMOND MOIRIGNOT &#8211; Neptune"},"content":{"rendered":"<div class=\"wpb-content-wrapper\"><p>[vc_row][vc_column width=\u00a0\u00bb1\/2&Prime;][vc_column_text]<\/p>\n<p class=\"p1\"><span class=\"s1\"><b>Bibliographie<\/b><\/span><\/p>\n<p class=\"p1\"><span class=\"s1\"><em>Edmond Moirignot<\/em>, Pr\u00e9face de E. Cheneau de Leyritz, pr\u00e9sentation de Raymond Charnal, Editions Pierre Cailler, Gen\u00e8ve, 1965<\/span><\/p>\n<p class=\"p1\"><span class=\"s1\"><em>Moirignot sculptures<\/em>, Exposition Galerie Andr\u00e9 Pacitti, Paris, 1968<\/span><\/p>\n<p class=\"p1\"><span class=\"s1\"><em>Moirignot<\/em>,<em> marbres originaux, pierres, bronzes, aquarelles, dessins<\/em>, exposition galerie Andr\u00e9 Pacitti, Paris, 1970<\/span><\/p>\n<p class=\"p1\"><span class=\"s1\"><em>Moirignot<\/em> par Claude Jeancolas, Limoges, 1984<\/span><\/p>\n<p class=\"p1\"><span class=\"s1\"><b><em>Moirignot,<\/em> Catalogue Raisonn\u00e9 par Claude Jeancolas, FVW Editions Paris, 2006<\/b><\/span><\/p>\n<p class=\"p1\"><span class=\"s1\">\u00a0<\/span><\/p>\n<p>[\/vc_column_text][\/vc_column][vc_column width=\u00a0\u00bb1\/2&Prime;][\/vc_column][\/vc_row]<\/p>\n<\/div>","protected":false},"excerpt":{"rendered":"<h4><span class=\"s1\">EDMOND MOIRIGNOT<\/span><span class=\"s1\">\u00a0(<\/span><span class=\"s1\">1913<\/span><span class=\"s1\"> &#8211; 2002)<\/span><\/h4>\n<h4><em><span class=\"s1\">Neptune<\/span><\/em><\/h4>\n<p>&nbsp;<\/p>\n<p class=\"p1\"><span class=\"s1\">Bronze \u00e0 patine verte<\/span><\/p>\n<p class=\"p1\"><span class=\"s1\">Cire perdue ancienne de la Fonderie A.Valsuani<\/span><\/p>\n<p class=\"p1\"><span class=\"s1\">Signature Moirignot et cachet de fondeur \u00e0 la base<\/span><\/p>\n<p class=\"p1\"><span class=\"s1\"><b>\u00a0<\/b><\/span><\/p>\n<p class=\"p1\"><span class=\"s1\">Hauteur\u00a0:<b> <\/b>35 cm\u00a0\u00a0<\/span><\/p>\n<p class=\"p1\"><span class=\"s1\">Largeur\u00a0: 24 cm<\/span><\/p>\n<p class=\"p1\"><span class=\"s1\">Profondeur\u00a0: 10 cm<\/span><\/p>\n<p>&nbsp;<\/p>\n<p class=\"p1\"><span class=\"s1\">\u00a0<\/span><\/p>\n[dt_button size=\"small\" style=\"default\" animation=\"none\" color_mode=\"default\" icon=\"\" icon_align=\"left\" color=\"\" link=\"mailto:gabrielle-laroche@wanadoo.fr?subject=168_EDMOND MOIRIGNOT - Neptune\" target_blank=\"true\"]DEMANDE D&rsquo;INFORMATIONS[\/dt_button]\n<p>&nbsp;<\/p>\n<p><a href=\"\/fr\/contemporains\/\">Retour aux contemporains<\/a><\/p>\n","protected":false},"featured_media":8220,"template":"","meta":[],"product_brand":[],"product_cat":[48],"product_tag":[],"class_list":{"0":"post-2846","1":"product","2":"type-product","3":"status-publish","4":"has-post-thumbnail","6":"product_cat-moirignot","7":"description-off","9":"first","10":"instock","11":"shipping-taxable","12":"product-type-simple"},"aioseo_notices":[],"_links":{"self":[{"href":"https:\/\/www.gabrielle-laroche.com\/fr\/wp-json\/wp\/v2\/product\/2846","targetHints":{"allow":["GET"]}}],"collection":[{"href":"https:\/\/www.gabrielle-laroche.com\/fr\/wp-json\/wp\/v2\/product"}],"about":[{"href":"https:\/\/www.gabrielle-laroche.com\/fr\/wp-json\/wp\/v2\/types\/product"}],"wp:featuredmedia":[{"embeddable":true,"href":"https:\/\/www.gabrielle-laroche.com\/fr\/wp-json\/wp\/v2\/media\/8220"}],"wp:attachment":[{"href":"https:\/\/www.gabrielle-laroche.com\/fr\/wp-json\/wp\/v2\/media?parent=2846"}],"wp:term":[{"taxonomy":"product_brand","embeddable":true,"href":"https:\/\/www.gabrielle-laroche.com\/fr\/wp-json\/wp\/v2\/product_brand?post=2846"},{"taxonomy":"product_cat","embeddable":true,"href":"https:\/\/www.gabrielle-laroche.com\/fr\/wp-json\/wp\/v2\/product_cat?post=2846"},{"taxonomy":"product_tag","embeddable":true,"href":"https:\/\/www.gabrielle-laroche.com\/fr\/wp-json\/wp\/v2\/product_tag?post=2846"}],"curies":[{"name":"wp","href":"https:\/\/api.w.org\/{rel}","templated":true}]}}