

{"id":3174,"date":"2021-04-22T17:30:57","date_gmt":"2021-04-22T15:30:57","guid":{"rendered":"http:\/\/mrplwpw.cluster030.hosting.ovh.net\/?post_type=product&#038;p=3174"},"modified":"2021-04-22T17:34:27","modified_gmt":"2021-04-22T15:34:27","slug":"thierry-mazille-cathedrale-de-strasbourg","status":"publish","type":"product","link":"https:\/\/www.gabrielle-laroche.com\/fr\/product\/thierry-mazille-cathedrale-de-strasbourg\/","title":{"rendered":"THIERRY MAZILLE &#8211; Cath\u00e9drale de Strasbourg"},"content":{"rendered":"<div class=\"wpb-content-wrapper\"><p>[vc_row][vc_column width=\u00a0\u00bb1\/2&Prime;][vc_column_text]<\/p>\n<p class=\"p1\" style=\"text-align: justify;\"><span class=\"s1\">2009 Paris, Galerie Gabrielle Laroche, Exposition de la Cath\u00e9drale de Strasbourg<\/span><\/p>\n<p class=\"p1\" style=\"text-align: justify;\"><span class=\"s1\">2004-2007 Cr\u00e9ation de la \u00ab\u00a0Cath\u00e9drale de Strasbourg\u00a0\u00bb March\u00e9 de No\u00ebl 2007-2008<\/span><\/p>\n<p class=\"p1\" style=\"text-align: justify;\"><span class=\"s1\">2003 Avril, Nogent sur Marne, Pavillon de Baltard, Mondial de l\u2019Invention et de l\u2019Innovation<\/span><\/p>\n<p class=\"p1\" style=\"text-align: justify;\"><span class=\"s1\">2002 Mai, Gen\u00e8ve,\u00a0 30<\/span><span class=\"s2\"><sup>e<\/sup><\/span><span class=\"s1\"> Salon international des Inventions, des Techniques et Produits nouveaux<\/span><\/p>\n<p class=\"p1\" style=\"text-align: justify;\"><span class=\"s1\">2002 F\u00e9vrier, Lyon, 9<\/span><span class=\"s2\"><sup>e<\/sup><\/span><span class=\"s1\"> Concours Commerce, Salon du Bricolage et de l\u2019Invention<\/span><\/p>\n<p class=\"p1\" style=\"text-align: justify;\"><span class=\"s1\">2002 Lyon, Salon International des Inventions de Lyon, Concours Lumi\u00e8re<\/span><\/p>\n<p class=\"p1\" style=\"text-align: justify;\"><span class=\"s1\">2001 Octobre, Jonqui\u00e8res (Vaucluse), Salon de l\u2019Invention et de l\u2019Innovation \/\/ Dipl\u00f4me d\u2019invention en\u00a0 \u00ab\u00a0Electronique en maquette\u00a0\u00bb<\/span><\/p>\n<p class=\"p1\" style=\"text-align: justify;\"><span class=\"s1\">2000 Octobre, Saint Di\u00e9,\u00a0Festival National de la G\u00e9ographie, Tour de la Libert\u00e9 au 1\/100\u00e8<\/span><\/p>\n<p class=\"p1\" style=\"text-align: justify;\"><span class=\"s1\">2000 Avril, Championnats europ\u00e9en de Mod\u00e9lisme et de Maquettisme \u00ab\u00a0Les Gulliver 2000\u00a0\u00bb \/\/ M\u00e9daille d\u2019or dans la cat\u00e9gorie \u2013D\u00e9butants pour la\u00a0 \u00ab\u00a0Tour Eiffel\u00a0\u00bb et \u00a0la \u00ab\u00a0Tour de la Libert\u00e9\u00a0\u00bb<\/span><\/p>\n<p class=\"p1\" style=\"text-align: justify;\"><span class=\"s1\">2000 Paris, Porte de Versailles, Salon international de la maquette et du mod\u00e8le r\u00e9duit \/\/ Dipl\u00f4me \u00ab\u00a0D\u00e9butant OR\u00a0\u00bb pour un arbre repr\u00e9sentant les pays de la Communaut\u00e9 Europ\u00e9enne<\/span><\/p>\n<p class=\"p1\" style=\"text-align: justify;\"><span class=\"s1\">2000 Cornimont, Vosges, Exposition \u00e0 la Caisse d\u2019\u00e9pargne<\/span><\/p>\n<p class=\"p1\" style=\"text-align: justify;\"><span class=\"s1\">1998 Etudes d\u2019\u00e9lectrom\u00e9canicien<\/span><\/p>\n<p class=\"p1\" style=\"text-align: justify;\"><span class=\"s1\">1994 Entr\u00e9e dans l\u2019entreprise T.R.W de Ramonchamps<\/span><\/p>\n<p>[\/vc_column_text][\/vc_column][vc_column width=\u00a0\u00bb1\/2&Prime;][\/vc_column][\/vc_row]<\/p>\n<\/div>","protected":false},"excerpt":{"rendered":"<h4 class=\"p1\">THIERRY MAZILLE<\/h4>\n<h4 class=\"p1\"><em>Cath\u00e9drale de Strasbourg<\/em><\/h4>\n<p>&nbsp;<\/p>\n<p class=\"p1\"><span class=\"s1\">\u00e9chelle 1\/100<\/span><\/p>\n<p class=\"p1\"><span class=\"s1\">Pi\u00e8ce unique<\/span><\/p>\n<p class=\"p1\"><span class=\"s1\">Date de cr\u00e9ation : 2004-2007<\/span><\/p>\n<p class=\"p1\"><span class=\"s1\">Sign\u00e9e M<\/span><\/p>\n<p class=\"p1\"><span class=\"s1\">Oeuvre cr\u00e9\u00e9e \u00e0 l\u2019\u00e9chelle \u00e0 partir de composants \u00e9lectroniques de r\u00e9cup\u00e9ration, plaques \u00e9lectroniques recycl\u00e9es \u00e0 partir d\u2019appareils usag\u00e9s dont les composants sont tri\u00e9s et class\u00e9s par forme et par couleur (r\u00e9sistances, condensateurs, plaques \u00e9lectroniques, fils de cuivre)<\/span><\/p>\n<p class=\"p1\"><span class=\"s1\">Soudure \u00e0 l\u2019\u00e9tain<\/span><\/p>\n<p class=\"p1\"><span class=\"s1\">Mat\u00e9riaux : cuivre, \u00e9tain, bak\u00e9lite verte, brune et bleue, plastique, c\u00e9ramique pour les autres composants de couleur, provenant de r\u00e9sistances et de condensateurs<\/span><\/p>\n<p>&nbsp;<\/p>\n<p class=\"p1\"><span class=\"s1\">Hauteur avec socle : 174 cm<\/span><\/p>\n<p>&nbsp;<\/p>\n<p>&nbsp;<\/p>\n[dt_button size=\"small\" style=\"default\" animation=\"none\" color_mode=\"default\" icon=\"\" icon_align=\"left\" color=\"\" link=\"mailto:gabrielle-laroche@wanadoo.fr?subject=206_THIERRY MAZILLE - Cath\u00e9drale de Strasbourg\" target_blank=\"true\"]DEMANDE D&rsquo;INFORMATIONS[\/dt_button]\n<p>&nbsp;<\/p>\n<p><a href=\"\/fr\/contemporains\/\">Retour aux contemporains<\/a><\/p>\n","protected":false},"featured_media":3176,"template":"","meta":[],"product_brand":[],"product_cat":[84],"product_tag":[],"class_list":{"0":"post-3174","1":"product","2":"type-product","3":"status-publish","4":"has-post-thumbnail","6":"product_cat-mazille","7":"description-off","9":"first","10":"instock","11":"shipping-taxable","12":"product-type-simple"},"aioseo_notices":[],"_links":{"self":[{"href":"https:\/\/www.gabrielle-laroche.com\/fr\/wp-json\/wp\/v2\/product\/3174","targetHints":{"allow":["GET"]}}],"collection":[{"href":"https:\/\/www.gabrielle-laroche.com\/fr\/wp-json\/wp\/v2\/product"}],"about":[{"href":"https:\/\/www.gabrielle-laroche.com\/fr\/wp-json\/wp\/v2\/types\/product"}],"wp:featuredmedia":[{"embeddable":true,"href":"https:\/\/www.gabrielle-laroche.com\/fr\/wp-json\/wp\/v2\/media\/3176"}],"wp:attachment":[{"href":"https:\/\/www.gabrielle-laroche.com\/fr\/wp-json\/wp\/v2\/media?parent=3174"}],"wp:term":[{"taxonomy":"product_brand","embeddable":true,"href":"https:\/\/www.gabrielle-laroche.com\/fr\/wp-json\/wp\/v2\/product_brand?post=3174"},{"taxonomy":"product_cat","embeddable":true,"href":"https:\/\/www.gabrielle-laroche.com\/fr\/wp-json\/wp\/v2\/product_cat?post=3174"},{"taxonomy":"product_tag","embeddable":true,"href":"https:\/\/www.gabrielle-laroche.com\/fr\/wp-json\/wp\/v2\/product_tag?post=3174"}],"curies":[{"name":"wp","href":"https:\/\/api.w.org\/{rel}","templated":true}]}}