

{"id":3366,"date":"2021-04-20T16:30:55","date_gmt":"2021-04-20T14:30:55","guid":{"rendered":"http:\/\/mrplwpw.cluster030.hosting.ovh.net\/?post_type=product&#038;p=3366"},"modified":"2024-08-07T10:32:52","modified_gmt":"2024-08-07T08:32:52","slug":"jacques-tenenhaus-lamour","status":"publish","type":"product","link":"https:\/\/www.gabrielle-laroche.com\/fr\/product\/jacques-tenenhaus-lamour\/","title":{"rendered":"JACQUES TENENHAUS &#8211; L&rsquo;Amour"},"content":{"rendered":"","protected":false},"excerpt":{"rendered":"<h4 class=\"p1\"><span class=\"s1\">JACQUES TENENHAUS<\/span><\/h4>\n<h4 class=\"p1\"><em><span class=\"s1\">L&rsquo;Amour<\/span><\/em><\/h4>\n<p>&nbsp;<\/p>\n<p class=\"p1\"><span class=\"s1\">1982\u00a0<\/span><\/p>\n<p class=\"p1\"><span class=\"s1\">Bronze \u00e0 patine brune\u00a0<\/span><\/p>\n<p class=\"p1\"><span class=\"s1\">Sign\u00e9 et num\u00e9rot\u00e9 sur le bras gauche de l\u2019homme \u00ab\u00a0Jacques Tenenhaus 1\/8\u00a0\u00bb<\/span><\/p>\n<p class=\"p1\"><span class=\"s1\">Landowski Fondeur\u00a0<\/span><\/p>\n<p>&nbsp;<\/p>\n<p class=\"p1\"><span class=\"s1\">\u00a0Hauteur : 40 cm<\/span><\/p>\n<p class=\"p1\"><span class=\"s1\">\u00a0Longueur : 40 cm<\/span><\/p>\n<p class=\"p1\"><span class=\"s1\">\u00a0Profondeur : 60 cm<\/span><\/p>\n<p>&nbsp;<\/p>\n<p class=\"p1\"><span class=\"s1\">\u00a0Provenance : atelier de l\u2019artiste<\/span><\/p>\n<p class=\"p1\"><span class=\"s1\">\u00a0Exposition : Galerie Liliane Fran\u00e7ois, 1983<\/span><\/p>\n<p>&nbsp;<\/p>\n<p>&nbsp;<\/p>\n[dt_button size=\"small\" style=\"default\" animation=\"none\" color_mode=\"default\" icon=\"\" icon_align=\"left\" color=\"\" link=\"mailto:gabrielle-laroche@wanadoo.fr?subject=237_JACQUES TENENHAUS - L'Amour\" target_blank=\"true\"]DEMANDE D&rsquo;INFORMATIONS[\/dt_button]\n<p>&nbsp;<\/p>\n<p><a href=\"\/fr\/contemporains\/\">Retour aux contemporains<\/a><\/p>\n","protected":false},"featured_media":3368,"template":"","meta":[],"product_brand":[],"product_cat":[56],"product_tag":[],"class_list":{"0":"post-3366","1":"product","2":"type-product","3":"status-publish","4":"has-post-thumbnail","6":"product_cat-tenenhaus","7":"description-off","9":"first","10":"instock","11":"shipping-taxable","12":"product-type-simple"},"aioseo_notices":[],"_links":{"self":[{"href":"https:\/\/www.gabrielle-laroche.com\/fr\/wp-json\/wp\/v2\/product\/3366","targetHints":{"allow":["GET"]}}],"collection":[{"href":"https:\/\/www.gabrielle-laroche.com\/fr\/wp-json\/wp\/v2\/product"}],"about":[{"href":"https:\/\/www.gabrielle-laroche.com\/fr\/wp-json\/wp\/v2\/types\/product"}],"wp:featuredmedia":[{"embeddable":true,"href":"https:\/\/www.gabrielle-laroche.com\/fr\/wp-json\/wp\/v2\/media\/3368"}],"wp:attachment":[{"href":"https:\/\/www.gabrielle-laroche.com\/fr\/wp-json\/wp\/v2\/media?parent=3366"}],"wp:term":[{"taxonomy":"product_brand","embeddable":true,"href":"https:\/\/www.gabrielle-laroche.com\/fr\/wp-json\/wp\/v2\/product_brand?post=3366"},{"taxonomy":"product_cat","embeddable":true,"href":"https:\/\/www.gabrielle-laroche.com\/fr\/wp-json\/wp\/v2\/product_cat?post=3366"},{"taxonomy":"product_tag","embeddable":true,"href":"https:\/\/www.gabrielle-laroche.com\/fr\/wp-json\/wp\/v2\/product_tag?post=3366"}],"curies":[{"name":"wp","href":"https:\/\/api.w.org\/{rel}","templated":true}]}}