

{"id":3390,"date":"2021-04-20T17:00:21","date_gmt":"2021-04-20T15:00:21","guid":{"rendered":"http:\/\/mrplwpw.cluster030.hosting.ovh.net\/?post_type=product&#038;p=3390"},"modified":"2021-04-20T17:57:13","modified_gmt":"2021-04-20T15:57:13","slug":"jacques-tenenhaus-landrogyne","status":"publish","type":"product","link":"https:\/\/www.gabrielle-laroche.com\/fr\/product\/jacques-tenenhaus-landrogyne\/","title":{"rendered":"JACQUES TENENHAUS &#8211; L&rsquo;Androgyne"},"content":{"rendered":"","protected":false},"excerpt":{"rendered":"<h4 class=\"p1\"><span class=\"s1\">JACQUES TENENHAUS<\/span><\/h4>\n<h4 class=\"p1\"><em>L&rsquo;Androgyne<\/em><\/h4>\n<p>&nbsp;<\/p>\n<p class=\"p1\"><span class=\"s1\">1983<\/span><\/p>\n<p class=\"p1\"><span class=\"s1\">Bronze \u00e0 patine brune<\/span><\/p>\n<p class=\"p1\"><span class=\"s1\">Sign\u00e9 et num\u00e9rot\u00e9 en bas\u00a0\u00ab\u00a0Jacques Tenenhaus\u00a01983\u00a01\/8\u00a0\u00bb\u00a0<\/span><\/p>\n<p class=\"p2\"><span class=\"s1\">Landowski Fondeur 2001<\/span><\/p>\n<p>&nbsp;<\/p>\n<p class=\"p1\"><span class=\"s1\">H\u00a0 65 x l\u00a0 29 x P\u00a0 36 cm<\/span><\/p>\n<p>&nbsp;<\/p>\n<p class=\"p1\"><span class=\"s1\">Provenance :\u00a0Atelier de l\u2019artiste<\/span><\/p>\n<p>&nbsp;<\/p>\n<p>&nbsp;<\/p>\n[dt_button size=\"small\" style=\"default\" animation=\"none\" color_mode=\"default\" icon=\"\" icon_align=\"left\" color=\"\" link=\"mailto:gabrielle-laroche@wanadoo.fr?subject=237_JACQUES TENENHAUS - L'Androgyne\" target_blank=\"true\"]DEMANDE D&rsquo;INFORMATIONS[\/dt_button]\n<p>&nbsp;<\/p>\n<p><a href=\"\/fr\/contemporains\/\">Retour aux contemporains<\/a><\/p>\n","protected":false},"featured_media":3392,"template":"","meta":[],"product_brand":[],"product_cat":[56],"product_tag":[],"class_list":{"0":"post-3390","1":"product","2":"type-product","3":"status-publish","4":"has-post-thumbnail","6":"product_cat-tenenhaus","7":"description-off","9":"first","10":"instock","11":"shipping-taxable","12":"product-type-simple"},"aioseo_notices":[],"_links":{"self":[{"href":"https:\/\/www.gabrielle-laroche.com\/fr\/wp-json\/wp\/v2\/product\/3390","targetHints":{"allow":["GET"]}}],"collection":[{"href":"https:\/\/www.gabrielle-laroche.com\/fr\/wp-json\/wp\/v2\/product"}],"about":[{"href":"https:\/\/www.gabrielle-laroche.com\/fr\/wp-json\/wp\/v2\/types\/product"}],"wp:featuredmedia":[{"embeddable":true,"href":"https:\/\/www.gabrielle-laroche.com\/fr\/wp-json\/wp\/v2\/media\/3392"}],"wp:attachment":[{"href":"https:\/\/www.gabrielle-laroche.com\/fr\/wp-json\/wp\/v2\/media?parent=3390"}],"wp:term":[{"taxonomy":"product_brand","embeddable":true,"href":"https:\/\/www.gabrielle-laroche.com\/fr\/wp-json\/wp\/v2\/product_brand?post=3390"},{"taxonomy":"product_cat","embeddable":true,"href":"https:\/\/www.gabrielle-laroche.com\/fr\/wp-json\/wp\/v2\/product_cat?post=3390"},{"taxonomy":"product_tag","embeddable":true,"href":"https:\/\/www.gabrielle-laroche.com\/fr\/wp-json\/wp\/v2\/product_tag?post=3390"}],"curies":[{"name":"wp","href":"https:\/\/api.w.org\/{rel}","templated":true}]}}