

{"id":3395,"date":"2021-04-20T17:30:07","date_gmt":"2021-04-20T15:30:07","guid":{"rendered":"http:\/\/mrplwpw.cluster030.hosting.ovh.net\/?post_type=product&#038;p=3395"},"modified":"2024-08-07T10:33:18","modified_gmt":"2024-08-07T08:33:18","slug":"jacques-tenenhaus-lhomme-aux-deux-mains-droites","status":"publish","type":"product","link":"https:\/\/www.gabrielle-laroche.com\/fr\/product\/jacques-tenenhaus-lhomme-aux-deux-mains-droites\/","title":{"rendered":"JACQUES TENENHAUS &#8211; L&rsquo;Homme aux deux mains droites"},"content":{"rendered":"","protected":false},"excerpt":{"rendered":"<h4 class=\"p1\"><span class=\"s1\">JACQUES TENENHAUS<\/span><\/h4>\n<h4 class=\"p1\"><em>L&rsquo;Homme aux deux mains droites<\/em><\/h4>\n<p>&nbsp;<\/p>\n<p class=\"p1\"><span class=\"s1\">1982<\/span><\/p>\n<p class=\"p1\"><span class=\"s1\">Bronze \u00e0 patine brune\u00a0<\/span><\/p>\n<p class=\"p1\"><span class=\"s1\">Sign\u00e9 et num\u00e9rot\u00e9 sur la cuisse gauche \u00ab Jacques Tenenhaus\u00a0 1\/8 \u00bb\u00a0<\/span><\/p>\n<p class=\"p1\"><span class=\"s1\">Landowski Fondeur<\/span><\/p>\n<p>Hauteur : 80 cm<br \/>\nLongueur : 50 cm<br \/>\nProfondeur : 50 cm<\/p>\n<p class=\"p1\"><span class=\"s1\"><br \/>\nProvenance : atelier de l\u2019artiste<br \/>\nExposition :\u00a0Galerie Liliane Fran\u00e7ois, 1983<\/span><\/p>\n<p>&nbsp;<\/p>\n<p>&nbsp;<\/p>\n[dt_button size=\"small\" style=\"default\" animation=\"none\" color_mode=\"default\" icon=\"\" icon_align=\"left\" color=\"\" link=\"mailto:gabrielle-laroche@wanadoo.fr?subject=238_JACQUES TENENHAUS - L'Homme aux deux mains droites\" target_blank=\"true\"]DEMANDE D&rsquo;INFORMATIONS[\/dt_button]\n<p>&nbsp;<\/p>\n<p><a href=\"\/fr\/contemporains\/\">Retour aux contemporains<\/a><\/p>\n","protected":false},"featured_media":3397,"template":"","meta":[],"product_brand":[],"product_cat":[56],"product_tag":[],"class_list":{"0":"post-3395","1":"product","2":"type-product","3":"status-publish","4":"has-post-thumbnail","6":"product_cat-tenenhaus","7":"description-off","9":"first","10":"instock","11":"shipping-taxable","12":"product-type-simple"},"aioseo_notices":[],"_links":{"self":[{"href":"https:\/\/www.gabrielle-laroche.com\/fr\/wp-json\/wp\/v2\/product\/3395","targetHints":{"allow":["GET"]}}],"collection":[{"href":"https:\/\/www.gabrielle-laroche.com\/fr\/wp-json\/wp\/v2\/product"}],"about":[{"href":"https:\/\/www.gabrielle-laroche.com\/fr\/wp-json\/wp\/v2\/types\/product"}],"wp:featuredmedia":[{"embeddable":true,"href":"https:\/\/www.gabrielle-laroche.com\/fr\/wp-json\/wp\/v2\/media\/3397"}],"wp:attachment":[{"href":"https:\/\/www.gabrielle-laroche.com\/fr\/wp-json\/wp\/v2\/media?parent=3395"}],"wp:term":[{"taxonomy":"product_brand","embeddable":true,"href":"https:\/\/www.gabrielle-laroche.com\/fr\/wp-json\/wp\/v2\/product_brand?post=3395"},{"taxonomy":"product_cat","embeddable":true,"href":"https:\/\/www.gabrielle-laroche.com\/fr\/wp-json\/wp\/v2\/product_cat?post=3395"},{"taxonomy":"product_tag","embeddable":true,"href":"https:\/\/www.gabrielle-laroche.com\/fr\/wp-json\/wp\/v2\/product_tag?post=3395"}],"curies":[{"name":"wp","href":"https:\/\/api.w.org\/{rel}","templated":true}]}}