

{"id":5535,"date":"2021-03-31T13:15:27","date_gmt":"2021-03-31T11:15:27","guid":{"rendered":"https:\/\/www.gabrielle-laroche.com\/?post_type=product&#038;p=5535"},"modified":"2021-05-05T17:21:23","modified_gmt":"2021-05-05T15:21:23","slug":"vierge-de-calvaire","status":"publish","type":"product","link":"https:\/\/www.gabrielle-laroche.com\/fr\/product\/vierge-de-calvaire\/","title":{"rendered":"VIERGE DE CALVAIRE"},"content":{"rendered":"<div class=\"wpb-content-wrapper\"><p>[vc_row][vc_column width=\u00a0\u00bb1\/2&Prime;][vc_column_text]<\/p>\n<p class=\"p1\" style=\"text-align: justify;\"><span class=\"s1\">Cette rare sculpture repr\u00e9sentant une Vierge de calvaire faisait autrefois partie d\u2019un ensemble figurant une Crucifixion. Elle faisait alors pendant \u00e0 Saint Jean l\u2019Evang\u00e9liste, tous deux r\u00e9unis autour du Christ. Ils \u00e9taient peut-\u00eatre accompagn\u00e9s d\u2019autres personnages tels que Joseph d\u2019Arimathie et Nicod\u00e8me.<\/span><\/p>\n<p class=\"p1\" style=\"text-align: justify;\"><span class=\"s1\">La r\u00e9alisation de Descentes de Croix s\u2019inscrit dans une volont\u00e9 de proposer aux fid\u00e8les des repr\u00e9sentations propres \u00e0 les \u00e9mouvoir. Si la repr\u00e9sentation de cette sc\u00e8ne de la Passion du Christ est fort rare au Xe et XIe si\u00e8cles, elle connait un engouement certain d\u00e8s le XIIe si\u00e8cle avant d\u2019\u00eatre remplac\u00e9e par d\u2019autres \u00e0 la fin du si\u00e8cle suivant.\u00a0<\/span><\/p>\n<p class=\"p1\" style=\"text-align: justify;\"><span class=\"s1\">Marie est ici repr\u00e9sent\u00e9e debout, la t\u00eate d\u00e9licatement inclin\u00e9e sur son \u00e9paule droite. Dans un geste d\u2019intercession, elle l\u00e8ve sa main gauche, aux doigts longs et fins, dans la direction du Christ absent, tandis que de la droite, elle retient un pan de son manteau qu\u2019elle a pass\u00e9 dans le creux de son coude. Ces gestes calmes et retenus lui conf\u00e8rent un mouvement qui rompt avec le hi\u00e9ratisme de mise dans la sculpture romane et traduit la volont\u00e9 nouvelle des sculpteurs d\u2019insuffler \u00e0 leurs \u0153uvres un souffle de vie en cette seconde moiti\u00e9 du XIIIe si\u00e8cle.<\/span><\/p>\n<p>[\/vc_column_text][\/vc_column][vc_column width=\u00a0\u00bb1\/2&Prime;][\/vc_column][\/vc_row]<\/p>\n<\/div>","protected":false},"excerpt":{"rendered":"<h4 class=\"p1\"><span class=\"s1\">VIERGE DE CALVAIRE<\/span><\/h4>\n<p>&nbsp;<\/p>\n<p class=\"p1\"><span class=\"s1\">ORIGINE : \u00a0ITALIE<\/span><\/p>\n<p class=\"p1\"><span class=\"s1\">\u00c9POQUE\u00a0:\u00a0DEUXI\u00c8ME MOITI\u00c9 DU\u00a0XIIIe\u00a0SI\u00c8CLE<\/span><\/p>\n<p>&nbsp;<\/p>\n<p class=\"p1\"><span class=\"s1\">Hauteur\u00a0: 75 cm<\/span><\/p>\n<p class=\"p1\"><span class=\"s1\">Largeur :\u00a019 cm<\/span><\/p>\n<p class=\"p1\"><span class=\"s1\">Profondeur\u00a0: 13 cm<\/span><\/p>\n<p>&nbsp;<\/p>\n<p class=\"p1\"><span class=\"s1\">Bois sculpt\u00e9 en ronde-bosse, polychrom\u00e9<\/span><\/p>\n<p>&nbsp;<\/p>\n<p>&nbsp;<\/p>\n[dt_button size=\"small\" style=\"default\" animation=\"none\" color_mode=\"default\" icon=\"\" icon_align=\"left\" color=\"\" link=\"mailto:gabrielle-laroche@wanadoo.fr?subject=142_VIERGE DE CALVAIRE\" target_blank=\"true\"]DEMANDE D&rsquo;INFORMATIONS[\/dt_button]\n<p>&nbsp;<\/p>\n<p><a href=\"\/fr\/antiquites\/sculpture\/\">Retour aux sculptures<\/a><\/p>\n","protected":false},"featured_media":5537,"template":"","meta":[],"product_brand":[],"product_cat":[32],"product_tag":[],"class_list":{"0":"post-5535","1":"product","2":"type-product","3":"status-publish","4":"has-post-thumbnail","6":"product_cat-sculptures","7":"description-off","9":"first","10":"instock","11":"shipping-taxable","12":"product-type-simple"},"aioseo_notices":[],"_links":{"self":[{"href":"https:\/\/www.gabrielle-laroche.com\/fr\/wp-json\/wp\/v2\/product\/5535","targetHints":{"allow":["GET"]}}],"collection":[{"href":"https:\/\/www.gabrielle-laroche.com\/fr\/wp-json\/wp\/v2\/product"}],"about":[{"href":"https:\/\/www.gabrielle-laroche.com\/fr\/wp-json\/wp\/v2\/types\/product"}],"wp:featuredmedia":[{"embeddable":true,"href":"https:\/\/www.gabrielle-laroche.com\/fr\/wp-json\/wp\/v2\/media\/5537"}],"wp:attachment":[{"href":"https:\/\/www.gabrielle-laroche.com\/fr\/wp-json\/wp\/v2\/media?parent=5535"}],"wp:term":[{"taxonomy":"product_brand","embeddable":true,"href":"https:\/\/www.gabrielle-laroche.com\/fr\/wp-json\/wp\/v2\/product_brand?post=5535"},{"taxonomy":"product_cat","embeddable":true,"href":"https:\/\/www.gabrielle-laroche.com\/fr\/wp-json\/wp\/v2\/product_cat?post=5535"},{"taxonomy":"product_tag","embeddable":true,"href":"https:\/\/www.gabrielle-laroche.com\/fr\/wp-json\/wp\/v2\/product_tag?post=5535"}],"curies":[{"name":"wp","href":"https:\/\/api.w.org\/{rel}","templated":true}]}}