

{"id":5547,"date":"2021-03-31T06:45:15","date_gmt":"2021-03-31T04:45:15","guid":{"rendered":"https:\/\/www.gabrielle-laroche.com\/?post_type=product&#038;p=5547"},"modified":"2023-06-20T17:17:00","modified_gmt":"2023-06-20T15:17:00","slug":"bois-sculpte-representant-la-resurrection-du-christ","status":"publish","type":"product","link":"https:\/\/www.gabrielle-laroche.com\/fr\/product\/bois-sculpte-representant-la-resurrection-du-christ\/","title":{"rendered":"BOIS SCULPT\u00c9 REPR\u00c9SENTANT LA R\u00c9SURRECTION DU CHRIST"},"content":{"rendered":"<div class=\"wpb-content-wrapper\"><p>[vc_row][vc_column width=\u00a0\u00bb1\/2&Prime;][vc_column_text]<\/p>\n<p class=\"p1\" style=\"text-align: justify;\"><span class=\"s1\">Cet \u00e9v\u00e8nement, fondateur de la doctrine chr\u00e9tienne, fait suite au cycle de la Passion et se trouve ainsi au c\u0153ur du questionnement des th\u00e9ologiens.<\/span><\/p>\n<p class=\"p1\" style=\"text-align: justify;\"><span class=\"s1\">Trois jours apr\u00e8s l\u2019ensevelissement du corps de J\u00e9sus, les Saintes Femmes (dont le nombre varie d\u2019un Evangile \u00e0 l\u2019autre) se rendirent au tombeau qu\u2019elles trouv\u00e8rent vide. Pour que le caract\u00e8re miraculeux de cette disparition soit irr\u00e9futable, Saint Matthieu ajoute que devant le tombeau se trouvaient des soldats romains (Mt 27, 62-66).<\/span><\/p>\n<p>&nbsp;<\/p>\n<p class=\"p1\" style=\"text-align: justify;\"><span class=\"s1\">Le Christ est repr\u00e9sent\u00e9 debout, passant sa jambe gauche \u00e0 l&rsquo;ext\u00e9rieur de son tombeau. La barbe finement d\u00e9taill\u00e9e, son corps est \u00e0 demi-couvert par un lourd linceul, laissant apparaitre son torse, illustrant la r\u00e9alit\u00e9 charnelle et la vitalit\u00e9 du corps du Ressuscit\u00e9. La trace du coup de lance sur son flanc, signe de sa Passion, est visible.<\/span><\/p>\n<p class=\"p1\" style=\"text-align: justify;\"><span class=\"s1\">La composition pyramidale fait du Christ le point culminant de la sc\u00e8ne, Il domine le spectateur comme les deux soldats dont un est encore \u00e0 demi endormi, encadrant le tombeau.<\/span><\/p>\n<p class=\"p1\" style=\"text-align: justify;\"><span class=\"s1\">Ces derniers d\u00e9couvrent avec stup\u00e9faction le miracle qui s\u2019est produit. Leurs mouvements contrastent avec la calme autorit\u00e9 que d\u00e9gage le Christ.<\/span><\/p>\n<p class=\"p1\" style=\"text-align: justify;\"><span class=\"s1\">Les armures des soldats, leurs visages expressifs placent la r\u00e9alisation de cette \u0153uvre au d\u00e9but du XVIe si\u00e8cle. Ces m\u00eames indices laissent penser qu\u2019elle fut ex\u00e9cut\u00e9e par un artiste venu des Pays-Bas M\u00e9ridionaux.<\/span><\/p>\n<p class=\"p1\" style=\"text-align: justify;\"><span class=\"s1\">Ce bois sculpt\u00e9 faisait probablement partie d\u2019un ensemble plus imposant repr\u00e9sentant des \u00e9pisodes de la Vie et de la Passion du Christ.<\/span><\/p>\n<p>[\/vc_column_text][\/vc_column][vc_column width=\u00a0\u00bb1\/2&Prime;][\/vc_column][\/vc_row]<\/p>\n<\/div>","protected":false},"excerpt":{"rendered":"<h4 class=\"p1\"><span class=\"s1\">BOIS SCULPT\u00c9 REPR\u00c9SENTANT LA R\u00c9SURRECTION DU CHRIST<\/span><\/h4>\n<p>&nbsp;<\/p>\n<p class=\"p1\"><span class=\"s1\">ORIGINE :\u00a0PAYS BAS M\u00c9RIDIONAUX, ANVERS ?<\/span><\/p>\n<p class=\"p1\"><span class=\"s1\">\u00c9POQUE : D\u00c9BUT\u00a0DU XVIe SI\u00c8CLE<\/span><\/p>\n<p>&nbsp;<\/p>\n<p class=\"p1\"><span class=\"s1\">Hauteur\u00a0: 67.5 cm<\/span><\/p>\n<p class=\"p1\"><span class=\"s1\">Longueur\u00a0: 57 cm<\/span><\/p>\n<p>&nbsp;<\/p>\n<p class=\"p1\"><span class=\"s1\">Bois de ch\u00eane<\/span><\/p>\n<p>&nbsp;<\/p>\n<p class=\"p1\"><span class=\"s1\">Provenance : Collection Maurice Larminet (1883-1968), Mons-en Baroeulbois<\/span><\/p>\n<p>&nbsp;<\/p>\n<p>&nbsp;<\/p>\n[dt_button size=\"small\" style=\"default\" animation=\"none\" color_mode=\"default\" icon=\"\" icon_align=\"left\" color=\"\" link=\"mailto:gabrielle-laroche@wanadoo.fr?subject=149_BOIS SCULPT\u00c9 REPR\u00c9SENTANT LA R\u00c9SURRECTION DU CHRIST\" target_blank=\"true\"]DEMANDE D&rsquo;INFORMATIONS[\/dt_button]\n<p>&nbsp;<\/p>\n<p><a href=\"\/fr\/antiquites\/sculpture\/\">Retour aux sculptures<\/a><\/p>\n","protected":false},"featured_media":5549,"template":"","meta":[],"product_brand":[],"product_cat":[32],"product_tag":[],"class_list":{"0":"post-5547","1":"product","2":"type-product","3":"status-publish","4":"has-post-thumbnail","6":"product_cat-sculptures","7":"description-off","9":"first","10":"instock","11":"shipping-taxable","12":"product-type-simple"},"aioseo_notices":[],"_links":{"self":[{"href":"https:\/\/www.gabrielle-laroche.com\/fr\/wp-json\/wp\/v2\/product\/5547","targetHints":{"allow":["GET"]}}],"collection":[{"href":"https:\/\/www.gabrielle-laroche.com\/fr\/wp-json\/wp\/v2\/product"}],"about":[{"href":"https:\/\/www.gabrielle-laroche.com\/fr\/wp-json\/wp\/v2\/types\/product"}],"wp:featuredmedia":[{"embeddable":true,"href":"https:\/\/www.gabrielle-laroche.com\/fr\/wp-json\/wp\/v2\/media\/5549"}],"wp:attachment":[{"href":"https:\/\/www.gabrielle-laroche.com\/fr\/wp-json\/wp\/v2\/media?parent=5547"}],"wp:term":[{"taxonomy":"product_brand","embeddable":true,"href":"https:\/\/www.gabrielle-laroche.com\/fr\/wp-json\/wp\/v2\/product_brand?post=5547"},{"taxonomy":"product_cat","embeddable":true,"href":"https:\/\/www.gabrielle-laroche.com\/fr\/wp-json\/wp\/v2\/product_cat?post=5547"},{"taxonomy":"product_tag","embeddable":true,"href":"https:\/\/www.gabrielle-laroche.com\/fr\/wp-json\/wp\/v2\/product_tag?post=5547"}],"curies":[{"name":"wp","href":"https:\/\/api.w.org\/{rel}","templated":true}]}}