

{"id":555,"date":"2021-03-31T14:30:01","date_gmt":"2021-03-31T12:30:01","guid":{"rendered":"http:\/\/mrplwpw.cluster030.hosting.ovh.net\/?post_type=product&#038;p=555"},"modified":"2024-09-26T17:19:18","modified_gmt":"2024-09-26T15:19:18","slug":"sainte-anne-trinitaire","status":"publish","type":"product","link":"https:\/\/www.gabrielle-laroche.com\/fr\/product\/sainte-anne-trinitaire\/","title":{"rendered":"SAINTE ANNE TRINITAIRE"},"content":{"rendered":"<div class=\"wpb-content-wrapper\"><p>[vc_row][vc_column width=\u00a0\u00bb1\/2&Prime;][vc_column_text]<\/p>\n<p class=\"p1\" style=\"text-align: justify;\"><span class=\"s1\">Important groupe sculpt\u00e9 en tilleul, \u00e9vid\u00e9 dans le dos, pr\u00e9sentant une tr\u00e8s riche polychromie. Sainte Anne v\u00eatue richement est assise et tient sur son genoux gauche sa fille la Vierge Marie portant une tunique simple et sur son genoux droit son petit-fils l\u2019Enfant J\u00e9sus nu avec une poire dans la main gauche.<\/span><\/p>\n<p class=\"p1\" style=\"text-align: justify;\"><span class=\"s1\">Probablement figure centrale d\u2019un retable du sud de l\u2019Allemagne.<\/span><\/p>\n<p class=\"p1\" style=\"text-align: justify;\"><span class=\"s1\">Le culte de Sainte Anne ne se d\u00e9veloppe que tardivement en Occident, favoris\u00e9 \u00e0 partir de 1406 par les visions mystiques que vit Sainte Colette Boylet. Au commencement du si\u00e8cle suivant Sainte Anne est d\u00e9j\u00e0 une figure extr\u00eamement r\u00e9pandue et d\u00e9dicaces et effigies ponctuent avec ferveur le paysage europ\u00e9en, en l\u2019occurrence la Souabe, l\u2019un des dix cercles d\u2019Empire qui divisaient l\u2019Allemagne actuelle. Dans les \u00e9glises locales et les espaces de d\u00e9votion priv\u00e9e o\u00f9 elle appara\u00eet, la m\u00e8re de la Vierge agit comme sainte tut\u00e9laire aupr\u00e8s des d\u00e9vots souhaitant obtenir indulgences ou protections contre les \u00e9pid\u00e9mies. Mais au del\u00e0 de son r\u00f4le populaire Sainte Anne incarne aussi la figure maternelle sanctifi\u00e9e qui, tardivement, se voit accord\u00e9e par Dieu une grossesse inesp\u00e9r\u00e9e alors que son \u00e9poux Joachim est en retraite hors de la ville. Ainsi par la pr\u00e9sentation simultan\u00e9e des trois personnages l\u2019accent n\u2019est pas seulement mis sur la dimension familiale propre \u00e0 \u00e9mouvoir le fid\u00e8le mais aussi sur le myst\u00e8re qui pr\u00e9c\u00e8de l\u2019Incarnation, le principe de l\u2019Immacul\u00e9e Conception pas encore \u00e9riger en dogme.<\/span><\/p>\n<p class=\"p1\" style=\"text-align: justify;\"><span class=\"s1\">Pourtant Sainte Anne est absente des livres canoniques qui composent la Bible, sa l\u00e9gende se d\u00e9veloppe dans les \u00e9vangiles apocryphes tels que le Prot\u00e9vangile de Jacques, l&rsquo;Evangile de la Nativit\u00e9 de la Vierge, l&rsquo;Evangile du Pseudo-Mathieu ou encore dans la L\u00e9gende Dor\u00e9e r\u00e9dig\u00e9e par Jacques de Voragine. Les imagiers en tirent une iconographie dont deux th\u00e8mes pr\u00e9valent. Celui de l\u2019Education de la Vierge par Sainte Anne, fantaisie iconographique puisque la Vierge est d\u00e8s son plus jeune \u00e2ge \u00e9lev\u00e9e au temple, et le th\u00e8me moins anecdotique que symbolique de la Sainte Anne Trinitaire, <em>Annaseldbritt<\/em> en allemand.<\/span><\/p>\n<p class=\"p1\" style=\"text-align: justify;\"><span class=\"s1\">Monumentale par le rapport d\u2019\u00e9chelle entre elle et les deux autres personnages, Sainte Anne porte sous un manteau bleu, ray\u00e9 or \u00e0 la pointe du pinceau, une robe rouge ceintur\u00e9e dont le d\u00e9collet\u00e9 est soulign\u00e9 par un galon d\u2019or. Elle est coiff\u00e9 d\u2019un voile blanc aux ornements taill\u00e9s or surhauss\u00e9 par un volumineux bourrel\u00e9 et qui op\u00e8re mentonni\u00e8re comme il \u00e9tait d\u2019usage pour les femmes mari\u00e9es ou d\u2019\u00e2ge m\u00fbr. Sur ses \u00e9paules est pos\u00e9e sa large cape or qui revient sur ses genoux non sans rappeler les tr\u00f4nes couverts d\u2019\u00e9toffes. La Vierge Marie y est assise, elle porte une tunique rouge tr\u00e8s simple dont la doublure bleue apporte toutefois un certain raffinement. Ses cheveux sont d\u00e9tach\u00e9s, expression de sa jeunesse virginale. Sur le genoux droit le Christ enfant est assis en tailleur. Nu pour inviter le d\u00e9vot \u00e0 l\u2019humilit\u00e9 et exprimer la v\u00e9rit\u00e9 de l\u2019Incarnation, ce mode de repr\u00e9sentation qui expose ostensiblement sa nature humaine \u00e9tait particuli\u00e8rement pl\u00e9biscit\u00e9 par les couvents f\u00e9minins o\u00f9 les statues ind\u00e9pendantes de l\u2019Enfant J\u00e9sus nu \u00e9taient trait\u00e9es comme de v\u00e9ritables enfants au d\u00e9sarroi Johannes Geiler le pr\u00e9dicateur de la cath\u00e9drale de Strasbourg.<\/span><\/p>\n<p class=\"p1\" style=\"text-align: justify;\"><span class=\"s1\">Fa\u00e7onn\u00e9e dans une bille de tilleul la sculpture est \u00e9vid\u00e9e par l\u2019arri\u00e8re, priv\u00e9e de son coeur pour limiter l\u2019apparation de fissures pendant le s\u00e9chage du bois ainsi que diminuer son poids. Particuli\u00e8rement populaire dans les ateliers souabes en raison de son aspect homog\u00e8ne et de sa nature tendre et l\u00e9g\u00e8re qui permet une sculpture tr\u00e8s fine et un beau poli, le tilleul a <b>permis<\/b> sur cette Sainte Anne Trinitaire un exceptionnel travail r\u00e9aliste des chairs. Le torse souple<b> <\/b>de J\u00e9sus, les plis du cou de la Vierge, le model\u00e9 des mains de Sainte Anne et surtout son visage sont d\u2019une subtilit\u00e9 pr\u00e9cieuse. Le menton relativement lourd, la bouche large et les yeux mi-clos aux lourdes paupi\u00e8res sont d\u2019ailleurs caract\u00e9ristiques de la r\u00e9gion de N\u00f6rdlingen dans le nord de la Souabe. La carnation qui est la derni\u00e8re \u00e9tape dans l\u2019application de la polychromie renforce l\u2019illusion de vie. La l\u00e8vre inf\u00e9rieure qui est davantage frapp\u00e9e par la lumi\u00e8re a re\u00e7u un rouge moins intense que la l\u00e8vre sup\u00e9rieure. La teinte ros\u00e9e des joues est elle appliqu\u00e9e comme avec un tampon pour un effet velout\u00e9 l\u00e9g\u00e8rement granuleux.<\/span><\/p>\n<p class=\"p1\" style=\"text-align: justify;\"><span class=\"s1\">La poire que tient le Christ dans sa main gauche fait \u00e9cho au fruit d\u00e9fendu dont la consommation par les premiers parents donna lieu au p\u00e9ch\u00e9 originel pour lequel le sacrifice de l\u2019enfant operera le rachat. Tr\u00e8s courant dans les <em>Madonnes<\/em> \u00e0 l\u2019Enfant du XVe si\u00e8cle la juxtaposition de ces deux th\u00e8mes participe de ce discours du plan divin pour le Salut. On rapellera que si c\u2019est une poire et non une pomme que tient J\u00e9sus c\u2019est en raison d\u2019un flou \u00e9tymologique de la Gen\u00e8se. En effet <em>poma<\/em> d\u00e9signe jusqu\u2019au IV-Ve si\u00e8cle toutes sortes de fruits \u00e0 p\u00e9pins\u00a0; pommes, figues ou poire. Par la suite on a choisit de l\u2019identifier comme \u00e9tant une pomme malum en raison de son homonymie n\u00e9gative.<\/span><\/p>\n<p class=\"p1\" style=\"text-align: justify;\"><span class=\"s1\">En raison de sa taille importante et de son arri\u00e8re non travaill\u00e9 l\u2019on peut supposer que le groupe prenait place dans la caisse d\u2019un somptueux retable. Pos\u00e9e sur l\u2019autel il s\u2019agissait de l\u2019\u0153uvre d\u2019art vers laquelle tous les regards des fid\u00e8les convergeaient, une fen\u00eatre virtuelle sur l\u2019espace divin.<\/span><\/p>\n<p class=\"p1\" style=\"text-align: justify;\"><span class=\"s1\">Le remarquable travail r\u00e9aliste des v\u00eatements et de la carnation, favoris\u00e9 par la polychromie parfaitement pr\u00e9serv\u00e9e, provoque un lien \u00e9motif fort entre la statue et le collectionneur. Manifestant douceur paisible, gr\u00e2ce r\u00e9serv\u00e9e et drap\u00e9s aux rythmes d\u00e9coratifs ce groupe de l\u2019<em>Annaseldbritt<\/em> est un bel exemple des capacit\u00e9s des sculpteurs souabes.<\/span><\/p>\n<p>[\/vc_column_text][\/vc_column][vc_column width=\u00a0\u00bb1\/2&Prime;][\/vc_column][\/vc_row]<\/p>\n<\/div>","protected":false},"excerpt":{"rendered":"<h4>SAINTE ANNE TRINITAIRE<\/h4>\n<p>&nbsp;<\/p>\n<p>ORIGINE : ALLEMAGNE DU SUD, SOUABE SEPTENTRIONALE<br \/>\n\u00c9POQUE : VERS 1500-1520<\/p>\n<p>&nbsp;<\/p>\n<p>Hauteur : 88 cm<br \/>\nLargeur : 60 cm<br \/>\nProfondeur : 33 cm<\/p>\n<p>&nbsp;<\/p>\n<p>Bois de tilleul polychrom\u00e9<\/p>\n<p>&nbsp;<\/p>\n<p>&nbsp;<\/p>\n[dt_button size=\"small\" style=\"default\" animation=\"none\" color_mode=\"default\" icon=\"\" icon_align=\"left\" color=\"\" link=\"mailto:gabrielle-laroche@wanadoo.fr?subject=116_SAINTE ANNE TRINITAIRE\" target_blank=\"true\"]DEMANDE D&rsquo;INFORMATIONS[\/dt_button]\n<p>&nbsp;<\/p>\n<p><a href=\"\/fr\/antiquites\/sculpture\/\">Retour aux sculptures<\/a><\/p>\n","protected":false},"featured_media":10639,"template":"","meta":[],"product_brand":[],"product_cat":[32],"product_tag":[],"class_list":{"0":"post-555","1":"product","2":"type-product","3":"status-publish","4":"has-post-thumbnail","6":"product_cat-sculptures","7":"description-off","9":"first","10":"instock","11":"shipping-taxable","12":"product-type-simple"},"aioseo_notices":[],"_links":{"self":[{"href":"https:\/\/www.gabrielle-laroche.com\/fr\/wp-json\/wp\/v2\/product\/555","targetHints":{"allow":["GET"]}}],"collection":[{"href":"https:\/\/www.gabrielle-laroche.com\/fr\/wp-json\/wp\/v2\/product"}],"about":[{"href":"https:\/\/www.gabrielle-laroche.com\/fr\/wp-json\/wp\/v2\/types\/product"}],"wp:featuredmedia":[{"embeddable":true,"href":"https:\/\/www.gabrielle-laroche.com\/fr\/wp-json\/wp\/v2\/media\/10639"}],"wp:attachment":[{"href":"https:\/\/www.gabrielle-laroche.com\/fr\/wp-json\/wp\/v2\/media?parent=555"}],"wp:term":[{"taxonomy":"product_brand","embeddable":true,"href":"https:\/\/www.gabrielle-laroche.com\/fr\/wp-json\/wp\/v2\/product_brand?post=555"},{"taxonomy":"product_cat","embeddable":true,"href":"https:\/\/www.gabrielle-laroche.com\/fr\/wp-json\/wp\/v2\/product_cat?post=555"},{"taxonomy":"product_tag","embeddable":true,"href":"https:\/\/www.gabrielle-laroche.com\/fr\/wp-json\/wp\/v2\/product_tag?post=555"}],"curies":[{"name":"wp","href":"https:\/\/api.w.org\/{rel}","templated":true}]}}