

{"id":5759,"date":"2021-04-23T03:00:26","date_gmt":"2021-04-23T01:00:26","guid":{"rendered":"https:\/\/www.gabrielle-laroche.com\/?post_type=product&#038;p=5759"},"modified":"2023-01-24T16:25:18","modified_gmt":"2023-01-24T15:25:18","slug":"atelier-atila-vase-zoomorphe-tripode","status":"publish","type":"product","link":"https:\/\/www.gabrielle-laroche.com\/fr\/product\/atelier-atila-vase-zoomorphe-tripode\/","title":{"rendered":"ATELIER ATILA &#8211; Vase zoomorphe tripode"},"content":{"rendered":"<div class=\"wpb-content-wrapper\"><p>[vc_row][vc_column width=\u00a0\u00bb1\/2&Prime;][\/vc_column][\/vc_row]<\/p>\n<\/div>","protected":false},"excerpt":{"rendered":"<h4>ATELIER ATILA<\/h4>\n<h4><em>Vase zoomorphe tripode<\/em><\/h4>\n<p>&nbsp;<\/p>\n<p><span class=\"s1\">Vase zoomorphe tripode en c\u00e9ramique incis\u00e9e, poin\u00e7onn\u00e9e et peinte, \u00e0 d\u00e9cor de masques.<\/span><\/p>\n<p>&nbsp;<\/p>\n<p class=\"p1\"><span class=\"s1\">Hauteur\u00a0: 31 cm<\/span><\/p>\n<p class=\"p1\"><span class=\"s1\">Largeur\u00a0: 25 cm<\/span><\/p>\n<p class=\"p1\"><span class=\"s1\">Profondeur\u00a0: 26 cm<\/span><\/p>\n<p>&nbsp;<\/p>\n<p>&nbsp;<\/p>\n[dt_button size=\"small\" style=\"default\" animation=\"none\" color_mode=\"default\" icon=\"\" icon_align=\"left\" color=\"\" link=\"mailto:gabrielle-laroche@wanadoo.fr?subject=35_ATELIER ATILA - Vase zoomorphe tripode\" target_blank=\"true\"]DEMANDE D&rsquo;INFORMATIONS[\/dt_button]\n<p>&nbsp;<\/p>\n<p><a href=\"\/fr\/contemporains\/\">Retour aux contemporains<\/a><\/p>\n","protected":false},"featured_media":8330,"template":"","meta":[],"product_brand":[],"product_cat":[39],"product_tag":[],"class_list":{"0":"post-5759","1":"product","2":"type-product","3":"status-publish","4":"has-post-thumbnail","6":"product_cat-contemporain","7":"description-off","9":"first","10":"instock","11":"shipping-taxable","12":"product-type-simple"},"aioseo_notices":[],"_links":{"self":[{"href":"https:\/\/www.gabrielle-laroche.com\/fr\/wp-json\/wp\/v2\/product\/5759","targetHints":{"allow":["GET"]}}],"collection":[{"href":"https:\/\/www.gabrielle-laroche.com\/fr\/wp-json\/wp\/v2\/product"}],"about":[{"href":"https:\/\/www.gabrielle-laroche.com\/fr\/wp-json\/wp\/v2\/types\/product"}],"wp:featuredmedia":[{"embeddable":true,"href":"https:\/\/www.gabrielle-laroche.com\/fr\/wp-json\/wp\/v2\/media\/8330"}],"wp:attachment":[{"href":"https:\/\/www.gabrielle-laroche.com\/fr\/wp-json\/wp\/v2\/media?parent=5759"}],"wp:term":[{"taxonomy":"product_brand","embeddable":true,"href":"https:\/\/www.gabrielle-laroche.com\/fr\/wp-json\/wp\/v2\/product_brand?post=5759"},{"taxonomy":"product_cat","embeddable":true,"href":"https:\/\/www.gabrielle-laroche.com\/fr\/wp-json\/wp\/v2\/product_cat?post=5759"},{"taxonomy":"product_tag","embeddable":true,"href":"https:\/\/www.gabrielle-laroche.com\/fr\/wp-json\/wp\/v2\/product_tag?post=5759"}],"curies":[{"name":"wp","href":"https:\/\/api.w.org\/{rel}","templated":true}]}}