

{"id":5790,"date":"2021-04-20T15:30:31","date_gmt":"2021-04-20T13:30:31","guid":{"rendered":"https:\/\/www.gabrielle-laroche.com\/?post_type=product&#038;p=5790"},"modified":"2023-01-22T19:12:47","modified_gmt":"2023-01-22T18:12:47","slug":"edmond-moirignot-le-faune","status":"publish","type":"product","link":"https:\/\/www.gabrielle-laroche.com\/fr\/product\/edmond-moirignot-le-faune\/","title":{"rendered":"EDMOND MOIRIGNOT &#8211; Le Faune"},"content":{"rendered":"<div class=\"wpb-content-wrapper\"><p>[vc_row][vc_column width=\u00a0\u00bb1\/2&Prime;][vc_column_text]<\/p>\n<p class=\"p1\"><span class=\"s1\"><b>Historique\u00a0 \u00a0\u00a0<\/b><\/span><\/p>\n<p class=\"p1\"><span class=\"s1\">Exposition \u00e0 la galerie Badinier, Paris, d\u00e9cembre 1963<\/span><\/p>\n<p class=\"p1\"><span class=\"s1\">Exposition Galerie Montmorency, Paris, d\u00e9cembre 1965<\/span><\/p>\n<p class=\"p1\"><span class=\"s1\">Exposition Galerie Pacitti, Paris, avril-mai 1968<\/span><\/p>\n<p class=\"p1\"><span class=\"s1\">Exposition Galerie Pacitti, Paris, octobre 1973<\/span><\/p>\n<p class=\"p1\"><span class=\"s1\">Exposition Mus\u00e9e d\u2019Issy-les-Moulineaux, avril 1989<\/span><\/p>\n<p class=\"p1\"><span class=\"s1\">Exposition Hommage \u00e0 Moirignot, Salon des Ind\u00e9pendants, Paris, avril 2006<\/span><\/p>\n<p class=\"p1\"><span class=\"s1\">R\u00e9trospective Moirignot, Orangerie du S\u00e9nat, Paris, ao\u00fbt-septembre 2006<\/span><\/p>\n<p class=\"p1\"><span class=\"s1\">Epreuve HC, fonte Godard, Mus\u00e9e Rimbaud, Charleville-M\u00e9zi\u00e8res, 2006<\/span><\/p>\n<p>&nbsp;<\/p>\n<p>&nbsp;<\/p>\n<p class=\"p1\"><span class=\"s1\"><b>Bibliographie<\/b><\/span><\/p>\n<p class=\"p1\"><span class=\"s1\">E. Cheneau de Leyritz &amp; R Charmet<b>, <\/b><em>Edmond Moirignot<\/em>,\u00a0\u00ab\u00a0Le Cahiers d\u2019Art\u00a0\u00bb n\u00b0220, \u00e9dition Pierre Cailler, Gen\u00e8ve, 1965<\/span><\/p>\n<p class=\"p1\"><span class=\"s1\">Claude Jeancolas, <em>Moirignot,<\/em> \u00e9ditions du Saint-Gothard, 1984<\/span><\/p>\n<p class=\"p1\"><span class=\"s1\">Claude Jeancolas, <em>Moirignot, aimer, cr\u00e9er, r\u00eaver,<\/em> \u00e9ditions FVW, Paris, 2006<\/span><\/p>\n<p class=\"p1\"><span class=\"s1\"><b>Claude Jeancolas, Catalogue raisonn\u00e9, n\u00b0170, page 72, \u00e9ditions FVW, Paris, 2010<\/b><\/span><\/p>\n<p>[\/vc_column_text][\/vc_column][vc_column width=\u00a0\u00bb1\/2&Prime;][\/vc_column][\/vc_row]<\/p>\n<\/div>","protected":false},"excerpt":{"rendered":"<h4><span class=\"s1\">EDMOND MOIRIGNOT<\/span><span class=\"s1\">\u00a0(<\/span><span class=\"s1\">1913<\/span><span class=\"s1\"> &#8211; 2002)<\/span><\/h4>\n<h4><em><span class=\"s1\">Le Faune <\/span><\/em><span class=\"s1\"><b>jouant de la fl\u00fbte ou Satyre<\/b><\/span><\/h4>\n<p>&nbsp;<\/p>\n<p class=\"p1\"><span class=\"s1\">Avant 1959<\/span><\/p>\n<p class=\"p1\"><span class=\"s1\">Sculpture en bronze<\/span><\/p>\n<p class=\"p1\"><span class=\"s1\">Fonte \u00e0 cire perdue de Godard, marque de fondeur<\/span><\/p>\n<p class=\"p1\"><span class=\"s1\">Sign\u00e9 \u00ab\u00a0MOIRIGNOT\u00a0\u00bb<\/span><\/p>\n<p class=\"p1\"><span class=\"s1\"><b>\u00a0<\/b><\/span><\/p>\n<p class=\"p1\"><span class=\"s1\">Hauteur\u00a0: 35 cm<\/span><\/p>\n<p>&nbsp;<\/p>\n<p class=\"p1\"><span class=\"s1\">\u00a0<\/span><\/p>\n[dt_button size=\"small\" style=\"default\" animation=\"none\" color_mode=\"default\" icon=\"\" icon_align=\"left\" color=\"\" link=\"mailto:gabrielle-laroche@wanadoo.fr?subject=52_EDMOND MOIRIGNOT - Le Faune\" target_blank=\"true\"]DEMANDE D&rsquo;INFORMATIONS[\/dt_button]\n<p>&nbsp;<\/p>\n<p><a href=\"\/fr\/contemporains\/\">Retour aux contemporains<\/a><\/p>\n","protected":false},"featured_media":6131,"template":"","meta":[],"product_brand":[],"product_cat":[48],"product_tag":[],"class_list":{"0":"post-5790","1":"product","2":"type-product","3":"status-publish","4":"has-post-thumbnail","6":"product_cat-moirignot","7":"description-off","9":"first","10":"instock","11":"shipping-taxable","12":"product-type-simple"},"aioseo_notices":[],"_links":{"self":[{"href":"https:\/\/www.gabrielle-laroche.com\/fr\/wp-json\/wp\/v2\/product\/5790","targetHints":{"allow":["GET"]}}],"collection":[{"href":"https:\/\/www.gabrielle-laroche.com\/fr\/wp-json\/wp\/v2\/product"}],"about":[{"href":"https:\/\/www.gabrielle-laroche.com\/fr\/wp-json\/wp\/v2\/types\/product"}],"wp:featuredmedia":[{"embeddable":true,"href":"https:\/\/www.gabrielle-laroche.com\/fr\/wp-json\/wp\/v2\/media\/6131"}],"wp:attachment":[{"href":"https:\/\/www.gabrielle-laroche.com\/fr\/wp-json\/wp\/v2\/media?parent=5790"}],"wp:term":[{"taxonomy":"product_brand","embeddable":true,"href":"https:\/\/www.gabrielle-laroche.com\/fr\/wp-json\/wp\/v2\/product_brand?post=5790"},{"taxonomy":"product_cat","embeddable":true,"href":"https:\/\/www.gabrielle-laroche.com\/fr\/wp-json\/wp\/v2\/product_cat?post=5790"},{"taxonomy":"product_tag","embeddable":true,"href":"https:\/\/www.gabrielle-laroche.com\/fr\/wp-json\/wp\/v2\/product_tag?post=5790"}],"curies":[{"name":"wp","href":"https:\/\/api.w.org\/{rel}","templated":true}]}}