

{"id":6643,"date":"2021-03-31T09:15:06","date_gmt":"2021-03-31T07:15:06","guid":{"rendered":"https:\/\/www.gabrielle-laroche.com\/?post_type=product&#038;p=6643"},"modified":"2025-05-07T16:34:05","modified_gmt":"2025-05-07T14:34:05","slug":"sainte-afre-daugsbourg","status":"publish","type":"product","link":"https:\/\/www.gabrielle-laroche.com\/fr\/product\/sainte-afre-daugsbourg\/","title":{"rendered":"SAINTE AFRE D\u2019AUGSBOURG"},"content":{"rendered":"<div class=\"wpb-content-wrapper\"><p>[vc_row][vc_column width=\u00a0\u00bb1\/2&Prime;][vc_column_text]<\/p>\n<p class=\"p1\" style=\"text-align: justify;\"><span class=\"s1\">Sainte patronne de la ville et du dioc\u00e8se d\u2019Augsbourg, les plus anciennes traces de son culte remonte au VIe si\u00e8cle.<\/span><\/p>\n<p class=\"p1\" style=\"text-align: justify;\"><span class=\"s1\">\u00a0<\/span><\/p>\n<p class=\"p1\" style=\"text-align: justify;\"><span class=\"s1\">Il existe plusieurs versions de sa l\u00e9gende. Elle est parfois identifi\u00e9e comme la fille d\u2019un roi de Chypre dont la mort violente et inattendue l\u2019aurait forc\u00e9 elle et sa m\u00e8re, Hilaria, \u00e0 fuir. Elles se rendirent alors \u00e0 Augsbourg en passant par Rome. D\u2019autre voient plut\u00f4t ses origines en Afrique, son nom signifiant en latin l\u2019Africaine.<\/span><\/p>\n<p class=\"p1\" style=\"text-align: justify;\"><span class=\"s1\">Install\u00e9es \u00e0 Augsbourg, elles devinrent les tenanci\u00e8res d\u2019une auberge mal fam\u00e9e o\u00f9 elles firent commerce de leurs charmes.<\/span><\/p>\n<p class=\"p1\" style=\"text-align: justify;\"><span class=\"s1\">L\u2019\u00e9v\u00eaque Narcisse de G\u00e9rone, accompagn\u00e9 de son diacre F\u00e9lix, y trouv\u00e8rent un jour refuge, fuyant les pers\u00e9cutions de l\u2019empereur Diocl\u00e9tien. Alors que les deux hommes priaient pieusement, Afre fut touch\u00e9e par la gr\u00e2ce et demanda \u00e0 recevoir le bapt\u00eame. Elle quitta alors son ancienne vie et embrassa la foi chr\u00e9tienne.<\/span><\/p>\n<p class=\"p1\" style=\"text-align: justify;\"><span class=\"s1\">\u00a0<\/span><\/p>\n<p class=\"p1\" style=\"text-align: justify;\"><span class=\"s1\">Lorsque les autorit\u00e9s romaines apprirent sa vocation nouvelle, ils l\u2019exhort\u00e8rent \u00e0 rendre le culte aux anciens dieux et \u00e0 renier la foi chr\u00e9tienne. Elle refusa d\u2019abjurer sa foi et fut condamn\u00e9e \u00e0 \u00eatre br\u00fbl\u00e9e vive. Sa peine fut appliqu\u00e9e aussit\u00f4t et elle subit son martyr sur une \u00eele du Lech en 304.<\/span><\/p>\n<p class=\"p1\" style=\"text-align: justify;\"><span class=\"s1\">La sculpture pr\u00e9sent\u00e9e ici suit l\u2019iconographie traditionnelle de sainte Afre. La sainte martyre est par\u00e9e de lourdes et riches \u00e9toffes, agr\u00e9ment\u00e9es de quelques bijoux. Sa t\u00eate bascule en arri\u00e8re d\u00e9voilant une expression de douleur, sa chevelure aux jolies boucles se r\u00e9pand sur ses \u00e9paules. Sa bouche l\u00e9g\u00e8rement entrouverte semble laisser \u00e9chapper une silencieuse complainte. Ses mains sont li\u00e9es \u00e0 un tronc d\u2019arbre \u00e0 l\u2019aide d\u2019une cordelette. Les flammes du bucher s\u2019\u00e9l\u00e8vent sous ses pieds.<\/span><\/p>\n<p class=\"p1\" style=\"text-align: justify;\"><span class=\"s1\">\u00a0<\/span><\/p>\n<p class=\"p1\" style=\"text-align: justify;\"><span class=\"s1\">R\u00e9alis\u00e9e dans un bois de tilleul, elle est l\u2019\u0153uvre d\u2019un artiste souabe, o\u00f9 son culte \u00e9tait largement r\u00e9pandu.<\/span><\/p>\n<p class=\"p1\" style=\"text-align: justify;\"><span class=\"s1\">\u00a0<\/span><span class=\"s1\">\u00a0<\/span><\/p>\n<p class=\"p1\" style=\"text-align: justify;\"><span class=\"s1\"><b>Bibliographie<\/b><\/span><\/p>\n<p class=\"p1\" style=\"text-align: justify;\"><span class=\"s1\">Louis REAU, <em>Iconographie de l\u2019Art Chr\u00e9tien<\/em>, Tome III-1, Presses Universitaires de France, Paris, 1958<\/span><\/p>\n<p class=\"p1\" style=\"text-align: justify;\"><span class=\"s1\"><b>\u00a0<\/b><\/span><\/p>\n<p>[\/vc_column_text][\/vc_column][vc_column width=\u00a0\u00bb1\/2&Prime;][\/vc_column][\/vc_row]<\/p>\n<\/div>","protected":false},"excerpt":{"rendered":"<h4>SAINTE AFRE D\u2019AUGSBOURG<\/h4>\n<p>&nbsp;<\/p>\n<p class=\"p1\"><span class=\"s1\"><b>ORIGINE : ALLEMAGNE DU SUD<\/b><\/span><\/p>\n<p class=\"p1\"><span class=\"s1\"><b>\u00c9POQUE\u00a0: XVIe SIECLE<\/b><\/span><\/p>\n<p class=\"p1\"><span class=\"s1\"><b>\u00a0<\/b><\/span><\/p>\n<p class=\"p1\"><span class=\"s1\">Hauteur\u00a0: 119 cm<\/span><\/p>\n<p class=\"p1\"><span class=\"s1\">Largeur :\u00a050 cm<\/span><\/p>\n<p class=\"p1\"><span class=\"s1\">Profondeur\u00a0:\u00a028 cm<b>\u00a0<\/b><\/span><\/p>\n<p class=\"p1\"><span class=\"s1\"><b>\u00a0<\/b><\/span><\/p>\n<p class=\"p1\"><span class=\"s1\">Bois de tilleul<\/span><\/p>\n<p class=\"p1\"><span class=\"s1\">Bon \u00e9tat de conservation<\/span><\/p>\n<p>&nbsp;<\/p>\n<p>&nbsp;<\/p>\n[dt_button size=\"small\" style=\"default\" animation=\"none\" color_mode=\"default\" icon=\"\" icon_align=\"left\" color=\"\" link=\"mailto:gabrielle-laroche@wanadoo.fr?subject=134_SAINTE AFRE D\u2019AUGSBOURG\" target_blank=\"true\"]DEMANDE D&rsquo;INFORMATIONS[\/dt_button]\n<p>&nbsp;<\/p>\n<p><a href=\"\/fr\/antiquites\/sculpture\/\">Retour aux sculptures<\/a><\/p>\n","protected":false},"featured_media":6645,"template":"","meta":[],"product_brand":[],"product_cat":[32],"product_tag":[],"class_list":{"0":"post-6643","1":"product","2":"type-product","3":"status-publish","4":"has-post-thumbnail","6":"product_cat-sculptures","7":"description-off","9":"first","10":"instock","11":"shipping-taxable","12":"product-type-simple"},"aioseo_notices":[],"_links":{"self":[{"href":"https:\/\/www.gabrielle-laroche.com\/fr\/wp-json\/wp\/v2\/product\/6643","targetHints":{"allow":["GET"]}}],"collection":[{"href":"https:\/\/www.gabrielle-laroche.com\/fr\/wp-json\/wp\/v2\/product"}],"about":[{"href":"https:\/\/www.gabrielle-laroche.com\/fr\/wp-json\/wp\/v2\/types\/product"}],"wp:featuredmedia":[{"embeddable":true,"href":"https:\/\/www.gabrielle-laroche.com\/fr\/wp-json\/wp\/v2\/media\/6645"}],"wp:attachment":[{"href":"https:\/\/www.gabrielle-laroche.com\/fr\/wp-json\/wp\/v2\/media?parent=6643"}],"wp:term":[{"taxonomy":"product_brand","embeddable":true,"href":"https:\/\/www.gabrielle-laroche.com\/fr\/wp-json\/wp\/v2\/product_brand?post=6643"},{"taxonomy":"product_cat","embeddable":true,"href":"https:\/\/www.gabrielle-laroche.com\/fr\/wp-json\/wp\/v2\/product_cat?post=6643"},{"taxonomy":"product_tag","embeddable":true,"href":"https:\/\/www.gabrielle-laroche.com\/fr\/wp-json\/wp\/v2\/product_tag?post=6643"}],"curies":[{"name":"wp","href":"https:\/\/api.w.org\/{rel}","templated":true}]}}